{"id":13990,"date":"2020-04-09T14:45:26","date_gmt":"2020-04-09T11:45:26","guid":{"rendered":"https:\/\/www.iflower.ee\/toode\/cappuccino-cake\/"},"modified":"2021-03-11T10:59:45","modified_gmt":"2021-03-11T08:59:45","slug":"cappuccino-cake","status":"publish","type":"product","link":"https:\/\/www.iflower.ee\/en\/toode\/cappuccino-cake\/","title":{"rendered":"Cappuccino cake"},"content":{"rendered":"","protected":false},"excerpt":{"rendered":"<p>Airy whipped cream cake with coffee and chocolate. Coffee cream between cocoa biscuits. The top layer is vanilla-flavored whipped cream. The cake is garnished with chocolate truffle stripes, milk chocolate chips and icing sugar.<\/p>\n<p>Net weight: 220 g<\/p>\n<p>Cakes can only be ordered in Tallinn and its surrounding areas on the same day. \u00a0Tartu, P\u00e4rnu, Narva, Rakvere, K\u00e4rdla, J\u00f5hvi, Paide and Viljandi and its surrounding areas on the next day.<\/p>\n","protected":false},"featured_media":13745,"template":"","meta":{"_acf_changed":false},"product_brand":[],"product_cat":[284],"product_tag":[],"class_list":{"0":"post-13990","1":"product","2":"type-product","3":"status-publish","4":"has-post-thumbnail","6":"product_cat-cakes","8":"first","9":"instock","10":"taxable","11":"shipping-taxable","12":"purchasable","13":"product-type-simple"},"acf":[],"yoast_head":"<!-- This site is optimized with the Yoast SEO plugin v26.8 - https:\/\/yoast.com\/product\/yoast-seo-wordpress\/ -->\n<title>Cappuccino cake - iFlower<\/title>\n<meta name=\"robots\" content=\"index, follow, max-snippet:-1, max-image-preview:large, max-video-preview:-1\" \/>\n<link rel=\"canonical\" href=\"https:\/\/www.iflower.ee\/en\/toode\/cappuccino-cake\/\" \/>\n<meta property=\"og:locale\" content=\"en_US\" \/>\n<meta property=\"og:type\" content=\"article\" \/>\n<meta property=\"og:title\" content=\"Cappuccino cake - iFlower\" \/>\n<meta property=\"og:description\" content=\"Airy whipped cream cake with coffee and chocolate. Coffee cream between cocoa biscuits. The top layer is vanilla-flavored whipped cream. The cake is garnished with chocolate truffle stripes, milk chocolate chips and icing sugar.  Net weight: 220 g  Cakes can only be ordered in Tallinn and its surrounding areas on the same day. \u00a0Tartu, P\u00e4rnu, Narva, Rakvere, K\u00e4rdla, J\u00f5hvi, Paide and Viljandi and its surrounding areas on the next day.\" \/>\n<meta property=\"og:url\" content=\"https:\/\/www.iflower.ee\/en\/toode\/cappuccino-cake\/\" \/>\n<meta property=\"og:site_name\" content=\"iFlower\" \/>\n<meta property=\"article:modified_time\" content=\"2021-03-11T08:59:45+00:00\" \/>\n<meta property=\"og:image\" content=\"https:\/\/www.iflower.ee\/wp-content\/uploads\/2020\/04\/cappucino-724x1024.jpg\" \/>\n\t<meta property=\"og:image:width\" content=\"724\" \/>\n\t<meta property=\"og:image:height\" content=\"1024\" \/>\n\t<meta property=\"og:image:type\" content=\"image\/jpeg\" \/>\n<meta name=\"twitter:card\" content=\"summary_large_image\" \/>\n<script type=\"application\/ld+json\" class=\"yoast-schema-graph\">{\"@context\":\"https:\/\/schema.org\",\"@graph\":[{\"@type\":\"WebPage\",\"@id\":\"https:\/\/www.iflower.ee\/en\/toode\/cappuccino-cake\/\",\"url\":\"https:\/\/www.iflower.ee\/en\/toode\/cappuccino-cake\/\",\"name\":\"Cappuccino cake - iFlower\",\"isPartOf\":{\"@id\":\"https:\/\/www.iflower.ee\/#website\"},\"primaryImageOfPage\":{\"@id\":\"https:\/\/www.iflower.ee\/en\/toode\/cappuccino-cake\/#primaryimage\"},\"image\":{\"@id\":\"https:\/\/www.iflower.ee\/en\/toode\/cappuccino-cake\/#primaryimage\"},\"thumbnailUrl\":\"https:\/\/www.iflower.ee\/wp-content\/uploads\/2020\/04\/cappucino-scaled.jpg\",\"datePublished\":\"2020-04-09T11:45:26+00:00\",\"dateModified\":\"2021-03-11T08:59:45+00:00\",\"breadcrumb\":{\"@id\":\"https:\/\/www.iflower.ee\/en\/toode\/cappuccino-cake\/#breadcrumb\"},\"inLanguage\":\"en-US\",\"potentialAction\":[{\"@type\":\"ReadAction\",\"target\":[\"https:\/\/www.iflower.ee\/en\/toode\/cappuccino-cake\/\"]}]},{\"@type\":\"ImageObject\",\"inLanguage\":\"en-US\",\"@id\":\"https:\/\/www.iflower.ee\/en\/toode\/cappuccino-cake\/#primaryimage\",\"url\":\"https:\/\/www.iflower.ee\/wp-content\/uploads\/2020\/04\/cappucino-scaled.jpg\",\"contentUrl\":\"https:\/\/www.iflower.ee\/wp-content\/uploads\/2020\/04\/cappucino-scaled.jpg\",\"width\":1448,\"height\":2048},{\"@type\":\"BreadcrumbList\",\"@id\":\"https:\/\/www.iflower.ee\/en\/toode\/cappuccino-cake\/#breadcrumb\",\"itemListElement\":[{\"@type\":\"ListItem\",\"position\":1,\"name\":\"Pood\",\"item\":\"https:\/\/www.iflower.ee\/pood\/\"},{\"@type\":\"ListItem\",\"position\":2,\"name\":\"Cappuccino cake\"}]},{\"@type\":\"WebSite\",\"@id\":\"https:\/\/www.iflower.ee\/#website\",\"url\":\"https:\/\/www.iflower.ee\/\",\"name\":\"iFlower\",\"description\":\"\",\"publisher\":{\"@id\":\"https:\/\/www.iflower.ee\/#organization\"},\"potentialAction\":[{\"@type\":\"SearchAction\",\"target\":{\"@type\":\"EntryPoint\",\"urlTemplate\":\"https:\/\/www.iflower.ee\/?s={search_term_string}\"},\"query-input\":{\"@type\":\"PropertyValueSpecification\",\"valueRequired\":true,\"valueName\":\"search_term_string\"}}],\"inLanguage\":\"en-US\"},{\"@type\":\"Organization\",\"@id\":\"https:\/\/www.iflower.ee\/#organization\",\"name\":\"iFlower\",\"url\":\"https:\/\/www.iflower.ee\/\",\"logo\":{\"@type\":\"ImageObject\",\"inLanguage\":\"en-US\",\"@id\":\"https:\/\/www.iflower.ee\/#\/schema\/logo\/image\/\",\"url\":\"https:\/\/www.iflower.ee\/wp-content\/uploads\/2022\/04\/iflower.png\",\"contentUrl\":\"https:\/\/www.iflower.ee\/wp-content\/uploads\/2022\/04\/iflower.png\",\"width\":248,\"height\":71,\"caption\":\"iFlower\"},\"image\":{\"@id\":\"https:\/\/www.iflower.ee\/#\/schema\/logo\/image\/\"}}]}<\/script>\n<!-- \/ Yoast SEO plugin. -->","yoast_head_json":{"title":"Cappuccino cake - iFlower","robots":{"index":"index","follow":"follow","max-snippet":"max-snippet:-1","max-image-preview":"max-image-preview:large","max-video-preview":"max-video-preview:-1"},"canonical":"https:\/\/www.iflower.ee\/en\/toode\/cappuccino-cake\/","og_locale":"en_US","og_type":"article","og_title":"Cappuccino cake - iFlower","og_description":"Airy whipped cream cake with coffee and chocolate. Coffee cream between cocoa biscuits. The top layer is vanilla-flavored whipped cream. The cake is garnished with chocolate truffle stripes, milk chocolate chips and icing sugar.  Net weight: 220 g  Cakes can only be ordered in Tallinn and its surrounding areas on the same day. \u00a0Tartu, P\u00e4rnu, Narva, Rakvere, K\u00e4rdla, J\u00f5hvi, Paide and Viljandi and its surrounding areas on the next day.","og_url":"https:\/\/www.iflower.ee\/en\/toode\/cappuccino-cake\/","og_site_name":"iFlower","article_modified_time":"2021-03-11T08:59:45+00:00","og_image":[{"width":724,"height":1024,"url":"https:\/\/www.iflower.ee\/wp-content\/uploads\/2020\/04\/cappucino-724x1024.jpg","type":"image\/jpeg"}],"twitter_card":"summary_large_image","schema":{"@context":"https:\/\/schema.org","@graph":[{"@type":"WebPage","@id":"https:\/\/www.iflower.ee\/en\/toode\/cappuccino-cake\/","url":"https:\/\/www.iflower.ee\/en\/toode\/cappuccino-cake\/","name":"Cappuccino cake - iFlower","isPartOf":{"@id":"https:\/\/www.iflower.ee\/#website"},"primaryImageOfPage":{"@id":"https:\/\/www.iflower.ee\/en\/toode\/cappuccino-cake\/#primaryimage"},"image":{"@id":"https:\/\/www.iflower.ee\/en\/toode\/cappuccino-cake\/#primaryimage"},"thumbnailUrl":"https:\/\/www.iflower.ee\/wp-content\/uploads\/2020\/04\/cappucino-scaled.jpg","datePublished":"2020-04-09T11:45:26+00:00","dateModified":"2021-03-11T08:59:45+00:00","breadcrumb":{"@id":"https:\/\/www.iflower.ee\/en\/toode\/cappuccino-cake\/#breadcrumb"},"inLanguage":"en-US","potentialAction":[{"@type":"ReadAction","target":["https:\/\/www.iflower.ee\/en\/toode\/cappuccino-cake\/"]}]},{"@type":"ImageObject","inLanguage":"en-US","@id":"https:\/\/www.iflower.ee\/en\/toode\/cappuccino-cake\/#primaryimage","url":"https:\/\/www.iflower.ee\/wp-content\/uploads\/2020\/04\/cappucino-scaled.jpg","contentUrl":"https:\/\/www.iflower.ee\/wp-content\/uploads\/2020\/04\/cappucino-scaled.jpg","width":1448,"height":2048},{"@type":"BreadcrumbList","@id":"https:\/\/www.iflower.ee\/en\/toode\/cappuccino-cake\/#breadcrumb","itemListElement":[{"@type":"ListItem","position":1,"name":"Pood","item":"https:\/\/www.iflower.ee\/pood\/"},{"@type":"ListItem","position":2,"name":"Cappuccino cake"}]},{"@type":"WebSite","@id":"https:\/\/www.iflower.ee\/#website","url":"https:\/\/www.iflower.ee\/","name":"iFlower","description":"","publisher":{"@id":"https:\/\/www.iflower.ee\/#organization"},"potentialAction":[{"@type":"SearchAction","target":{"@type":"EntryPoint","urlTemplate":"https:\/\/www.iflower.ee\/?s={search_term_string}"},"query-input":{"@type":"PropertyValueSpecification","valueRequired":true,"valueName":"search_term_string"}}],"inLanguage":"en-US"},{"@type":"Organization","@id":"https:\/\/www.iflower.ee\/#organization","name":"iFlower","url":"https:\/\/www.iflower.ee\/","logo":{"@type":"ImageObject","inLanguage":"en-US","@id":"https:\/\/www.iflower.ee\/#\/schema\/logo\/image\/","url":"https:\/\/www.iflower.ee\/wp-content\/uploads\/2022\/04\/iflower.png","contentUrl":"https:\/\/www.iflower.ee\/wp-content\/uploads\/2022\/04\/iflower.png","width":248,"height":71,"caption":"iFlower"},"image":{"@id":"https:\/\/www.iflower.ee\/#\/schema\/logo\/image\/"}}]}},"_links":{"self":[{"href":"https:\/\/www.iflower.ee\/en\/wp-json\/wp\/v2\/product\/13990","targetHints":{"allow":["GET"]}}],"collection":[{"href":"https:\/\/www.iflower.ee\/en\/wp-json\/wp\/v2\/product"}],"about":[{"href":"https:\/\/www.iflower.ee\/en\/wp-json\/wp\/v2\/types\/product"}],"wp:featuredmedia":[{"embeddable":true,"href":"https:\/\/www.iflower.ee\/en\/wp-json\/wp\/v2\/media\/13745"}],"wp:attachment":[{"href":"https:\/\/www.iflower.ee\/en\/wp-json\/wp\/v2\/media?parent=13990"}],"wp:term":[{"taxonomy":"product_brand","embeddable":true,"href":"https:\/\/www.iflower.ee\/en\/wp-json\/wp\/v2\/product_brand?post=13990"},{"taxonomy":"product_cat","embeddable":true,"href":"https:\/\/www.iflower.ee\/en\/wp-json\/wp\/v2\/product_cat?post=13990"},{"taxonomy":"product_tag","embeddable":true,"href":"https:\/\/www.iflower.ee\/en\/wp-json\/wp\/v2\/product_tag?post=13990"}],"curies":[{"name":"wp","href":"https:\/\/api.w.org\/{rel}","templated":true}]}}