{"id":19340,"date":"2020-10-22T23:19:42","date_gmt":"2020-10-22T20:19:42","guid":{"rendered":"https:\/\/www.iflower.ee\/?post_type=product&#038;p=19340"},"modified":"2023-06-28T15:39:56","modified_gmt":"2023-06-28T12:39:56","slug":"moet-chandon-brut-imperial-rose-0-75l","status":"publish","type":"product","link":"https:\/\/www.iflower.ee\/en\/toode\/moet-chandon-brut-imperial-rose-0-75l\/","title":{"rendered":"MO\u00cbT &#038; CHANDON BRUT IMPERIAL ROSE 0,75L"},"content":{"rendered":"","protected":false},"excerpt":{"rendered":"<p>\u00d5rna tekstuuriga, n\u00f5tke, segunev jook, mida elavdab v\u00e4ike kargusenoot. Aroom intensiivne ja vastupandamatu \u2013 s\u00e4rav bukett v\u00e4rsketest punastest suvemarjadest (maasikas, vaarikas, punane s\u00f5star), millele lisanduvad lillen\u00fcansid (roos, viirpuu) ja pisut piprasust. Maitses on uhkelt kombineeritud intensiivsus ning \u00fcmarus \u2013 alguses lihav ja mahlane, seej\u00e4rel toekas ning l\u00f5puks \u00f5rn maitsetaime (m\u00fcndi) n\u00fcanss.<\/p>\n<p>T\u00c4HELEPANU! TEGEMIST ON ALKOHOLIGA. ALKOHOL V\u00d5IB KAHJUSTADA TEIE TERVIST.<\/p>\n","protected":false},"featured_media":19342,"template":"","meta":{"_acf_changed":false},"product_brand":[],"product_cat":[179,168],"product_tag":[],"class_list":{"0":"post-19340","1":"product","2":"type-product","3":"status-publish","4":"has-post-thumbnail","6":"product_cat-gifts","7":"product_cat-alcohol","9":"first","10":"instock","11":"taxable","12":"shipping-taxable","13":"purchasable","14":"product-type-simple"},"acf":[],"yoast_head":"<!-- This site is optimized with the Yoast SEO plugin v26.8 - https:\/\/yoast.com\/product\/yoast-seo-wordpress\/ -->\n<title>MO\u00cbT &amp; CHANDON BRUT IMPERIAL ROSE 0,75L - iFlower<\/title>\n<meta name=\"robots\" content=\"index, follow, max-snippet:-1, max-image-preview:large, max-video-preview:-1\" \/>\n<link rel=\"canonical\" href=\"https:\/\/www.iflower.ee\/en\/toode\/moet-chandon-brut-imperial-rose-0-75l\/\" \/>\n<meta property=\"og:locale\" content=\"en_US\" \/>\n<meta property=\"og:type\" content=\"article\" \/>\n<meta property=\"og:title\" content=\"MO\u00cbT &amp; CHANDON BRUT IMPERIAL ROSE 0,75L - iFlower\" \/>\n<meta property=\"og:description\" content=\"\u00d5rna tekstuuriga, n\u00f5tke, segunev jook, mida elavdab v\u00e4ike kargusenoot. Aroom intensiivne ja vastupandamatu \u2013 s\u00e4rav bukett v\u00e4rsketest punastest suvemarjadest (maasikas, vaarikas, punane s\u00f5star), millele lisanduvad lillen\u00fcansid (roos, viirpuu) ja pisut piprasust. Maitses on uhkelt kombineeritud intensiivsus ning \u00fcmarus \u2013 alguses lihav ja mahlane, seej\u00e4rel toekas ning l\u00f5puks \u00f5rn maitsetaime (m\u00fcndi) n\u00fcanss.  T\u00c4HELEPANU! TEGEMIST ON ALKOHOLIGA. ALKOHOL V\u00d5IB KAHJUSTADA TEIE TERVIST.\" \/>\n<meta property=\"og:url\" content=\"https:\/\/www.iflower.ee\/en\/toode\/moet-chandon-brut-imperial-rose-0-75l\/\" \/>\n<meta property=\"og:site_name\" content=\"iFlower\" \/>\n<meta property=\"article:modified_time\" content=\"2023-06-28T12:39:56+00:00\" \/>\n<meta property=\"og:image\" content=\"https:\/\/www.iflower.ee\/wp-content\/uploads\/2020\/10\/DSCF5013.jpg\" \/>\n\t<meta property=\"og:image:width\" content=\"1000\" \/>\n\t<meta property=\"og:image:height\" content=\"1500\" \/>\n\t<meta property=\"og:image:type\" content=\"image\/jpeg\" \/>\n<meta name=\"twitter:card\" content=\"summary_large_image\" \/>\n<script type=\"application\/ld+json\" class=\"yoast-schema-graph\">{\"@context\":\"https:\/\/schema.org\",\"@graph\":[{\"@type\":\"WebPage\",\"@id\":\"https:\/\/www.iflower.ee\/en\/toode\/moet-chandon-brut-imperial-rose-0-75l\/\",\"url\":\"https:\/\/www.iflower.ee\/en\/toode\/moet-chandon-brut-imperial-rose-0-75l\/\",\"name\":\"MO\u00cbT & CHANDON BRUT IMPERIAL ROSE 0,75L - iFlower\",\"isPartOf\":{\"@id\":\"https:\/\/www.iflower.ee\/#website\"},\"primaryImageOfPage\":{\"@id\":\"https:\/\/www.iflower.ee\/en\/toode\/moet-chandon-brut-imperial-rose-0-75l\/#primaryimage\"},\"image\":{\"@id\":\"https:\/\/www.iflower.ee\/en\/toode\/moet-chandon-brut-imperial-rose-0-75l\/#primaryimage\"},\"thumbnailUrl\":\"https:\/\/www.iflower.ee\/wp-content\/uploads\/2020\/10\/DSCF5013.jpg\",\"datePublished\":\"2020-10-22T20:19:42+00:00\",\"dateModified\":\"2023-06-28T12:39:56+00:00\",\"breadcrumb\":{\"@id\":\"https:\/\/www.iflower.ee\/en\/toode\/moet-chandon-brut-imperial-rose-0-75l\/#breadcrumb\"},\"inLanguage\":\"en-US\",\"potentialAction\":[{\"@type\":\"ReadAction\",\"target\":[\"https:\/\/www.iflower.ee\/en\/toode\/moet-chandon-brut-imperial-rose-0-75l\/\"]}]},{\"@type\":\"ImageObject\",\"inLanguage\":\"en-US\",\"@id\":\"https:\/\/www.iflower.ee\/en\/toode\/moet-chandon-brut-imperial-rose-0-75l\/#primaryimage\",\"url\":\"https:\/\/www.iflower.ee\/wp-content\/uploads\/2020\/10\/DSCF5013.jpg\",\"contentUrl\":\"https:\/\/www.iflower.ee\/wp-content\/uploads\/2020\/10\/DSCF5013.jpg\",\"width\":1000,\"height\":1500},{\"@type\":\"BreadcrumbList\",\"@id\":\"https:\/\/www.iflower.ee\/en\/toode\/moet-chandon-brut-imperial-rose-0-75l\/#breadcrumb\",\"itemListElement\":[{\"@type\":\"ListItem\",\"position\":1,\"name\":\"Pood\",\"item\":\"https:\/\/www.iflower.ee\/pood\/\"},{\"@type\":\"ListItem\",\"position\":2,\"name\":\"MO\u00cbT &#038; CHANDON BRUT IMPERIAL ROSE 0,75L\"}]},{\"@type\":\"WebSite\",\"@id\":\"https:\/\/www.iflower.ee\/#website\",\"url\":\"https:\/\/www.iflower.ee\/\",\"name\":\"iFlower\",\"description\":\"\",\"publisher\":{\"@id\":\"https:\/\/www.iflower.ee\/#organization\"},\"potentialAction\":[{\"@type\":\"SearchAction\",\"target\":{\"@type\":\"EntryPoint\",\"urlTemplate\":\"https:\/\/www.iflower.ee\/?s={search_term_string}\"},\"query-input\":{\"@type\":\"PropertyValueSpecification\",\"valueRequired\":true,\"valueName\":\"search_term_string\"}}],\"inLanguage\":\"en-US\"},{\"@type\":\"Organization\",\"@id\":\"https:\/\/www.iflower.ee\/#organization\",\"name\":\"iFlower\",\"url\":\"https:\/\/www.iflower.ee\/\",\"logo\":{\"@type\":\"ImageObject\",\"inLanguage\":\"en-US\",\"@id\":\"https:\/\/www.iflower.ee\/#\/schema\/logo\/image\/\",\"url\":\"https:\/\/www.iflower.ee\/wp-content\/uploads\/2022\/04\/iflower.png\",\"contentUrl\":\"https:\/\/www.iflower.ee\/wp-content\/uploads\/2022\/04\/iflower.png\",\"width\":248,\"height\":71,\"caption\":\"iFlower\"},\"image\":{\"@id\":\"https:\/\/www.iflower.ee\/#\/schema\/logo\/image\/\"}}]}<\/script>\n<!-- \/ Yoast SEO plugin. -->","yoast_head_json":{"title":"MO\u00cbT & CHANDON BRUT IMPERIAL ROSE 0,75L - iFlower","robots":{"index":"index","follow":"follow","max-snippet":"max-snippet:-1","max-image-preview":"max-image-preview:large","max-video-preview":"max-video-preview:-1"},"canonical":"https:\/\/www.iflower.ee\/en\/toode\/moet-chandon-brut-imperial-rose-0-75l\/","og_locale":"en_US","og_type":"article","og_title":"MO\u00cbT & CHANDON BRUT IMPERIAL ROSE 0,75L - iFlower","og_description":"\u00d5rna tekstuuriga, n\u00f5tke, segunev jook, mida elavdab v\u00e4ike kargusenoot. Aroom intensiivne ja vastupandamatu \u2013 s\u00e4rav bukett v\u00e4rsketest punastest suvemarjadest (maasikas, vaarikas, punane s\u00f5star), millele lisanduvad lillen\u00fcansid (roos, viirpuu) ja pisut piprasust. Maitses on uhkelt kombineeritud intensiivsus ning \u00fcmarus \u2013 alguses lihav ja mahlane, seej\u00e4rel toekas ning l\u00f5puks \u00f5rn maitsetaime (m\u00fcndi) n\u00fcanss.  T\u00c4HELEPANU! TEGEMIST ON ALKOHOLIGA. ALKOHOL V\u00d5IB KAHJUSTADA TEIE TERVIST.","og_url":"https:\/\/www.iflower.ee\/en\/toode\/moet-chandon-brut-imperial-rose-0-75l\/","og_site_name":"iFlower","article_modified_time":"2023-06-28T12:39:56+00:00","og_image":[{"width":1000,"height":1500,"url":"https:\/\/www.iflower.ee\/wp-content\/uploads\/2020\/10\/DSCF5013.jpg","type":"image\/jpeg"}],"twitter_card":"summary_large_image","schema":{"@context":"https:\/\/schema.org","@graph":[{"@type":"WebPage","@id":"https:\/\/www.iflower.ee\/en\/toode\/moet-chandon-brut-imperial-rose-0-75l\/","url":"https:\/\/www.iflower.ee\/en\/toode\/moet-chandon-brut-imperial-rose-0-75l\/","name":"MO\u00cbT & CHANDON BRUT IMPERIAL ROSE 0,75L - iFlower","isPartOf":{"@id":"https:\/\/www.iflower.ee\/#website"},"primaryImageOfPage":{"@id":"https:\/\/www.iflower.ee\/en\/toode\/moet-chandon-brut-imperial-rose-0-75l\/#primaryimage"},"image":{"@id":"https:\/\/www.iflower.ee\/en\/toode\/moet-chandon-brut-imperial-rose-0-75l\/#primaryimage"},"thumbnailUrl":"https:\/\/www.iflower.ee\/wp-content\/uploads\/2020\/10\/DSCF5013.jpg","datePublished":"2020-10-22T20:19:42+00:00","dateModified":"2023-06-28T12:39:56+00:00","breadcrumb":{"@id":"https:\/\/www.iflower.ee\/en\/toode\/moet-chandon-brut-imperial-rose-0-75l\/#breadcrumb"},"inLanguage":"en-US","potentialAction":[{"@type":"ReadAction","target":["https:\/\/www.iflower.ee\/en\/toode\/moet-chandon-brut-imperial-rose-0-75l\/"]}]},{"@type":"ImageObject","inLanguage":"en-US","@id":"https:\/\/www.iflower.ee\/en\/toode\/moet-chandon-brut-imperial-rose-0-75l\/#primaryimage","url":"https:\/\/www.iflower.ee\/wp-content\/uploads\/2020\/10\/DSCF5013.jpg","contentUrl":"https:\/\/www.iflower.ee\/wp-content\/uploads\/2020\/10\/DSCF5013.jpg","width":1000,"height":1500},{"@type":"BreadcrumbList","@id":"https:\/\/www.iflower.ee\/en\/toode\/moet-chandon-brut-imperial-rose-0-75l\/#breadcrumb","itemListElement":[{"@type":"ListItem","position":1,"name":"Pood","item":"https:\/\/www.iflower.ee\/pood\/"},{"@type":"ListItem","position":2,"name":"MO\u00cbT &#038; CHANDON BRUT IMPERIAL ROSE 0,75L"}]},{"@type":"WebSite","@id":"https:\/\/www.iflower.ee\/#website","url":"https:\/\/www.iflower.ee\/","name":"iFlower","description":"","publisher":{"@id":"https:\/\/www.iflower.ee\/#organization"},"potentialAction":[{"@type":"SearchAction","target":{"@type":"EntryPoint","urlTemplate":"https:\/\/www.iflower.ee\/?s={search_term_string}"},"query-input":{"@type":"PropertyValueSpecification","valueRequired":true,"valueName":"search_term_string"}}],"inLanguage":"en-US"},{"@type":"Organization","@id":"https:\/\/www.iflower.ee\/#organization","name":"iFlower","url":"https:\/\/www.iflower.ee\/","logo":{"@type":"ImageObject","inLanguage":"en-US","@id":"https:\/\/www.iflower.ee\/#\/schema\/logo\/image\/","url":"https:\/\/www.iflower.ee\/wp-content\/uploads\/2022\/04\/iflower.png","contentUrl":"https:\/\/www.iflower.ee\/wp-content\/uploads\/2022\/04\/iflower.png","width":248,"height":71,"caption":"iFlower"},"image":{"@id":"https:\/\/www.iflower.ee\/#\/schema\/logo\/image\/"}}]}},"_links":{"self":[{"href":"https:\/\/www.iflower.ee\/en\/wp-json\/wp\/v2\/product\/19340","targetHints":{"allow":["GET"]}}],"collection":[{"href":"https:\/\/www.iflower.ee\/en\/wp-json\/wp\/v2\/product"}],"about":[{"href":"https:\/\/www.iflower.ee\/en\/wp-json\/wp\/v2\/types\/product"}],"wp:featuredmedia":[{"embeddable":true,"href":"https:\/\/www.iflower.ee\/en\/wp-json\/wp\/v2\/media\/19342"}],"wp:attachment":[{"href":"https:\/\/www.iflower.ee\/en\/wp-json\/wp\/v2\/media?parent=19340"}],"wp:term":[{"taxonomy":"product_brand","embeddable":true,"href":"https:\/\/www.iflower.ee\/en\/wp-json\/wp\/v2\/product_brand?post=19340"},{"taxonomy":"product_cat","embeddable":true,"href":"https:\/\/www.iflower.ee\/en\/wp-json\/wp\/v2\/product_cat?post=19340"},{"taxonomy":"product_tag","embeddable":true,"href":"https:\/\/www.iflower.ee\/en\/wp-json\/wp\/v2\/product_tag?post=19340"}],"curies":[{"name":"wp","href":"https:\/\/api.w.org\/{rel}","templated":true}]}}