{"id":29170,"date":"2021-09-20T21:49:59","date_gmt":"2021-09-20T18:49:59","guid":{"rendered":"https:\/\/www.iflower.ee\/?post_type=product&#038;p=29170"},"modified":"2023-06-28T15:30:40","modified_gmt":"2023-06-28T12:30:40","slug":"mango-chocolate-cake","status":"publish","type":"product","link":"https:\/\/www.iflower.ee\/en\/toode\/mango-chocolate-cake\/","title":{"rendered":"Mango-chocolate cake"},"content":{"rendered":"","protected":false},"excerpt":{"rendered":"<p>Airy sour curd cake flavored with natural blackcurrant and passion fruit purees. Light purple blackcurrant cream and white passion cream on a light biscuit base. The cake is covered with yellow passion gel.<\/p>\n<p>Net weight: 300 g<\/p>\n<p>Cakes can only be ordered in Tallinn and its surrounding areas on the same day. \u00a0Tartu, P\u00e4rnu, Narva, Rakvere, K\u00e4rdla, J\u00f5hvi, Paide and Viljandi and its surrounding areas on the next day.<\/p>\n","protected":false},"featured_media":29177,"template":"","meta":{"_acf_changed":false},"product_brand":[],"product_cat":[179,284],"product_tag":[],"class_list":{"0":"post-29170","1":"product","2":"type-product","3":"status-publish","4":"has-post-thumbnail","6":"product_cat-gifts","7":"product_cat-cakes","9":"first","10":"instock","11":"taxable","12":"shipping-taxable","13":"purchasable","14":"product-type-simple"},"acf":[],"yoast_head":"<!-- This site is optimized with the Yoast SEO plugin v26.8 - https:\/\/yoast.com\/product\/yoast-seo-wordpress\/ -->\n<title>Mango-chocolate cake - iFlower<\/title>\n<meta name=\"robots\" content=\"index, follow, max-snippet:-1, max-image-preview:large, max-video-preview:-1\" \/>\n<link rel=\"canonical\" href=\"https:\/\/www.iflower.ee\/en\/toode\/mango-chocolate-cake\/\" \/>\n<meta property=\"og:locale\" content=\"en_US\" \/>\n<meta property=\"og:type\" content=\"article\" \/>\n<meta property=\"og:title\" content=\"Mango-chocolate cake - iFlower\" \/>\n<meta property=\"og:description\" content=\"Airy sour curd cake flavored with natural blackcurrant and passion fruit purees. Light purple blackcurrant cream and white passion cream on a light biscuit base. The cake is covered with yellow passion gel.  Net weight: 300 g  Cakes can only be ordered in Tallinn and its surrounding areas on the same day. \u00a0Tartu, P\u00e4rnu, Narva, Rakvere, K\u00e4rdla, J\u00f5hvi, Paide and Viljandi and its surrounding areas on the next day.\" \/>\n<meta property=\"og:url\" content=\"https:\/\/www.iflower.ee\/en\/toode\/mango-chocolate-cake\/\" \/>\n<meta property=\"og:site_name\" content=\"iFlower\" \/>\n<meta property=\"article:modified_time\" content=\"2023-06-28T12:30:40+00:00\" \/>\n<meta property=\"og:image\" content=\"https:\/\/www.iflower.ee\/wp-content\/uploads\/2021\/09\/mangoshoko.jpg\" \/>\n\t<meta property=\"og:image:width\" content=\"595\" \/>\n\t<meta property=\"og:image:height\" content=\"842\" \/>\n\t<meta property=\"og:image:type\" content=\"image\/jpeg\" \/>\n<meta name=\"twitter:card\" content=\"summary_large_image\" \/>\n<script type=\"application\/ld+json\" class=\"yoast-schema-graph\">{\"@context\":\"https:\/\/schema.org\",\"@graph\":[{\"@type\":\"WebPage\",\"@id\":\"https:\/\/www.iflower.ee\/en\/toode\/mango-chocolate-cake\/\",\"url\":\"https:\/\/www.iflower.ee\/en\/toode\/mango-chocolate-cake\/\",\"name\":\"Mango-chocolate cake - iFlower\",\"isPartOf\":{\"@id\":\"https:\/\/www.iflower.ee\/#website\"},\"primaryImageOfPage\":{\"@id\":\"https:\/\/www.iflower.ee\/en\/toode\/mango-chocolate-cake\/#primaryimage\"},\"image\":{\"@id\":\"https:\/\/www.iflower.ee\/en\/toode\/mango-chocolate-cake\/#primaryimage\"},\"thumbnailUrl\":\"https:\/\/www.iflower.ee\/wp-content\/uploads\/2021\/09\/mangoshoko.jpg\",\"datePublished\":\"2021-09-20T18:49:59+00:00\",\"dateModified\":\"2023-06-28T12:30:40+00:00\",\"breadcrumb\":{\"@id\":\"https:\/\/www.iflower.ee\/en\/toode\/mango-chocolate-cake\/#breadcrumb\"},\"inLanguage\":\"en-US\",\"potentialAction\":[{\"@type\":\"ReadAction\",\"target\":[\"https:\/\/www.iflower.ee\/en\/toode\/mango-chocolate-cake\/\"]}]},{\"@type\":\"ImageObject\",\"inLanguage\":\"en-US\",\"@id\":\"https:\/\/www.iflower.ee\/en\/toode\/mango-chocolate-cake\/#primaryimage\",\"url\":\"https:\/\/www.iflower.ee\/wp-content\/uploads\/2021\/09\/mangoshoko.jpg\",\"contentUrl\":\"https:\/\/www.iflower.ee\/wp-content\/uploads\/2021\/09\/mangoshoko.jpg\",\"width\":595,\"height\":842},{\"@type\":\"BreadcrumbList\",\"@id\":\"https:\/\/www.iflower.ee\/en\/toode\/mango-chocolate-cake\/#breadcrumb\",\"itemListElement\":[{\"@type\":\"ListItem\",\"position\":1,\"name\":\"Pood\",\"item\":\"https:\/\/www.iflower.ee\/pood\/\"},{\"@type\":\"ListItem\",\"position\":2,\"name\":\"Mango-chocolate cake\"}]},{\"@type\":\"WebSite\",\"@id\":\"https:\/\/www.iflower.ee\/#website\",\"url\":\"https:\/\/www.iflower.ee\/\",\"name\":\"iFlower\",\"description\":\"\",\"publisher\":{\"@id\":\"https:\/\/www.iflower.ee\/#organization\"},\"potentialAction\":[{\"@type\":\"SearchAction\",\"target\":{\"@type\":\"EntryPoint\",\"urlTemplate\":\"https:\/\/www.iflower.ee\/?s={search_term_string}\"},\"query-input\":{\"@type\":\"PropertyValueSpecification\",\"valueRequired\":true,\"valueName\":\"search_term_string\"}}],\"inLanguage\":\"en-US\"},{\"@type\":\"Organization\",\"@id\":\"https:\/\/www.iflower.ee\/#organization\",\"name\":\"iFlower\",\"url\":\"https:\/\/www.iflower.ee\/\",\"logo\":{\"@type\":\"ImageObject\",\"inLanguage\":\"en-US\",\"@id\":\"https:\/\/www.iflower.ee\/#\/schema\/logo\/image\/\",\"url\":\"https:\/\/www.iflower.ee\/wp-content\/uploads\/2022\/04\/iflower.png\",\"contentUrl\":\"https:\/\/www.iflower.ee\/wp-content\/uploads\/2022\/04\/iflower.png\",\"width\":248,\"height\":71,\"caption\":\"iFlower\"},\"image\":{\"@id\":\"https:\/\/www.iflower.ee\/#\/schema\/logo\/image\/\"}}]}<\/script>\n<!-- \/ Yoast SEO plugin. -->","yoast_head_json":{"title":"Mango-chocolate cake - iFlower","robots":{"index":"index","follow":"follow","max-snippet":"max-snippet:-1","max-image-preview":"max-image-preview:large","max-video-preview":"max-video-preview:-1"},"canonical":"https:\/\/www.iflower.ee\/en\/toode\/mango-chocolate-cake\/","og_locale":"en_US","og_type":"article","og_title":"Mango-chocolate cake - iFlower","og_description":"Airy sour curd cake flavored with natural blackcurrant and passion fruit purees. Light purple blackcurrant cream and white passion cream on a light biscuit base. The cake is covered with yellow passion gel.  Net weight: 300 g  Cakes can only be ordered in Tallinn and its surrounding areas on the same day. \u00a0Tartu, P\u00e4rnu, Narva, Rakvere, K\u00e4rdla, J\u00f5hvi, Paide and Viljandi and its surrounding areas on the next day.","og_url":"https:\/\/www.iflower.ee\/en\/toode\/mango-chocolate-cake\/","og_site_name":"iFlower","article_modified_time":"2023-06-28T12:30:40+00:00","og_image":[{"width":595,"height":842,"url":"https:\/\/www.iflower.ee\/wp-content\/uploads\/2021\/09\/mangoshoko.jpg","type":"image\/jpeg"}],"twitter_card":"summary_large_image","schema":{"@context":"https:\/\/schema.org","@graph":[{"@type":"WebPage","@id":"https:\/\/www.iflower.ee\/en\/toode\/mango-chocolate-cake\/","url":"https:\/\/www.iflower.ee\/en\/toode\/mango-chocolate-cake\/","name":"Mango-chocolate cake - iFlower","isPartOf":{"@id":"https:\/\/www.iflower.ee\/#website"},"primaryImageOfPage":{"@id":"https:\/\/www.iflower.ee\/en\/toode\/mango-chocolate-cake\/#primaryimage"},"image":{"@id":"https:\/\/www.iflower.ee\/en\/toode\/mango-chocolate-cake\/#primaryimage"},"thumbnailUrl":"https:\/\/www.iflower.ee\/wp-content\/uploads\/2021\/09\/mangoshoko.jpg","datePublished":"2021-09-20T18:49:59+00:00","dateModified":"2023-06-28T12:30:40+00:00","breadcrumb":{"@id":"https:\/\/www.iflower.ee\/en\/toode\/mango-chocolate-cake\/#breadcrumb"},"inLanguage":"en-US","potentialAction":[{"@type":"ReadAction","target":["https:\/\/www.iflower.ee\/en\/toode\/mango-chocolate-cake\/"]}]},{"@type":"ImageObject","inLanguage":"en-US","@id":"https:\/\/www.iflower.ee\/en\/toode\/mango-chocolate-cake\/#primaryimage","url":"https:\/\/www.iflower.ee\/wp-content\/uploads\/2021\/09\/mangoshoko.jpg","contentUrl":"https:\/\/www.iflower.ee\/wp-content\/uploads\/2021\/09\/mangoshoko.jpg","width":595,"height":842},{"@type":"BreadcrumbList","@id":"https:\/\/www.iflower.ee\/en\/toode\/mango-chocolate-cake\/#breadcrumb","itemListElement":[{"@type":"ListItem","position":1,"name":"Pood","item":"https:\/\/www.iflower.ee\/pood\/"},{"@type":"ListItem","position":2,"name":"Mango-chocolate cake"}]},{"@type":"WebSite","@id":"https:\/\/www.iflower.ee\/#website","url":"https:\/\/www.iflower.ee\/","name":"iFlower","description":"","publisher":{"@id":"https:\/\/www.iflower.ee\/#organization"},"potentialAction":[{"@type":"SearchAction","target":{"@type":"EntryPoint","urlTemplate":"https:\/\/www.iflower.ee\/?s={search_term_string}"},"query-input":{"@type":"PropertyValueSpecification","valueRequired":true,"valueName":"search_term_string"}}],"inLanguage":"en-US"},{"@type":"Organization","@id":"https:\/\/www.iflower.ee\/#organization","name":"iFlower","url":"https:\/\/www.iflower.ee\/","logo":{"@type":"ImageObject","inLanguage":"en-US","@id":"https:\/\/www.iflower.ee\/#\/schema\/logo\/image\/","url":"https:\/\/www.iflower.ee\/wp-content\/uploads\/2022\/04\/iflower.png","contentUrl":"https:\/\/www.iflower.ee\/wp-content\/uploads\/2022\/04\/iflower.png","width":248,"height":71,"caption":"iFlower"},"image":{"@id":"https:\/\/www.iflower.ee\/#\/schema\/logo\/image\/"}}]}},"_links":{"self":[{"href":"https:\/\/www.iflower.ee\/en\/wp-json\/wp\/v2\/product\/29170","targetHints":{"allow":["GET"]}}],"collection":[{"href":"https:\/\/www.iflower.ee\/en\/wp-json\/wp\/v2\/product"}],"about":[{"href":"https:\/\/www.iflower.ee\/en\/wp-json\/wp\/v2\/types\/product"}],"wp:featuredmedia":[{"embeddable":true,"href":"https:\/\/www.iflower.ee\/en\/wp-json\/wp\/v2\/media\/29177"}],"wp:attachment":[{"href":"https:\/\/www.iflower.ee\/en\/wp-json\/wp\/v2\/media?parent=29170"}],"wp:term":[{"taxonomy":"product_brand","embeddable":true,"href":"https:\/\/www.iflower.ee\/en\/wp-json\/wp\/v2\/product_brand?post=29170"},{"taxonomy":"product_cat","embeddable":true,"href":"https:\/\/www.iflower.ee\/en\/wp-json\/wp\/v2\/product_cat?post=29170"},{"taxonomy":"product_tag","embeddable":true,"href":"https:\/\/www.iflower.ee\/en\/wp-json\/wp\/v2\/product_tag?post=29170"}],"curies":[{"name":"wp","href":"https:\/\/api.w.org\/{rel}","templated":true}]}}