{"id":56442,"date":"2025-04-29T16:27:45","date_gmt":"2025-04-29T13:27:45","guid":{"rendered":"https:\/\/www.iflower.ee\/?post_type=product&#038;p=56442"},"modified":"2025-10-03T16:13:50","modified_gmt":"2025-10-03T13:13:50","slug":"joik-rapsivahast-lohnakuunal-basiilik-ja-munt","status":"publish","type":"product","link":"https:\/\/www.iflower.ee\/en\/toode\/joik-rapsivahast-lohnakuunal-basiilik-ja-munt\/","title":{"rendered":"JOIK rapsivahast l\u00f5hnak\u00fc\u00fcnal Basiilik ja M\u00fcnt"},"content":{"rendered":"","protected":false},"excerpt":{"rendered":"<p style=\"font-weight: 400;\">Selle k\u00fc\u00fcnla aroom kannab sind suvisesse kasvuhoonesse. Tipunootidest hakkavad ninna m\u00fcnt, sidrun ja estragon, s\u00fcdamenootideks on basiilik ja greibikoor, ning baasnootidest v\u00f5ib aimata salveid, seedripuud ja pat\u0161ulit.<\/p>\n<p>Selle k\u00fc\u00fcnla valmistamiseks oleme kasutatud p\u00f5hjamaist rapsivaha, mille eelised on:<\/p>\n<p>\u2022 Kasutatud rapsivaha on toodetud Euroopas, mis tagab v\u00e4iksema \u00f6koloogilise jalaj\u00e4lje t\u00e4nu v\u00e4iksemale transpordivahemaale.<\/p>\n<p>\u2022 Raps ei ole monokultuur ning selle kasvatamine ei ole keskkonnale koormav. Seda kasutatakse hoopis p\u00f5llukultuuride vaheldamiseks. Raps on tihti vahetaim enne viljak\u00fclvi.<\/p>\n<p>\u2022 Meie kasutatav rapsivaha on GMO-vaba. Euroopas on keelatud geneetiliselt muundatud p\u00f5llukultuuride kasvatamine.<\/p>\n<p>\u2022 Rapsivaha on bioloogiliselt lagunev ning pikemalt ja puhtamalt p\u00f5lev v\u00f5rreldes parafiiniga.<\/p>\n<p>\u2022 Rapsivaha on vegans\u00f5bralik<\/p>\n<p>\u2022 K\u00fc\u00fcnla p\u00f5lemisaeg 30h<\/p>\n<p>NB! Antud toodet v\u00e4ljastame vaid Tallinnast.<\/p>\n","protected":false},"featured_media":56443,"template":"","meta":{"_acf_changed":false},"product_brand":[],"product_cat":[15,266,195,312],"product_tag":[],"class_list":{"0":"post-56442","1":"product","2":"type-product","3":"status-publish","4":"has-post-thumbnail","6":"product_cat-kingitused","7":"product_cat-home-and-spa","8":"product_cat-sugiskollektsioon","9":"product_cat-uus","11":"first","12":"instock","13":"taxable","14":"shipping-taxable","15":"purchasable","16":"product-type-simple"},"acf":[],"yoast_head":"<!-- This site is optimized with the Yoast SEO plugin v26.8 - https:\/\/yoast.com\/product\/yoast-seo-wordpress\/ -->\n<title>JOIK rapsivahast l\u00f5hnak\u00fc\u00fcnal Basiilik ja M\u00fcnt - iFlower<\/title>\n<meta name=\"robots\" content=\"index, follow, max-snippet:-1, max-image-preview:large, max-video-preview:-1\" \/>\n<link rel=\"canonical\" href=\"https:\/\/www.iflower.ee\/toode\/joik-rapsivahast-lohnakuunal-basiilik-ja-munt\/\" \/>\n<meta property=\"og:locale\" content=\"en_US\" \/>\n<meta property=\"og:type\" content=\"article\" \/>\n<meta property=\"og:title\" content=\"JOIK rapsivahast l\u00f5hnak\u00fc\u00fcnal Basiilik ja M\u00fcnt - iFlower\" \/>\n<meta property=\"og:description\" content=\"Selle k\u00fc\u00fcnla aroom kannab sind suvisesse kasvuhoonesse. Tipunootidest hakkavad ninna m\u00fcnt, sidrun ja estragon, s\u00fcdamenootideks on basiilik ja greibikoor, ning baasnootidest v\u00f5ib aimata salveid, seedripuud ja pat\u0161ulit. Selle k\u00fc\u00fcnla valmistamiseks oleme kasutatud p\u00f5hjamaist rapsivaha, mille eelised on:  \u2022 Kasutatud rapsivaha on toodetud Euroopas, mis tagab v\u00e4iksema \u00f6koloogilise jalaj\u00e4lje t\u00e4nu v\u00e4iksemale transpordivahemaale.  \u2022 Raps ei ole monokultuur ning selle kasvatamine ei ole keskkonnale koormav. Seda kasutatakse hoopis p\u00f5llukultuuride vaheldamiseks. Raps on tihti vahetaim enne viljak\u00fclvi.  \u2022 Meie kasutatav rapsivaha on GMO-vaba. Euroopas on keelatud geneetiliselt muundatud p\u00f5llukultuuride kasvatamine.  \u2022 Rapsivaha on bioloogiliselt lagunev ning pikemalt ja puhtamalt p\u00f5lev v\u00f5rreldes parafiiniga.  \u2022 Rapsivaha on vegans\u00f5bralik  \u2022 K\u00fc\u00fcnla p\u00f5lemisaeg 30h  NB! Antud toodet v\u00e4ljastame vaid Tallinnast.\" \/>\n<meta property=\"og:url\" content=\"https:\/\/www.iflower.ee\/toode\/joik-rapsivahast-lohnakuunal-basiilik-ja-munt\/\" \/>\n<meta property=\"og:site_name\" content=\"iFlower\" \/>\n<meta property=\"article:modified_time\" content=\"2025-10-03T13:13:50+00:00\" \/>\n<meta property=\"og:image\" content=\"https:\/\/www.iflower.ee\/wp-content\/uploads\/2025\/04\/iFlower-taust-4.png\" \/>\n\t<meta property=\"og:image:width\" content=\"1587\" \/>\n\t<meta property=\"og:image:height\" content=\"2245\" \/>\n\t<meta property=\"og:image:type\" content=\"image\/png\" \/>\n<meta name=\"twitter:card\" content=\"summary_large_image\" \/>\n<meta name=\"twitter:label1\" content=\"Est. reading time\" \/>\n\t<meta name=\"twitter:data1\" content=\"1 minute\" \/>\n<script type=\"application\/ld+json\" class=\"yoast-schema-graph\">{\"@context\":\"https:\/\/schema.org\",\"@graph\":[{\"@type\":\"WebPage\",\"@id\":\"https:\/\/www.iflower.ee\/toode\/joik-rapsivahast-lohnakuunal-basiilik-ja-munt\/\",\"url\":\"https:\/\/www.iflower.ee\/toode\/joik-rapsivahast-lohnakuunal-basiilik-ja-munt\/\",\"name\":\"JOIK rapsivahast l\u00f5hnak\u00fc\u00fcnal Basiilik ja M\u00fcnt - iFlower\",\"isPartOf\":{\"@id\":\"https:\/\/www.iflower.ee\/#website\"},\"primaryImageOfPage\":{\"@id\":\"https:\/\/www.iflower.ee\/toode\/joik-rapsivahast-lohnakuunal-basiilik-ja-munt\/#primaryimage\"},\"image\":{\"@id\":\"https:\/\/www.iflower.ee\/toode\/joik-rapsivahast-lohnakuunal-basiilik-ja-munt\/#primaryimage\"},\"thumbnailUrl\":\"https:\/\/www.iflower.ee\/wp-content\/uploads\/2025\/04\/iFlower-taust-4.png\",\"datePublished\":\"2025-04-29T13:27:45+00:00\",\"dateModified\":\"2025-10-03T13:13:50+00:00\",\"breadcrumb\":{\"@id\":\"https:\/\/www.iflower.ee\/toode\/joik-rapsivahast-lohnakuunal-basiilik-ja-munt\/#breadcrumb\"},\"inLanguage\":\"en-US\",\"potentialAction\":[{\"@type\":\"ReadAction\",\"target\":[\"https:\/\/www.iflower.ee\/toode\/joik-rapsivahast-lohnakuunal-basiilik-ja-munt\/\"]}]},{\"@type\":\"ImageObject\",\"inLanguage\":\"en-US\",\"@id\":\"https:\/\/www.iflower.ee\/toode\/joik-rapsivahast-lohnakuunal-basiilik-ja-munt\/#primaryimage\",\"url\":\"https:\/\/www.iflower.ee\/wp-content\/uploads\/2025\/04\/iFlower-taust-4.png\",\"contentUrl\":\"https:\/\/www.iflower.ee\/wp-content\/uploads\/2025\/04\/iFlower-taust-4.png\",\"width\":1587,\"height\":2245},{\"@type\":\"BreadcrumbList\",\"@id\":\"https:\/\/www.iflower.ee\/toode\/joik-rapsivahast-lohnakuunal-basiilik-ja-munt\/#breadcrumb\",\"itemListElement\":[{\"@type\":\"ListItem\",\"position\":1,\"name\":\"Pood\",\"item\":\"https:\/\/www.iflower.ee\/pood\/\"},{\"@type\":\"ListItem\",\"position\":2,\"name\":\"JOIK rapsivahast l\u00f5hnak\u00fc\u00fcnal Basiilik ja M\u00fcnt\"}]},{\"@type\":\"WebSite\",\"@id\":\"https:\/\/www.iflower.ee\/#website\",\"url\":\"https:\/\/www.iflower.ee\/\",\"name\":\"iFlower\",\"description\":\"\",\"publisher\":{\"@id\":\"https:\/\/www.iflower.ee\/#organization\"},\"potentialAction\":[{\"@type\":\"SearchAction\",\"target\":{\"@type\":\"EntryPoint\",\"urlTemplate\":\"https:\/\/www.iflower.ee\/?s={search_term_string}\"},\"query-input\":{\"@type\":\"PropertyValueSpecification\",\"valueRequired\":true,\"valueName\":\"search_term_string\"}}],\"inLanguage\":\"en-US\"},{\"@type\":\"Organization\",\"@id\":\"https:\/\/www.iflower.ee\/#organization\",\"name\":\"iFlower\",\"url\":\"https:\/\/www.iflower.ee\/\",\"logo\":{\"@type\":\"ImageObject\",\"inLanguage\":\"en-US\",\"@id\":\"https:\/\/www.iflower.ee\/#\/schema\/logo\/image\/\",\"url\":\"https:\/\/www.iflower.ee\/wp-content\/uploads\/2022\/04\/iflower.png\",\"contentUrl\":\"https:\/\/www.iflower.ee\/wp-content\/uploads\/2022\/04\/iflower.png\",\"width\":248,\"height\":71,\"caption\":\"iFlower\"},\"image\":{\"@id\":\"https:\/\/www.iflower.ee\/#\/schema\/logo\/image\/\"}}]}<\/script>\n<!-- \/ Yoast SEO plugin. -->","yoast_head_json":{"title":"JOIK rapsivahast l\u00f5hnak\u00fc\u00fcnal Basiilik ja M\u00fcnt - iFlower","robots":{"index":"index","follow":"follow","max-snippet":"max-snippet:-1","max-image-preview":"max-image-preview:large","max-video-preview":"max-video-preview:-1"},"canonical":"https:\/\/www.iflower.ee\/toode\/joik-rapsivahast-lohnakuunal-basiilik-ja-munt\/","og_locale":"en_US","og_type":"article","og_title":"JOIK rapsivahast l\u00f5hnak\u00fc\u00fcnal Basiilik ja M\u00fcnt - iFlower","og_description":"Selle k\u00fc\u00fcnla aroom kannab sind suvisesse kasvuhoonesse. Tipunootidest hakkavad ninna m\u00fcnt, sidrun ja estragon, s\u00fcdamenootideks on basiilik ja greibikoor, ning baasnootidest v\u00f5ib aimata salveid, seedripuud ja pat\u0161ulit. Selle k\u00fc\u00fcnla valmistamiseks oleme kasutatud p\u00f5hjamaist rapsivaha, mille eelised on:  \u2022 Kasutatud rapsivaha on toodetud Euroopas, mis tagab v\u00e4iksema \u00f6koloogilise jalaj\u00e4lje t\u00e4nu v\u00e4iksemale transpordivahemaale.  \u2022 Raps ei ole monokultuur ning selle kasvatamine ei ole keskkonnale koormav. Seda kasutatakse hoopis p\u00f5llukultuuride vaheldamiseks. Raps on tihti vahetaim enne viljak\u00fclvi.  \u2022 Meie kasutatav rapsivaha on GMO-vaba. Euroopas on keelatud geneetiliselt muundatud p\u00f5llukultuuride kasvatamine.  \u2022 Rapsivaha on bioloogiliselt lagunev ning pikemalt ja puhtamalt p\u00f5lev v\u00f5rreldes parafiiniga.  \u2022 Rapsivaha on vegans\u00f5bralik  \u2022 K\u00fc\u00fcnla p\u00f5lemisaeg 30h  NB! Antud toodet v\u00e4ljastame vaid Tallinnast.","og_url":"https:\/\/www.iflower.ee\/toode\/joik-rapsivahast-lohnakuunal-basiilik-ja-munt\/","og_site_name":"iFlower","article_modified_time":"2025-10-03T13:13:50+00:00","og_image":[{"width":1587,"height":2245,"url":"https:\/\/www.iflower.ee\/wp-content\/uploads\/2025\/04\/iFlower-taust-4.png","type":"image\/png"}],"twitter_card":"summary_large_image","twitter_misc":{"Est. reading time":"1 minute"},"schema":{"@context":"https:\/\/schema.org","@graph":[{"@type":"WebPage","@id":"https:\/\/www.iflower.ee\/toode\/joik-rapsivahast-lohnakuunal-basiilik-ja-munt\/","url":"https:\/\/www.iflower.ee\/toode\/joik-rapsivahast-lohnakuunal-basiilik-ja-munt\/","name":"JOIK rapsivahast l\u00f5hnak\u00fc\u00fcnal Basiilik ja M\u00fcnt - iFlower","isPartOf":{"@id":"https:\/\/www.iflower.ee\/#website"},"primaryImageOfPage":{"@id":"https:\/\/www.iflower.ee\/toode\/joik-rapsivahast-lohnakuunal-basiilik-ja-munt\/#primaryimage"},"image":{"@id":"https:\/\/www.iflower.ee\/toode\/joik-rapsivahast-lohnakuunal-basiilik-ja-munt\/#primaryimage"},"thumbnailUrl":"https:\/\/www.iflower.ee\/wp-content\/uploads\/2025\/04\/iFlower-taust-4.png","datePublished":"2025-04-29T13:27:45+00:00","dateModified":"2025-10-03T13:13:50+00:00","breadcrumb":{"@id":"https:\/\/www.iflower.ee\/toode\/joik-rapsivahast-lohnakuunal-basiilik-ja-munt\/#breadcrumb"},"inLanguage":"en-US","potentialAction":[{"@type":"ReadAction","target":["https:\/\/www.iflower.ee\/toode\/joik-rapsivahast-lohnakuunal-basiilik-ja-munt\/"]}]},{"@type":"ImageObject","inLanguage":"en-US","@id":"https:\/\/www.iflower.ee\/toode\/joik-rapsivahast-lohnakuunal-basiilik-ja-munt\/#primaryimage","url":"https:\/\/www.iflower.ee\/wp-content\/uploads\/2025\/04\/iFlower-taust-4.png","contentUrl":"https:\/\/www.iflower.ee\/wp-content\/uploads\/2025\/04\/iFlower-taust-4.png","width":1587,"height":2245},{"@type":"BreadcrumbList","@id":"https:\/\/www.iflower.ee\/toode\/joik-rapsivahast-lohnakuunal-basiilik-ja-munt\/#breadcrumb","itemListElement":[{"@type":"ListItem","position":1,"name":"Pood","item":"https:\/\/www.iflower.ee\/pood\/"},{"@type":"ListItem","position":2,"name":"JOIK rapsivahast l\u00f5hnak\u00fc\u00fcnal Basiilik ja M\u00fcnt"}]},{"@type":"WebSite","@id":"https:\/\/www.iflower.ee\/#website","url":"https:\/\/www.iflower.ee\/","name":"iFlower","description":"","publisher":{"@id":"https:\/\/www.iflower.ee\/#organization"},"potentialAction":[{"@type":"SearchAction","target":{"@type":"EntryPoint","urlTemplate":"https:\/\/www.iflower.ee\/?s={search_term_string}"},"query-input":{"@type":"PropertyValueSpecification","valueRequired":true,"valueName":"search_term_string"}}],"inLanguage":"en-US"},{"@type":"Organization","@id":"https:\/\/www.iflower.ee\/#organization","name":"iFlower","url":"https:\/\/www.iflower.ee\/","logo":{"@type":"ImageObject","inLanguage":"en-US","@id":"https:\/\/www.iflower.ee\/#\/schema\/logo\/image\/","url":"https:\/\/www.iflower.ee\/wp-content\/uploads\/2022\/04\/iflower.png","contentUrl":"https:\/\/www.iflower.ee\/wp-content\/uploads\/2022\/04\/iflower.png","width":248,"height":71,"caption":"iFlower"},"image":{"@id":"https:\/\/www.iflower.ee\/#\/schema\/logo\/image\/"}}]}},"_links":{"self":[{"href":"https:\/\/www.iflower.ee\/en\/wp-json\/wp\/v2\/product\/56442","targetHints":{"allow":["GET"]}}],"collection":[{"href":"https:\/\/www.iflower.ee\/en\/wp-json\/wp\/v2\/product"}],"about":[{"href":"https:\/\/www.iflower.ee\/en\/wp-json\/wp\/v2\/types\/product"}],"wp:featuredmedia":[{"embeddable":true,"href":"https:\/\/www.iflower.ee\/en\/wp-json\/wp\/v2\/media\/56443"}],"wp:attachment":[{"href":"https:\/\/www.iflower.ee\/en\/wp-json\/wp\/v2\/media?parent=56442"}],"wp:term":[{"taxonomy":"product_brand","embeddable":true,"href":"https:\/\/www.iflower.ee\/en\/wp-json\/wp\/v2\/product_brand?post=56442"},{"taxonomy":"product_cat","embeddable":true,"href":"https:\/\/www.iflower.ee\/en\/wp-json\/wp\/v2\/product_cat?post=56442"},{"taxonomy":"product_tag","embeddable":true,"href":"https:\/\/www.iflower.ee\/en\/wp-json\/wp\/v2\/product_tag?post=56442"}],"curies":[{"name":"wp","href":"https:\/\/api.w.org\/{rel}","templated":true}]}}