{"id":57871,"date":"2025-08-19T15:48:23","date_gmt":"2025-08-19T12:48:23","guid":{"rendered":"https:\/\/www.iflower.ee\/?post_type=product&#038;p=57871"},"modified":"2025-10-03T16:21:37","modified_gmt":"2025-10-03T13:21:37","slug":"vivin-oud-wood","status":"publish","type":"product","link":"https:\/\/www.iflower.ee\/en\/toode\/vivin-oud-wood\/","title":{"rendered":"VIVIN ruumil\u00f5hnastaja Oud Wood"},"content":{"rendered":"","protected":false},"excerpt":{"rendered":"<p>\u201cOud Wood\u201d ruumil\u00f5hnastaja on luksuslik l\u00f5hnaprodukt, mis toob teie ruumi v\u00f5luva ja meeldej\u00e4\u00e4va aroomi. See ainulaadne l\u00f5hnakogemus p\u00f5hineb agaripuu (oud) puidu rikkalikul ja puitunud aroomil, mis on tuntud oma s\u00fcgava ja maal\u00e4hedase olemuse poolest.<\/p>\n<p>Meie \u201cOud Wood\u201d ruumil\u00f5hnastaja on hoolikalt loodud selleks, et luua teie \u00fcmber meeldiv ja kaasahaarav atmosf\u00e4\u00e4r. Selle l\u00f5hnakompositsioon avab uksed L\u00e4his-Ida salap\u00e4rasesse maailma, kus agaripuu\u00f5li on olnud aastasadu hinnatud oma l\u00f5\u00f5gastava ja sensuaalse aroomi t\u00f5ttu.<\/p>\n<p>50ml<\/p>\n","protected":false},"featured_media":57872,"template":"","meta":{"_acf_changed":false},"product_brand":[],"product_cat":[99,15,266,312],"product_tag":[],"class_list":{"0":"post-57871","1":"product","2":"type-product","3":"status-publish","4":"has-post-thumbnail","6":"product_cat-emadepaev","7":"product_cat-kingitused","8":"product_cat-home-and-spa","9":"product_cat-uus","11":"first","12":"instock","13":"taxable","14":"shipping-taxable","15":"purchasable","16":"product-type-simple"},"acf":[],"yoast_head":"<!-- This site is optimized with the Yoast SEO plugin v26.8 - https:\/\/yoast.com\/product\/yoast-seo-wordpress\/ -->\n<title>VIVIN ruumil\u00f5hnastaja Oud Wood - iFlower<\/title>\n<meta name=\"robots\" content=\"index, follow, max-snippet:-1, max-image-preview:large, max-video-preview:-1\" \/>\n<link rel=\"canonical\" href=\"https:\/\/www.iflower.ee\/toode\/vivin-oud-wood\/\" \/>\n<meta property=\"og:locale\" content=\"en_US\" \/>\n<meta property=\"og:type\" content=\"article\" \/>\n<meta property=\"og:title\" content=\"VIVIN ruumil\u00f5hnastaja Oud Wood - iFlower\" \/>\n<meta property=\"og:description\" content=\"\u201cOud Wood\u201d ruumil\u00f5hnastaja on luksuslik l\u00f5hnaprodukt, mis toob teie ruumi v\u00f5luva ja meeldej\u00e4\u00e4va aroomi. See ainulaadne l\u00f5hnakogemus p\u00f5hineb agaripuu (oud) puidu rikkalikul ja puitunud aroomil, mis on tuntud oma s\u00fcgava ja maal\u00e4hedase olemuse poolest.  Meie \u201cOud Wood\u201d ruumil\u00f5hnastaja on hoolikalt loodud selleks, et luua teie \u00fcmber meeldiv ja kaasahaarav atmosf\u00e4\u00e4r. Selle l\u00f5hnakompositsioon avab uksed L\u00e4his-Ida salap\u00e4rasesse maailma, kus agaripuu\u00f5li on olnud aastasadu hinnatud oma l\u00f5\u00f5gastava ja sensuaalse aroomi t\u00f5ttu.  50ml\" \/>\n<meta property=\"og:url\" content=\"https:\/\/www.iflower.ee\/toode\/vivin-oud-wood\/\" \/>\n<meta property=\"og:site_name\" content=\"iFlower\" \/>\n<meta property=\"article:modified_time\" content=\"2025-10-03T13:21:37+00:00\" \/>\n<meta property=\"og:image\" content=\"https:\/\/www.iflower.ee\/wp-content\/uploads\/2025\/08\/iFlower-taust-8.png\" \/>\n\t<meta property=\"og:image:width\" content=\"1587\" \/>\n\t<meta property=\"og:image:height\" content=\"2245\" \/>\n\t<meta property=\"og:image:type\" content=\"image\/png\" \/>\n<meta name=\"twitter:card\" content=\"summary_large_image\" \/>\n<meta name=\"twitter:label1\" content=\"Est. reading time\" \/>\n\t<meta name=\"twitter:data1\" content=\"1 minute\" \/>\n<script type=\"application\/ld+json\" class=\"yoast-schema-graph\">{\"@context\":\"https:\/\/schema.org\",\"@graph\":[{\"@type\":\"WebPage\",\"@id\":\"https:\/\/www.iflower.ee\/toode\/vivin-oud-wood\/\",\"url\":\"https:\/\/www.iflower.ee\/toode\/vivin-oud-wood\/\",\"name\":\"VIVIN ruumil\u00f5hnastaja Oud Wood - iFlower\",\"isPartOf\":{\"@id\":\"https:\/\/www.iflower.ee\/#website\"},\"primaryImageOfPage\":{\"@id\":\"https:\/\/www.iflower.ee\/toode\/vivin-oud-wood\/#primaryimage\"},\"image\":{\"@id\":\"https:\/\/www.iflower.ee\/toode\/vivin-oud-wood\/#primaryimage\"},\"thumbnailUrl\":\"https:\/\/www.iflower.ee\/wp-content\/uploads\/2025\/08\/iFlower-taust-8.png\",\"datePublished\":\"2025-08-19T12:48:23+00:00\",\"dateModified\":\"2025-10-03T13:21:37+00:00\",\"breadcrumb\":{\"@id\":\"https:\/\/www.iflower.ee\/toode\/vivin-oud-wood\/#breadcrumb\"},\"inLanguage\":\"en-US\",\"potentialAction\":[{\"@type\":\"ReadAction\",\"target\":[\"https:\/\/www.iflower.ee\/toode\/vivin-oud-wood\/\"]}]},{\"@type\":\"ImageObject\",\"inLanguage\":\"en-US\",\"@id\":\"https:\/\/www.iflower.ee\/toode\/vivin-oud-wood\/#primaryimage\",\"url\":\"https:\/\/www.iflower.ee\/wp-content\/uploads\/2025\/08\/iFlower-taust-8.png\",\"contentUrl\":\"https:\/\/www.iflower.ee\/wp-content\/uploads\/2025\/08\/iFlower-taust-8.png\",\"width\":1587,\"height\":2245},{\"@type\":\"BreadcrumbList\",\"@id\":\"https:\/\/www.iflower.ee\/toode\/vivin-oud-wood\/#breadcrumb\",\"itemListElement\":[{\"@type\":\"ListItem\",\"position\":1,\"name\":\"Pood\",\"item\":\"https:\/\/www.iflower.ee\/pood\/\"},{\"@type\":\"ListItem\",\"position\":2,\"name\":\"VIVIN ruumil\u00f5hnastaja Oud Wood\"}]},{\"@type\":\"WebSite\",\"@id\":\"https:\/\/www.iflower.ee\/#website\",\"url\":\"https:\/\/www.iflower.ee\/\",\"name\":\"iFlower\",\"description\":\"\",\"publisher\":{\"@id\":\"https:\/\/www.iflower.ee\/#organization\"},\"potentialAction\":[{\"@type\":\"SearchAction\",\"target\":{\"@type\":\"EntryPoint\",\"urlTemplate\":\"https:\/\/www.iflower.ee\/?s={search_term_string}\"},\"query-input\":{\"@type\":\"PropertyValueSpecification\",\"valueRequired\":true,\"valueName\":\"search_term_string\"}}],\"inLanguage\":\"en-US\"},{\"@type\":\"Organization\",\"@id\":\"https:\/\/www.iflower.ee\/#organization\",\"name\":\"iFlower\",\"url\":\"https:\/\/www.iflower.ee\/\",\"logo\":{\"@type\":\"ImageObject\",\"inLanguage\":\"en-US\",\"@id\":\"https:\/\/www.iflower.ee\/#\/schema\/logo\/image\/\",\"url\":\"https:\/\/www.iflower.ee\/wp-content\/uploads\/2022\/04\/iflower.png\",\"contentUrl\":\"https:\/\/www.iflower.ee\/wp-content\/uploads\/2022\/04\/iflower.png\",\"width\":248,\"height\":71,\"caption\":\"iFlower\"},\"image\":{\"@id\":\"https:\/\/www.iflower.ee\/#\/schema\/logo\/image\/\"}}]}<\/script>\n<!-- \/ Yoast SEO plugin. -->","yoast_head_json":{"title":"VIVIN ruumil\u00f5hnastaja Oud Wood - iFlower","robots":{"index":"index","follow":"follow","max-snippet":"max-snippet:-1","max-image-preview":"max-image-preview:large","max-video-preview":"max-video-preview:-1"},"canonical":"https:\/\/www.iflower.ee\/toode\/vivin-oud-wood\/","og_locale":"en_US","og_type":"article","og_title":"VIVIN ruumil\u00f5hnastaja Oud Wood - iFlower","og_description":"\u201cOud Wood\u201d ruumil\u00f5hnastaja on luksuslik l\u00f5hnaprodukt, mis toob teie ruumi v\u00f5luva ja meeldej\u00e4\u00e4va aroomi. See ainulaadne l\u00f5hnakogemus p\u00f5hineb agaripuu (oud) puidu rikkalikul ja puitunud aroomil, mis on tuntud oma s\u00fcgava ja maal\u00e4hedase olemuse poolest.  Meie \u201cOud Wood\u201d ruumil\u00f5hnastaja on hoolikalt loodud selleks, et luua teie \u00fcmber meeldiv ja kaasahaarav atmosf\u00e4\u00e4r. Selle l\u00f5hnakompositsioon avab uksed L\u00e4his-Ida salap\u00e4rasesse maailma, kus agaripuu\u00f5li on olnud aastasadu hinnatud oma l\u00f5\u00f5gastava ja sensuaalse aroomi t\u00f5ttu.  50ml","og_url":"https:\/\/www.iflower.ee\/toode\/vivin-oud-wood\/","og_site_name":"iFlower","article_modified_time":"2025-10-03T13:21:37+00:00","og_image":[{"width":1587,"height":2245,"url":"https:\/\/www.iflower.ee\/wp-content\/uploads\/2025\/08\/iFlower-taust-8.png","type":"image\/png"}],"twitter_card":"summary_large_image","twitter_misc":{"Est. reading time":"1 minute"},"schema":{"@context":"https:\/\/schema.org","@graph":[{"@type":"WebPage","@id":"https:\/\/www.iflower.ee\/toode\/vivin-oud-wood\/","url":"https:\/\/www.iflower.ee\/toode\/vivin-oud-wood\/","name":"VIVIN ruumil\u00f5hnastaja Oud Wood - iFlower","isPartOf":{"@id":"https:\/\/www.iflower.ee\/#website"},"primaryImageOfPage":{"@id":"https:\/\/www.iflower.ee\/toode\/vivin-oud-wood\/#primaryimage"},"image":{"@id":"https:\/\/www.iflower.ee\/toode\/vivin-oud-wood\/#primaryimage"},"thumbnailUrl":"https:\/\/www.iflower.ee\/wp-content\/uploads\/2025\/08\/iFlower-taust-8.png","datePublished":"2025-08-19T12:48:23+00:00","dateModified":"2025-10-03T13:21:37+00:00","breadcrumb":{"@id":"https:\/\/www.iflower.ee\/toode\/vivin-oud-wood\/#breadcrumb"},"inLanguage":"en-US","potentialAction":[{"@type":"ReadAction","target":["https:\/\/www.iflower.ee\/toode\/vivin-oud-wood\/"]}]},{"@type":"ImageObject","inLanguage":"en-US","@id":"https:\/\/www.iflower.ee\/toode\/vivin-oud-wood\/#primaryimage","url":"https:\/\/www.iflower.ee\/wp-content\/uploads\/2025\/08\/iFlower-taust-8.png","contentUrl":"https:\/\/www.iflower.ee\/wp-content\/uploads\/2025\/08\/iFlower-taust-8.png","width":1587,"height":2245},{"@type":"BreadcrumbList","@id":"https:\/\/www.iflower.ee\/toode\/vivin-oud-wood\/#breadcrumb","itemListElement":[{"@type":"ListItem","position":1,"name":"Pood","item":"https:\/\/www.iflower.ee\/pood\/"},{"@type":"ListItem","position":2,"name":"VIVIN ruumil\u00f5hnastaja Oud Wood"}]},{"@type":"WebSite","@id":"https:\/\/www.iflower.ee\/#website","url":"https:\/\/www.iflower.ee\/","name":"iFlower","description":"","publisher":{"@id":"https:\/\/www.iflower.ee\/#organization"},"potentialAction":[{"@type":"SearchAction","target":{"@type":"EntryPoint","urlTemplate":"https:\/\/www.iflower.ee\/?s={search_term_string}"},"query-input":{"@type":"PropertyValueSpecification","valueRequired":true,"valueName":"search_term_string"}}],"inLanguage":"en-US"},{"@type":"Organization","@id":"https:\/\/www.iflower.ee\/#organization","name":"iFlower","url":"https:\/\/www.iflower.ee\/","logo":{"@type":"ImageObject","inLanguage":"en-US","@id":"https:\/\/www.iflower.ee\/#\/schema\/logo\/image\/","url":"https:\/\/www.iflower.ee\/wp-content\/uploads\/2022\/04\/iflower.png","contentUrl":"https:\/\/www.iflower.ee\/wp-content\/uploads\/2022\/04\/iflower.png","width":248,"height":71,"caption":"iFlower"},"image":{"@id":"https:\/\/www.iflower.ee\/#\/schema\/logo\/image\/"}}]}},"_links":{"self":[{"href":"https:\/\/www.iflower.ee\/en\/wp-json\/wp\/v2\/product\/57871","targetHints":{"allow":["GET"]}}],"collection":[{"href":"https:\/\/www.iflower.ee\/en\/wp-json\/wp\/v2\/product"}],"about":[{"href":"https:\/\/www.iflower.ee\/en\/wp-json\/wp\/v2\/types\/product"}],"wp:featuredmedia":[{"embeddable":true,"href":"https:\/\/www.iflower.ee\/en\/wp-json\/wp\/v2\/media\/57872"}],"wp:attachment":[{"href":"https:\/\/www.iflower.ee\/en\/wp-json\/wp\/v2\/media?parent=57871"}],"wp:term":[{"taxonomy":"product_brand","embeddable":true,"href":"https:\/\/www.iflower.ee\/en\/wp-json\/wp\/v2\/product_brand?post=57871"},{"taxonomy":"product_cat","embeddable":true,"href":"https:\/\/www.iflower.ee\/en\/wp-json\/wp\/v2\/product_cat?post=57871"},{"taxonomy":"product_tag","embeddable":true,"href":"https:\/\/www.iflower.ee\/en\/wp-json\/wp\/v2\/product_tag?post=57871"}],"curies":[{"name":"wp","href":"https:\/\/api.w.org\/{rel}","templated":true}]}}