{"id":57883,"date":"2025-08-19T16:06:27","date_gmt":"2025-08-19T13:06:27","guid":{"rendered":"https:\/\/www.iflower.ee\/?post_type=product&#038;p=57883"},"modified":"2025-10-03T16:19:18","modified_gmt":"2025-10-03T13:19:18","slug":"vivin-ruumilohnastaja-velvet","status":"publish","type":"product","link":"https:\/\/www.iflower.ee\/en\/toode\/vivin-ruumilohnastaja-velvet\/","title":{"rendered":"VIVIN ruumil\u00f5hnastaja Velvet"},"content":{"rendered":"","protected":false},"excerpt":{"rendered":"<p>\u201cVelvet\u201d ruumil\u00f5hnastaja on t\u00f5eline luksusliku ja kutsuva aroomi meistriteos, mis \u00fcmbritseb teid \u00fcllase sandlipuu tundega. See aroom loob rahuliku ja l\u00f5\u00f5gastava \u00f5hkkonna, justkui oleksite pehmete sametiste patjade embuses. P\u00e4ikeseline merevaik lisab \u00f5hule kuldse s\u00e4ra, luues ruumi \u00fcmber rahustava ja kutsuva aurat.<\/p>\n<p>P\u00e4ikeseline merevaik lisab aroomile p\u00e4ikesek\u00fcllast s\u00e4ra ja soojust, luues \u00f5hku kutsuva ja meeldiva atmosf\u00e4\u00e4ri. Kuivatatud puuviljanoodid lisavad aroomile magususe ja v\u00e4rskuse, justkui oleksite p\u00e4ikesek\u00fcllaste puuviljade l\u00f5hnava korvi l\u00e4heduses.<\/p>\n<p>Sarapuup\u00e4hkli alatoon toob aroomile s\u00fcgavust ja rikkust, lisades l\u00f5hnale veetleva p\u00e4hklise n\u00fcansi. \u201cVelvet\u201d ruumil\u00f5hnastaja on t\u00f5eline kunstiteos, mis loob ruumi \u00fcmber luksusliku ja meeldiva meeleolu. Olgu see teie elutuba, magamistuba v\u00f5i l\u00f5\u00f5gastusala, selle aroomi rikkalikud n\u00fcansid loovad erilise \u00f5hkkonna, kus saate end tunda t\u00f5eliselt erilisena.<\/p>\n<p>50ml<\/p>\n","protected":false},"featured_media":57878,"template":"","meta":{"_acf_changed":false},"product_brand":[],"product_cat":[15,266,312],"product_tag":[],"class_list":{"0":"post-57883","1":"product","2":"type-product","3":"status-publish","4":"has-post-thumbnail","6":"product_cat-kingitused","7":"product_cat-home-and-spa","8":"product_cat-uus","10":"first","11":"instock","12":"taxable","13":"shipping-taxable","14":"purchasable","15":"product-type-simple"},"acf":[],"yoast_head":"<!-- This site is optimized with the Yoast SEO plugin v26.8 - https:\/\/yoast.com\/product\/yoast-seo-wordpress\/ -->\n<title>VIVIN ruumil\u00f5hnastaja Velvet - iFlower<\/title>\n<meta name=\"robots\" content=\"index, follow, max-snippet:-1, max-image-preview:large, max-video-preview:-1\" \/>\n<link rel=\"canonical\" href=\"https:\/\/www.iflower.ee\/toode\/vivin-ruumilohnastaja-velvet\/\" \/>\n<meta property=\"og:locale\" content=\"en_US\" \/>\n<meta property=\"og:type\" content=\"article\" \/>\n<meta property=\"og:title\" content=\"VIVIN ruumil\u00f5hnastaja Velvet - iFlower\" \/>\n<meta property=\"og:description\" content=\"\u201cVelvet\u201d ruumil\u00f5hnastaja on t\u00f5eline luksusliku ja kutsuva aroomi meistriteos, mis \u00fcmbritseb teid \u00fcllase sandlipuu tundega. See aroom loob rahuliku ja l\u00f5\u00f5gastava \u00f5hkkonna, justkui oleksite pehmete sametiste patjade embuses. P\u00e4ikeseline merevaik lisab \u00f5hule kuldse s\u00e4ra, luues ruumi \u00fcmber rahustava ja kutsuva aurat.  P\u00e4ikeseline merevaik lisab aroomile p\u00e4ikesek\u00fcllast s\u00e4ra ja soojust, luues \u00f5hku kutsuva ja meeldiva atmosf\u00e4\u00e4ri. Kuivatatud puuviljanoodid lisavad aroomile magususe ja v\u00e4rskuse, justkui oleksite p\u00e4ikesek\u00fcllaste puuviljade l\u00f5hnava korvi l\u00e4heduses.  Sarapuup\u00e4hkli alatoon toob aroomile s\u00fcgavust ja rikkust, lisades l\u00f5hnale veetleva p\u00e4hklise n\u00fcansi. \u201cVelvet\u201d ruumil\u00f5hnastaja on t\u00f5eline kunstiteos, mis loob ruumi \u00fcmber luksusliku ja meeldiva meeleolu. Olgu see teie elutuba, magamistuba v\u00f5i l\u00f5\u00f5gastusala, selle aroomi rikkalikud n\u00fcansid loovad erilise \u00f5hkkonna, kus saate end tunda t\u00f5eliselt erilisena.  50ml\" \/>\n<meta property=\"og:url\" content=\"https:\/\/www.iflower.ee\/toode\/vivin-ruumilohnastaja-velvet\/\" \/>\n<meta property=\"og:site_name\" content=\"iFlower\" \/>\n<meta property=\"article:modified_time\" content=\"2025-10-03T13:19:18+00:00\" \/>\n<meta property=\"og:image\" content=\"https:\/\/www.iflower.ee\/wp-content\/uploads\/2025\/08\/iFlower-taust-7.png\" \/>\n\t<meta property=\"og:image:width\" content=\"1587\" \/>\n\t<meta property=\"og:image:height\" content=\"2245\" \/>\n\t<meta property=\"og:image:type\" content=\"image\/png\" \/>\n<meta name=\"twitter:card\" content=\"summary_large_image\" \/>\n<meta name=\"twitter:label1\" content=\"Est. reading time\" \/>\n\t<meta name=\"twitter:data1\" content=\"1 minute\" \/>\n<script type=\"application\/ld+json\" class=\"yoast-schema-graph\">{\"@context\":\"https:\/\/schema.org\",\"@graph\":[{\"@type\":\"WebPage\",\"@id\":\"https:\/\/www.iflower.ee\/toode\/vivin-ruumilohnastaja-velvet\/\",\"url\":\"https:\/\/www.iflower.ee\/toode\/vivin-ruumilohnastaja-velvet\/\",\"name\":\"VIVIN ruumil\u00f5hnastaja Velvet - iFlower\",\"isPartOf\":{\"@id\":\"https:\/\/www.iflower.ee\/#website\"},\"primaryImageOfPage\":{\"@id\":\"https:\/\/www.iflower.ee\/toode\/vivin-ruumilohnastaja-velvet\/#primaryimage\"},\"image\":{\"@id\":\"https:\/\/www.iflower.ee\/toode\/vivin-ruumilohnastaja-velvet\/#primaryimage\"},\"thumbnailUrl\":\"https:\/\/www.iflower.ee\/wp-content\/uploads\/2025\/08\/iFlower-taust-7.png\",\"datePublished\":\"2025-08-19T13:06:27+00:00\",\"dateModified\":\"2025-10-03T13:19:18+00:00\",\"breadcrumb\":{\"@id\":\"https:\/\/www.iflower.ee\/toode\/vivin-ruumilohnastaja-velvet\/#breadcrumb\"},\"inLanguage\":\"en-US\",\"potentialAction\":[{\"@type\":\"ReadAction\",\"target\":[\"https:\/\/www.iflower.ee\/toode\/vivin-ruumilohnastaja-velvet\/\"]}]},{\"@type\":\"ImageObject\",\"inLanguage\":\"en-US\",\"@id\":\"https:\/\/www.iflower.ee\/toode\/vivin-ruumilohnastaja-velvet\/#primaryimage\",\"url\":\"https:\/\/www.iflower.ee\/wp-content\/uploads\/2025\/08\/iFlower-taust-7.png\",\"contentUrl\":\"https:\/\/www.iflower.ee\/wp-content\/uploads\/2025\/08\/iFlower-taust-7.png\",\"width\":1587,\"height\":2245},{\"@type\":\"BreadcrumbList\",\"@id\":\"https:\/\/www.iflower.ee\/toode\/vivin-ruumilohnastaja-velvet\/#breadcrumb\",\"itemListElement\":[{\"@type\":\"ListItem\",\"position\":1,\"name\":\"Pood\",\"item\":\"https:\/\/www.iflower.ee\/pood\/\"},{\"@type\":\"ListItem\",\"position\":2,\"name\":\"VIVIN ruumil\u00f5hnastaja Velvet\"}]},{\"@type\":\"WebSite\",\"@id\":\"https:\/\/www.iflower.ee\/#website\",\"url\":\"https:\/\/www.iflower.ee\/\",\"name\":\"iFlower\",\"description\":\"\",\"publisher\":{\"@id\":\"https:\/\/www.iflower.ee\/#organization\"},\"potentialAction\":[{\"@type\":\"SearchAction\",\"target\":{\"@type\":\"EntryPoint\",\"urlTemplate\":\"https:\/\/www.iflower.ee\/?s={search_term_string}\"},\"query-input\":{\"@type\":\"PropertyValueSpecification\",\"valueRequired\":true,\"valueName\":\"search_term_string\"}}],\"inLanguage\":\"en-US\"},{\"@type\":\"Organization\",\"@id\":\"https:\/\/www.iflower.ee\/#organization\",\"name\":\"iFlower\",\"url\":\"https:\/\/www.iflower.ee\/\",\"logo\":{\"@type\":\"ImageObject\",\"inLanguage\":\"en-US\",\"@id\":\"https:\/\/www.iflower.ee\/#\/schema\/logo\/image\/\",\"url\":\"https:\/\/www.iflower.ee\/wp-content\/uploads\/2022\/04\/iflower.png\",\"contentUrl\":\"https:\/\/www.iflower.ee\/wp-content\/uploads\/2022\/04\/iflower.png\",\"width\":248,\"height\":71,\"caption\":\"iFlower\"},\"image\":{\"@id\":\"https:\/\/www.iflower.ee\/#\/schema\/logo\/image\/\"}}]}<\/script>\n<!-- \/ Yoast SEO plugin. -->","yoast_head_json":{"title":"VIVIN ruumil\u00f5hnastaja Velvet - iFlower","robots":{"index":"index","follow":"follow","max-snippet":"max-snippet:-1","max-image-preview":"max-image-preview:large","max-video-preview":"max-video-preview:-1"},"canonical":"https:\/\/www.iflower.ee\/toode\/vivin-ruumilohnastaja-velvet\/","og_locale":"en_US","og_type":"article","og_title":"VIVIN ruumil\u00f5hnastaja Velvet - iFlower","og_description":"\u201cVelvet\u201d ruumil\u00f5hnastaja on t\u00f5eline luksusliku ja kutsuva aroomi meistriteos, mis \u00fcmbritseb teid \u00fcllase sandlipuu tundega. See aroom loob rahuliku ja l\u00f5\u00f5gastava \u00f5hkkonna, justkui oleksite pehmete sametiste patjade embuses. P\u00e4ikeseline merevaik lisab \u00f5hule kuldse s\u00e4ra, luues ruumi \u00fcmber rahustava ja kutsuva aurat.  P\u00e4ikeseline merevaik lisab aroomile p\u00e4ikesek\u00fcllast s\u00e4ra ja soojust, luues \u00f5hku kutsuva ja meeldiva atmosf\u00e4\u00e4ri. Kuivatatud puuviljanoodid lisavad aroomile magususe ja v\u00e4rskuse, justkui oleksite p\u00e4ikesek\u00fcllaste puuviljade l\u00f5hnava korvi l\u00e4heduses.  Sarapuup\u00e4hkli alatoon toob aroomile s\u00fcgavust ja rikkust, lisades l\u00f5hnale veetleva p\u00e4hklise n\u00fcansi. \u201cVelvet\u201d ruumil\u00f5hnastaja on t\u00f5eline kunstiteos, mis loob ruumi \u00fcmber luksusliku ja meeldiva meeleolu. Olgu see teie elutuba, magamistuba v\u00f5i l\u00f5\u00f5gastusala, selle aroomi rikkalikud n\u00fcansid loovad erilise \u00f5hkkonna, kus saate end tunda t\u00f5eliselt erilisena.  50ml","og_url":"https:\/\/www.iflower.ee\/toode\/vivin-ruumilohnastaja-velvet\/","og_site_name":"iFlower","article_modified_time":"2025-10-03T13:19:18+00:00","og_image":[{"width":1587,"height":2245,"url":"https:\/\/www.iflower.ee\/wp-content\/uploads\/2025\/08\/iFlower-taust-7.png","type":"image\/png"}],"twitter_card":"summary_large_image","twitter_misc":{"Est. reading time":"1 minute"},"schema":{"@context":"https:\/\/schema.org","@graph":[{"@type":"WebPage","@id":"https:\/\/www.iflower.ee\/toode\/vivin-ruumilohnastaja-velvet\/","url":"https:\/\/www.iflower.ee\/toode\/vivin-ruumilohnastaja-velvet\/","name":"VIVIN ruumil\u00f5hnastaja Velvet - iFlower","isPartOf":{"@id":"https:\/\/www.iflower.ee\/#website"},"primaryImageOfPage":{"@id":"https:\/\/www.iflower.ee\/toode\/vivin-ruumilohnastaja-velvet\/#primaryimage"},"image":{"@id":"https:\/\/www.iflower.ee\/toode\/vivin-ruumilohnastaja-velvet\/#primaryimage"},"thumbnailUrl":"https:\/\/www.iflower.ee\/wp-content\/uploads\/2025\/08\/iFlower-taust-7.png","datePublished":"2025-08-19T13:06:27+00:00","dateModified":"2025-10-03T13:19:18+00:00","breadcrumb":{"@id":"https:\/\/www.iflower.ee\/toode\/vivin-ruumilohnastaja-velvet\/#breadcrumb"},"inLanguage":"en-US","potentialAction":[{"@type":"ReadAction","target":["https:\/\/www.iflower.ee\/toode\/vivin-ruumilohnastaja-velvet\/"]}]},{"@type":"ImageObject","inLanguage":"en-US","@id":"https:\/\/www.iflower.ee\/toode\/vivin-ruumilohnastaja-velvet\/#primaryimage","url":"https:\/\/www.iflower.ee\/wp-content\/uploads\/2025\/08\/iFlower-taust-7.png","contentUrl":"https:\/\/www.iflower.ee\/wp-content\/uploads\/2025\/08\/iFlower-taust-7.png","width":1587,"height":2245},{"@type":"BreadcrumbList","@id":"https:\/\/www.iflower.ee\/toode\/vivin-ruumilohnastaja-velvet\/#breadcrumb","itemListElement":[{"@type":"ListItem","position":1,"name":"Pood","item":"https:\/\/www.iflower.ee\/pood\/"},{"@type":"ListItem","position":2,"name":"VIVIN ruumil\u00f5hnastaja Velvet"}]},{"@type":"WebSite","@id":"https:\/\/www.iflower.ee\/#website","url":"https:\/\/www.iflower.ee\/","name":"iFlower","description":"","publisher":{"@id":"https:\/\/www.iflower.ee\/#organization"},"potentialAction":[{"@type":"SearchAction","target":{"@type":"EntryPoint","urlTemplate":"https:\/\/www.iflower.ee\/?s={search_term_string}"},"query-input":{"@type":"PropertyValueSpecification","valueRequired":true,"valueName":"search_term_string"}}],"inLanguage":"en-US"},{"@type":"Organization","@id":"https:\/\/www.iflower.ee\/#organization","name":"iFlower","url":"https:\/\/www.iflower.ee\/","logo":{"@type":"ImageObject","inLanguage":"en-US","@id":"https:\/\/www.iflower.ee\/#\/schema\/logo\/image\/","url":"https:\/\/www.iflower.ee\/wp-content\/uploads\/2022\/04\/iflower.png","contentUrl":"https:\/\/www.iflower.ee\/wp-content\/uploads\/2022\/04\/iflower.png","width":248,"height":71,"caption":"iFlower"},"image":{"@id":"https:\/\/www.iflower.ee\/#\/schema\/logo\/image\/"}}]}},"_links":{"self":[{"href":"https:\/\/www.iflower.ee\/en\/wp-json\/wp\/v2\/product\/57883","targetHints":{"allow":["GET"]}}],"collection":[{"href":"https:\/\/www.iflower.ee\/en\/wp-json\/wp\/v2\/product"}],"about":[{"href":"https:\/\/www.iflower.ee\/en\/wp-json\/wp\/v2\/types\/product"}],"wp:featuredmedia":[{"embeddable":true,"href":"https:\/\/www.iflower.ee\/en\/wp-json\/wp\/v2\/media\/57878"}],"wp:attachment":[{"href":"https:\/\/www.iflower.ee\/en\/wp-json\/wp\/v2\/media?parent=57883"}],"wp:term":[{"taxonomy":"product_brand","embeddable":true,"href":"https:\/\/www.iflower.ee\/en\/wp-json\/wp\/v2\/product_brand?post=57883"},{"taxonomy":"product_cat","embeddable":true,"href":"https:\/\/www.iflower.ee\/en\/wp-json\/wp\/v2\/product_cat?post=57883"},{"taxonomy":"product_tag","embeddable":true,"href":"https:\/\/www.iflower.ee\/en\/wp-json\/wp\/v2\/product_tag?post=57883"}],"curies":[{"name":"wp","href":"https:\/\/api.w.org\/{rel}","templated":true}]}}