{"id":60055,"date":"2026-01-20T10:21:53","date_gmt":"2026-01-20T08:21:53","guid":{"rendered":"https:\/\/www.iflower.ee\/?post_type=product&#038;p=60055"},"modified":"2026-01-20T12:24:16","modified_gmt":"2026-01-20T10:24:16","slug":"sudamekujuline-kaunistus-kimbule","status":"publish","type":"product","link":"https:\/\/www.iflower.ee\/en\/toode\/sudamekujuline-kaunistus-kimbule\/","title":{"rendered":"S\u00fcdamekujuline kaunistus kimbule"},"content":{"rendered":"<p>|<\/p>\n","protected":false},"excerpt":{"rendered":"<p>Lisa lillekimbule juurde t\u00e4henduslik ja armas tiku otsas s\u00fcda. Ideaalne lisand igale lillekimbule erlisemaks muutmiseks!<\/p>\n<p>&nbsp;<\/p>\n","protected":false},"featured_media":60097,"template":"","meta":{"_acf_changed":false},"product_brand":[],"product_cat":[465,537,14],"product_tag":[559,562,561,560],"class_list":{"0":"post-60055","1":"product","2":"type-product","3":"status-publish","4":"has-post-thumbnail","6":"product_cat-koik-kimbud","7":"product_cat-sobrapaev","8":"product_cat-lillekimbud","9":"product_tag-kaunistus","10":"product_tag-kimbukaunistus","11":"product_tag-suda","12":"product_tag-sudamekuju","14":"first","15":"instock","16":"taxable","17":"shipping-taxable","18":"purchasable","19":"product-type-variable"},"acf":[],"yoast_head":"<!-- This site is optimized with the Yoast SEO plugin v26.8 - https:\/\/yoast.com\/product\/yoast-seo-wordpress\/ -->\n<title>S\u00fcdamekujuline kaunistus kimbule - iFlower<\/title>\n<meta name=\"robots\" content=\"index, follow, max-snippet:-1, max-image-preview:large, max-video-preview:-1\" \/>\n<link rel=\"canonical\" href=\"https:\/\/www.iflower.ee\/toode\/sudamekujuline-kaunistus-kimbule\/\" \/>\n<meta property=\"og:locale\" content=\"en_US\" \/>\n<meta property=\"og:type\" content=\"article\" \/>\n<meta property=\"og:title\" content=\"S\u00fcdamekujuline kaunistus kimbule - iFlower\" \/>\n<meta property=\"og:description\" content=\"Lisa lillekimbule juurde t\u00e4henduslik ja armas tiku otsas s\u00fcda. Ideaalne lisand igale lillekimbule erlisemaks muutmiseks!  &nbsp;\" \/>\n<meta property=\"og:url\" content=\"https:\/\/www.iflower.ee\/toode\/sudamekujuline-kaunistus-kimbule\/\" \/>\n<meta property=\"og:site_name\" content=\"iFlower\" \/>\n<meta property=\"article:modified_time\" content=\"2026-01-20T10:24:16+00:00\" \/>\n<meta property=\"og:image\" content=\"https:\/\/www.iflower.ee\/wp-content\/uploads\/2026\/01\/sudamekujulised-tikud-veeb.png\" \/>\n\t<meta property=\"og:image:width\" content=\"1414\" \/>\n\t<meta property=\"og:image:height\" content=\"2000\" \/>\n\t<meta property=\"og:image:type\" content=\"image\/png\" \/>\n<meta name=\"twitter:card\" content=\"summary_large_image\" \/>\n<meta name=\"twitter:label1\" content=\"Est. reading time\" \/>\n\t<meta name=\"twitter:data1\" content=\"1 minute\" \/>\n<script type=\"application\/ld+json\" class=\"yoast-schema-graph\">{\"@context\":\"https:\/\/schema.org\",\"@graph\":[{\"@type\":\"WebPage\",\"@id\":\"https:\/\/www.iflower.ee\/toode\/sudamekujuline-kaunistus-kimbule\/\",\"url\":\"https:\/\/www.iflower.ee\/toode\/sudamekujuline-kaunistus-kimbule\/\",\"name\":\"S\u00fcdamekujuline kaunistus kimbule - iFlower\",\"isPartOf\":{\"@id\":\"https:\/\/www.iflower.ee\/#website\"},\"primaryImageOfPage\":{\"@id\":\"https:\/\/www.iflower.ee\/toode\/sudamekujuline-kaunistus-kimbule\/#primaryimage\"},\"image\":{\"@id\":\"https:\/\/www.iflower.ee\/toode\/sudamekujuline-kaunistus-kimbule\/#primaryimage\"},\"thumbnailUrl\":\"https:\/\/www.iflower.ee\/wp-content\/uploads\/2026\/01\/sudamekujulised-tikud-veeb.png\",\"datePublished\":\"2026-01-20T08:21:53+00:00\",\"dateModified\":\"2026-01-20T10:24:16+00:00\",\"breadcrumb\":{\"@id\":\"https:\/\/www.iflower.ee\/toode\/sudamekujuline-kaunistus-kimbule\/#breadcrumb\"},\"inLanguage\":\"en-US\",\"potentialAction\":[{\"@type\":\"ReadAction\",\"target\":[\"https:\/\/www.iflower.ee\/toode\/sudamekujuline-kaunistus-kimbule\/\"]}]},{\"@type\":\"ImageObject\",\"inLanguage\":\"en-US\",\"@id\":\"https:\/\/www.iflower.ee\/toode\/sudamekujuline-kaunistus-kimbule\/#primaryimage\",\"url\":\"https:\/\/www.iflower.ee\/wp-content\/uploads\/2026\/01\/sudamekujulised-tikud-veeb.png\",\"contentUrl\":\"https:\/\/www.iflower.ee\/wp-content\/uploads\/2026\/01\/sudamekujulised-tikud-veeb.png\",\"width\":1414,\"height\":2000},{\"@type\":\"BreadcrumbList\",\"@id\":\"https:\/\/www.iflower.ee\/toode\/sudamekujuline-kaunistus-kimbule\/#breadcrumb\",\"itemListElement\":[{\"@type\":\"ListItem\",\"position\":1,\"name\":\"Pood\",\"item\":\"https:\/\/www.iflower.ee\/pood\/\"},{\"@type\":\"ListItem\",\"position\":2,\"name\":\"S\u00fcdamekujuline kaunistus kimbule\"}]},{\"@type\":\"WebSite\",\"@id\":\"https:\/\/www.iflower.ee\/#website\",\"url\":\"https:\/\/www.iflower.ee\/\",\"name\":\"iFlower\",\"description\":\"\",\"publisher\":{\"@id\":\"https:\/\/www.iflower.ee\/#organization\"},\"potentialAction\":[{\"@type\":\"SearchAction\",\"target\":{\"@type\":\"EntryPoint\",\"urlTemplate\":\"https:\/\/www.iflower.ee\/?s={search_term_string}\"},\"query-input\":{\"@type\":\"PropertyValueSpecification\",\"valueRequired\":true,\"valueName\":\"search_term_string\"}}],\"inLanguage\":\"en-US\"},{\"@type\":\"Organization\",\"@id\":\"https:\/\/www.iflower.ee\/#organization\",\"name\":\"iFlower\",\"url\":\"https:\/\/www.iflower.ee\/\",\"logo\":{\"@type\":\"ImageObject\",\"inLanguage\":\"en-US\",\"@id\":\"https:\/\/www.iflower.ee\/#\/schema\/logo\/image\/\",\"url\":\"https:\/\/www.iflower.ee\/wp-content\/uploads\/2022\/04\/iflower.png\",\"contentUrl\":\"https:\/\/www.iflower.ee\/wp-content\/uploads\/2022\/04\/iflower.png\",\"width\":248,\"height\":71,\"caption\":\"iFlower\"},\"image\":{\"@id\":\"https:\/\/www.iflower.ee\/#\/schema\/logo\/image\/\"}}]}<\/script>\n<!-- \/ Yoast SEO plugin. -->","yoast_head_json":{"title":"S\u00fcdamekujuline kaunistus kimbule - iFlower","robots":{"index":"index","follow":"follow","max-snippet":"max-snippet:-1","max-image-preview":"max-image-preview:large","max-video-preview":"max-video-preview:-1"},"canonical":"https:\/\/www.iflower.ee\/toode\/sudamekujuline-kaunistus-kimbule\/","og_locale":"en_US","og_type":"article","og_title":"S\u00fcdamekujuline kaunistus kimbule - iFlower","og_description":"Lisa lillekimbule juurde t\u00e4henduslik ja armas tiku otsas s\u00fcda. Ideaalne lisand igale lillekimbule erlisemaks muutmiseks!  &nbsp;","og_url":"https:\/\/www.iflower.ee\/toode\/sudamekujuline-kaunistus-kimbule\/","og_site_name":"iFlower","article_modified_time":"2026-01-20T10:24:16+00:00","og_image":[{"width":1414,"height":2000,"url":"https:\/\/www.iflower.ee\/wp-content\/uploads\/2026\/01\/sudamekujulised-tikud-veeb.png","type":"image\/png"}],"twitter_card":"summary_large_image","twitter_misc":{"Est. reading time":"1 minute"},"schema":{"@context":"https:\/\/schema.org","@graph":[{"@type":"WebPage","@id":"https:\/\/www.iflower.ee\/toode\/sudamekujuline-kaunistus-kimbule\/","url":"https:\/\/www.iflower.ee\/toode\/sudamekujuline-kaunistus-kimbule\/","name":"S\u00fcdamekujuline kaunistus kimbule - iFlower","isPartOf":{"@id":"https:\/\/www.iflower.ee\/#website"},"primaryImageOfPage":{"@id":"https:\/\/www.iflower.ee\/toode\/sudamekujuline-kaunistus-kimbule\/#primaryimage"},"image":{"@id":"https:\/\/www.iflower.ee\/toode\/sudamekujuline-kaunistus-kimbule\/#primaryimage"},"thumbnailUrl":"https:\/\/www.iflower.ee\/wp-content\/uploads\/2026\/01\/sudamekujulised-tikud-veeb.png","datePublished":"2026-01-20T08:21:53+00:00","dateModified":"2026-01-20T10:24:16+00:00","breadcrumb":{"@id":"https:\/\/www.iflower.ee\/toode\/sudamekujuline-kaunistus-kimbule\/#breadcrumb"},"inLanguage":"en-US","potentialAction":[{"@type":"ReadAction","target":["https:\/\/www.iflower.ee\/toode\/sudamekujuline-kaunistus-kimbule\/"]}]},{"@type":"ImageObject","inLanguage":"en-US","@id":"https:\/\/www.iflower.ee\/toode\/sudamekujuline-kaunistus-kimbule\/#primaryimage","url":"https:\/\/www.iflower.ee\/wp-content\/uploads\/2026\/01\/sudamekujulised-tikud-veeb.png","contentUrl":"https:\/\/www.iflower.ee\/wp-content\/uploads\/2026\/01\/sudamekujulised-tikud-veeb.png","width":1414,"height":2000},{"@type":"BreadcrumbList","@id":"https:\/\/www.iflower.ee\/toode\/sudamekujuline-kaunistus-kimbule\/#breadcrumb","itemListElement":[{"@type":"ListItem","position":1,"name":"Pood","item":"https:\/\/www.iflower.ee\/pood\/"},{"@type":"ListItem","position":2,"name":"S\u00fcdamekujuline kaunistus kimbule"}]},{"@type":"WebSite","@id":"https:\/\/www.iflower.ee\/#website","url":"https:\/\/www.iflower.ee\/","name":"iFlower","description":"","publisher":{"@id":"https:\/\/www.iflower.ee\/#organization"},"potentialAction":[{"@type":"SearchAction","target":{"@type":"EntryPoint","urlTemplate":"https:\/\/www.iflower.ee\/?s={search_term_string}"},"query-input":{"@type":"PropertyValueSpecification","valueRequired":true,"valueName":"search_term_string"}}],"inLanguage":"en-US"},{"@type":"Organization","@id":"https:\/\/www.iflower.ee\/#organization","name":"iFlower","url":"https:\/\/www.iflower.ee\/","logo":{"@type":"ImageObject","inLanguage":"en-US","@id":"https:\/\/www.iflower.ee\/#\/schema\/logo\/image\/","url":"https:\/\/www.iflower.ee\/wp-content\/uploads\/2022\/04\/iflower.png","contentUrl":"https:\/\/www.iflower.ee\/wp-content\/uploads\/2022\/04\/iflower.png","width":248,"height":71,"caption":"iFlower"},"image":{"@id":"https:\/\/www.iflower.ee\/#\/schema\/logo\/image\/"}}]}},"_links":{"self":[{"href":"https:\/\/www.iflower.ee\/en\/wp-json\/wp\/v2\/product\/60055","targetHints":{"allow":["GET"]}}],"collection":[{"href":"https:\/\/www.iflower.ee\/en\/wp-json\/wp\/v2\/product"}],"about":[{"href":"https:\/\/www.iflower.ee\/en\/wp-json\/wp\/v2\/types\/product"}],"wp:featuredmedia":[{"embeddable":true,"href":"https:\/\/www.iflower.ee\/en\/wp-json\/wp\/v2\/media\/60097"}],"wp:attachment":[{"href":"https:\/\/www.iflower.ee\/en\/wp-json\/wp\/v2\/media?parent=60055"}],"wp:term":[{"taxonomy":"product_brand","embeddable":true,"href":"https:\/\/www.iflower.ee\/en\/wp-json\/wp\/v2\/product_brand?post=60055"},{"taxonomy":"product_cat","embeddable":true,"href":"https:\/\/www.iflower.ee\/en\/wp-json\/wp\/v2\/product_cat?post=60055"},{"taxonomy":"product_tag","embeddable":true,"href":"https:\/\/www.iflower.ee\/en\/wp-json\/wp\/v2\/product_tag?post=60055"}],"curies":[{"name":"wp","href":"https:\/\/api.w.org\/{rel}","templated":true}]}}