{"id":60428,"date":"2026-02-03T16:32:47","date_gmt":"2026-02-03T14:32:47","guid":{"rendered":"https:\/\/www.iflower.ee\/?post_type=product&#038;p=60428"},"modified":"2026-02-03T16:54:12","modified_gmt":"2026-02-03T14:54:12","slug":"vivin-roosa-puuderkuunal","status":"publish","type":"product","link":"https:\/\/www.iflower.ee\/en\/toode\/vivin-roosa-puuderkuunal\/","title":{"rendered":"VIVIN Roosa puuderk\u00fc\u00fcnal"},"content":{"rendered":"","protected":false},"excerpt":{"rendered":"<p>VIVIN roosa puuderk\u00fc\u00fcnal toob teie koju kirgliku ja energilise meeleolu.\u00a0 L\u00f5hnatu disain v\u00f5imaldab k\u00fc\u00fcnalt kasutada k\u00f5ikjal, keskendudes vaid \u00f5rnale valgusele ja harmoonilisele atmosf\u00e4\u00e4rile.<\/p>\n<p><strong><i>Kuidas meie k\u00fc\u00fcnlad valmivad?<br \/>\n<\/i><\/strong>K\u00f5ik VIVIN tooted valmisatakse k\u00e4sitsi Eestis, kasutades k\u00f5rgkvaliteetset taimset k\u00fc\u00fcnlavaha ja ainult premiumklassi (IFRA sertifitseeritud) aroomi\u00f5lisid. Puuderk\u00fc\u00fcnal p\u00f5leb 60% puhtamalt kui tavap\u00e4rased k\u00fc\u00fcnlad, j\u00e4ttes klaasid selged ja tahmavabad. PARAFIINI vaba!<\/p>\n<p>K\u00e4sitsi valmistatud Eestis.<\/p>\n<p>NB! Antud toodet v\u00e4ljastame vaid Tallinnast!<\/p>\n","protected":false},"featured_media":60429,"template":"","meta":{"_acf_changed":false},"product_brand":[],"product_cat":[537,99,15,266,312],"product_tag":[],"class_list":{"0":"post-60428","1":"product","2":"type-product","3":"status-publish","4":"has-post-thumbnail","6":"product_cat-sobrapaev","7":"product_cat-emadepaev","8":"product_cat-kingitused","9":"product_cat-home-and-spa","10":"product_cat-uus","12":"first","13":"instock","14":"taxable","15":"shipping-taxable","16":"purchasable","17":"product-type-simple"},"acf":[],"yoast_head":"<!-- This site is optimized with the Yoast SEO plugin v26.8 - https:\/\/yoast.com\/product\/yoast-seo-wordpress\/ -->\n<title>VIVIN Roosa puuderk\u00fc\u00fcnal - iFlower<\/title>\n<meta name=\"robots\" content=\"index, follow, max-snippet:-1, max-image-preview:large, max-video-preview:-1\" \/>\n<link rel=\"canonical\" href=\"https:\/\/www.iflower.ee\/toode\/vivin-roosa-puuderkuunal\/\" \/>\n<meta property=\"og:locale\" content=\"en_US\" \/>\n<meta property=\"og:type\" content=\"article\" \/>\n<meta property=\"og:title\" content=\"VIVIN Roosa puuderk\u00fc\u00fcnal - iFlower\" \/>\n<meta property=\"og:description\" content=\"VIVIN roosa puuderk\u00fc\u00fcnal toob teie koju kirgliku ja energilise meeleolu.\u00a0 L\u00f5hnatu disain v\u00f5imaldab k\u00fc\u00fcnalt kasutada k\u00f5ikjal, keskendudes vaid \u00f5rnale valgusele ja harmoonilisele atmosf\u00e4\u00e4rile.  Kuidas meie k\u00fc\u00fcnlad valmivad? K\u00f5ik VIVIN tooted valmisatakse k\u00e4sitsi Eestis, kasutades k\u00f5rgkvaliteetset taimset k\u00fc\u00fcnlavaha ja ainult premiumklassi (IFRA sertifitseeritud) aroomi\u00f5lisid. Puuderk\u00fc\u00fcnal p\u00f5leb 60% puhtamalt kui tavap\u00e4rased k\u00fc\u00fcnlad, j\u00e4ttes klaasid selged ja tahmavabad. PARAFIINI vaba!  K\u00e4sitsi valmistatud Eestis.  NB! Antud toodet v\u00e4ljastame vaid Tallinnast!\" \/>\n<meta property=\"og:url\" content=\"https:\/\/www.iflower.ee\/toode\/vivin-roosa-puuderkuunal\/\" \/>\n<meta property=\"og:site_name\" content=\"iFlower\" \/>\n<meta property=\"article:modified_time\" content=\"2026-02-03T14:54:12+00:00\" \/>\n<meta property=\"og:image\" content=\"https:\/\/www.iflower.ee\/wp-content\/uploads\/2026\/02\/iFlower-taust-13.png\" \/>\n\t<meta property=\"og:image:width\" content=\"1587\" \/>\n\t<meta property=\"og:image:height\" content=\"2245\" \/>\n\t<meta property=\"og:image:type\" content=\"image\/png\" \/>\n<meta name=\"twitter:card\" content=\"summary_large_image\" \/>\n<meta name=\"twitter:label1\" content=\"Est. reading time\" \/>\n\t<meta name=\"twitter:data1\" content=\"1 minute\" \/>\n<script type=\"application\/ld+json\" class=\"yoast-schema-graph\">{\"@context\":\"https:\/\/schema.org\",\"@graph\":[{\"@type\":\"WebPage\",\"@id\":\"https:\/\/www.iflower.ee\/toode\/vivin-roosa-puuderkuunal\/\",\"url\":\"https:\/\/www.iflower.ee\/toode\/vivin-roosa-puuderkuunal\/\",\"name\":\"VIVIN Roosa puuderk\u00fc\u00fcnal - iFlower\",\"isPartOf\":{\"@id\":\"https:\/\/www.iflower.ee\/#website\"},\"primaryImageOfPage\":{\"@id\":\"https:\/\/www.iflower.ee\/toode\/vivin-roosa-puuderkuunal\/#primaryimage\"},\"image\":{\"@id\":\"https:\/\/www.iflower.ee\/toode\/vivin-roosa-puuderkuunal\/#primaryimage\"},\"thumbnailUrl\":\"https:\/\/www.iflower.ee\/wp-content\/uploads\/2026\/02\/iFlower-taust-13.png\",\"datePublished\":\"2026-02-03T14:32:47+00:00\",\"dateModified\":\"2026-02-03T14:54:12+00:00\",\"breadcrumb\":{\"@id\":\"https:\/\/www.iflower.ee\/toode\/vivin-roosa-puuderkuunal\/#breadcrumb\"},\"inLanguage\":\"en-US\",\"potentialAction\":[{\"@type\":\"ReadAction\",\"target\":[\"https:\/\/www.iflower.ee\/toode\/vivin-roosa-puuderkuunal\/\"]}]},{\"@type\":\"ImageObject\",\"inLanguage\":\"en-US\",\"@id\":\"https:\/\/www.iflower.ee\/toode\/vivin-roosa-puuderkuunal\/#primaryimage\",\"url\":\"https:\/\/www.iflower.ee\/wp-content\/uploads\/2026\/02\/iFlower-taust-13.png\",\"contentUrl\":\"https:\/\/www.iflower.ee\/wp-content\/uploads\/2026\/02\/iFlower-taust-13.png\",\"width\":1587,\"height\":2245},{\"@type\":\"BreadcrumbList\",\"@id\":\"https:\/\/www.iflower.ee\/toode\/vivin-roosa-puuderkuunal\/#breadcrumb\",\"itemListElement\":[{\"@type\":\"ListItem\",\"position\":1,\"name\":\"Pood\",\"item\":\"https:\/\/www.iflower.ee\/pood\/\"},{\"@type\":\"ListItem\",\"position\":2,\"name\":\"VIVIN Roosa puuderk\u00fc\u00fcnal\"}]},{\"@type\":\"WebSite\",\"@id\":\"https:\/\/www.iflower.ee\/#website\",\"url\":\"https:\/\/www.iflower.ee\/\",\"name\":\"iFlower\",\"description\":\"\",\"publisher\":{\"@id\":\"https:\/\/www.iflower.ee\/#organization\"},\"potentialAction\":[{\"@type\":\"SearchAction\",\"target\":{\"@type\":\"EntryPoint\",\"urlTemplate\":\"https:\/\/www.iflower.ee\/?s={search_term_string}\"},\"query-input\":{\"@type\":\"PropertyValueSpecification\",\"valueRequired\":true,\"valueName\":\"search_term_string\"}}],\"inLanguage\":\"en-US\"},{\"@type\":\"Organization\",\"@id\":\"https:\/\/www.iflower.ee\/#organization\",\"name\":\"iFlower\",\"url\":\"https:\/\/www.iflower.ee\/\",\"logo\":{\"@type\":\"ImageObject\",\"inLanguage\":\"en-US\",\"@id\":\"https:\/\/www.iflower.ee\/#\/schema\/logo\/image\/\",\"url\":\"https:\/\/www.iflower.ee\/wp-content\/uploads\/2022\/04\/iflower.png\",\"contentUrl\":\"https:\/\/www.iflower.ee\/wp-content\/uploads\/2022\/04\/iflower.png\",\"width\":248,\"height\":71,\"caption\":\"iFlower\"},\"image\":{\"@id\":\"https:\/\/www.iflower.ee\/#\/schema\/logo\/image\/\"}}]}<\/script>\n<!-- \/ Yoast SEO plugin. -->","yoast_head_json":{"title":"VIVIN Roosa puuderk\u00fc\u00fcnal - iFlower","robots":{"index":"index","follow":"follow","max-snippet":"max-snippet:-1","max-image-preview":"max-image-preview:large","max-video-preview":"max-video-preview:-1"},"canonical":"https:\/\/www.iflower.ee\/toode\/vivin-roosa-puuderkuunal\/","og_locale":"en_US","og_type":"article","og_title":"VIVIN Roosa puuderk\u00fc\u00fcnal - iFlower","og_description":"VIVIN roosa puuderk\u00fc\u00fcnal toob teie koju kirgliku ja energilise meeleolu.\u00a0 L\u00f5hnatu disain v\u00f5imaldab k\u00fc\u00fcnalt kasutada k\u00f5ikjal, keskendudes vaid \u00f5rnale valgusele ja harmoonilisele atmosf\u00e4\u00e4rile.  Kuidas meie k\u00fc\u00fcnlad valmivad? K\u00f5ik VIVIN tooted valmisatakse k\u00e4sitsi Eestis, kasutades k\u00f5rgkvaliteetset taimset k\u00fc\u00fcnlavaha ja ainult premiumklassi (IFRA sertifitseeritud) aroomi\u00f5lisid. Puuderk\u00fc\u00fcnal p\u00f5leb 60% puhtamalt kui tavap\u00e4rased k\u00fc\u00fcnlad, j\u00e4ttes klaasid selged ja tahmavabad. PARAFIINI vaba!  K\u00e4sitsi valmistatud Eestis.  NB! Antud toodet v\u00e4ljastame vaid Tallinnast!","og_url":"https:\/\/www.iflower.ee\/toode\/vivin-roosa-puuderkuunal\/","og_site_name":"iFlower","article_modified_time":"2026-02-03T14:54:12+00:00","og_image":[{"width":1587,"height":2245,"url":"https:\/\/www.iflower.ee\/wp-content\/uploads\/2026\/02\/iFlower-taust-13.png","type":"image\/png"}],"twitter_card":"summary_large_image","twitter_misc":{"Est. reading time":"1 minute"},"schema":{"@context":"https:\/\/schema.org","@graph":[{"@type":"WebPage","@id":"https:\/\/www.iflower.ee\/toode\/vivin-roosa-puuderkuunal\/","url":"https:\/\/www.iflower.ee\/toode\/vivin-roosa-puuderkuunal\/","name":"VIVIN Roosa puuderk\u00fc\u00fcnal - iFlower","isPartOf":{"@id":"https:\/\/www.iflower.ee\/#website"},"primaryImageOfPage":{"@id":"https:\/\/www.iflower.ee\/toode\/vivin-roosa-puuderkuunal\/#primaryimage"},"image":{"@id":"https:\/\/www.iflower.ee\/toode\/vivin-roosa-puuderkuunal\/#primaryimage"},"thumbnailUrl":"https:\/\/www.iflower.ee\/wp-content\/uploads\/2026\/02\/iFlower-taust-13.png","datePublished":"2026-02-03T14:32:47+00:00","dateModified":"2026-02-03T14:54:12+00:00","breadcrumb":{"@id":"https:\/\/www.iflower.ee\/toode\/vivin-roosa-puuderkuunal\/#breadcrumb"},"inLanguage":"en-US","potentialAction":[{"@type":"ReadAction","target":["https:\/\/www.iflower.ee\/toode\/vivin-roosa-puuderkuunal\/"]}]},{"@type":"ImageObject","inLanguage":"en-US","@id":"https:\/\/www.iflower.ee\/toode\/vivin-roosa-puuderkuunal\/#primaryimage","url":"https:\/\/www.iflower.ee\/wp-content\/uploads\/2026\/02\/iFlower-taust-13.png","contentUrl":"https:\/\/www.iflower.ee\/wp-content\/uploads\/2026\/02\/iFlower-taust-13.png","width":1587,"height":2245},{"@type":"BreadcrumbList","@id":"https:\/\/www.iflower.ee\/toode\/vivin-roosa-puuderkuunal\/#breadcrumb","itemListElement":[{"@type":"ListItem","position":1,"name":"Pood","item":"https:\/\/www.iflower.ee\/pood\/"},{"@type":"ListItem","position":2,"name":"VIVIN Roosa puuderk\u00fc\u00fcnal"}]},{"@type":"WebSite","@id":"https:\/\/www.iflower.ee\/#website","url":"https:\/\/www.iflower.ee\/","name":"iFlower","description":"","publisher":{"@id":"https:\/\/www.iflower.ee\/#organization"},"potentialAction":[{"@type":"SearchAction","target":{"@type":"EntryPoint","urlTemplate":"https:\/\/www.iflower.ee\/?s={search_term_string}"},"query-input":{"@type":"PropertyValueSpecification","valueRequired":true,"valueName":"search_term_string"}}],"inLanguage":"en-US"},{"@type":"Organization","@id":"https:\/\/www.iflower.ee\/#organization","name":"iFlower","url":"https:\/\/www.iflower.ee\/","logo":{"@type":"ImageObject","inLanguage":"en-US","@id":"https:\/\/www.iflower.ee\/#\/schema\/logo\/image\/","url":"https:\/\/www.iflower.ee\/wp-content\/uploads\/2022\/04\/iflower.png","contentUrl":"https:\/\/www.iflower.ee\/wp-content\/uploads\/2022\/04\/iflower.png","width":248,"height":71,"caption":"iFlower"},"image":{"@id":"https:\/\/www.iflower.ee\/#\/schema\/logo\/image\/"}}]}},"_links":{"self":[{"href":"https:\/\/www.iflower.ee\/en\/wp-json\/wp\/v2\/product\/60428","targetHints":{"allow":["GET"]}}],"collection":[{"href":"https:\/\/www.iflower.ee\/en\/wp-json\/wp\/v2\/product"}],"about":[{"href":"https:\/\/www.iflower.ee\/en\/wp-json\/wp\/v2\/types\/product"}],"wp:featuredmedia":[{"embeddable":true,"href":"https:\/\/www.iflower.ee\/en\/wp-json\/wp\/v2\/media\/60429"}],"wp:attachment":[{"href":"https:\/\/www.iflower.ee\/en\/wp-json\/wp\/v2\/media?parent=60428"}],"wp:term":[{"taxonomy":"product_brand","embeddable":true,"href":"https:\/\/www.iflower.ee\/en\/wp-json\/wp\/v2\/product_brand?post=60428"},{"taxonomy":"product_cat","embeddable":true,"href":"https:\/\/www.iflower.ee\/en\/wp-json\/wp\/v2\/product_cat?post=60428"},{"taxonomy":"product_tag","embeddable":true,"href":"https:\/\/www.iflower.ee\/en\/wp-json\/wp\/v2\/product_tag?post=60428"}],"curies":[{"name":"wp","href":"https:\/\/api.w.org\/{rel}","templated":true}]}}