{"id":61982,"date":"2026-04-20T14:04:41","date_gmt":"2026-04-20T11:04:41","guid":{"rendered":"https:\/\/www.iflower.ee\/?post_type=product&#038;p=61982"},"modified":"2026-04-20T14:23:26","modified_gmt":"2026-04-20T11:23:26","slug":"alkoholivaba-vahuvein-mucho-mas-lilledega-75cl","status":"publish","type":"product","link":"https:\/\/www.iflower.ee\/en\/toode\/alkoholivaba-vahuvein-mucho-mas-lilledega-75cl\/","title":{"rendered":"Alkoholivaba vahuvein Mucho M\u00e1s lilledega 75cl"},"content":{"rendered":"","protected":false},"excerpt":{"rendered":"<p>Alkoholivaba valge Sauvignon Blanc, mis pakub v\u00e4rskeid tsitrusenoote kergelt troopilisele taustale. Karge, kerge ja v\u00e4rskendav.<\/p>\n<p><strong>P\u00e4ritolumaa:<\/strong> Hispaania<\/p>\n<p>T\u00e4helepanu, tegemist on alkoholiga! Alkohol v\u00f5ib kahjustada teie tervist.<\/p>\n","protected":false},"featured_media":61983,"template":"","meta":{"_acf_changed":false},"product_brand":[],"product_cat":[15,45],"product_tag":[478,477,473],"class_list":{"0":"post-61982","1":"product","2":"type-product","3":"status-publish","4":"has-post-thumbnail","6":"product_cat-kingitused","7":"product_cat-alkohol","8":"product_tag-kingitus","9":"product_tag-pidulik","10":"product_tag-vahuvein","12":"first","13":"instock","14":"taxable","15":"shipping-taxable","16":"purchasable","17":"product-type-simple"},"acf":[],"yoast_head":"<!-- This site is optimized with the Yoast SEO plugin v26.8 - https:\/\/yoast.com\/product\/yoast-seo-wordpress\/ -->\n<title>Alkoholivaba vahuvein Mucho M\u00e1s lilledega 75cl - iFlower<\/title>\n<meta name=\"description\" content=\"Alkoholivaba Mucho M\u00e1s valge vein on karge ja v\u00e4rskendav. Maitses s\u00e4rtsakas tsitrus, sidrun ja laim. Telli eksklusiivne kingitus kulleriga \u00fcle Eesti!\" \/>\n<meta name=\"robots\" content=\"index, follow, max-snippet:-1, max-image-preview:large, max-video-preview:-1\" \/>\n<link rel=\"canonical\" href=\"https:\/\/www.iflower.ee\/toode\/alkoholivaba-vahuvein-mucho-mas-lilledega-75cl\/\" \/>\n<meta property=\"og:locale\" content=\"en_US\" \/>\n<meta property=\"og:type\" content=\"article\" \/>\n<meta property=\"og:title\" content=\"Alkoholivaba vahuvein Mucho M\u00e1s lilledega 75cl - iFlower\" \/>\n<meta property=\"og:description\" content=\"Alkoholivaba Mucho M\u00e1s valge vein on karge ja v\u00e4rskendav. Maitses s\u00e4rtsakas tsitrus, sidrun ja laim. Telli eksklusiivne kingitus kulleriga \u00fcle Eesti!\" \/>\n<meta property=\"og:url\" content=\"https:\/\/www.iflower.ee\/toode\/alkoholivaba-vahuvein-mucho-mas-lilledega-75cl\/\" \/>\n<meta property=\"og:site_name\" content=\"iFlower\" \/>\n<meta property=\"article:modified_time\" content=\"2026-04-20T11:23:26+00:00\" \/>\n<meta property=\"og:image\" content=\"https:\/\/www.iflower.ee\/wp-content\/uploads\/2026\/04\/NknFpCTA.jpeg\" \/>\n\t<meta property=\"og:image:width\" content=\"800\" \/>\n\t<meta property=\"og:image:height\" content=\"1199\" \/>\n\t<meta property=\"og:image:type\" content=\"image\/jpeg\" \/>\n<meta name=\"twitter:card\" content=\"summary_large_image\" \/>\n<meta name=\"twitter:label1\" content=\"Est. reading time\" \/>\n\t<meta name=\"twitter:data1\" content=\"1 minute\" \/>\n<script type=\"application\/ld+json\" class=\"yoast-schema-graph\">{\"@context\":\"https:\/\/schema.org\",\"@graph\":[{\"@type\":\"WebPage\",\"@id\":\"https:\/\/www.iflower.ee\/toode\/alkoholivaba-vahuvein-mucho-mas-lilledega-75cl\/\",\"url\":\"https:\/\/www.iflower.ee\/toode\/alkoholivaba-vahuvein-mucho-mas-lilledega-75cl\/\",\"name\":\"Alkoholivaba vahuvein Mucho M\u00e1s lilledega 75cl - iFlower\",\"isPartOf\":{\"@id\":\"https:\/\/www.iflower.ee\/#website\"},\"primaryImageOfPage\":{\"@id\":\"https:\/\/www.iflower.ee\/toode\/alkoholivaba-vahuvein-mucho-mas-lilledega-75cl\/#primaryimage\"},\"image\":{\"@id\":\"https:\/\/www.iflower.ee\/toode\/alkoholivaba-vahuvein-mucho-mas-lilledega-75cl\/#primaryimage\"},\"thumbnailUrl\":\"https:\/\/www.iflower.ee\/wp-content\/uploads\/2026\/04\/NknFpCTA.jpeg\",\"datePublished\":\"2026-04-20T11:04:41+00:00\",\"dateModified\":\"2026-04-20T11:23:26+00:00\",\"description\":\"Alkoholivaba Mucho M\u00e1s valge vein on karge ja v\u00e4rskendav. Maitses s\u00e4rtsakas tsitrus, sidrun ja laim. Telli eksklusiivne kingitus kulleriga \u00fcle Eesti!\",\"breadcrumb\":{\"@id\":\"https:\/\/www.iflower.ee\/toode\/alkoholivaba-vahuvein-mucho-mas-lilledega-75cl\/#breadcrumb\"},\"inLanguage\":\"en-US\",\"potentialAction\":[{\"@type\":\"ReadAction\",\"target\":[\"https:\/\/www.iflower.ee\/toode\/alkoholivaba-vahuvein-mucho-mas-lilledega-75cl\/\"]}]},{\"@type\":\"ImageObject\",\"inLanguage\":\"en-US\",\"@id\":\"https:\/\/www.iflower.ee\/toode\/alkoholivaba-vahuvein-mucho-mas-lilledega-75cl\/#primaryimage\",\"url\":\"https:\/\/www.iflower.ee\/wp-content\/uploads\/2026\/04\/NknFpCTA.jpeg\",\"contentUrl\":\"https:\/\/www.iflower.ee\/wp-content\/uploads\/2026\/04\/NknFpCTA.jpeg\",\"width\":800,\"height\":1199},{\"@type\":\"BreadcrumbList\",\"@id\":\"https:\/\/www.iflower.ee\/toode\/alkoholivaba-vahuvein-mucho-mas-lilledega-75cl\/#breadcrumb\",\"itemListElement\":[{\"@type\":\"ListItem\",\"position\":1,\"name\":\"Pood\",\"item\":\"https:\/\/www.iflower.ee\/pood\/\"},{\"@type\":\"ListItem\",\"position\":2,\"name\":\"Alkoholivaba vahuvein Mucho M\u00e1s lilledega 75cl\"}]},{\"@type\":\"WebSite\",\"@id\":\"https:\/\/www.iflower.ee\/#website\",\"url\":\"https:\/\/www.iflower.ee\/\",\"name\":\"iFlower\",\"description\":\"\",\"publisher\":{\"@id\":\"https:\/\/www.iflower.ee\/#organization\"},\"potentialAction\":[{\"@type\":\"SearchAction\",\"target\":{\"@type\":\"EntryPoint\",\"urlTemplate\":\"https:\/\/www.iflower.ee\/?s={search_term_string}\"},\"query-input\":{\"@type\":\"PropertyValueSpecification\",\"valueRequired\":true,\"valueName\":\"search_term_string\"}}],\"inLanguage\":\"en-US\"},{\"@type\":\"Organization\",\"@id\":\"https:\/\/www.iflower.ee\/#organization\",\"name\":\"iFlower\",\"url\":\"https:\/\/www.iflower.ee\/\",\"logo\":{\"@type\":\"ImageObject\",\"inLanguage\":\"en-US\",\"@id\":\"https:\/\/www.iflower.ee\/#\/schema\/logo\/image\/\",\"url\":\"https:\/\/www.iflower.ee\/wp-content\/uploads\/2022\/04\/iflower.png\",\"contentUrl\":\"https:\/\/www.iflower.ee\/wp-content\/uploads\/2022\/04\/iflower.png\",\"width\":248,\"height\":71,\"caption\":\"iFlower\"},\"image\":{\"@id\":\"https:\/\/www.iflower.ee\/#\/schema\/logo\/image\/\"}}]}<\/script>\n<!-- \/ Yoast SEO plugin. -->","yoast_head_json":{"title":"Alkoholivaba vahuvein Mucho M\u00e1s lilledega 75cl - iFlower","description":"Alkoholivaba Mucho M\u00e1s valge vein on karge ja v\u00e4rskendav. Maitses s\u00e4rtsakas tsitrus, sidrun ja laim. Telli eksklusiivne kingitus kulleriga \u00fcle Eesti!","robots":{"index":"index","follow":"follow","max-snippet":"max-snippet:-1","max-image-preview":"max-image-preview:large","max-video-preview":"max-video-preview:-1"},"canonical":"https:\/\/www.iflower.ee\/toode\/alkoholivaba-vahuvein-mucho-mas-lilledega-75cl\/","og_locale":"en_US","og_type":"article","og_title":"Alkoholivaba vahuvein Mucho M\u00e1s lilledega 75cl - iFlower","og_description":"Alkoholivaba Mucho M\u00e1s valge vein on karge ja v\u00e4rskendav. Maitses s\u00e4rtsakas tsitrus, sidrun ja laim. Telli eksklusiivne kingitus kulleriga \u00fcle Eesti!","og_url":"https:\/\/www.iflower.ee\/toode\/alkoholivaba-vahuvein-mucho-mas-lilledega-75cl\/","og_site_name":"iFlower","article_modified_time":"2026-04-20T11:23:26+00:00","og_image":[{"width":800,"height":1199,"url":"https:\/\/www.iflower.ee\/wp-content\/uploads\/2026\/04\/NknFpCTA.jpeg","type":"image\/jpeg"}],"twitter_card":"summary_large_image","twitter_misc":{"Est. reading time":"1 minute"},"schema":{"@context":"https:\/\/schema.org","@graph":[{"@type":"WebPage","@id":"https:\/\/www.iflower.ee\/toode\/alkoholivaba-vahuvein-mucho-mas-lilledega-75cl\/","url":"https:\/\/www.iflower.ee\/toode\/alkoholivaba-vahuvein-mucho-mas-lilledega-75cl\/","name":"Alkoholivaba vahuvein Mucho M\u00e1s lilledega 75cl - iFlower","isPartOf":{"@id":"https:\/\/www.iflower.ee\/#website"},"primaryImageOfPage":{"@id":"https:\/\/www.iflower.ee\/toode\/alkoholivaba-vahuvein-mucho-mas-lilledega-75cl\/#primaryimage"},"image":{"@id":"https:\/\/www.iflower.ee\/toode\/alkoholivaba-vahuvein-mucho-mas-lilledega-75cl\/#primaryimage"},"thumbnailUrl":"https:\/\/www.iflower.ee\/wp-content\/uploads\/2026\/04\/NknFpCTA.jpeg","datePublished":"2026-04-20T11:04:41+00:00","dateModified":"2026-04-20T11:23:26+00:00","description":"Alkoholivaba Mucho M\u00e1s valge vein on karge ja v\u00e4rskendav. Maitses s\u00e4rtsakas tsitrus, sidrun ja laim. Telli eksklusiivne kingitus kulleriga \u00fcle Eesti!","breadcrumb":{"@id":"https:\/\/www.iflower.ee\/toode\/alkoholivaba-vahuvein-mucho-mas-lilledega-75cl\/#breadcrumb"},"inLanguage":"en-US","potentialAction":[{"@type":"ReadAction","target":["https:\/\/www.iflower.ee\/toode\/alkoholivaba-vahuvein-mucho-mas-lilledega-75cl\/"]}]},{"@type":"ImageObject","inLanguage":"en-US","@id":"https:\/\/www.iflower.ee\/toode\/alkoholivaba-vahuvein-mucho-mas-lilledega-75cl\/#primaryimage","url":"https:\/\/www.iflower.ee\/wp-content\/uploads\/2026\/04\/NknFpCTA.jpeg","contentUrl":"https:\/\/www.iflower.ee\/wp-content\/uploads\/2026\/04\/NknFpCTA.jpeg","width":800,"height":1199},{"@type":"BreadcrumbList","@id":"https:\/\/www.iflower.ee\/toode\/alkoholivaba-vahuvein-mucho-mas-lilledega-75cl\/#breadcrumb","itemListElement":[{"@type":"ListItem","position":1,"name":"Pood","item":"https:\/\/www.iflower.ee\/pood\/"},{"@type":"ListItem","position":2,"name":"Alkoholivaba vahuvein Mucho M\u00e1s lilledega 75cl"}]},{"@type":"WebSite","@id":"https:\/\/www.iflower.ee\/#website","url":"https:\/\/www.iflower.ee\/","name":"iFlower","description":"","publisher":{"@id":"https:\/\/www.iflower.ee\/#organization"},"potentialAction":[{"@type":"SearchAction","target":{"@type":"EntryPoint","urlTemplate":"https:\/\/www.iflower.ee\/?s={search_term_string}"},"query-input":{"@type":"PropertyValueSpecification","valueRequired":true,"valueName":"search_term_string"}}],"inLanguage":"en-US"},{"@type":"Organization","@id":"https:\/\/www.iflower.ee\/#organization","name":"iFlower","url":"https:\/\/www.iflower.ee\/","logo":{"@type":"ImageObject","inLanguage":"en-US","@id":"https:\/\/www.iflower.ee\/#\/schema\/logo\/image\/","url":"https:\/\/www.iflower.ee\/wp-content\/uploads\/2022\/04\/iflower.png","contentUrl":"https:\/\/www.iflower.ee\/wp-content\/uploads\/2022\/04\/iflower.png","width":248,"height":71,"caption":"iFlower"},"image":{"@id":"https:\/\/www.iflower.ee\/#\/schema\/logo\/image\/"}}]}},"_links":{"self":[{"href":"https:\/\/www.iflower.ee\/en\/wp-json\/wp\/v2\/product\/61982","targetHints":{"allow":["GET"]}}],"collection":[{"href":"https:\/\/www.iflower.ee\/en\/wp-json\/wp\/v2\/product"}],"about":[{"href":"https:\/\/www.iflower.ee\/en\/wp-json\/wp\/v2\/types\/product"}],"wp:featuredmedia":[{"embeddable":true,"href":"https:\/\/www.iflower.ee\/en\/wp-json\/wp\/v2\/media\/61983"}],"wp:attachment":[{"href":"https:\/\/www.iflower.ee\/en\/wp-json\/wp\/v2\/media?parent=61982"}],"wp:term":[{"taxonomy":"product_brand","embeddable":true,"href":"https:\/\/www.iflower.ee\/en\/wp-json\/wp\/v2\/product_brand?post=61982"},{"taxonomy":"product_cat","embeddable":true,"href":"https:\/\/www.iflower.ee\/en\/wp-json\/wp\/v2\/product_cat?post=61982"},{"taxonomy":"product_tag","embeddable":true,"href":"https:\/\/www.iflower.ee\/en\/wp-json\/wp\/v2\/product_tag?post=61982"}],"curies":[{"name":"wp","href":"https:\/\/api.w.org\/{rel}","templated":true}]}}