{"id":62070,"date":"2026-04-22T12:49:00","date_gmt":"2026-04-22T09:49:00","guid":{"rendered":"https:\/\/www.iflower.ee\/?post_type=product&#038;p=62070"},"modified":"2026-04-22T13:02:35","modified_gmt":"2026-04-22T10:02:35","slug":"hobedast-korvarongad-twig","status":"publish","type":"product","link":"https:\/\/www.iflower.ee\/en\/toode\/hobedast-korvarongad-twig\/","title":{"rendered":"H\u00f5bedast k\u00f5rvar\u00f5ngad &#8220;Twig&#8221;"},"content":{"rendered":"","protected":false},"excerpt":{"rendered":"<p data-path-to-node=\"2\">Kingi emale sel emadep\u00e4eval kordumatu m\u00e4lestus. Minimalistliku disainiga &#8220;Twig&#8221; k\u00f5rvar\u00f5ngad on loodud naisele, kes hindab kvaliteeti ja diskreetset s\u00e4ra. Selles disainis on kasutatud j\u00e4tkusuutlikku 925 sterlingh\u00f5bedat, mis on saadud enne ja p\u00e4rast turustamist tekkinud j\u00e4\u00e4tmetest ning kaetud roodimuga. Roodiumiga kaetud ehted on l\u00e4ikivad, veekindlad ja kriimustuskindlad. Kandmisel tekkiv kulu on tavap\u00e4rane.<br \/>\nEhted on k\u00e4sit\u00f6\u00f6na valminud koost\u00f6\u00f6s Eesti vanima ja ainsa ehetetootajaga.<\/p>\n<p data-path-to-node=\"3\">M\u00f5\u00f5tmed:\u00a052&#215;6 mm<br \/>\nKaal: 4.7 g<br \/>\nButterfly-lukk<\/p>\n<p data-path-to-node=\"3\"><em>Palun arvesta, et kaal v\u00f5ib veidi varieeruda, kuna iga ese on k\u00e4sitsi valmistatud.<\/em><\/p>\n","protected":false},"featured_media":62071,"template":"","meta":{"_acf_changed":false},"product_brand":[],"product_cat":[586,312],"product_tag":[],"class_list":{"0":"post-62070","1":"product","2":"type-product","3":"status-publish","4":"has-post-thumbnail","6":"product_cat-iflower-x-veel-jewelry","7":"product_cat-uus","9":"first","10":"instock","11":"taxable","12":"shipping-taxable","13":"purchasable","14":"product-type-simple"},"acf":[],"yoast_head":"<!-- This site is optimized with the Yoast SEO plugin v26.8 - https:\/\/yoast.com\/product\/yoast-seo-wordpress\/ -->\n<title>H\u00f5bedast k\u00f5rvar\u00f5ngad &quot;Twig&quot; - iFlower<\/title>\n<meta name=\"description\" content=\"Eestis k\u00e4sit\u00f6\u00f6na valminud h\u00f5bek\u00f5rvar\u00f5ngad &quot;Twig&quot;. Unikaalne loodusest inspireeritud disain ja 925 h\u00f5be. Telli koos iFloweri lilledega!\" \/>\n<meta name=\"robots\" content=\"index, follow, max-snippet:-1, max-image-preview:large, max-video-preview:-1\" \/>\n<link rel=\"canonical\" href=\"https:\/\/www.iflower.ee\/toode\/hobedast-korvarongad-twig\/\" \/>\n<meta property=\"og:locale\" content=\"en_US\" \/>\n<meta property=\"og:type\" content=\"article\" \/>\n<meta property=\"og:title\" content=\"H\u00f5bedast k\u00f5rvar\u00f5ngad &quot;Twig&quot; - iFlower\" \/>\n<meta property=\"og:description\" content=\"Eestis k\u00e4sit\u00f6\u00f6na valminud h\u00f5bek\u00f5rvar\u00f5ngad &quot;Twig&quot;. Unikaalne loodusest inspireeritud disain ja 925 h\u00f5be. Telli koos iFloweri lilledega!\" \/>\n<meta property=\"og:url\" content=\"https:\/\/www.iflower.ee\/toode\/hobedast-korvarongad-twig\/\" \/>\n<meta property=\"og:site_name\" content=\"iFlower\" \/>\n<meta property=\"article:modified_time\" content=\"2026-04-22T10:02:35+00:00\" \/>\n<meta property=\"og:image\" content=\"https:\/\/www.iflower.ee\/wp-content\/uploads\/2026\/04\/XHeLljMA.jpeg\" \/>\n\t<meta property=\"og:image:width\" content=\"800\" \/>\n\t<meta property=\"og:image:height\" content=\"1199\" \/>\n\t<meta property=\"og:image:type\" content=\"image\/jpeg\" \/>\n<meta name=\"twitter:card\" content=\"summary_large_image\" \/>\n<meta name=\"twitter:label1\" content=\"Est. reading time\" \/>\n\t<meta name=\"twitter:data1\" content=\"1 minute\" \/>\n<script type=\"application\/ld+json\" class=\"yoast-schema-graph\">{\"@context\":\"https:\/\/schema.org\",\"@graph\":[{\"@type\":\"WebPage\",\"@id\":\"https:\/\/www.iflower.ee\/toode\/hobedast-korvarongad-twig\/\",\"url\":\"https:\/\/www.iflower.ee\/toode\/hobedast-korvarongad-twig\/\",\"name\":\"H\u00f5bedast k\u00f5rvar\u00f5ngad \\\"Twig\\\" - iFlower\",\"isPartOf\":{\"@id\":\"https:\/\/www.iflower.ee\/#website\"},\"primaryImageOfPage\":{\"@id\":\"https:\/\/www.iflower.ee\/toode\/hobedast-korvarongad-twig\/#primaryimage\"},\"image\":{\"@id\":\"https:\/\/www.iflower.ee\/toode\/hobedast-korvarongad-twig\/#primaryimage\"},\"thumbnailUrl\":\"https:\/\/www.iflower.ee\/wp-content\/uploads\/2026\/04\/XHeLljMA.jpeg\",\"datePublished\":\"2026-04-22T09:49:00+00:00\",\"dateModified\":\"2026-04-22T10:02:35+00:00\",\"description\":\"Eestis k\u00e4sit\u00f6\u00f6na valminud h\u00f5bek\u00f5rvar\u00f5ngad \\\"Twig\\\". Unikaalne loodusest inspireeritud disain ja 925 h\u00f5be. Telli koos iFloweri lilledega!\",\"breadcrumb\":{\"@id\":\"https:\/\/www.iflower.ee\/toode\/hobedast-korvarongad-twig\/#breadcrumb\"},\"inLanguage\":\"en-US\",\"potentialAction\":[{\"@type\":\"ReadAction\",\"target\":[\"https:\/\/www.iflower.ee\/toode\/hobedast-korvarongad-twig\/\"]}]},{\"@type\":\"ImageObject\",\"inLanguage\":\"en-US\",\"@id\":\"https:\/\/www.iflower.ee\/toode\/hobedast-korvarongad-twig\/#primaryimage\",\"url\":\"https:\/\/www.iflower.ee\/wp-content\/uploads\/2026\/04\/XHeLljMA.jpeg\",\"contentUrl\":\"https:\/\/www.iflower.ee\/wp-content\/uploads\/2026\/04\/XHeLljMA.jpeg\",\"width\":800,\"height\":1199},{\"@type\":\"BreadcrumbList\",\"@id\":\"https:\/\/www.iflower.ee\/toode\/hobedast-korvarongad-twig\/#breadcrumb\",\"itemListElement\":[{\"@type\":\"ListItem\",\"position\":1,\"name\":\"Pood\",\"item\":\"https:\/\/www.iflower.ee\/pood\/\"},{\"@type\":\"ListItem\",\"position\":2,\"name\":\"H\u00f5bedast k\u00f5rvar\u00f5ngad &#8220;Twig&#8221;\"}]},{\"@type\":\"WebSite\",\"@id\":\"https:\/\/www.iflower.ee\/#website\",\"url\":\"https:\/\/www.iflower.ee\/\",\"name\":\"iFlower\",\"description\":\"\",\"publisher\":{\"@id\":\"https:\/\/www.iflower.ee\/#organization\"},\"potentialAction\":[{\"@type\":\"SearchAction\",\"target\":{\"@type\":\"EntryPoint\",\"urlTemplate\":\"https:\/\/www.iflower.ee\/?s={search_term_string}\"},\"query-input\":{\"@type\":\"PropertyValueSpecification\",\"valueRequired\":true,\"valueName\":\"search_term_string\"}}],\"inLanguage\":\"en-US\"},{\"@type\":\"Organization\",\"@id\":\"https:\/\/www.iflower.ee\/#organization\",\"name\":\"iFlower\",\"url\":\"https:\/\/www.iflower.ee\/\",\"logo\":{\"@type\":\"ImageObject\",\"inLanguage\":\"en-US\",\"@id\":\"https:\/\/www.iflower.ee\/#\/schema\/logo\/image\/\",\"url\":\"https:\/\/www.iflower.ee\/wp-content\/uploads\/2022\/04\/iflower.png\",\"contentUrl\":\"https:\/\/www.iflower.ee\/wp-content\/uploads\/2022\/04\/iflower.png\",\"width\":248,\"height\":71,\"caption\":\"iFlower\"},\"image\":{\"@id\":\"https:\/\/www.iflower.ee\/#\/schema\/logo\/image\/\"}}]}<\/script>\n<!-- \/ Yoast SEO plugin. -->","yoast_head_json":{"title":"H\u00f5bedast k\u00f5rvar\u00f5ngad \"Twig\" - iFlower","description":"Eestis k\u00e4sit\u00f6\u00f6na valminud h\u00f5bek\u00f5rvar\u00f5ngad \"Twig\". Unikaalne loodusest inspireeritud disain ja 925 h\u00f5be. Telli koos iFloweri lilledega!","robots":{"index":"index","follow":"follow","max-snippet":"max-snippet:-1","max-image-preview":"max-image-preview:large","max-video-preview":"max-video-preview:-1"},"canonical":"https:\/\/www.iflower.ee\/toode\/hobedast-korvarongad-twig\/","og_locale":"en_US","og_type":"article","og_title":"H\u00f5bedast k\u00f5rvar\u00f5ngad \"Twig\" - iFlower","og_description":"Eestis k\u00e4sit\u00f6\u00f6na valminud h\u00f5bek\u00f5rvar\u00f5ngad \"Twig\". Unikaalne loodusest inspireeritud disain ja 925 h\u00f5be. Telli koos iFloweri lilledega!","og_url":"https:\/\/www.iflower.ee\/toode\/hobedast-korvarongad-twig\/","og_site_name":"iFlower","article_modified_time":"2026-04-22T10:02:35+00:00","og_image":[{"width":800,"height":1199,"url":"https:\/\/www.iflower.ee\/wp-content\/uploads\/2026\/04\/XHeLljMA.jpeg","type":"image\/jpeg"}],"twitter_card":"summary_large_image","twitter_misc":{"Est. reading time":"1 minute"},"schema":{"@context":"https:\/\/schema.org","@graph":[{"@type":"WebPage","@id":"https:\/\/www.iflower.ee\/toode\/hobedast-korvarongad-twig\/","url":"https:\/\/www.iflower.ee\/toode\/hobedast-korvarongad-twig\/","name":"H\u00f5bedast k\u00f5rvar\u00f5ngad \"Twig\" - iFlower","isPartOf":{"@id":"https:\/\/www.iflower.ee\/#website"},"primaryImageOfPage":{"@id":"https:\/\/www.iflower.ee\/toode\/hobedast-korvarongad-twig\/#primaryimage"},"image":{"@id":"https:\/\/www.iflower.ee\/toode\/hobedast-korvarongad-twig\/#primaryimage"},"thumbnailUrl":"https:\/\/www.iflower.ee\/wp-content\/uploads\/2026\/04\/XHeLljMA.jpeg","datePublished":"2026-04-22T09:49:00+00:00","dateModified":"2026-04-22T10:02:35+00:00","description":"Eestis k\u00e4sit\u00f6\u00f6na valminud h\u00f5bek\u00f5rvar\u00f5ngad \"Twig\". Unikaalne loodusest inspireeritud disain ja 925 h\u00f5be. Telli koos iFloweri lilledega!","breadcrumb":{"@id":"https:\/\/www.iflower.ee\/toode\/hobedast-korvarongad-twig\/#breadcrumb"},"inLanguage":"en-US","potentialAction":[{"@type":"ReadAction","target":["https:\/\/www.iflower.ee\/toode\/hobedast-korvarongad-twig\/"]}]},{"@type":"ImageObject","inLanguage":"en-US","@id":"https:\/\/www.iflower.ee\/toode\/hobedast-korvarongad-twig\/#primaryimage","url":"https:\/\/www.iflower.ee\/wp-content\/uploads\/2026\/04\/XHeLljMA.jpeg","contentUrl":"https:\/\/www.iflower.ee\/wp-content\/uploads\/2026\/04\/XHeLljMA.jpeg","width":800,"height":1199},{"@type":"BreadcrumbList","@id":"https:\/\/www.iflower.ee\/toode\/hobedast-korvarongad-twig\/#breadcrumb","itemListElement":[{"@type":"ListItem","position":1,"name":"Pood","item":"https:\/\/www.iflower.ee\/pood\/"},{"@type":"ListItem","position":2,"name":"H\u00f5bedast k\u00f5rvar\u00f5ngad &#8220;Twig&#8221;"}]},{"@type":"WebSite","@id":"https:\/\/www.iflower.ee\/#website","url":"https:\/\/www.iflower.ee\/","name":"iFlower","description":"","publisher":{"@id":"https:\/\/www.iflower.ee\/#organization"},"potentialAction":[{"@type":"SearchAction","target":{"@type":"EntryPoint","urlTemplate":"https:\/\/www.iflower.ee\/?s={search_term_string}"},"query-input":{"@type":"PropertyValueSpecification","valueRequired":true,"valueName":"search_term_string"}}],"inLanguage":"en-US"},{"@type":"Organization","@id":"https:\/\/www.iflower.ee\/#organization","name":"iFlower","url":"https:\/\/www.iflower.ee\/","logo":{"@type":"ImageObject","inLanguage":"en-US","@id":"https:\/\/www.iflower.ee\/#\/schema\/logo\/image\/","url":"https:\/\/www.iflower.ee\/wp-content\/uploads\/2022\/04\/iflower.png","contentUrl":"https:\/\/www.iflower.ee\/wp-content\/uploads\/2022\/04\/iflower.png","width":248,"height":71,"caption":"iFlower"},"image":{"@id":"https:\/\/www.iflower.ee\/#\/schema\/logo\/image\/"}}]}},"_links":{"self":[{"href":"https:\/\/www.iflower.ee\/en\/wp-json\/wp\/v2\/product\/62070","targetHints":{"allow":["GET"]}}],"collection":[{"href":"https:\/\/www.iflower.ee\/en\/wp-json\/wp\/v2\/product"}],"about":[{"href":"https:\/\/www.iflower.ee\/en\/wp-json\/wp\/v2\/types\/product"}],"wp:featuredmedia":[{"embeddable":true,"href":"https:\/\/www.iflower.ee\/en\/wp-json\/wp\/v2\/media\/62071"}],"wp:attachment":[{"href":"https:\/\/www.iflower.ee\/en\/wp-json\/wp\/v2\/media?parent=62070"}],"wp:term":[{"taxonomy":"product_brand","embeddable":true,"href":"https:\/\/www.iflower.ee\/en\/wp-json\/wp\/v2\/product_brand?post=62070"},{"taxonomy":"product_cat","embeddable":true,"href":"https:\/\/www.iflower.ee\/en\/wp-json\/wp\/v2\/product_cat?post=62070"},{"taxonomy":"product_tag","embeddable":true,"href":"https:\/\/www.iflower.ee\/en\/wp-json\/wp\/v2\/product_tag?post=62070"}],"curies":[{"name":"wp","href":"https:\/\/api.w.org\/{rel}","templated":true}]}}