{"id":62131,"date":"2026-04-27T12:29:09","date_gmt":"2026-04-27T09:29:09","guid":{"rendered":"https:\/\/www.iflower.ee\/?post_type=product&#038;p=62131"},"modified":"2026-04-27T12:35:47","modified_gmt":"2026-04-27T09:35:47","slug":"mucho-mas-sparkling-75cl","status":"publish","type":"product","link":"https:\/\/www.iflower.ee\/en\/toode\/mucho-mas-sparkling-75cl\/","title":{"rendered":"Mucho M\u00e1s Sparkling 75cl"},"content":{"rendered":"","protected":false},"excerpt":{"rendered":"<p>Mucho M\u00e1s on vein, mis on loodud puhtalt nautimiseks. K\u00f5ik \u00fcleliigne on eemaldatud ning alles on j\u00e4\u00e4nud puhas ja siiras vahuveini olemus. Vahuveinil on v\u00e4rske, s\u00e4rtsakas ja tsitruseline maitse, mida t\u00e4iendab h\u00f5rk kreemjas l\u00f5pp. Aroomis tulevad esile r\u00f6stitud vanilje ja brioche peened noodid. Valmistamisel kasutatud viinamarjasordid: Viura, Chardonnay.<\/p>\n<p>Alk. 12.00% vol<\/p>\n<p><strong>P\u00e4ritolumaa:<\/strong> Hispaania<\/p>\n<p>T\u00e4helepanu, tegemist on alkoholiga! Alkohol v\u00f5ib kahjustada teie tervist.<\/p>\n","protected":false},"featured_media":62132,"template":"","meta":{"_acf_changed":false},"product_brand":[],"product_cat":[45],"product_tag":[479,493,473,480],"class_list":{"0":"post-62131","1":"product","2":"type-product","3":"status-publish","4":"has-post-thumbnail","6":"product_cat-alkohol","7":"product_tag-ice-rose","8":"product_tag-lilleline-maitse","9":"product_tag-vahuvein","10":"product_tag-veuve-du-vernay","12":"first","13":"instock","14":"taxable","15":"shipping-taxable","16":"purchasable","17":"product-type-simple"},"acf":[],"yoast_head":"<!-- This site is optimized with the Yoast SEO plugin v26.8 - https:\/\/yoast.com\/product\/yoast-seo-wordpress\/ -->\n<title>Mucho M\u00e1s Sparkling 75cl - iFlower<\/title>\n<meta name=\"description\" content=\"Veuve du Vernay Ice Ros\u00e9 75cl \u2013 lilleline ja v\u00e4rskendav vahuvein. T\u00e4iuslik pidulikeks hetkedeks v\u00f5i kingituseks! Tarne \u00fcle Eesti iFloweriga.\" \/>\n<meta name=\"robots\" content=\"index, follow, max-snippet:-1, max-image-preview:large, max-video-preview:-1\" \/>\n<link rel=\"canonical\" href=\"https:\/\/www.iflower.ee\/toode\/mucho-mas-sparkling-75cl\/\" \/>\n<meta property=\"og:locale\" content=\"en_US\" \/>\n<meta property=\"og:type\" content=\"article\" \/>\n<meta property=\"og:title\" content=\"Mucho M\u00e1s Sparkling 75cl - iFlower\" \/>\n<meta property=\"og:description\" content=\"Veuve du Vernay Ice Ros\u00e9 75cl \u2013 lilleline ja v\u00e4rskendav vahuvein. T\u00e4iuslik pidulikeks hetkedeks v\u00f5i kingituseks! Tarne \u00fcle Eesti iFloweriga.\" \/>\n<meta property=\"og:url\" content=\"https:\/\/www.iflower.ee\/toode\/mucho-mas-sparkling-75cl\/\" \/>\n<meta property=\"og:site_name\" content=\"iFlower\" \/>\n<meta property=\"article:modified_time\" content=\"2026-04-27T09:35:47+00:00\" \/>\n<meta property=\"og:image\" content=\"https:\/\/www.iflower.ee\/wp-content\/uploads\/2026\/04\/iFlower-taust-toode-1.png\" \/>\n\t<meta property=\"og:image:width\" content=\"1000\" \/>\n\t<meta property=\"og:image:height\" content=\"1500\" \/>\n\t<meta property=\"og:image:type\" content=\"image\/png\" \/>\n<meta name=\"twitter:card\" content=\"summary_large_image\" \/>\n<meta name=\"twitter:label1\" content=\"Est. reading time\" \/>\n\t<meta name=\"twitter:data1\" content=\"1 minute\" \/>\n<script type=\"application\/ld+json\" class=\"yoast-schema-graph\">{\"@context\":\"https:\/\/schema.org\",\"@graph\":[{\"@type\":\"WebPage\",\"@id\":\"https:\/\/www.iflower.ee\/toode\/mucho-mas-sparkling-75cl\/\",\"url\":\"https:\/\/www.iflower.ee\/toode\/mucho-mas-sparkling-75cl\/\",\"name\":\"Mucho M\u00e1s Sparkling 75cl - iFlower\",\"isPartOf\":{\"@id\":\"https:\/\/www.iflower.ee\/#website\"},\"primaryImageOfPage\":{\"@id\":\"https:\/\/www.iflower.ee\/toode\/mucho-mas-sparkling-75cl\/#primaryimage\"},\"image\":{\"@id\":\"https:\/\/www.iflower.ee\/toode\/mucho-mas-sparkling-75cl\/#primaryimage\"},\"thumbnailUrl\":\"https:\/\/www.iflower.ee\/wp-content\/uploads\/2026\/04\/iFlower-taust-toode-1.png\",\"datePublished\":\"2026-04-27T09:29:09+00:00\",\"dateModified\":\"2026-04-27T09:35:47+00:00\",\"description\":\"Veuve du Vernay Ice Ros\u00e9 75cl \u2013 lilleline ja v\u00e4rskendav vahuvein. T\u00e4iuslik pidulikeks hetkedeks v\u00f5i kingituseks! Tarne \u00fcle Eesti iFloweriga.\",\"breadcrumb\":{\"@id\":\"https:\/\/www.iflower.ee\/toode\/mucho-mas-sparkling-75cl\/#breadcrumb\"},\"inLanguage\":\"en-US\",\"potentialAction\":[{\"@type\":\"ReadAction\",\"target\":[\"https:\/\/www.iflower.ee\/toode\/mucho-mas-sparkling-75cl\/\"]}]},{\"@type\":\"ImageObject\",\"inLanguage\":\"en-US\",\"@id\":\"https:\/\/www.iflower.ee\/toode\/mucho-mas-sparkling-75cl\/#primaryimage\",\"url\":\"https:\/\/www.iflower.ee\/wp-content\/uploads\/2026\/04\/iFlower-taust-toode-1.png\",\"contentUrl\":\"https:\/\/www.iflower.ee\/wp-content\/uploads\/2026\/04\/iFlower-taust-toode-1.png\",\"width\":1000,\"height\":1500},{\"@type\":\"BreadcrumbList\",\"@id\":\"https:\/\/www.iflower.ee\/toode\/mucho-mas-sparkling-75cl\/#breadcrumb\",\"itemListElement\":[{\"@type\":\"ListItem\",\"position\":1,\"name\":\"Pood\",\"item\":\"https:\/\/www.iflower.ee\/pood\/\"},{\"@type\":\"ListItem\",\"position\":2,\"name\":\"Mucho M\u00e1s Sparkling 75cl\"}]},{\"@type\":\"WebSite\",\"@id\":\"https:\/\/www.iflower.ee\/#website\",\"url\":\"https:\/\/www.iflower.ee\/\",\"name\":\"iFlower\",\"description\":\"\",\"publisher\":{\"@id\":\"https:\/\/www.iflower.ee\/#organization\"},\"potentialAction\":[{\"@type\":\"SearchAction\",\"target\":{\"@type\":\"EntryPoint\",\"urlTemplate\":\"https:\/\/www.iflower.ee\/?s={search_term_string}\"},\"query-input\":{\"@type\":\"PropertyValueSpecification\",\"valueRequired\":true,\"valueName\":\"search_term_string\"}}],\"inLanguage\":\"en-US\"},{\"@type\":\"Organization\",\"@id\":\"https:\/\/www.iflower.ee\/#organization\",\"name\":\"iFlower\",\"url\":\"https:\/\/www.iflower.ee\/\",\"logo\":{\"@type\":\"ImageObject\",\"inLanguage\":\"en-US\",\"@id\":\"https:\/\/www.iflower.ee\/#\/schema\/logo\/image\/\",\"url\":\"https:\/\/www.iflower.ee\/wp-content\/uploads\/2022\/04\/iflower.png\",\"contentUrl\":\"https:\/\/www.iflower.ee\/wp-content\/uploads\/2022\/04\/iflower.png\",\"width\":248,\"height\":71,\"caption\":\"iFlower\"},\"image\":{\"@id\":\"https:\/\/www.iflower.ee\/#\/schema\/logo\/image\/\"}}]}<\/script>\n<!-- \/ Yoast SEO plugin. -->","yoast_head_json":{"title":"Mucho M\u00e1s Sparkling 75cl - iFlower","description":"Veuve du Vernay Ice Ros\u00e9 75cl \u2013 lilleline ja v\u00e4rskendav vahuvein. T\u00e4iuslik pidulikeks hetkedeks v\u00f5i kingituseks! Tarne \u00fcle Eesti iFloweriga.","robots":{"index":"index","follow":"follow","max-snippet":"max-snippet:-1","max-image-preview":"max-image-preview:large","max-video-preview":"max-video-preview:-1"},"canonical":"https:\/\/www.iflower.ee\/toode\/mucho-mas-sparkling-75cl\/","og_locale":"en_US","og_type":"article","og_title":"Mucho M\u00e1s Sparkling 75cl - iFlower","og_description":"Veuve du Vernay Ice Ros\u00e9 75cl \u2013 lilleline ja v\u00e4rskendav vahuvein. T\u00e4iuslik pidulikeks hetkedeks v\u00f5i kingituseks! Tarne \u00fcle Eesti iFloweriga.","og_url":"https:\/\/www.iflower.ee\/toode\/mucho-mas-sparkling-75cl\/","og_site_name":"iFlower","article_modified_time":"2026-04-27T09:35:47+00:00","og_image":[{"width":1000,"height":1500,"url":"https:\/\/www.iflower.ee\/wp-content\/uploads\/2026\/04\/iFlower-taust-toode-1.png","type":"image\/png"}],"twitter_card":"summary_large_image","twitter_misc":{"Est. reading time":"1 minute"},"schema":{"@context":"https:\/\/schema.org","@graph":[{"@type":"WebPage","@id":"https:\/\/www.iflower.ee\/toode\/mucho-mas-sparkling-75cl\/","url":"https:\/\/www.iflower.ee\/toode\/mucho-mas-sparkling-75cl\/","name":"Mucho M\u00e1s Sparkling 75cl - iFlower","isPartOf":{"@id":"https:\/\/www.iflower.ee\/#website"},"primaryImageOfPage":{"@id":"https:\/\/www.iflower.ee\/toode\/mucho-mas-sparkling-75cl\/#primaryimage"},"image":{"@id":"https:\/\/www.iflower.ee\/toode\/mucho-mas-sparkling-75cl\/#primaryimage"},"thumbnailUrl":"https:\/\/www.iflower.ee\/wp-content\/uploads\/2026\/04\/iFlower-taust-toode-1.png","datePublished":"2026-04-27T09:29:09+00:00","dateModified":"2026-04-27T09:35:47+00:00","description":"Veuve du Vernay Ice Ros\u00e9 75cl \u2013 lilleline ja v\u00e4rskendav vahuvein. T\u00e4iuslik pidulikeks hetkedeks v\u00f5i kingituseks! Tarne \u00fcle Eesti iFloweriga.","breadcrumb":{"@id":"https:\/\/www.iflower.ee\/toode\/mucho-mas-sparkling-75cl\/#breadcrumb"},"inLanguage":"en-US","potentialAction":[{"@type":"ReadAction","target":["https:\/\/www.iflower.ee\/toode\/mucho-mas-sparkling-75cl\/"]}]},{"@type":"ImageObject","inLanguage":"en-US","@id":"https:\/\/www.iflower.ee\/toode\/mucho-mas-sparkling-75cl\/#primaryimage","url":"https:\/\/www.iflower.ee\/wp-content\/uploads\/2026\/04\/iFlower-taust-toode-1.png","contentUrl":"https:\/\/www.iflower.ee\/wp-content\/uploads\/2026\/04\/iFlower-taust-toode-1.png","width":1000,"height":1500},{"@type":"BreadcrumbList","@id":"https:\/\/www.iflower.ee\/toode\/mucho-mas-sparkling-75cl\/#breadcrumb","itemListElement":[{"@type":"ListItem","position":1,"name":"Pood","item":"https:\/\/www.iflower.ee\/pood\/"},{"@type":"ListItem","position":2,"name":"Mucho M\u00e1s Sparkling 75cl"}]},{"@type":"WebSite","@id":"https:\/\/www.iflower.ee\/#website","url":"https:\/\/www.iflower.ee\/","name":"iFlower","description":"","publisher":{"@id":"https:\/\/www.iflower.ee\/#organization"},"potentialAction":[{"@type":"SearchAction","target":{"@type":"EntryPoint","urlTemplate":"https:\/\/www.iflower.ee\/?s={search_term_string}"},"query-input":{"@type":"PropertyValueSpecification","valueRequired":true,"valueName":"search_term_string"}}],"inLanguage":"en-US"},{"@type":"Organization","@id":"https:\/\/www.iflower.ee\/#organization","name":"iFlower","url":"https:\/\/www.iflower.ee\/","logo":{"@type":"ImageObject","inLanguage":"en-US","@id":"https:\/\/www.iflower.ee\/#\/schema\/logo\/image\/","url":"https:\/\/www.iflower.ee\/wp-content\/uploads\/2022\/04\/iflower.png","contentUrl":"https:\/\/www.iflower.ee\/wp-content\/uploads\/2022\/04\/iflower.png","width":248,"height":71,"caption":"iFlower"},"image":{"@id":"https:\/\/www.iflower.ee\/#\/schema\/logo\/image\/"}}]}},"_links":{"self":[{"href":"https:\/\/www.iflower.ee\/en\/wp-json\/wp\/v2\/product\/62131","targetHints":{"allow":["GET"]}}],"collection":[{"href":"https:\/\/www.iflower.ee\/en\/wp-json\/wp\/v2\/product"}],"about":[{"href":"https:\/\/www.iflower.ee\/en\/wp-json\/wp\/v2\/types\/product"}],"wp:featuredmedia":[{"embeddable":true,"href":"https:\/\/www.iflower.ee\/en\/wp-json\/wp\/v2\/media\/62132"}],"wp:attachment":[{"href":"https:\/\/www.iflower.ee\/en\/wp-json\/wp\/v2\/media?parent=62131"}],"wp:term":[{"taxonomy":"product_brand","embeddable":true,"href":"https:\/\/www.iflower.ee\/en\/wp-json\/wp\/v2\/product_brand?post=62131"},{"taxonomy":"product_cat","embeddable":true,"href":"https:\/\/www.iflower.ee\/en\/wp-json\/wp\/v2\/product_cat?post=62131"},{"taxonomy":"product_tag","embeddable":true,"href":"https:\/\/www.iflower.ee\/en\/wp-json\/wp\/v2\/product_tag?post=62131"}],"curies":[{"name":"wp","href":"https:\/\/api.w.org\/{rel}","templated":true}]}}