{"id":62373,"date":"2026-05-09T10:29:11","date_gmt":"2026-05-09T07:29:11","guid":{"rendered":"https:\/\/www.iflower.ee\/?post_type=product&#038;p=62373"},"modified":"2026-05-09T10:31:00","modified_gmt":"2026-05-09T07:31:00","slug":"pistaatsia-jogurtikook","status":"publish","type":"product","link":"https:\/\/www.iflower.ee\/en\/toode\/pistaatsia-jogurtikook\/","title":{"rendered":"Pistaatsia-jogurtikook"},"content":{"rendered":"","protected":false},"excerpt":{"rendered":"<p>Tumedate biskviidikihtide vahel m\u00f5nusalt kr\u00f5mpsuv pralinee. Koogi katab heleroheline pistaatsiamaitseline vahukoore-jogurtikreem. Kaunistuseks on peal tumeda ja helerohelise glasuuriga triibud.<\/p>\n<p>Netokaal: 300 g<\/p>\n<p>NB! Torte ja kooke saab hetkel tellida samaks p\u00e4evaks Tallinna ja selle l\u00e4hi\u00fcmbrusesse. Tartu, P\u00e4rnu, Narva, Rakvere, K\u00e4rdla, J\u00f5hvi, Paide ja Viljandi ning nende l\u00e4hi\u00fcmbrusesse saab tellida j\u00e4rgmiseks p\u00e4evaks.<\/p>\n","protected":false},"featured_media":62374,"template":"","meta":{"_acf_changed":false},"product_brand":[],"product_cat":[537,15,273,312],"product_tag":[],"class_list":{"0":"post-62373","1":"product","2":"type-product","3":"status-publish","4":"has-post-thumbnail","6":"product_cat-sobrapaev","7":"product_cat-kingitused","8":"product_cat-tordidjakoogid","9":"product_cat-uus","11":"first","12":"instock","13":"taxable","14":"shipping-taxable","15":"purchasable","16":"product-type-simple"},"acf":[],"yoast_head":"<!-- This site is optimized with the Yoast SEO plugin v26.8 - https:\/\/yoast.com\/product\/yoast-seo-wordpress\/ -->\n<title>Pistaatsia-jogurtikook - iFlower<\/title>\n<meta name=\"robots\" content=\"index, follow, max-snippet:-1, max-image-preview:large, max-video-preview:-1\" \/>\n<link rel=\"canonical\" href=\"https:\/\/www.iflower.ee\/toode\/pistaatsia-jogurtikook\/\" \/>\n<meta property=\"og:locale\" content=\"en_US\" \/>\n<meta property=\"og:type\" content=\"article\" \/>\n<meta property=\"og:title\" content=\"Pistaatsia-jogurtikook - iFlower\" \/>\n<meta property=\"og:description\" content=\"Tumedate biskviidikihtide vahel m\u00f5nusalt kr\u00f5mpsuv pralinee. Koogi katab heleroheline pistaatsiamaitseline vahukoore-jogurtikreem. Kaunistuseks on peal tumeda ja helerohelise glasuuriga triibud.  Netokaal: 300 g  NB! Torte ja kooke saab hetkel tellida samaks p\u00e4evaks Tallinna ja selle l\u00e4hi\u00fcmbrusesse. Tartu, P\u00e4rnu, Narva, Rakvere, K\u00e4rdla, J\u00f5hvi, Paide ja Viljandi ning nende l\u00e4hi\u00fcmbrusesse saab tellida j\u00e4rgmiseks p\u00e4evaks.\" \/>\n<meta property=\"og:url\" content=\"https:\/\/www.iflower.ee\/toode\/pistaatsia-jogurtikook\/\" \/>\n<meta property=\"og:site_name\" content=\"iFlower\" \/>\n<meta property=\"article:modified_time\" content=\"2026-05-09T07:31:00+00:00\" \/>\n<meta property=\"og:image\" content=\"https:\/\/www.iflower.ee\/wp-content\/uploads\/2026\/05\/iFlower-taust-17.png\" \/>\n\t<meta property=\"og:image:width\" content=\"1587\" \/>\n\t<meta property=\"og:image:height\" content=\"2245\" \/>\n\t<meta property=\"og:image:type\" content=\"image\/png\" \/>\n<meta name=\"twitter:card\" content=\"summary_large_image\" \/>\n<meta name=\"twitter:label1\" content=\"Est. reading time\" \/>\n\t<meta name=\"twitter:data1\" content=\"1 minute\" \/>\n<script type=\"application\/ld+json\" class=\"yoast-schema-graph\">{\"@context\":\"https:\/\/schema.org\",\"@graph\":[{\"@type\":\"WebPage\",\"@id\":\"https:\/\/www.iflower.ee\/toode\/pistaatsia-jogurtikook\/\",\"url\":\"https:\/\/www.iflower.ee\/toode\/pistaatsia-jogurtikook\/\",\"name\":\"Pistaatsia-jogurtikook - iFlower\",\"isPartOf\":{\"@id\":\"https:\/\/www.iflower.ee\/#website\"},\"primaryImageOfPage\":{\"@id\":\"https:\/\/www.iflower.ee\/toode\/pistaatsia-jogurtikook\/#primaryimage\"},\"image\":{\"@id\":\"https:\/\/www.iflower.ee\/toode\/pistaatsia-jogurtikook\/#primaryimage\"},\"thumbnailUrl\":\"https:\/\/www.iflower.ee\/wp-content\/uploads\/2026\/05\/iFlower-taust-17.png\",\"datePublished\":\"2026-05-09T07:29:11+00:00\",\"dateModified\":\"2026-05-09T07:31:00+00:00\",\"breadcrumb\":{\"@id\":\"https:\/\/www.iflower.ee\/toode\/pistaatsia-jogurtikook\/#breadcrumb\"},\"inLanguage\":\"en-US\",\"potentialAction\":[{\"@type\":\"ReadAction\",\"target\":[\"https:\/\/www.iflower.ee\/toode\/pistaatsia-jogurtikook\/\"]}]},{\"@type\":\"ImageObject\",\"inLanguage\":\"en-US\",\"@id\":\"https:\/\/www.iflower.ee\/toode\/pistaatsia-jogurtikook\/#primaryimage\",\"url\":\"https:\/\/www.iflower.ee\/wp-content\/uploads\/2026\/05\/iFlower-taust-17.png\",\"contentUrl\":\"https:\/\/www.iflower.ee\/wp-content\/uploads\/2026\/05\/iFlower-taust-17.png\",\"width\":1587,\"height\":2245},{\"@type\":\"BreadcrumbList\",\"@id\":\"https:\/\/www.iflower.ee\/toode\/pistaatsia-jogurtikook\/#breadcrumb\",\"itemListElement\":[{\"@type\":\"ListItem\",\"position\":1,\"name\":\"Pood\",\"item\":\"https:\/\/www.iflower.ee\/pood\/\"},{\"@type\":\"ListItem\",\"position\":2,\"name\":\"Pistaatsia-jogurtikook\"}]},{\"@type\":\"WebSite\",\"@id\":\"https:\/\/www.iflower.ee\/#website\",\"url\":\"https:\/\/www.iflower.ee\/\",\"name\":\"iFlower\",\"description\":\"\",\"publisher\":{\"@id\":\"https:\/\/www.iflower.ee\/#organization\"},\"potentialAction\":[{\"@type\":\"SearchAction\",\"target\":{\"@type\":\"EntryPoint\",\"urlTemplate\":\"https:\/\/www.iflower.ee\/?s={search_term_string}\"},\"query-input\":{\"@type\":\"PropertyValueSpecification\",\"valueRequired\":true,\"valueName\":\"search_term_string\"}}],\"inLanguage\":\"en-US\"},{\"@type\":\"Organization\",\"@id\":\"https:\/\/www.iflower.ee\/#organization\",\"name\":\"iFlower\",\"url\":\"https:\/\/www.iflower.ee\/\",\"logo\":{\"@type\":\"ImageObject\",\"inLanguage\":\"en-US\",\"@id\":\"https:\/\/www.iflower.ee\/#\/schema\/logo\/image\/\",\"url\":\"https:\/\/www.iflower.ee\/wp-content\/uploads\/2022\/04\/iflower.png\",\"contentUrl\":\"https:\/\/www.iflower.ee\/wp-content\/uploads\/2022\/04\/iflower.png\",\"width\":248,\"height\":71,\"caption\":\"iFlower\"},\"image\":{\"@id\":\"https:\/\/www.iflower.ee\/#\/schema\/logo\/image\/\"}}]}<\/script>\n<!-- \/ Yoast SEO plugin. -->","yoast_head_json":{"title":"Pistaatsia-jogurtikook - iFlower","robots":{"index":"index","follow":"follow","max-snippet":"max-snippet:-1","max-image-preview":"max-image-preview:large","max-video-preview":"max-video-preview:-1"},"canonical":"https:\/\/www.iflower.ee\/toode\/pistaatsia-jogurtikook\/","og_locale":"en_US","og_type":"article","og_title":"Pistaatsia-jogurtikook - iFlower","og_description":"Tumedate biskviidikihtide vahel m\u00f5nusalt kr\u00f5mpsuv pralinee. Koogi katab heleroheline pistaatsiamaitseline vahukoore-jogurtikreem. Kaunistuseks on peal tumeda ja helerohelise glasuuriga triibud.  Netokaal: 300 g  NB! Torte ja kooke saab hetkel tellida samaks p\u00e4evaks Tallinna ja selle l\u00e4hi\u00fcmbrusesse. Tartu, P\u00e4rnu, Narva, Rakvere, K\u00e4rdla, J\u00f5hvi, Paide ja Viljandi ning nende l\u00e4hi\u00fcmbrusesse saab tellida j\u00e4rgmiseks p\u00e4evaks.","og_url":"https:\/\/www.iflower.ee\/toode\/pistaatsia-jogurtikook\/","og_site_name":"iFlower","article_modified_time":"2026-05-09T07:31:00+00:00","og_image":[{"width":1587,"height":2245,"url":"https:\/\/www.iflower.ee\/wp-content\/uploads\/2026\/05\/iFlower-taust-17.png","type":"image\/png"}],"twitter_card":"summary_large_image","twitter_misc":{"Est. reading time":"1 minute"},"schema":{"@context":"https:\/\/schema.org","@graph":[{"@type":"WebPage","@id":"https:\/\/www.iflower.ee\/toode\/pistaatsia-jogurtikook\/","url":"https:\/\/www.iflower.ee\/toode\/pistaatsia-jogurtikook\/","name":"Pistaatsia-jogurtikook - iFlower","isPartOf":{"@id":"https:\/\/www.iflower.ee\/#website"},"primaryImageOfPage":{"@id":"https:\/\/www.iflower.ee\/toode\/pistaatsia-jogurtikook\/#primaryimage"},"image":{"@id":"https:\/\/www.iflower.ee\/toode\/pistaatsia-jogurtikook\/#primaryimage"},"thumbnailUrl":"https:\/\/www.iflower.ee\/wp-content\/uploads\/2026\/05\/iFlower-taust-17.png","datePublished":"2026-05-09T07:29:11+00:00","dateModified":"2026-05-09T07:31:00+00:00","breadcrumb":{"@id":"https:\/\/www.iflower.ee\/toode\/pistaatsia-jogurtikook\/#breadcrumb"},"inLanguage":"en-US","potentialAction":[{"@type":"ReadAction","target":["https:\/\/www.iflower.ee\/toode\/pistaatsia-jogurtikook\/"]}]},{"@type":"ImageObject","inLanguage":"en-US","@id":"https:\/\/www.iflower.ee\/toode\/pistaatsia-jogurtikook\/#primaryimage","url":"https:\/\/www.iflower.ee\/wp-content\/uploads\/2026\/05\/iFlower-taust-17.png","contentUrl":"https:\/\/www.iflower.ee\/wp-content\/uploads\/2026\/05\/iFlower-taust-17.png","width":1587,"height":2245},{"@type":"BreadcrumbList","@id":"https:\/\/www.iflower.ee\/toode\/pistaatsia-jogurtikook\/#breadcrumb","itemListElement":[{"@type":"ListItem","position":1,"name":"Pood","item":"https:\/\/www.iflower.ee\/pood\/"},{"@type":"ListItem","position":2,"name":"Pistaatsia-jogurtikook"}]},{"@type":"WebSite","@id":"https:\/\/www.iflower.ee\/#website","url":"https:\/\/www.iflower.ee\/","name":"iFlower","description":"","publisher":{"@id":"https:\/\/www.iflower.ee\/#organization"},"potentialAction":[{"@type":"SearchAction","target":{"@type":"EntryPoint","urlTemplate":"https:\/\/www.iflower.ee\/?s={search_term_string}"},"query-input":{"@type":"PropertyValueSpecification","valueRequired":true,"valueName":"search_term_string"}}],"inLanguage":"en-US"},{"@type":"Organization","@id":"https:\/\/www.iflower.ee\/#organization","name":"iFlower","url":"https:\/\/www.iflower.ee\/","logo":{"@type":"ImageObject","inLanguage":"en-US","@id":"https:\/\/www.iflower.ee\/#\/schema\/logo\/image\/","url":"https:\/\/www.iflower.ee\/wp-content\/uploads\/2022\/04\/iflower.png","contentUrl":"https:\/\/www.iflower.ee\/wp-content\/uploads\/2022\/04\/iflower.png","width":248,"height":71,"caption":"iFlower"},"image":{"@id":"https:\/\/www.iflower.ee\/#\/schema\/logo\/image\/"}}]}},"_links":{"self":[{"href":"https:\/\/www.iflower.ee\/en\/wp-json\/wp\/v2\/product\/62373","targetHints":{"allow":["GET"]}}],"collection":[{"href":"https:\/\/www.iflower.ee\/en\/wp-json\/wp\/v2\/product"}],"about":[{"href":"https:\/\/www.iflower.ee\/en\/wp-json\/wp\/v2\/types\/product"}],"wp:featuredmedia":[{"embeddable":true,"href":"https:\/\/www.iflower.ee\/en\/wp-json\/wp\/v2\/media\/62374"}],"wp:attachment":[{"href":"https:\/\/www.iflower.ee\/en\/wp-json\/wp\/v2\/media?parent=62373"}],"wp:term":[{"taxonomy":"product_brand","embeddable":true,"href":"https:\/\/www.iflower.ee\/en\/wp-json\/wp\/v2\/product_brand?post=62373"},{"taxonomy":"product_cat","embeddable":true,"href":"https:\/\/www.iflower.ee\/en\/wp-json\/wp\/v2\/product_cat?post=62373"},{"taxonomy":"product_tag","embeddable":true,"href":"https:\/\/www.iflower.ee\/en\/wp-json\/wp\/v2\/product_tag?post=62373"}],"curies":[{"name":"wp","href":"https:\/\/api.w.org\/{rel}","templated":true}]}}