{"id":23060,"date":"2021-01-28T09:29:36","date_gmt":"2021-01-28T07:29:36","guid":{"rendered":"https:\/\/www.iflower.ee\/?page_id=23060"},"modified":"2022-11-27T23:26:03","modified_gmt":"2022-11-27T21:26:03","slug":"tietosuojakaytanto","status":"publish","type":"page","link":"https:\/\/www.iflower.ee\/fi\/tietosuojakaytanto\/","title":{"rendered":"Tietosuojak\u00e4yt\u00e4nt\u00f6"},"content":{"rendered":"<p>iFlower on sitoutunut suojaamaan asiakkaidensa ja verkkokauppojensa k\u00e4ytt\u00e4jien yksityisyytt\u00e4 ja on laatinut tietosuojak\u00e4yt\u00e4nn\u00f6n asiakastietojen ker\u00e4\u00e4misest\u00e4, k\u00e4yt\u00f6st\u00e4, paljastamisesta, siirt\u00e4misest\u00e4 ja s\u00e4ilytt\u00e4misest\u00e4.<\/p>\n<p><strong>Henkil\u00f6kohtaisten tietojen ker\u00e4\u00e4minen ja k\u00e4ytt\u00f6<\/strong><\/p>\n<p>1.1 iFlower ker\u00e4\u00e4 henkil\u00f6tietoja verkkokaupan kautta palvelun tarjoamiseksi, jotta voidaan varmistaa tilausten toimittaminen ja velvoitteiden t\u00e4ytt\u00e4minen asiakkaalle. K\u00e4sittelemme asiakkaan yhteystietoja henkil\u00f6tietoina, tarkemmin asiakkaan nimi, postiosoite, puhelinnumero, s\u00e4hk\u00f6postiosoite.<\/p>\n<p>1.2 iFlower ker\u00e4\u00e4 my\u00f6s ei-henkil\u00f6kohtaisia \u200b\u200btietoja, toisin sanoen tietoja, joita ei voida yhdist\u00e4\u00e4 suoraan tiettyihin henkil\u00f6ihin. Ker\u00e4\u00e4mme my\u00f6s tietoja asiakkaiden toiminnasta verkkosivustollamme ja verkkokaupassamme ja k\u00e4yt\u00e4mme sit\u00e4 asiakkaiden mieltymysten selvitt\u00e4miseen.<\/p>\n<p><strong>Henkil\u00f6kohtaisten tietojen k\u00e4ytt\u00f6<\/strong><\/p>\n<p>2.1 Asiakastietoja k\u00e4ytet\u00e4\u00e4n tilausten toimittamisen varmistamiseen ja asiakkaalle verkkokaupasta tehdyn oston yhteydess\u00e4 otettujen velvoitteiden t\u00e4ytt\u00e4miseen. Ei-henkil\u00f6kohtaisia \u200b\u200btietoja k\u00e4ytet\u00e4\u00e4n kiinnostavimpien tuotteiden ja palveluiden kartoittamiseen verkkosivustollamme.<\/p>\n<p>2.2 Voimme k\u00e4ytt\u00e4\u00e4 ker\u00e4ttyj\u00e4 henkil\u00f6tietoja my\u00f6s tiedottaaksemme asiakkaille iFlowerin parhaista tarjouksista uutiskirjeen kautta. Asiakkaalta pyydet\u00e4\u00e4n suostumusta uutiskirjeen tilaamiseen verkkokaupan kassalla. Uutiskirjeen tilaajat voivat poistaa itsens\u00e4 vastaanottajaluettelosta milloin tahansa.<\/p>\n<p><strong>Siirr\u00e4 henkil\u00f6kohtaisia \u200b\u200btietoja<\/strong><\/p>\n<p>3.1 iFlower ei v\u00e4lit\u00e4 ker\u00e4ttyj\u00e4 henkil\u00f6tietoja kolmansille osapuolille.<\/p>\n<p><strong>Tietosuoja<\/strong><\/p>\n<p>4.1 iFlower toteuttaa kaikki varotoimenpiteet, my\u00f6s hallinnolliset ja tekniset, asiakkaan henkil\u00f6tietojen suojaamiseksi. Vain valtuutetuilla henkil\u00f6ill\u00e4 on p\u00e4\u00e4sy tietojen muokkaamiseen ja k\u00e4sittelyyn.<\/p>\n<p><strong>Suojaus<\/strong><\/p>\n<p>5.1 iFlower-verkkokaupasta tehtyjen tilausten yhteydess\u00e4 ker\u00e4ttyj\u00e4 henkil\u00f6tietoja k\u00e4sitell\u00e4\u00e4n luottamuksellisina tiedoina. Salattu tietoliikennekanava pankkien kanssa varmistaa ostajan henkil\u00f6tietojen ja pankkitietojen turvallisuuden.<\/p>\n<p>Tietosuojak\u00e4yt\u00e4nn\u00f6n ehdot ja muutokset<\/p>\n<p>iFlower pid\u00e4tt\u00e4\u00e4 oikeuden muuttaa t\u00e4m\u00e4n tietosuojak\u00e4yt\u00e4nn\u00f6n ehtoja ilmoittamalla siit\u00e4 asiakkailleen.<\/p>\n<p>Jos sinulla on kysytt\u00e4v\u00e4\u00e4 tietosuojak\u00e4yt\u00e4nn\u00f6st\u00e4, ota meihin yhteytt\u00e4 s\u00e4hk\u00f6postitse info@iflower.ee<\/p>\n<p>Katso my\u00f6s tilausehdot.<\/p>\n","protected":false},"excerpt":{"rendered":"<p>iFlower on sitoutunut suojaamaan asiakkaidensa ja verkkokauppojensa k\u00e4ytt\u00e4jien yksityisyytt\u00e4 ja on laatinut tietosuojak\u00e4yt\u00e4nn\u00f6n asiakastietojen ker\u00e4\u00e4misest\u00e4, k\u00e4yt\u00f6st\u00e4, paljastamisesta, siirt\u00e4misest\u00e4 ja s\u00e4ilytt\u00e4misest\u00e4. Henkil\u00f6kohtaisten tietojen ker\u00e4\u00e4minen ja k\u00e4ytt\u00f6 1.1 iFlower ker\u00e4\u00e4 henkil\u00f6tietoja verkkokaupan kautta palvelun tarjoamiseksi, jotta voidaan varmistaa tilausten toimittaminen ja velvoitteiden t\u00e4ytt\u00e4minen asiakkaalle. K\u00e4sittelemme asiakkaan yhteystietoja henkil\u00f6tietoina, tarkemmin asiakkaan nimi, postiosoite, puhelinnumero, s\u00e4hk\u00f6postiosoite. 1.2 iFlower ker\u00e4\u00e4 [&hellip;]<\/p>\n","protected":false},"author":1039,"featured_media":0,"parent":0,"menu_order":0,"comment_status":"closed","ping_status":"closed","template":"","meta":{"_acf_changed":false,"footnotes":""},"class_list":["post-23060","page","type-page","status-publish","hentry"],"acf":[],"yoast_head":"<!-- This site is optimized with the Yoast SEO plugin v26.8 - https:\/\/yoast.com\/product\/yoast-seo-wordpress\/ -->\n<title>Tietosuojak\u00e4yt\u00e4nt\u00f6 - iFlower<\/title>\n<meta name=\"robots\" content=\"index, follow, max-snippet:-1, max-image-preview:large, max-video-preview:-1\" \/>\n<link rel=\"canonical\" href=\"https:\/\/www.iflower.ee\/fi\/tietosuojakaytanto\/\" \/>\n<meta property=\"og:locale\" content=\"fi_FI\" \/>\n<meta property=\"og:type\" content=\"article\" \/>\n<meta property=\"og:title\" content=\"Tietosuojak\u00e4yt\u00e4nt\u00f6 - iFlower\" \/>\n<meta property=\"og:description\" content=\"iFlower on sitoutunut suojaamaan asiakkaidensa ja verkkokauppojensa k\u00e4ytt\u00e4jien yksityisyytt\u00e4 ja on laatinut tietosuojak\u00e4yt\u00e4nn\u00f6n asiakastietojen ker\u00e4\u00e4misest\u00e4, k\u00e4yt\u00f6st\u00e4, paljastamisesta, siirt\u00e4misest\u00e4 ja s\u00e4ilytt\u00e4misest\u00e4. Henkil\u00f6kohtaisten tietojen ker\u00e4\u00e4minen ja k\u00e4ytt\u00f6 1.1 iFlower ker\u00e4\u00e4 henkil\u00f6tietoja verkkokaupan kautta palvelun tarjoamiseksi, jotta voidaan varmistaa tilausten toimittaminen ja velvoitteiden t\u00e4ytt\u00e4minen asiakkaalle. K\u00e4sittelemme asiakkaan yhteystietoja henkil\u00f6tietoina, tarkemmin asiakkaan nimi, postiosoite, puhelinnumero, s\u00e4hk\u00f6postiosoite. 1.2 iFlower ker\u00e4\u00e4 [&hellip;]\" \/>\n<meta property=\"og:url\" content=\"https:\/\/www.iflower.ee\/fi\/tietosuojakaytanto\/\" \/>\n<meta property=\"og:site_name\" content=\"iFlower\" \/>\n<meta property=\"article:modified_time\" content=\"2022-11-27T21:26:03+00:00\" \/>\n<meta name=\"twitter:card\" content=\"summary_large_image\" \/>\n<meta name=\"twitter:label1\" content=\"Arvioitu lukuaika\" \/>\n\t<meta name=\"twitter:data1\" content=\"2 minuuttia\" \/>\n<script type=\"application\/ld+json\" class=\"yoast-schema-graph\">{\"@context\":\"https:\/\/schema.org\",\"@graph\":[{\"@type\":\"WebPage\",\"@id\":\"https:\/\/www.iflower.ee\/fi\/tietosuojakaytanto\/\",\"url\":\"https:\/\/www.iflower.ee\/fi\/tietosuojakaytanto\/\",\"name\":\"Tietosuojak\u00e4yt\u00e4nt\u00f6 - iFlower\",\"isPartOf\":{\"@id\":\"https:\/\/www.iflower.ee\/#website\"},\"datePublished\":\"2021-01-28T07:29:36+00:00\",\"dateModified\":\"2022-11-27T21:26:03+00:00\",\"inLanguage\":\"fi\",\"potentialAction\":[{\"@type\":\"ReadAction\",\"target\":[\"https:\/\/www.iflower.ee\/fi\/tietosuojakaytanto\/\"]}]},{\"@type\":\"WebSite\",\"@id\":\"https:\/\/www.iflower.ee\/#website\",\"url\":\"https:\/\/www.iflower.ee\/\",\"name\":\"iFlower\",\"description\":\"\",\"publisher\":{\"@id\":\"https:\/\/www.iflower.ee\/#organization\"},\"potentialAction\":[{\"@type\":\"SearchAction\",\"target\":{\"@type\":\"EntryPoint\",\"urlTemplate\":\"https:\/\/www.iflower.ee\/?s={search_term_string}\"},\"query-input\":{\"@type\":\"PropertyValueSpecification\",\"valueRequired\":true,\"valueName\":\"search_term_string\"}}],\"inLanguage\":\"fi\"},{\"@type\":\"Organization\",\"@id\":\"https:\/\/www.iflower.ee\/#organization\",\"name\":\"iFlower\",\"url\":\"https:\/\/www.iflower.ee\/\",\"logo\":{\"@type\":\"ImageObject\",\"inLanguage\":\"fi\",\"@id\":\"https:\/\/www.iflower.ee\/#\/schema\/logo\/image\/\",\"url\":\"https:\/\/www.iflower.ee\/wp-content\/uploads\/2022\/04\/iflower.png\",\"contentUrl\":\"https:\/\/www.iflower.ee\/wp-content\/uploads\/2022\/04\/iflower.png\",\"width\":248,\"height\":71,\"caption\":\"iFlower\"},\"image\":{\"@id\":\"https:\/\/www.iflower.ee\/#\/schema\/logo\/image\/\"}}]}<\/script>\n<!-- \/ Yoast SEO plugin. -->","yoast_head_json":{"title":"Tietosuojak\u00e4yt\u00e4nt\u00f6 - iFlower","robots":{"index":"index","follow":"follow","max-snippet":"max-snippet:-1","max-image-preview":"max-image-preview:large","max-video-preview":"max-video-preview:-1"},"canonical":"https:\/\/www.iflower.ee\/fi\/tietosuojakaytanto\/","og_locale":"fi_FI","og_type":"article","og_title":"Tietosuojak\u00e4yt\u00e4nt\u00f6 - iFlower","og_description":"iFlower on sitoutunut suojaamaan asiakkaidensa ja verkkokauppojensa k\u00e4ytt\u00e4jien yksityisyytt\u00e4 ja on laatinut tietosuojak\u00e4yt\u00e4nn\u00f6n asiakastietojen ker\u00e4\u00e4misest\u00e4, k\u00e4yt\u00f6st\u00e4, paljastamisesta, siirt\u00e4misest\u00e4 ja s\u00e4ilytt\u00e4misest\u00e4. Henkil\u00f6kohtaisten tietojen ker\u00e4\u00e4minen ja k\u00e4ytt\u00f6 1.1 iFlower ker\u00e4\u00e4 henkil\u00f6tietoja verkkokaupan kautta palvelun tarjoamiseksi, jotta voidaan varmistaa tilausten toimittaminen ja velvoitteiden t\u00e4ytt\u00e4minen asiakkaalle. K\u00e4sittelemme asiakkaan yhteystietoja henkil\u00f6tietoina, tarkemmin asiakkaan nimi, postiosoite, puhelinnumero, s\u00e4hk\u00f6postiosoite. 1.2 iFlower ker\u00e4\u00e4 [&hellip;]","og_url":"https:\/\/www.iflower.ee\/fi\/tietosuojakaytanto\/","og_site_name":"iFlower","article_modified_time":"2022-11-27T21:26:03+00:00","twitter_card":"summary_large_image","twitter_misc":{"Arvioitu lukuaika":"2 minuuttia"},"schema":{"@context":"https:\/\/schema.org","@graph":[{"@type":"WebPage","@id":"https:\/\/www.iflower.ee\/fi\/tietosuojakaytanto\/","url":"https:\/\/www.iflower.ee\/fi\/tietosuojakaytanto\/","name":"Tietosuojak\u00e4yt\u00e4nt\u00f6 - iFlower","isPartOf":{"@id":"https:\/\/www.iflower.ee\/#website"},"datePublished":"2021-01-28T07:29:36+00:00","dateModified":"2022-11-27T21:26:03+00:00","inLanguage":"fi","potentialAction":[{"@type":"ReadAction","target":["https:\/\/www.iflower.ee\/fi\/tietosuojakaytanto\/"]}]},{"@type":"WebSite","@id":"https:\/\/www.iflower.ee\/#website","url":"https:\/\/www.iflower.ee\/","name":"iFlower","description":"","publisher":{"@id":"https:\/\/www.iflower.ee\/#organization"},"potentialAction":[{"@type":"SearchAction","target":{"@type":"EntryPoint","urlTemplate":"https:\/\/www.iflower.ee\/?s={search_term_string}"},"query-input":{"@type":"PropertyValueSpecification","valueRequired":true,"valueName":"search_term_string"}}],"inLanguage":"fi"},{"@type":"Organization","@id":"https:\/\/www.iflower.ee\/#organization","name":"iFlower","url":"https:\/\/www.iflower.ee\/","logo":{"@type":"ImageObject","inLanguage":"fi","@id":"https:\/\/www.iflower.ee\/#\/schema\/logo\/image\/","url":"https:\/\/www.iflower.ee\/wp-content\/uploads\/2022\/04\/iflower.png","contentUrl":"https:\/\/www.iflower.ee\/wp-content\/uploads\/2022\/04\/iflower.png","width":248,"height":71,"caption":"iFlower"},"image":{"@id":"https:\/\/www.iflower.ee\/#\/schema\/logo\/image\/"}}]}},"_links":{"self":[{"href":"https:\/\/www.iflower.ee\/fi\/wp-json\/wp\/v2\/pages\/23060","targetHints":{"allow":["GET"]}}],"collection":[{"href":"https:\/\/www.iflower.ee\/fi\/wp-json\/wp\/v2\/pages"}],"about":[{"href":"https:\/\/www.iflower.ee\/fi\/wp-json\/wp\/v2\/types\/page"}],"author":[{"embeddable":true,"href":"https:\/\/www.iflower.ee\/fi\/wp-json\/wp\/v2\/users\/1039"}],"replies":[{"embeddable":true,"href":"https:\/\/www.iflower.ee\/fi\/wp-json\/wp\/v2\/comments?post=23060"}],"version-history":[{"count":2,"href":"https:\/\/www.iflower.ee\/fi\/wp-json\/wp\/v2\/pages\/23060\/revisions"}],"predecessor-version":[{"id":38736,"href":"https:\/\/www.iflower.ee\/fi\/wp-json\/wp\/v2\/pages\/23060\/revisions\/38736"}],"wp:attachment":[{"href":"https:\/\/www.iflower.ee\/fi\/wp-json\/wp\/v2\/media?parent=23060"}],"curies":[{"name":"wp","href":"https:\/\/api.w.org\/{rel}","templated":true}]}}