{"id":21699,"date":"2019-09-11T13:27:55","date_gmt":"2021-01-26T08:57:35","guid":{"rendered":"https:\/\/www.iflower.ee\/toode\/pikkupojalle\/"},"modified":"2021-03-11T11:00:36","modified_gmt":"2021-03-11T09:00:36","slug":"pikkupojalle","status":"publish","type":"product","link":"https:\/\/www.iflower.ee\/fi\/toode\/pikkupojalle\/","title":{"rendered":"Pikkupojalle"},"content":{"rendered":"","protected":false},"excerpt":{"rendered":"<p>Nukkuvat ruusut ovat 100% aitoja ruusuja, jotka asianmukaisella huollolla pysyv\u00e4t aidon kauniina jopa vuoden. Ruusut tuodaan vakaan tilaan ja varastoidaan erityist\u00e4 tekniikkaa k\u00e4ytt\u00e4en. Luonnollinen kosteus poistetaan ruusuista ja korvataan glyseriinill\u00e4. T\u00e4m\u00e4 prosessi varmistaa, ett\u00e4 ruusu s\u00e4ilytt\u00e4\u00e4 luonnollisen ulkon\u00e4\u00f6n ja muodon. Ruusuja k\u00e4sitell\u00e4\u00e4n kasvi- ja biohajoavilla nesteill\u00e4. Mit\u00e4\u00e4n myrkyllisi\u00e4 ainesosia ei k\u00e4ytet\u00e4.<br \/>\nNukkuvia ruusuja ei saa kastella, asettaa suoraan auringonvaloon tai poistaa laatikosta. My\u00f6s kukkien p\u00e4\u00e4lle ei saa asettaa mit\u00e4\u00e4n. Nukkuvia ruusuja tulee pit\u00e4\u00e4 vain sis\u00e4tiloissa ja silloin t\u00e4ll\u00f6in pyyhk\u00e4ist\u00e4 p\u00f6lyt. Kukkalaatikko S (8 ruusua), M (12 ruusua) ja L (14 ruusua).<\/p>\n","protected":false},"featured_media":22505,"template":"","meta":{"_acf_changed":false},"product_brand":[],"product_cat":[347,373],"product_tag":[],"class_list":{"0":"post-21699","1":"product","2":"type-product","3":"status-publish","4":"has-post-thumbnail","6":"product_cat-lapsen-syntyma","7":"product_cat-nukkuvat-ruusut","9":"first","10":"instock","11":"taxable","12":"shipping-taxable","13":"purchasable","14":"product-type-simple"},"acf":[],"yoast_head":"<!-- This site is optimized with the Yoast SEO plugin v26.8 - https:\/\/yoast.com\/product\/yoast-seo-wordpress\/ -->\n<title>Pikkupojalle - iFlower<\/title>\n<meta name=\"robots\" content=\"index, follow, max-snippet:-1, max-image-preview:large, max-video-preview:-1\" \/>\n<link rel=\"canonical\" href=\"https:\/\/www.iflower.ee\/fi\/toode\/pikkupojalle\/\" \/>\n<meta property=\"og:locale\" content=\"fi_FI\" \/>\n<meta property=\"og:type\" content=\"article\" \/>\n<meta property=\"og:title\" content=\"Pikkupojalle - iFlower\" \/>\n<meta property=\"og:description\" content=\"Nukkuvat ruusut ovat 100% aitoja ruusuja, jotka asianmukaisella huollolla pysyv\u00e4t aidon kauniina jopa vuoden. Ruusut tuodaan vakaan tilaan ja varastoidaan erityist\u00e4 tekniikkaa k\u00e4ytt\u00e4en. Luonnollinen kosteus poistetaan ruusuista ja korvataan glyseriinill\u00e4. T\u00e4m\u00e4 prosessi varmistaa, ett\u00e4 ruusu s\u00e4ilytt\u00e4\u00e4 luonnollisen ulkon\u00e4\u00f6n ja muodon. Ruusuja k\u00e4sitell\u00e4\u00e4n kasvi- ja biohajoavilla nesteill\u00e4. Mit\u00e4\u00e4n myrkyllisi\u00e4 ainesosia ei k\u00e4ytet\u00e4. Nukkuvia ruusuja ei saa kastella, asettaa suoraan auringonvaloon tai poistaa laatikosta. My\u00f6s kukkien p\u00e4\u00e4lle ei saa asettaa mit\u00e4\u00e4n. Nukkuvia ruusuja tulee pit\u00e4\u00e4 vain sis\u00e4tiloissa ja silloin t\u00e4ll\u00f6in pyyhk\u00e4ist\u00e4 p\u00f6lyt. Kukkalaatikko S (8 ruusua), M (12 ruusua) ja L (14 ruusua).\" \/>\n<meta property=\"og:url\" content=\"https:\/\/www.iflower.ee\/fi\/toode\/pikkupojalle\/\" \/>\n<meta property=\"og:site_name\" content=\"iFlower\" \/>\n<meta property=\"article:modified_time\" content=\"2021-03-11T09:00:36+00:00\" \/>\n<meta property=\"og:image\" content=\"https:\/\/www.iflower.ee\/wp-content\/uploads\/2018\/09\/DSCF5481.jpg\" \/>\n\t<meta property=\"og:image:width\" content=\"1000\" \/>\n\t<meta property=\"og:image:height\" content=\"1500\" \/>\n\t<meta property=\"og:image:type\" content=\"image\/jpeg\" \/>\n<meta name=\"twitter:card\" content=\"summary_large_image\" \/>\n<script type=\"application\/ld+json\" class=\"yoast-schema-graph\">{\"@context\":\"https:\/\/schema.org\",\"@graph\":[{\"@type\":\"WebPage\",\"@id\":\"https:\/\/www.iflower.ee\/fi\/toode\/pikkupojalle\/\",\"url\":\"https:\/\/www.iflower.ee\/fi\/toode\/pikkupojalle\/\",\"name\":\"Pikkupojalle - iFlower\",\"isPartOf\":{\"@id\":\"https:\/\/www.iflower.ee\/#website\"},\"primaryImageOfPage\":{\"@id\":\"https:\/\/www.iflower.ee\/fi\/toode\/pikkupojalle\/#primaryimage\"},\"image\":{\"@id\":\"https:\/\/www.iflower.ee\/fi\/toode\/pikkupojalle\/#primaryimage\"},\"thumbnailUrl\":\"https:\/\/www.iflower.ee\/wp-content\/uploads\/2018\/09\/DSCF5481.jpg\",\"datePublished\":\"2021-01-26T08:57:35+00:00\",\"dateModified\":\"2021-03-11T09:00:36+00:00\",\"breadcrumb\":{\"@id\":\"https:\/\/www.iflower.ee\/fi\/toode\/pikkupojalle\/#breadcrumb\"},\"inLanguage\":\"fi\",\"potentialAction\":[{\"@type\":\"ReadAction\",\"target\":[\"https:\/\/www.iflower.ee\/fi\/toode\/pikkupojalle\/\"]}]},{\"@type\":\"ImageObject\",\"inLanguage\":\"fi\",\"@id\":\"https:\/\/www.iflower.ee\/fi\/toode\/pikkupojalle\/#primaryimage\",\"url\":\"https:\/\/www.iflower.ee\/wp-content\/uploads\/2018\/09\/DSCF5481.jpg\",\"contentUrl\":\"https:\/\/www.iflower.ee\/wp-content\/uploads\/2018\/09\/DSCF5481.jpg\",\"width\":1000,\"height\":1500},{\"@type\":\"BreadcrumbList\",\"@id\":\"https:\/\/www.iflower.ee\/fi\/toode\/pikkupojalle\/#breadcrumb\",\"itemListElement\":[{\"@type\":\"ListItem\",\"position\":1,\"name\":\"Pood\",\"item\":\"https:\/\/www.iflower.ee\/pood\/\"},{\"@type\":\"ListItem\",\"position\":2,\"name\":\"Pikkupojalle\"}]},{\"@type\":\"WebSite\",\"@id\":\"https:\/\/www.iflower.ee\/#website\",\"url\":\"https:\/\/www.iflower.ee\/\",\"name\":\"iFlower\",\"description\":\"\",\"publisher\":{\"@id\":\"https:\/\/www.iflower.ee\/#organization\"},\"potentialAction\":[{\"@type\":\"SearchAction\",\"target\":{\"@type\":\"EntryPoint\",\"urlTemplate\":\"https:\/\/www.iflower.ee\/?s={search_term_string}\"},\"query-input\":{\"@type\":\"PropertyValueSpecification\",\"valueRequired\":true,\"valueName\":\"search_term_string\"}}],\"inLanguage\":\"fi\"},{\"@type\":\"Organization\",\"@id\":\"https:\/\/www.iflower.ee\/#organization\",\"name\":\"iFlower\",\"url\":\"https:\/\/www.iflower.ee\/\",\"logo\":{\"@type\":\"ImageObject\",\"inLanguage\":\"fi\",\"@id\":\"https:\/\/www.iflower.ee\/#\/schema\/logo\/image\/\",\"url\":\"https:\/\/www.iflower.ee\/wp-content\/uploads\/2022\/04\/iflower.png\",\"contentUrl\":\"https:\/\/www.iflower.ee\/wp-content\/uploads\/2022\/04\/iflower.png\",\"width\":248,\"height\":71,\"caption\":\"iFlower\"},\"image\":{\"@id\":\"https:\/\/www.iflower.ee\/#\/schema\/logo\/image\/\"}}]}<\/script>\n<!-- \/ Yoast SEO plugin. -->","yoast_head_json":{"title":"Pikkupojalle - iFlower","robots":{"index":"index","follow":"follow","max-snippet":"max-snippet:-1","max-image-preview":"max-image-preview:large","max-video-preview":"max-video-preview:-1"},"canonical":"https:\/\/www.iflower.ee\/fi\/toode\/pikkupojalle\/","og_locale":"fi_FI","og_type":"article","og_title":"Pikkupojalle - iFlower","og_description":"Nukkuvat ruusut ovat 100% aitoja ruusuja, jotka asianmukaisella huollolla pysyv\u00e4t aidon kauniina jopa vuoden. Ruusut tuodaan vakaan tilaan ja varastoidaan erityist\u00e4 tekniikkaa k\u00e4ytt\u00e4en. Luonnollinen kosteus poistetaan ruusuista ja korvataan glyseriinill\u00e4. T\u00e4m\u00e4 prosessi varmistaa, ett\u00e4 ruusu s\u00e4ilytt\u00e4\u00e4 luonnollisen ulkon\u00e4\u00f6n ja muodon. Ruusuja k\u00e4sitell\u00e4\u00e4n kasvi- ja biohajoavilla nesteill\u00e4. Mit\u00e4\u00e4n myrkyllisi\u00e4 ainesosia ei k\u00e4ytet\u00e4. Nukkuvia ruusuja ei saa kastella, asettaa suoraan auringonvaloon tai poistaa laatikosta. My\u00f6s kukkien p\u00e4\u00e4lle ei saa asettaa mit\u00e4\u00e4n. Nukkuvia ruusuja tulee pit\u00e4\u00e4 vain sis\u00e4tiloissa ja silloin t\u00e4ll\u00f6in pyyhk\u00e4ist\u00e4 p\u00f6lyt. Kukkalaatikko S (8 ruusua), M (12 ruusua) ja L (14 ruusua).","og_url":"https:\/\/www.iflower.ee\/fi\/toode\/pikkupojalle\/","og_site_name":"iFlower","article_modified_time":"2021-03-11T09:00:36+00:00","og_image":[{"width":1000,"height":1500,"url":"https:\/\/www.iflower.ee\/wp-content\/uploads\/2018\/09\/DSCF5481.jpg","type":"image\/jpeg"}],"twitter_card":"summary_large_image","schema":{"@context":"https:\/\/schema.org","@graph":[{"@type":"WebPage","@id":"https:\/\/www.iflower.ee\/fi\/toode\/pikkupojalle\/","url":"https:\/\/www.iflower.ee\/fi\/toode\/pikkupojalle\/","name":"Pikkupojalle - iFlower","isPartOf":{"@id":"https:\/\/www.iflower.ee\/#website"},"primaryImageOfPage":{"@id":"https:\/\/www.iflower.ee\/fi\/toode\/pikkupojalle\/#primaryimage"},"image":{"@id":"https:\/\/www.iflower.ee\/fi\/toode\/pikkupojalle\/#primaryimage"},"thumbnailUrl":"https:\/\/www.iflower.ee\/wp-content\/uploads\/2018\/09\/DSCF5481.jpg","datePublished":"2021-01-26T08:57:35+00:00","dateModified":"2021-03-11T09:00:36+00:00","breadcrumb":{"@id":"https:\/\/www.iflower.ee\/fi\/toode\/pikkupojalle\/#breadcrumb"},"inLanguage":"fi","potentialAction":[{"@type":"ReadAction","target":["https:\/\/www.iflower.ee\/fi\/toode\/pikkupojalle\/"]}]},{"@type":"ImageObject","inLanguage":"fi","@id":"https:\/\/www.iflower.ee\/fi\/toode\/pikkupojalle\/#primaryimage","url":"https:\/\/www.iflower.ee\/wp-content\/uploads\/2018\/09\/DSCF5481.jpg","contentUrl":"https:\/\/www.iflower.ee\/wp-content\/uploads\/2018\/09\/DSCF5481.jpg","width":1000,"height":1500},{"@type":"BreadcrumbList","@id":"https:\/\/www.iflower.ee\/fi\/toode\/pikkupojalle\/#breadcrumb","itemListElement":[{"@type":"ListItem","position":1,"name":"Pood","item":"https:\/\/www.iflower.ee\/pood\/"},{"@type":"ListItem","position":2,"name":"Pikkupojalle"}]},{"@type":"WebSite","@id":"https:\/\/www.iflower.ee\/#website","url":"https:\/\/www.iflower.ee\/","name":"iFlower","description":"","publisher":{"@id":"https:\/\/www.iflower.ee\/#organization"},"potentialAction":[{"@type":"SearchAction","target":{"@type":"EntryPoint","urlTemplate":"https:\/\/www.iflower.ee\/?s={search_term_string}"},"query-input":{"@type":"PropertyValueSpecification","valueRequired":true,"valueName":"search_term_string"}}],"inLanguage":"fi"},{"@type":"Organization","@id":"https:\/\/www.iflower.ee\/#organization","name":"iFlower","url":"https:\/\/www.iflower.ee\/","logo":{"@type":"ImageObject","inLanguage":"fi","@id":"https:\/\/www.iflower.ee\/#\/schema\/logo\/image\/","url":"https:\/\/www.iflower.ee\/wp-content\/uploads\/2022\/04\/iflower.png","contentUrl":"https:\/\/www.iflower.ee\/wp-content\/uploads\/2022\/04\/iflower.png","width":248,"height":71,"caption":"iFlower"},"image":{"@id":"https:\/\/www.iflower.ee\/#\/schema\/logo\/image\/"}}]}},"_links":{"self":[{"href":"https:\/\/www.iflower.ee\/fi\/wp-json\/wp\/v2\/product\/21699","targetHints":{"allow":["GET"]}}],"collection":[{"href":"https:\/\/www.iflower.ee\/fi\/wp-json\/wp\/v2\/product"}],"about":[{"href":"https:\/\/www.iflower.ee\/fi\/wp-json\/wp\/v2\/types\/product"}],"wp:featuredmedia":[{"embeddable":true,"href":"https:\/\/www.iflower.ee\/fi\/wp-json\/wp\/v2\/media\/22505"}],"wp:attachment":[{"href":"https:\/\/www.iflower.ee\/fi\/wp-json\/wp\/v2\/media?parent=21699"}],"wp:term":[{"taxonomy":"product_brand","embeddable":true,"href":"https:\/\/www.iflower.ee\/fi\/wp-json\/wp\/v2\/product_brand?post=21699"},{"taxonomy":"product_cat","embeddable":true,"href":"https:\/\/www.iflower.ee\/fi\/wp-json\/wp\/v2\/product_cat?post=21699"},{"taxonomy":"product_tag","embeddable":true,"href":"https:\/\/www.iflower.ee\/fi\/wp-json\/wp\/v2\/product_tag?post=21699"}],"curies":[{"name":"wp","href":"https:\/\/api.w.org\/{rel}","templated":true}]}}