{"id":21745,"date":"2019-11-18T16:30:03","date_gmt":"2021-01-26T08:57:53","guid":{"rendered":"https:\/\/www.iflower.ee\/toode\/tuoksukynttila-kaksoset\/"},"modified":"2023-05-22T15:25:06","modified_gmt":"2023-05-22T12:25:06","slug":"tuoksukynttila-kaksoset","status":"publish","type":"product","link":"https:\/\/www.iflower.ee\/fi\/toode\/tuoksukynttila-kaksoset\/","title":{"rendered":"Tuoksukynttil\u00e4 KAKSOSET"},"content":{"rendered":"","protected":false},"excerpt":{"rendered":"<p><strong>TUOTTEEN KUVAUS<\/strong><\/p>\n<ul>\n<li>100% luonollinen rypsikynttil\u00e4, k\u00e4sintehty\u00e4 Virossa<\/li>\n<li>Kynttil\u00f6ill\u00e4 on tuoksuva, raikas, pehme\u00e4, kukkainen aromi, jolla on l\u00e4mmin sitrushedelmien pohja<\/li>\n<li>Palamisaika: 30h<\/li>\n<li>Paino: 170g<\/li>\n<li>V\u00e4ri: Musta<\/li>\n<li>Ainekset: Rypsi-vaha<\/li>\n<\/ul>\n<p><strong>KYNTTIL\u00c4N KOKO<\/strong><\/p>\n<ul>\n<li>korkeus 9 cm<\/li>\n<li>halkaisija 7,7 cm<\/li>\n<\/ul>\n<p>Tuotekokoelman kynttil\u00e4t ovat kaikki samanlaisia, vain v\u00e4ri ja muoto vaihtelee.<\/p>\n","protected":false},"featured_media":22674,"template":"","meta":{"_acf_changed":false},"product_brand":[],"product_cat":[345],"product_tag":[],"class_list":{"0":"post-21745","1":"product","2":"type-product","3":"status-publish","4":"has-post-thumbnail","6":"product_cat-koti-ja-spa","7":"wcpis-has-gallery","9":"first","10":"instock","11":"taxable","12":"shipping-taxable","13":"purchasable","14":"product-type-variable","15":"has-default-attributes"},"acf":[],"yoast_head":"<!-- This site is optimized with the Yoast SEO plugin v26.8 - https:\/\/yoast.com\/product\/yoast-seo-wordpress\/ -->\n<title>Tuoksukynttil\u00e4 KAKSOSET - iFlower<\/title>\n<meta name=\"robots\" content=\"index, follow, max-snippet:-1, max-image-preview:large, max-video-preview:-1\" \/>\n<link rel=\"canonical\" href=\"https:\/\/www.iflower.ee\/fi\/toode\/tuoksukynttila-kaksoset\/\" \/>\n<meta property=\"og:locale\" content=\"fi_FI\" \/>\n<meta property=\"og:type\" content=\"article\" \/>\n<meta property=\"og:title\" content=\"Tuoksukynttil\u00e4 KAKSOSET - iFlower\" \/>\n<meta property=\"og:description\" content=\"TUOTTEEN KUVAUS  100% luonollinen rypsikynttil\u00e4, k\u00e4sintehty\u00e4 Virossa  Kynttil\u00f6ill\u00e4 on tuoksuva, raikas, pehme\u00e4, kukkainen aromi, jolla on l\u00e4mmin sitrushedelmien pohja  Palamisaika: 30h  Paino: 170g  V\u00e4ri: Musta  Ainekset: Rypsi-vaha KYNTTIL\u00c4N KOKO  korkeus 9 cm  halkaisija 7,7 cm Tuotekokoelman kynttil\u00e4t ovat kaikki samanlaisia, vain v\u00e4ri ja muoto vaihtelee.\" \/>\n<meta property=\"og:url\" content=\"https:\/\/www.iflower.ee\/fi\/toode\/tuoksukynttila-kaksoset\/\" \/>\n<meta property=\"og:site_name\" content=\"iFlower\" \/>\n<meta property=\"article:modified_time\" content=\"2023-05-22T12:25:06+00:00\" \/>\n<meta property=\"og:image\" content=\"https:\/\/www.iflower.ee\/wp-content\/uploads\/2019\/11\/Kaif-5655.jpg\" \/>\n\t<meta property=\"og:image:width\" content=\"1000\" \/>\n\t<meta property=\"og:image:height\" content=\"1500\" \/>\n\t<meta property=\"og:image:type\" content=\"image\/jpeg\" \/>\n<meta name=\"twitter:card\" content=\"summary_large_image\" \/>\n<script type=\"application\/ld+json\" class=\"yoast-schema-graph\">{\"@context\":\"https:\/\/schema.org\",\"@graph\":[{\"@type\":\"WebPage\",\"@id\":\"https:\/\/www.iflower.ee\/fi\/toode\/tuoksukynttila-kaksoset\/\",\"url\":\"https:\/\/www.iflower.ee\/fi\/toode\/tuoksukynttila-kaksoset\/\",\"name\":\"Tuoksukynttil\u00e4 KAKSOSET - iFlower\",\"isPartOf\":{\"@id\":\"https:\/\/www.iflower.ee\/#website\"},\"primaryImageOfPage\":{\"@id\":\"https:\/\/www.iflower.ee\/fi\/toode\/tuoksukynttila-kaksoset\/#primaryimage\"},\"image\":{\"@id\":\"https:\/\/www.iflower.ee\/fi\/toode\/tuoksukynttila-kaksoset\/#primaryimage\"},\"thumbnailUrl\":\"https:\/\/www.iflower.ee\/wp-content\/uploads\/2019\/11\/Kaif-5655.jpg\",\"datePublished\":\"2021-01-26T08:57:53+00:00\",\"dateModified\":\"2023-05-22T12:25:06+00:00\",\"breadcrumb\":{\"@id\":\"https:\/\/www.iflower.ee\/fi\/toode\/tuoksukynttila-kaksoset\/#breadcrumb\"},\"inLanguage\":\"fi\",\"potentialAction\":[{\"@type\":\"ReadAction\",\"target\":[\"https:\/\/www.iflower.ee\/fi\/toode\/tuoksukynttila-kaksoset\/\"]}]},{\"@type\":\"ImageObject\",\"inLanguage\":\"fi\",\"@id\":\"https:\/\/www.iflower.ee\/fi\/toode\/tuoksukynttila-kaksoset\/#primaryimage\",\"url\":\"https:\/\/www.iflower.ee\/wp-content\/uploads\/2019\/11\/Kaif-5655.jpg\",\"contentUrl\":\"https:\/\/www.iflower.ee\/wp-content\/uploads\/2019\/11\/Kaif-5655.jpg\",\"width\":1000,\"height\":1500},{\"@type\":\"BreadcrumbList\",\"@id\":\"https:\/\/www.iflower.ee\/fi\/toode\/tuoksukynttila-kaksoset\/#breadcrumb\",\"itemListElement\":[{\"@type\":\"ListItem\",\"position\":1,\"name\":\"Pood\",\"item\":\"https:\/\/www.iflower.ee\/pood\/\"},{\"@type\":\"ListItem\",\"position\":2,\"name\":\"Tuoksukynttil\u00e4 KAKSOSET\"}]},{\"@type\":\"WebSite\",\"@id\":\"https:\/\/www.iflower.ee\/#website\",\"url\":\"https:\/\/www.iflower.ee\/\",\"name\":\"iFlower\",\"description\":\"\",\"publisher\":{\"@id\":\"https:\/\/www.iflower.ee\/#organization\"},\"potentialAction\":[{\"@type\":\"SearchAction\",\"target\":{\"@type\":\"EntryPoint\",\"urlTemplate\":\"https:\/\/www.iflower.ee\/?s={search_term_string}\"},\"query-input\":{\"@type\":\"PropertyValueSpecification\",\"valueRequired\":true,\"valueName\":\"search_term_string\"}}],\"inLanguage\":\"fi\"},{\"@type\":\"Organization\",\"@id\":\"https:\/\/www.iflower.ee\/#organization\",\"name\":\"iFlower\",\"url\":\"https:\/\/www.iflower.ee\/\",\"logo\":{\"@type\":\"ImageObject\",\"inLanguage\":\"fi\",\"@id\":\"https:\/\/www.iflower.ee\/#\/schema\/logo\/image\/\",\"url\":\"https:\/\/www.iflower.ee\/wp-content\/uploads\/2022\/04\/iflower.png\",\"contentUrl\":\"https:\/\/www.iflower.ee\/wp-content\/uploads\/2022\/04\/iflower.png\",\"width\":248,\"height\":71,\"caption\":\"iFlower\"},\"image\":{\"@id\":\"https:\/\/www.iflower.ee\/#\/schema\/logo\/image\/\"}}]}<\/script>\n<!-- \/ Yoast SEO plugin. -->","yoast_head_json":{"title":"Tuoksukynttil\u00e4 KAKSOSET - iFlower","robots":{"index":"index","follow":"follow","max-snippet":"max-snippet:-1","max-image-preview":"max-image-preview:large","max-video-preview":"max-video-preview:-1"},"canonical":"https:\/\/www.iflower.ee\/fi\/toode\/tuoksukynttila-kaksoset\/","og_locale":"fi_FI","og_type":"article","og_title":"Tuoksukynttil\u00e4 KAKSOSET - iFlower","og_description":"TUOTTEEN KUVAUS  100% luonollinen rypsikynttil\u00e4, k\u00e4sintehty\u00e4 Virossa  Kynttil\u00f6ill\u00e4 on tuoksuva, raikas, pehme\u00e4, kukkainen aromi, jolla on l\u00e4mmin sitrushedelmien pohja  Palamisaika: 30h  Paino: 170g  V\u00e4ri: Musta  Ainekset: Rypsi-vaha KYNTTIL\u00c4N KOKO  korkeus 9 cm  halkaisija 7,7 cm Tuotekokoelman kynttil\u00e4t ovat kaikki samanlaisia, vain v\u00e4ri ja muoto vaihtelee.","og_url":"https:\/\/www.iflower.ee\/fi\/toode\/tuoksukynttila-kaksoset\/","og_site_name":"iFlower","article_modified_time":"2023-05-22T12:25:06+00:00","og_image":[{"width":1000,"height":1500,"url":"https:\/\/www.iflower.ee\/wp-content\/uploads\/2019\/11\/Kaif-5655.jpg","type":"image\/jpeg"}],"twitter_card":"summary_large_image","schema":{"@context":"https:\/\/schema.org","@graph":[{"@type":"WebPage","@id":"https:\/\/www.iflower.ee\/fi\/toode\/tuoksukynttila-kaksoset\/","url":"https:\/\/www.iflower.ee\/fi\/toode\/tuoksukynttila-kaksoset\/","name":"Tuoksukynttil\u00e4 KAKSOSET - iFlower","isPartOf":{"@id":"https:\/\/www.iflower.ee\/#website"},"primaryImageOfPage":{"@id":"https:\/\/www.iflower.ee\/fi\/toode\/tuoksukynttila-kaksoset\/#primaryimage"},"image":{"@id":"https:\/\/www.iflower.ee\/fi\/toode\/tuoksukynttila-kaksoset\/#primaryimage"},"thumbnailUrl":"https:\/\/www.iflower.ee\/wp-content\/uploads\/2019\/11\/Kaif-5655.jpg","datePublished":"2021-01-26T08:57:53+00:00","dateModified":"2023-05-22T12:25:06+00:00","breadcrumb":{"@id":"https:\/\/www.iflower.ee\/fi\/toode\/tuoksukynttila-kaksoset\/#breadcrumb"},"inLanguage":"fi","potentialAction":[{"@type":"ReadAction","target":["https:\/\/www.iflower.ee\/fi\/toode\/tuoksukynttila-kaksoset\/"]}]},{"@type":"ImageObject","inLanguage":"fi","@id":"https:\/\/www.iflower.ee\/fi\/toode\/tuoksukynttila-kaksoset\/#primaryimage","url":"https:\/\/www.iflower.ee\/wp-content\/uploads\/2019\/11\/Kaif-5655.jpg","contentUrl":"https:\/\/www.iflower.ee\/wp-content\/uploads\/2019\/11\/Kaif-5655.jpg","width":1000,"height":1500},{"@type":"BreadcrumbList","@id":"https:\/\/www.iflower.ee\/fi\/toode\/tuoksukynttila-kaksoset\/#breadcrumb","itemListElement":[{"@type":"ListItem","position":1,"name":"Pood","item":"https:\/\/www.iflower.ee\/pood\/"},{"@type":"ListItem","position":2,"name":"Tuoksukynttil\u00e4 KAKSOSET"}]},{"@type":"WebSite","@id":"https:\/\/www.iflower.ee\/#website","url":"https:\/\/www.iflower.ee\/","name":"iFlower","description":"","publisher":{"@id":"https:\/\/www.iflower.ee\/#organization"},"potentialAction":[{"@type":"SearchAction","target":{"@type":"EntryPoint","urlTemplate":"https:\/\/www.iflower.ee\/?s={search_term_string}"},"query-input":{"@type":"PropertyValueSpecification","valueRequired":true,"valueName":"search_term_string"}}],"inLanguage":"fi"},{"@type":"Organization","@id":"https:\/\/www.iflower.ee\/#organization","name":"iFlower","url":"https:\/\/www.iflower.ee\/","logo":{"@type":"ImageObject","inLanguage":"fi","@id":"https:\/\/www.iflower.ee\/#\/schema\/logo\/image\/","url":"https:\/\/www.iflower.ee\/wp-content\/uploads\/2022\/04\/iflower.png","contentUrl":"https:\/\/www.iflower.ee\/wp-content\/uploads\/2022\/04\/iflower.png","width":248,"height":71,"caption":"iFlower"},"image":{"@id":"https:\/\/www.iflower.ee\/#\/schema\/logo\/image\/"}}]}},"_links":{"self":[{"href":"https:\/\/www.iflower.ee\/fi\/wp-json\/wp\/v2\/product\/21745","targetHints":{"allow":["GET"]}}],"collection":[{"href":"https:\/\/www.iflower.ee\/fi\/wp-json\/wp\/v2\/product"}],"about":[{"href":"https:\/\/www.iflower.ee\/fi\/wp-json\/wp\/v2\/types\/product"}],"wp:featuredmedia":[{"embeddable":true,"href":"https:\/\/www.iflower.ee\/fi\/wp-json\/wp\/v2\/media\/22674"}],"wp:attachment":[{"href":"https:\/\/www.iflower.ee\/fi\/wp-json\/wp\/v2\/media?parent=21745"}],"wp:term":[{"taxonomy":"product_brand","embeddable":true,"href":"https:\/\/www.iflower.ee\/fi\/wp-json\/wp\/v2\/product_brand?post=21745"},{"taxonomy":"product_cat","embeddable":true,"href":"https:\/\/www.iflower.ee\/fi\/wp-json\/wp\/v2\/product_cat?post=21745"},{"taxonomy":"product_tag","embeddable":true,"href":"https:\/\/www.iflower.ee\/fi\/wp-json\/wp\/v2\/product_tag?post=21745"}],"curies":[{"name":"wp","href":"https:\/\/api.w.org\/{rel}","templated":true}]}}