{"id":21789,"date":"2020-04-26T12:51:07","date_gmt":"2021-01-26T08:58:12","guid":{"rendered":"https:\/\/www.iflower.ee\/toode\/huonetuoksu-fresh\/"},"modified":"2021-03-11T11:00:48","modified_gmt":"2021-03-11T09:00:48","slug":"huonetuoksu-fresh","status":"publish","type":"product","link":"https:\/\/www.iflower.ee\/fi\/toode\/huonetuoksu-fresh\/","title":{"rendered":"Huonetuoksu Fresh"},"content":{"rendered":"","protected":false},"excerpt":{"rendered":"<p>Vallaton ja raikas kimppu omenia, kurkkua ja sitrushedelmi\u00e4, jotka on kiedottu eksoottisiin kukkiin, myskiin ja puuhun. Monipuolinen, mutta puhdas ja miellytt\u00e4v\u00e4n raikas aromi nuorelle sielulle.<\/p>\n<p>JOIK kotituoksu on k\u00e4tev\u00e4 ja tyylik\u00e4s tapa el\u00e4v\u00f6itt\u00e4\u00e4 sisustusta sek\u00e4 k\u00e4tev\u00e4 vaihtoehto paikkoihin, joissa ei ole mahdollista k\u00e4ytt\u00e4\u00e4 tuoksukynttil\u00f6it\u00e4. JOIK kotituoksu valmistetaan luonnollisesta pohja\u00f6ljyst\u00e4 ja laadukkaasta aromi\u00f6ljyst\u00e4. Se t\u00e4ytt\u00e4\u00e4 huoneen loistavalla tuoksulla. Tuoksun voimakkuutta on mahdollista s\u00e4\u00e4t\u00e4\u00e4 aromitikkujen m\u00e4\u00e4r\u00e4n ja niiden py\u00f6ritt\u00e4misen tiheyden avulla.<\/p>\n","protected":false},"featured_media":21967,"template":"","meta":{"_acf_changed":false},"product_brand":[],"product_cat":[345,325],"product_tag":[],"class_list":{"0":"post-21789","1":"product","2":"type-product","3":"status-publish","4":"has-post-thumbnail","6":"product_cat-koti-ja-spa","7":"product_cat-uutuudet","9":"first","10":"instock","11":"taxable","12":"shipping-taxable","13":"purchasable","14":"product-type-simple"},"acf":[],"yoast_head":"<!-- This site is optimized with the Yoast SEO plugin v26.8 - https:\/\/yoast.com\/product\/yoast-seo-wordpress\/ -->\n<title>Huonetuoksu Fresh - iFlower<\/title>\n<meta name=\"robots\" content=\"index, follow, max-snippet:-1, max-image-preview:large, max-video-preview:-1\" \/>\n<link rel=\"canonical\" href=\"https:\/\/www.iflower.ee\/fi\/toode\/huonetuoksu-fresh\/\" \/>\n<meta property=\"og:locale\" content=\"fi_FI\" \/>\n<meta property=\"og:type\" content=\"article\" \/>\n<meta property=\"og:title\" content=\"Huonetuoksu Fresh - iFlower\" \/>\n<meta property=\"og:description\" content=\"Vallaton ja raikas kimppu omenia, kurkkua ja sitrushedelmi\u00e4, jotka on kiedottu eksoottisiin kukkiin, myskiin ja puuhun. Monipuolinen, mutta puhdas ja miellytt\u00e4v\u00e4n raikas aromi nuorelle sielulle. JOIK kotituoksu on k\u00e4tev\u00e4 ja tyylik\u00e4s tapa el\u00e4v\u00f6itt\u00e4\u00e4 sisustusta sek\u00e4 k\u00e4tev\u00e4 vaihtoehto paikkoihin, joissa ei ole mahdollista k\u00e4ytt\u00e4\u00e4 tuoksukynttil\u00f6it\u00e4. JOIK kotituoksu valmistetaan luonnollisesta pohja\u00f6ljyst\u00e4 ja laadukkaasta aromi\u00f6ljyst\u00e4. Se t\u00e4ytt\u00e4\u00e4 huoneen loistavalla tuoksulla. Tuoksun voimakkuutta on mahdollista s\u00e4\u00e4t\u00e4\u00e4 aromitikkujen m\u00e4\u00e4r\u00e4n ja niiden py\u00f6ritt\u00e4misen tiheyden avulla.\" \/>\n<meta property=\"og:url\" content=\"https:\/\/www.iflower.ee\/fi\/toode\/huonetuoksu-fresh\/\" \/>\n<meta property=\"og:site_name\" content=\"iFlower\" \/>\n<meta property=\"article:modified_time\" content=\"2021-03-11T09:00:48+00:00\" \/>\n<meta property=\"og:image\" content=\"https:\/\/www.iflower.ee\/wp-content\/uploads\/2020\/04\/DSCF4999.jpg\" \/>\n\t<meta property=\"og:image:width\" content=\"1000\" \/>\n\t<meta property=\"og:image:height\" content=\"1500\" \/>\n\t<meta property=\"og:image:type\" content=\"image\/jpeg\" \/>\n<meta name=\"twitter:card\" content=\"summary_large_image\" \/>\n<script type=\"application\/ld+json\" class=\"yoast-schema-graph\">{\"@context\":\"https:\/\/schema.org\",\"@graph\":[{\"@type\":\"WebPage\",\"@id\":\"https:\/\/www.iflower.ee\/fi\/toode\/huonetuoksu-fresh\/\",\"url\":\"https:\/\/www.iflower.ee\/fi\/toode\/huonetuoksu-fresh\/\",\"name\":\"Huonetuoksu Fresh - iFlower\",\"isPartOf\":{\"@id\":\"https:\/\/www.iflower.ee\/#website\"},\"primaryImageOfPage\":{\"@id\":\"https:\/\/www.iflower.ee\/fi\/toode\/huonetuoksu-fresh\/#primaryimage\"},\"image\":{\"@id\":\"https:\/\/www.iflower.ee\/fi\/toode\/huonetuoksu-fresh\/#primaryimage\"},\"thumbnailUrl\":\"https:\/\/www.iflower.ee\/wp-content\/uploads\/2020\/04\/DSCF4999.jpg\",\"datePublished\":\"2021-01-26T08:58:12+00:00\",\"dateModified\":\"2021-03-11T09:00:48+00:00\",\"breadcrumb\":{\"@id\":\"https:\/\/www.iflower.ee\/fi\/toode\/huonetuoksu-fresh\/#breadcrumb\"},\"inLanguage\":\"fi\",\"potentialAction\":[{\"@type\":\"ReadAction\",\"target\":[\"https:\/\/www.iflower.ee\/fi\/toode\/huonetuoksu-fresh\/\"]}]},{\"@type\":\"ImageObject\",\"inLanguage\":\"fi\",\"@id\":\"https:\/\/www.iflower.ee\/fi\/toode\/huonetuoksu-fresh\/#primaryimage\",\"url\":\"https:\/\/www.iflower.ee\/wp-content\/uploads\/2020\/04\/DSCF4999.jpg\",\"contentUrl\":\"https:\/\/www.iflower.ee\/wp-content\/uploads\/2020\/04\/DSCF4999.jpg\",\"width\":1000,\"height\":1500},{\"@type\":\"BreadcrumbList\",\"@id\":\"https:\/\/www.iflower.ee\/fi\/toode\/huonetuoksu-fresh\/#breadcrumb\",\"itemListElement\":[{\"@type\":\"ListItem\",\"position\":1,\"name\":\"Pood\",\"item\":\"https:\/\/www.iflower.ee\/pood\/\"},{\"@type\":\"ListItem\",\"position\":2,\"name\":\"Huonetuoksu Fresh\"}]},{\"@type\":\"WebSite\",\"@id\":\"https:\/\/www.iflower.ee\/#website\",\"url\":\"https:\/\/www.iflower.ee\/\",\"name\":\"iFlower\",\"description\":\"\",\"publisher\":{\"@id\":\"https:\/\/www.iflower.ee\/#organization\"},\"potentialAction\":[{\"@type\":\"SearchAction\",\"target\":{\"@type\":\"EntryPoint\",\"urlTemplate\":\"https:\/\/www.iflower.ee\/?s={search_term_string}\"},\"query-input\":{\"@type\":\"PropertyValueSpecification\",\"valueRequired\":true,\"valueName\":\"search_term_string\"}}],\"inLanguage\":\"fi\"},{\"@type\":\"Organization\",\"@id\":\"https:\/\/www.iflower.ee\/#organization\",\"name\":\"iFlower\",\"url\":\"https:\/\/www.iflower.ee\/\",\"logo\":{\"@type\":\"ImageObject\",\"inLanguage\":\"fi\",\"@id\":\"https:\/\/www.iflower.ee\/#\/schema\/logo\/image\/\",\"url\":\"https:\/\/www.iflower.ee\/wp-content\/uploads\/2022\/04\/iflower.png\",\"contentUrl\":\"https:\/\/www.iflower.ee\/wp-content\/uploads\/2022\/04\/iflower.png\",\"width\":248,\"height\":71,\"caption\":\"iFlower\"},\"image\":{\"@id\":\"https:\/\/www.iflower.ee\/#\/schema\/logo\/image\/\"}}]}<\/script>\n<!-- \/ Yoast SEO plugin. -->","yoast_head_json":{"title":"Huonetuoksu Fresh - iFlower","robots":{"index":"index","follow":"follow","max-snippet":"max-snippet:-1","max-image-preview":"max-image-preview:large","max-video-preview":"max-video-preview:-1"},"canonical":"https:\/\/www.iflower.ee\/fi\/toode\/huonetuoksu-fresh\/","og_locale":"fi_FI","og_type":"article","og_title":"Huonetuoksu Fresh - iFlower","og_description":"Vallaton ja raikas kimppu omenia, kurkkua ja sitrushedelmi\u00e4, jotka on kiedottu eksoottisiin kukkiin, myskiin ja puuhun. Monipuolinen, mutta puhdas ja miellytt\u00e4v\u00e4n raikas aromi nuorelle sielulle. JOIK kotituoksu on k\u00e4tev\u00e4 ja tyylik\u00e4s tapa el\u00e4v\u00f6itt\u00e4\u00e4 sisustusta sek\u00e4 k\u00e4tev\u00e4 vaihtoehto paikkoihin, joissa ei ole mahdollista k\u00e4ytt\u00e4\u00e4 tuoksukynttil\u00f6it\u00e4. JOIK kotituoksu valmistetaan luonnollisesta pohja\u00f6ljyst\u00e4 ja laadukkaasta aromi\u00f6ljyst\u00e4. Se t\u00e4ytt\u00e4\u00e4 huoneen loistavalla tuoksulla. Tuoksun voimakkuutta on mahdollista s\u00e4\u00e4t\u00e4\u00e4 aromitikkujen m\u00e4\u00e4r\u00e4n ja niiden py\u00f6ritt\u00e4misen tiheyden avulla.","og_url":"https:\/\/www.iflower.ee\/fi\/toode\/huonetuoksu-fresh\/","og_site_name":"iFlower","article_modified_time":"2021-03-11T09:00:48+00:00","og_image":[{"width":1000,"height":1500,"url":"https:\/\/www.iflower.ee\/wp-content\/uploads\/2020\/04\/DSCF4999.jpg","type":"image\/jpeg"}],"twitter_card":"summary_large_image","schema":{"@context":"https:\/\/schema.org","@graph":[{"@type":"WebPage","@id":"https:\/\/www.iflower.ee\/fi\/toode\/huonetuoksu-fresh\/","url":"https:\/\/www.iflower.ee\/fi\/toode\/huonetuoksu-fresh\/","name":"Huonetuoksu Fresh - iFlower","isPartOf":{"@id":"https:\/\/www.iflower.ee\/#website"},"primaryImageOfPage":{"@id":"https:\/\/www.iflower.ee\/fi\/toode\/huonetuoksu-fresh\/#primaryimage"},"image":{"@id":"https:\/\/www.iflower.ee\/fi\/toode\/huonetuoksu-fresh\/#primaryimage"},"thumbnailUrl":"https:\/\/www.iflower.ee\/wp-content\/uploads\/2020\/04\/DSCF4999.jpg","datePublished":"2021-01-26T08:58:12+00:00","dateModified":"2021-03-11T09:00:48+00:00","breadcrumb":{"@id":"https:\/\/www.iflower.ee\/fi\/toode\/huonetuoksu-fresh\/#breadcrumb"},"inLanguage":"fi","potentialAction":[{"@type":"ReadAction","target":["https:\/\/www.iflower.ee\/fi\/toode\/huonetuoksu-fresh\/"]}]},{"@type":"ImageObject","inLanguage":"fi","@id":"https:\/\/www.iflower.ee\/fi\/toode\/huonetuoksu-fresh\/#primaryimage","url":"https:\/\/www.iflower.ee\/wp-content\/uploads\/2020\/04\/DSCF4999.jpg","contentUrl":"https:\/\/www.iflower.ee\/wp-content\/uploads\/2020\/04\/DSCF4999.jpg","width":1000,"height":1500},{"@type":"BreadcrumbList","@id":"https:\/\/www.iflower.ee\/fi\/toode\/huonetuoksu-fresh\/#breadcrumb","itemListElement":[{"@type":"ListItem","position":1,"name":"Pood","item":"https:\/\/www.iflower.ee\/pood\/"},{"@type":"ListItem","position":2,"name":"Huonetuoksu Fresh"}]},{"@type":"WebSite","@id":"https:\/\/www.iflower.ee\/#website","url":"https:\/\/www.iflower.ee\/","name":"iFlower","description":"","publisher":{"@id":"https:\/\/www.iflower.ee\/#organization"},"potentialAction":[{"@type":"SearchAction","target":{"@type":"EntryPoint","urlTemplate":"https:\/\/www.iflower.ee\/?s={search_term_string}"},"query-input":{"@type":"PropertyValueSpecification","valueRequired":true,"valueName":"search_term_string"}}],"inLanguage":"fi"},{"@type":"Organization","@id":"https:\/\/www.iflower.ee\/#organization","name":"iFlower","url":"https:\/\/www.iflower.ee\/","logo":{"@type":"ImageObject","inLanguage":"fi","@id":"https:\/\/www.iflower.ee\/#\/schema\/logo\/image\/","url":"https:\/\/www.iflower.ee\/wp-content\/uploads\/2022\/04\/iflower.png","contentUrl":"https:\/\/www.iflower.ee\/wp-content\/uploads\/2022\/04\/iflower.png","width":248,"height":71,"caption":"iFlower"},"image":{"@id":"https:\/\/www.iflower.ee\/#\/schema\/logo\/image\/"}}]}},"_links":{"self":[{"href":"https:\/\/www.iflower.ee\/fi\/wp-json\/wp\/v2\/product\/21789","targetHints":{"allow":["GET"]}}],"collection":[{"href":"https:\/\/www.iflower.ee\/fi\/wp-json\/wp\/v2\/product"}],"about":[{"href":"https:\/\/www.iflower.ee\/fi\/wp-json\/wp\/v2\/types\/product"}],"wp:featuredmedia":[{"embeddable":true,"href":"https:\/\/www.iflower.ee\/fi\/wp-json\/wp\/v2\/media\/21967"}],"wp:attachment":[{"href":"https:\/\/www.iflower.ee\/fi\/wp-json\/wp\/v2\/media?parent=21789"}],"wp:term":[{"taxonomy":"product_brand","embeddable":true,"href":"https:\/\/www.iflower.ee\/fi\/wp-json\/wp\/v2\/product_brand?post=21789"},{"taxonomy":"product_cat","embeddable":true,"href":"https:\/\/www.iflower.ee\/fi\/wp-json\/wp\/v2\/product_cat?post=21789"},{"taxonomy":"product_tag","embeddable":true,"href":"https:\/\/www.iflower.ee\/fi\/wp-json\/wp\/v2\/product_tag?post=21789"}],"curies":[{"name":"wp","href":"https:\/\/api.w.org\/{rel}","templated":true}]}}