{"id":21791,"date":"2020-04-26T12:56:15","date_gmt":"2021-01-26T08:58:12","guid":{"rendered":"https:\/\/www.iflower.ee\/toode\/huonetuoksu-la-boheme\/"},"modified":"2023-09-20T13:08:43","modified_gmt":"2023-09-20T10:08:43","slug":"huonetuoksu-la-boheme","status":"publish","type":"product","link":"https:\/\/www.iflower.ee\/fi\/toode\/huonetuoksu-la-boheme\/","title":{"rendered":"Huonetuoksu La Boh\u00e8me"},"content":{"rendered":"","protected":false},"excerpt":{"rendered":"<p>Todella lumoava ja inspiroiva yhdistelm\u00e4 myski\u00e4, it\u00e4maisia mausteita, santelipuuta, patsulia, neilikkaa, bergamottia, jasmiinia ja ripausta vaniljaa. Tuoksu on melkein hypnotisoiva, vie ajatukset seikkailemaan ja pirist\u00e4\u00e4 luovuutta.<\/p>\n<p>JOIK kotituoksu on k\u00e4tev\u00e4 ja tyylik\u00e4s tapa el\u00e4v\u00f6itt\u00e4\u00e4 sisustusta sek\u00e4 k\u00e4tev\u00e4 vaihtoehto paikkoihin, joissa ei ole mahdollista k\u00e4ytt\u00e4\u00e4 tuoksukynttil\u00f6it\u00e4. JOIK kotituoksu valmistetaan luonnollisesta pohja\u00f6ljyst\u00e4 ja laadukkaasta aromi\u00f6ljyst\u00e4. Se t\u00e4ytt\u00e4\u00e4 huoneen loistavalla tuoksulla. Tuoksun voimakkuutta on mahdollista s\u00e4\u00e4t\u00e4\u00e4 aromitikkujen m\u00e4\u00e4r\u00e4n ja niiden py\u00f6ritt\u00e4misen tiheyden avulla.<\/p>\n","protected":false},"featured_media":21969,"template":"","meta":{"_acf_changed":false},"product_brand":[],"product_cat":[539,345,325],"product_tag":[],"class_list":{"0":"post-21791","1":"product","2":"type-product","3":"status-publish","4":"has-post-thumbnail","6":"product_cat-ystavanpaiva-fi-fi","7":"product_cat-koti-ja-spa","8":"product_cat-uutuudet","10":"first","11":"instock","12":"taxable","13":"shipping-taxable","14":"purchasable","15":"product-type-simple"},"acf":[],"yoast_head":"<!-- This site is optimized with the Yoast SEO plugin v26.8 - https:\/\/yoast.com\/product\/yoast-seo-wordpress\/ -->\n<title>Huonetuoksu La Boh\u00e8me - iFlower<\/title>\n<meta name=\"robots\" content=\"index, follow, max-snippet:-1, max-image-preview:large, max-video-preview:-1\" \/>\n<link rel=\"canonical\" href=\"https:\/\/www.iflower.ee\/fi\/toode\/huonetuoksu-la-boheme\/\" \/>\n<meta property=\"og:locale\" content=\"fi_FI\" \/>\n<meta property=\"og:type\" content=\"article\" \/>\n<meta property=\"og:title\" content=\"Huonetuoksu La Boh\u00e8me - iFlower\" \/>\n<meta property=\"og:description\" content=\"Todella lumoava ja inspiroiva yhdistelm\u00e4 myski\u00e4, it\u00e4maisia mausteita, santelipuuta, patsulia, neilikkaa, bergamottia, jasmiinia ja ripausta vaniljaa. Tuoksu on melkein hypnotisoiva, vie ajatukset seikkailemaan ja pirist\u00e4\u00e4 luovuutta.  JOIK kotituoksu on k\u00e4tev\u00e4 ja tyylik\u00e4s tapa el\u00e4v\u00f6itt\u00e4\u00e4 sisustusta sek\u00e4 k\u00e4tev\u00e4 vaihtoehto paikkoihin, joissa ei ole mahdollista k\u00e4ytt\u00e4\u00e4 tuoksukynttil\u00f6it\u00e4. JOIK kotituoksu valmistetaan luonnollisesta pohja\u00f6ljyst\u00e4 ja laadukkaasta aromi\u00f6ljyst\u00e4. Se t\u00e4ytt\u00e4\u00e4 huoneen loistavalla tuoksulla. Tuoksun voimakkuutta on mahdollista s\u00e4\u00e4t\u00e4\u00e4 aromitikkujen m\u00e4\u00e4r\u00e4n ja niiden py\u00f6ritt\u00e4misen tiheyden avulla.\" \/>\n<meta property=\"og:url\" content=\"https:\/\/www.iflower.ee\/fi\/toode\/huonetuoksu-la-boheme\/\" \/>\n<meta property=\"og:site_name\" content=\"iFlower\" \/>\n<meta property=\"article:modified_time\" content=\"2023-09-20T10:08:43+00:00\" \/>\n<meta property=\"og:image\" content=\"https:\/\/www.iflower.ee\/wp-content\/uploads\/2020\/04\/DSCF5002.jpg\" \/>\n\t<meta property=\"og:image:width\" content=\"1000\" \/>\n\t<meta property=\"og:image:height\" content=\"1500\" \/>\n\t<meta property=\"og:image:type\" content=\"image\/jpeg\" \/>\n<meta name=\"twitter:card\" content=\"summary_large_image\" \/>\n<script type=\"application\/ld+json\" class=\"yoast-schema-graph\">{\"@context\":\"https:\/\/schema.org\",\"@graph\":[{\"@type\":\"WebPage\",\"@id\":\"https:\/\/www.iflower.ee\/fi\/toode\/huonetuoksu-la-boheme\/\",\"url\":\"https:\/\/www.iflower.ee\/fi\/toode\/huonetuoksu-la-boheme\/\",\"name\":\"Huonetuoksu La Boh\u00e8me - iFlower\",\"isPartOf\":{\"@id\":\"https:\/\/www.iflower.ee\/#website\"},\"primaryImageOfPage\":{\"@id\":\"https:\/\/www.iflower.ee\/fi\/toode\/huonetuoksu-la-boheme\/#primaryimage\"},\"image\":{\"@id\":\"https:\/\/www.iflower.ee\/fi\/toode\/huonetuoksu-la-boheme\/#primaryimage\"},\"thumbnailUrl\":\"https:\/\/www.iflower.ee\/wp-content\/uploads\/2020\/04\/DSCF5002.jpg\",\"datePublished\":\"2021-01-26T08:58:12+00:00\",\"dateModified\":\"2023-09-20T10:08:43+00:00\",\"breadcrumb\":{\"@id\":\"https:\/\/www.iflower.ee\/fi\/toode\/huonetuoksu-la-boheme\/#breadcrumb\"},\"inLanguage\":\"fi\",\"potentialAction\":[{\"@type\":\"ReadAction\",\"target\":[\"https:\/\/www.iflower.ee\/fi\/toode\/huonetuoksu-la-boheme\/\"]}]},{\"@type\":\"ImageObject\",\"inLanguage\":\"fi\",\"@id\":\"https:\/\/www.iflower.ee\/fi\/toode\/huonetuoksu-la-boheme\/#primaryimage\",\"url\":\"https:\/\/www.iflower.ee\/wp-content\/uploads\/2020\/04\/DSCF5002.jpg\",\"contentUrl\":\"https:\/\/www.iflower.ee\/wp-content\/uploads\/2020\/04\/DSCF5002.jpg\",\"width\":1000,\"height\":1500},{\"@type\":\"BreadcrumbList\",\"@id\":\"https:\/\/www.iflower.ee\/fi\/toode\/huonetuoksu-la-boheme\/#breadcrumb\",\"itemListElement\":[{\"@type\":\"ListItem\",\"position\":1,\"name\":\"Pood\",\"item\":\"https:\/\/www.iflower.ee\/pood\/\"},{\"@type\":\"ListItem\",\"position\":2,\"name\":\"Huonetuoksu La Boh\u00e8me\"}]},{\"@type\":\"WebSite\",\"@id\":\"https:\/\/www.iflower.ee\/#website\",\"url\":\"https:\/\/www.iflower.ee\/\",\"name\":\"iFlower\",\"description\":\"\",\"publisher\":{\"@id\":\"https:\/\/www.iflower.ee\/#organization\"},\"potentialAction\":[{\"@type\":\"SearchAction\",\"target\":{\"@type\":\"EntryPoint\",\"urlTemplate\":\"https:\/\/www.iflower.ee\/?s={search_term_string}\"},\"query-input\":{\"@type\":\"PropertyValueSpecification\",\"valueRequired\":true,\"valueName\":\"search_term_string\"}}],\"inLanguage\":\"fi\"},{\"@type\":\"Organization\",\"@id\":\"https:\/\/www.iflower.ee\/#organization\",\"name\":\"iFlower\",\"url\":\"https:\/\/www.iflower.ee\/\",\"logo\":{\"@type\":\"ImageObject\",\"inLanguage\":\"fi\",\"@id\":\"https:\/\/www.iflower.ee\/#\/schema\/logo\/image\/\",\"url\":\"https:\/\/www.iflower.ee\/wp-content\/uploads\/2022\/04\/iflower.png\",\"contentUrl\":\"https:\/\/www.iflower.ee\/wp-content\/uploads\/2022\/04\/iflower.png\",\"width\":248,\"height\":71,\"caption\":\"iFlower\"},\"image\":{\"@id\":\"https:\/\/www.iflower.ee\/#\/schema\/logo\/image\/\"}}]}<\/script>\n<!-- \/ Yoast SEO plugin. -->","yoast_head_json":{"title":"Huonetuoksu La Boh\u00e8me - iFlower","robots":{"index":"index","follow":"follow","max-snippet":"max-snippet:-1","max-image-preview":"max-image-preview:large","max-video-preview":"max-video-preview:-1"},"canonical":"https:\/\/www.iflower.ee\/fi\/toode\/huonetuoksu-la-boheme\/","og_locale":"fi_FI","og_type":"article","og_title":"Huonetuoksu La Boh\u00e8me - iFlower","og_description":"Todella lumoava ja inspiroiva yhdistelm\u00e4 myski\u00e4, it\u00e4maisia mausteita, santelipuuta, patsulia, neilikkaa, bergamottia, jasmiinia ja ripausta vaniljaa. Tuoksu on melkein hypnotisoiva, vie ajatukset seikkailemaan ja pirist\u00e4\u00e4 luovuutta.  JOIK kotituoksu on k\u00e4tev\u00e4 ja tyylik\u00e4s tapa el\u00e4v\u00f6itt\u00e4\u00e4 sisustusta sek\u00e4 k\u00e4tev\u00e4 vaihtoehto paikkoihin, joissa ei ole mahdollista k\u00e4ytt\u00e4\u00e4 tuoksukynttil\u00f6it\u00e4. JOIK kotituoksu valmistetaan luonnollisesta pohja\u00f6ljyst\u00e4 ja laadukkaasta aromi\u00f6ljyst\u00e4. Se t\u00e4ytt\u00e4\u00e4 huoneen loistavalla tuoksulla. Tuoksun voimakkuutta on mahdollista s\u00e4\u00e4t\u00e4\u00e4 aromitikkujen m\u00e4\u00e4r\u00e4n ja niiden py\u00f6ritt\u00e4misen tiheyden avulla.","og_url":"https:\/\/www.iflower.ee\/fi\/toode\/huonetuoksu-la-boheme\/","og_site_name":"iFlower","article_modified_time":"2023-09-20T10:08:43+00:00","og_image":[{"width":1000,"height":1500,"url":"https:\/\/www.iflower.ee\/wp-content\/uploads\/2020\/04\/DSCF5002.jpg","type":"image\/jpeg"}],"twitter_card":"summary_large_image","schema":{"@context":"https:\/\/schema.org","@graph":[{"@type":"WebPage","@id":"https:\/\/www.iflower.ee\/fi\/toode\/huonetuoksu-la-boheme\/","url":"https:\/\/www.iflower.ee\/fi\/toode\/huonetuoksu-la-boheme\/","name":"Huonetuoksu La Boh\u00e8me - iFlower","isPartOf":{"@id":"https:\/\/www.iflower.ee\/#website"},"primaryImageOfPage":{"@id":"https:\/\/www.iflower.ee\/fi\/toode\/huonetuoksu-la-boheme\/#primaryimage"},"image":{"@id":"https:\/\/www.iflower.ee\/fi\/toode\/huonetuoksu-la-boheme\/#primaryimage"},"thumbnailUrl":"https:\/\/www.iflower.ee\/wp-content\/uploads\/2020\/04\/DSCF5002.jpg","datePublished":"2021-01-26T08:58:12+00:00","dateModified":"2023-09-20T10:08:43+00:00","breadcrumb":{"@id":"https:\/\/www.iflower.ee\/fi\/toode\/huonetuoksu-la-boheme\/#breadcrumb"},"inLanguage":"fi","potentialAction":[{"@type":"ReadAction","target":["https:\/\/www.iflower.ee\/fi\/toode\/huonetuoksu-la-boheme\/"]}]},{"@type":"ImageObject","inLanguage":"fi","@id":"https:\/\/www.iflower.ee\/fi\/toode\/huonetuoksu-la-boheme\/#primaryimage","url":"https:\/\/www.iflower.ee\/wp-content\/uploads\/2020\/04\/DSCF5002.jpg","contentUrl":"https:\/\/www.iflower.ee\/wp-content\/uploads\/2020\/04\/DSCF5002.jpg","width":1000,"height":1500},{"@type":"BreadcrumbList","@id":"https:\/\/www.iflower.ee\/fi\/toode\/huonetuoksu-la-boheme\/#breadcrumb","itemListElement":[{"@type":"ListItem","position":1,"name":"Pood","item":"https:\/\/www.iflower.ee\/pood\/"},{"@type":"ListItem","position":2,"name":"Huonetuoksu La Boh\u00e8me"}]},{"@type":"WebSite","@id":"https:\/\/www.iflower.ee\/#website","url":"https:\/\/www.iflower.ee\/","name":"iFlower","description":"","publisher":{"@id":"https:\/\/www.iflower.ee\/#organization"},"potentialAction":[{"@type":"SearchAction","target":{"@type":"EntryPoint","urlTemplate":"https:\/\/www.iflower.ee\/?s={search_term_string}"},"query-input":{"@type":"PropertyValueSpecification","valueRequired":true,"valueName":"search_term_string"}}],"inLanguage":"fi"},{"@type":"Organization","@id":"https:\/\/www.iflower.ee\/#organization","name":"iFlower","url":"https:\/\/www.iflower.ee\/","logo":{"@type":"ImageObject","inLanguage":"fi","@id":"https:\/\/www.iflower.ee\/#\/schema\/logo\/image\/","url":"https:\/\/www.iflower.ee\/wp-content\/uploads\/2022\/04\/iflower.png","contentUrl":"https:\/\/www.iflower.ee\/wp-content\/uploads\/2022\/04\/iflower.png","width":248,"height":71,"caption":"iFlower"},"image":{"@id":"https:\/\/www.iflower.ee\/#\/schema\/logo\/image\/"}}]}},"_links":{"self":[{"href":"https:\/\/www.iflower.ee\/fi\/wp-json\/wp\/v2\/product\/21791","targetHints":{"allow":["GET"]}}],"collection":[{"href":"https:\/\/www.iflower.ee\/fi\/wp-json\/wp\/v2\/product"}],"about":[{"href":"https:\/\/www.iflower.ee\/fi\/wp-json\/wp\/v2\/types\/product"}],"wp:featuredmedia":[{"embeddable":true,"href":"https:\/\/www.iflower.ee\/fi\/wp-json\/wp\/v2\/media\/21969"}],"wp:attachment":[{"href":"https:\/\/www.iflower.ee\/fi\/wp-json\/wp\/v2\/media?parent=21791"}],"wp:term":[{"taxonomy":"product_brand","embeddable":true,"href":"https:\/\/www.iflower.ee\/fi\/wp-json\/wp\/v2\/product_brand?post=21791"},{"taxonomy":"product_cat","embeddable":true,"href":"https:\/\/www.iflower.ee\/fi\/wp-json\/wp\/v2\/product_cat?post=21791"},{"taxonomy":"product_tag","embeddable":true,"href":"https:\/\/www.iflower.ee\/fi\/wp-json\/wp\/v2\/product_tag?post=21791"}],"curies":[{"name":"wp","href":"https:\/\/api.w.org\/{rel}","templated":true}]}}