{"id":21792,"date":"2020-04-26T12:59:22","date_gmt":"2021-01-26T08:58:21","guid":{"rendered":"https:\/\/www.iflower.ee\/toode\/kylpytyffelit-valkoinen-suklaa\/"},"modified":"2021-03-11T11:00:48","modified_gmt":"2021-03-11T09:00:48","slug":"kylpytyffelit-valkoinen-suklaa","status":"publish","type":"product","link":"https:\/\/www.iflower.ee\/fi\/toode\/kylpytyffelit-valkoinen-suklaa\/","title":{"rendered":"Kylpytyffelit Valkoinen suklaa"},"content":{"rendered":"","protected":false},"excerpt":{"rendered":"<p>Kylpytryffelit ovat ihana hemmottelulahja itsellesi! Ne helliv\u00e4t kuivaa ihoa, kosteuttavat ja j\u00e4tt\u00e4v\u00e4t ihon pehme\u00e4ksi ja samettiseksi. Kaakaovoi tuo ylellisen silkkisyyden tunteen ihollesi. N\u00e4m\u00e4 kylpytryffelit ovat ratkaisu makeanhimoosi! Ota ihana hemmotteleva valkosuklaakylpy, kun kaipaat makeaa rentoutusta. <\/p>\n<p>Sopii kaikille ihotyypeille, erityisesti kuivalle iholle.<\/p>\n<p>100% luonnollinen ja\/tai valmistettu Ecosert-ainesosista.<\/p>\n<p>Rasia sis\u00e4lt\u00e4\u00e4 6 kylpytryffeli\u00e4.<\/p>\n","protected":false},"featured_media":26349,"template":"","meta":{"_acf_changed":false},"product_brand":[],"product_cat":[345,325],"product_tag":[],"class_list":{"0":"post-21792","1":"product","2":"type-product","3":"status-publish","4":"has-post-thumbnail","6":"product_cat-koti-ja-spa","7":"product_cat-uutuudet","9":"first","10":"instock","11":"taxable","12":"shipping-taxable","13":"purchasable","14":"product-type-simple"},"acf":[],"yoast_head":"<!-- This site is optimized with the Yoast SEO plugin v26.8 - https:\/\/yoast.com\/product\/yoast-seo-wordpress\/ -->\n<title>Kylpytyffelit Valkoinen suklaa - iFlower<\/title>\n<meta name=\"robots\" content=\"index, follow, max-snippet:-1, max-image-preview:large, max-video-preview:-1\" \/>\n<link rel=\"canonical\" href=\"https:\/\/www.iflower.ee\/fi\/toode\/kylpytyffelit-valkoinen-suklaa\/\" \/>\n<meta property=\"og:locale\" content=\"fi_FI\" \/>\n<meta property=\"og:type\" content=\"article\" \/>\n<meta property=\"og:title\" content=\"Kylpytyffelit Valkoinen suklaa - iFlower\" \/>\n<meta property=\"og:description\" content=\"Kylpytryffelit ovat ihana hemmottelulahja itsellesi! Ne helliv\u00e4t kuivaa ihoa, kosteuttavat ja j\u00e4tt\u00e4v\u00e4t ihon pehme\u00e4ksi ja samettiseksi. Kaakaovoi tuo ylellisen silkkisyyden tunteen ihollesi. N\u00e4m\u00e4 kylpytryffelit ovat ratkaisu makeanhimoosi! Ota ihana hemmotteleva valkosuklaakylpy, kun kaipaat makeaa rentoutusta.  Sopii kaikille ihotyypeille, erityisesti kuivalle iholle. 100% luonnollinen ja\/tai valmistettu Ecosert-ainesosista. Rasia sis\u00e4lt\u00e4\u00e4 6 kylpytryffeli\u00e4.\" \/>\n<meta property=\"og:url\" content=\"https:\/\/www.iflower.ee\/fi\/toode\/kylpytyffelit-valkoinen-suklaa\/\" \/>\n<meta property=\"og:site_name\" content=\"iFlower\" \/>\n<meta property=\"article:modified_time\" content=\"2021-03-11T09:00:48+00:00\" \/>\n<meta property=\"og:image\" content=\"https:\/\/www.iflower.ee\/wp-content\/uploads\/2020\/04\/Valge-shokolaadi-Joik.jpg\" \/>\n\t<meta property=\"og:image:width\" content=\"1000\" \/>\n\t<meta property=\"og:image:height\" content=\"1500\" \/>\n\t<meta property=\"og:image:type\" content=\"image\/jpeg\" \/>\n<meta name=\"twitter:card\" content=\"summary_large_image\" \/>\n<script type=\"application\/ld+json\" class=\"yoast-schema-graph\">{\"@context\":\"https:\/\/schema.org\",\"@graph\":[{\"@type\":\"WebPage\",\"@id\":\"https:\/\/www.iflower.ee\/fi\/toode\/kylpytyffelit-valkoinen-suklaa\/\",\"url\":\"https:\/\/www.iflower.ee\/fi\/toode\/kylpytyffelit-valkoinen-suklaa\/\",\"name\":\"Kylpytyffelit Valkoinen suklaa - iFlower\",\"isPartOf\":{\"@id\":\"https:\/\/www.iflower.ee\/#website\"},\"primaryImageOfPage\":{\"@id\":\"https:\/\/www.iflower.ee\/fi\/toode\/kylpytyffelit-valkoinen-suklaa\/#primaryimage\"},\"image\":{\"@id\":\"https:\/\/www.iflower.ee\/fi\/toode\/kylpytyffelit-valkoinen-suklaa\/#primaryimage\"},\"thumbnailUrl\":\"https:\/\/www.iflower.ee\/wp-content\/uploads\/2020\/04\/Valge-shokolaadi-Joik.jpg\",\"datePublished\":\"2021-01-26T08:58:21+00:00\",\"dateModified\":\"2021-03-11T09:00:48+00:00\",\"breadcrumb\":{\"@id\":\"https:\/\/www.iflower.ee\/fi\/toode\/kylpytyffelit-valkoinen-suklaa\/#breadcrumb\"},\"inLanguage\":\"fi\",\"potentialAction\":[{\"@type\":\"ReadAction\",\"target\":[\"https:\/\/www.iflower.ee\/fi\/toode\/kylpytyffelit-valkoinen-suklaa\/\"]}]},{\"@type\":\"ImageObject\",\"inLanguage\":\"fi\",\"@id\":\"https:\/\/www.iflower.ee\/fi\/toode\/kylpytyffelit-valkoinen-suklaa\/#primaryimage\",\"url\":\"https:\/\/www.iflower.ee\/wp-content\/uploads\/2020\/04\/Valge-shokolaadi-Joik.jpg\",\"contentUrl\":\"https:\/\/www.iflower.ee\/wp-content\/uploads\/2020\/04\/Valge-shokolaadi-Joik.jpg\",\"width\":1000,\"height\":1500},{\"@type\":\"BreadcrumbList\",\"@id\":\"https:\/\/www.iflower.ee\/fi\/toode\/kylpytyffelit-valkoinen-suklaa\/#breadcrumb\",\"itemListElement\":[{\"@type\":\"ListItem\",\"position\":1,\"name\":\"Pood\",\"item\":\"https:\/\/www.iflower.ee\/pood\/\"},{\"@type\":\"ListItem\",\"position\":2,\"name\":\"Kylpytyffelit Valkoinen suklaa\"}]},{\"@type\":\"WebSite\",\"@id\":\"https:\/\/www.iflower.ee\/#website\",\"url\":\"https:\/\/www.iflower.ee\/\",\"name\":\"iFlower\",\"description\":\"\",\"publisher\":{\"@id\":\"https:\/\/www.iflower.ee\/#organization\"},\"potentialAction\":[{\"@type\":\"SearchAction\",\"target\":{\"@type\":\"EntryPoint\",\"urlTemplate\":\"https:\/\/www.iflower.ee\/?s={search_term_string}\"},\"query-input\":{\"@type\":\"PropertyValueSpecification\",\"valueRequired\":true,\"valueName\":\"search_term_string\"}}],\"inLanguage\":\"fi\"},{\"@type\":\"Organization\",\"@id\":\"https:\/\/www.iflower.ee\/#organization\",\"name\":\"iFlower\",\"url\":\"https:\/\/www.iflower.ee\/\",\"logo\":{\"@type\":\"ImageObject\",\"inLanguage\":\"fi\",\"@id\":\"https:\/\/www.iflower.ee\/#\/schema\/logo\/image\/\",\"url\":\"https:\/\/www.iflower.ee\/wp-content\/uploads\/2022\/04\/iflower.png\",\"contentUrl\":\"https:\/\/www.iflower.ee\/wp-content\/uploads\/2022\/04\/iflower.png\",\"width\":248,\"height\":71,\"caption\":\"iFlower\"},\"image\":{\"@id\":\"https:\/\/www.iflower.ee\/#\/schema\/logo\/image\/\"}}]}<\/script>\n<!-- \/ Yoast SEO plugin. -->","yoast_head_json":{"title":"Kylpytyffelit Valkoinen suklaa - iFlower","robots":{"index":"index","follow":"follow","max-snippet":"max-snippet:-1","max-image-preview":"max-image-preview:large","max-video-preview":"max-video-preview:-1"},"canonical":"https:\/\/www.iflower.ee\/fi\/toode\/kylpytyffelit-valkoinen-suklaa\/","og_locale":"fi_FI","og_type":"article","og_title":"Kylpytyffelit Valkoinen suklaa - iFlower","og_description":"Kylpytryffelit ovat ihana hemmottelulahja itsellesi! Ne helliv\u00e4t kuivaa ihoa, kosteuttavat ja j\u00e4tt\u00e4v\u00e4t ihon pehme\u00e4ksi ja samettiseksi. Kaakaovoi tuo ylellisen silkkisyyden tunteen ihollesi. N\u00e4m\u00e4 kylpytryffelit ovat ratkaisu makeanhimoosi! Ota ihana hemmotteleva valkosuklaakylpy, kun kaipaat makeaa rentoutusta.  Sopii kaikille ihotyypeille, erityisesti kuivalle iholle. 100% luonnollinen ja\/tai valmistettu Ecosert-ainesosista. Rasia sis\u00e4lt\u00e4\u00e4 6 kylpytryffeli\u00e4.","og_url":"https:\/\/www.iflower.ee\/fi\/toode\/kylpytyffelit-valkoinen-suklaa\/","og_site_name":"iFlower","article_modified_time":"2021-03-11T09:00:48+00:00","og_image":[{"width":1000,"height":1500,"url":"https:\/\/www.iflower.ee\/wp-content\/uploads\/2020\/04\/Valge-shokolaadi-Joik.jpg","type":"image\/jpeg"}],"twitter_card":"summary_large_image","schema":{"@context":"https:\/\/schema.org","@graph":[{"@type":"WebPage","@id":"https:\/\/www.iflower.ee\/fi\/toode\/kylpytyffelit-valkoinen-suklaa\/","url":"https:\/\/www.iflower.ee\/fi\/toode\/kylpytyffelit-valkoinen-suklaa\/","name":"Kylpytyffelit Valkoinen suklaa - iFlower","isPartOf":{"@id":"https:\/\/www.iflower.ee\/#website"},"primaryImageOfPage":{"@id":"https:\/\/www.iflower.ee\/fi\/toode\/kylpytyffelit-valkoinen-suklaa\/#primaryimage"},"image":{"@id":"https:\/\/www.iflower.ee\/fi\/toode\/kylpytyffelit-valkoinen-suklaa\/#primaryimage"},"thumbnailUrl":"https:\/\/www.iflower.ee\/wp-content\/uploads\/2020\/04\/Valge-shokolaadi-Joik.jpg","datePublished":"2021-01-26T08:58:21+00:00","dateModified":"2021-03-11T09:00:48+00:00","breadcrumb":{"@id":"https:\/\/www.iflower.ee\/fi\/toode\/kylpytyffelit-valkoinen-suklaa\/#breadcrumb"},"inLanguage":"fi","potentialAction":[{"@type":"ReadAction","target":["https:\/\/www.iflower.ee\/fi\/toode\/kylpytyffelit-valkoinen-suklaa\/"]}]},{"@type":"ImageObject","inLanguage":"fi","@id":"https:\/\/www.iflower.ee\/fi\/toode\/kylpytyffelit-valkoinen-suklaa\/#primaryimage","url":"https:\/\/www.iflower.ee\/wp-content\/uploads\/2020\/04\/Valge-shokolaadi-Joik.jpg","contentUrl":"https:\/\/www.iflower.ee\/wp-content\/uploads\/2020\/04\/Valge-shokolaadi-Joik.jpg","width":1000,"height":1500},{"@type":"BreadcrumbList","@id":"https:\/\/www.iflower.ee\/fi\/toode\/kylpytyffelit-valkoinen-suklaa\/#breadcrumb","itemListElement":[{"@type":"ListItem","position":1,"name":"Pood","item":"https:\/\/www.iflower.ee\/pood\/"},{"@type":"ListItem","position":2,"name":"Kylpytyffelit Valkoinen suklaa"}]},{"@type":"WebSite","@id":"https:\/\/www.iflower.ee\/#website","url":"https:\/\/www.iflower.ee\/","name":"iFlower","description":"","publisher":{"@id":"https:\/\/www.iflower.ee\/#organization"},"potentialAction":[{"@type":"SearchAction","target":{"@type":"EntryPoint","urlTemplate":"https:\/\/www.iflower.ee\/?s={search_term_string}"},"query-input":{"@type":"PropertyValueSpecification","valueRequired":true,"valueName":"search_term_string"}}],"inLanguage":"fi"},{"@type":"Organization","@id":"https:\/\/www.iflower.ee\/#organization","name":"iFlower","url":"https:\/\/www.iflower.ee\/","logo":{"@type":"ImageObject","inLanguage":"fi","@id":"https:\/\/www.iflower.ee\/#\/schema\/logo\/image\/","url":"https:\/\/www.iflower.ee\/wp-content\/uploads\/2022\/04\/iflower.png","contentUrl":"https:\/\/www.iflower.ee\/wp-content\/uploads\/2022\/04\/iflower.png","width":248,"height":71,"caption":"iFlower"},"image":{"@id":"https:\/\/www.iflower.ee\/#\/schema\/logo\/image\/"}}]}},"_links":{"self":[{"href":"https:\/\/www.iflower.ee\/fi\/wp-json\/wp\/v2\/product\/21792","targetHints":{"allow":["GET"]}}],"collection":[{"href":"https:\/\/www.iflower.ee\/fi\/wp-json\/wp\/v2\/product"}],"about":[{"href":"https:\/\/www.iflower.ee\/fi\/wp-json\/wp\/v2\/types\/product"}],"wp:featuredmedia":[{"embeddable":true,"href":"https:\/\/www.iflower.ee\/fi\/wp-json\/wp\/v2\/media\/26349"}],"wp:attachment":[{"href":"https:\/\/www.iflower.ee\/fi\/wp-json\/wp\/v2\/media?parent=21792"}],"wp:term":[{"taxonomy":"product_brand","embeddable":true,"href":"https:\/\/www.iflower.ee\/fi\/wp-json\/wp\/v2\/product_brand?post=21792"},{"taxonomy":"product_cat","embeddable":true,"href":"https:\/\/www.iflower.ee\/fi\/wp-json\/wp\/v2\/product_cat?post=21792"},{"taxonomy":"product_tag","embeddable":true,"href":"https:\/\/www.iflower.ee\/fi\/wp-json\/wp\/v2\/product_tag?post=21792"}],"curies":[{"name":"wp","href":"https:\/\/api.w.org\/{rel}","templated":true}]}}