{"id":21807,"date":"2020-10-23T22:04:54","date_gmt":"2021-01-26T08:58:21","guid":{"rendered":"https:\/\/www.iflower.ee\/toode\/veuve-clicquot-brut-rose-0-75l\/"},"modified":"2023-01-19T21:49:40","modified_gmt":"2023-01-19T19:49:40","slug":"veuve-clicquot-brut-rose-0-75l","status":"publish","type":"product","link":"https:\/\/www.iflower.ee\/fi\/toode\/veuve-clicquot-brut-rose-0-75l\/","title":{"rendered":"VEUVE CLICQUOT BRUT ROS\u00c9 0,75L"},"content":{"rendered":"","protected":false},"excerpt":{"rendered":"<p>200 vuotta sitten Veuve Clicquot valmisti maailman ensimm\u00e4isen sekoittamalla valmistetun roseesamppanjan. Sen perustana on ikoninen Yellow Label, eli Veuve Clicquot Brut, joka on 50-55 % Pinot Noiria, 15-20 % Pinot Meunieria ja 28-33 % Chardonnayta sis\u00e4lt\u00e4en vuodesta riippuen 30-45 % reserve-viinej\u00e4. Veuve Clicquot Ros\u00e9 valmistetaan lis\u00e4\u00e4m\u00e4ll\u00e4 t\u00e4h\u00e4n sekoitukseen 12-13 % punaviini\u00e4. Veuve Clicquot Ros\u00e9 on raikas, t\u00e4ytel\u00e4inen ja viinillinen roseesamppanja. Viinin tuoksussa voi erottaa mansikan, kirsikan ja mustaherukan sek\u00e4 mantelin ja keksin aromeja. Veuve Clicquot\u2019n tyylille ominaisesti t\u00e4ss\u00e4 viiniss\u00e4 on hedelm\u00e4inen ja pitk\u00e4, raikas maku. T\u00e4ytel\u00e4isyytens\u00e4 ansiosta Veuve Clicquot Ros\u00e9 on upea viini my\u00f6s ruokap\u00f6yt\u00e4\u00e4n, ja se sopii erinomaisesti esimerkiksi tonnikalan, naudan carpaccion tai ankan kumppaniksi.<\/p>\n<p>HUOMIO! T\u00c4M\u00c4 ON ALKOHOLITUOTE. ALKOHOLI VOI VAHINGOITTAA TERVEYTT\u00c4SI.<\/p>\n","protected":false},"featured_media":25029,"template":"","meta":{"_acf_changed":false},"product_brand":[],"product_cat":[343,327],"product_tag":[],"class_list":{"0":"post-21807","1":"product","2":"type-product","3":"status-publish","4":"has-post-thumbnail","6":"product_cat-lahjat","7":"product_cat-kuohuviinit","9":"first","10":"instock","11":"taxable","12":"shipping-taxable","13":"purchasable","14":"product-type-simple"},"acf":[],"yoast_head":"<!-- This site is optimized with the Yoast SEO plugin v26.8 - https:\/\/yoast.com\/product\/yoast-seo-wordpress\/ -->\n<title>VEUVE CLICQUOT BRUT ROS\u00c9 0,75L - iFlower<\/title>\n<meta name=\"robots\" content=\"index, follow, max-snippet:-1, max-image-preview:large, max-video-preview:-1\" \/>\n<link rel=\"canonical\" href=\"https:\/\/www.iflower.ee\/fi\/toode\/veuve-clicquot-brut-rose-0-75l\/\" \/>\n<meta property=\"og:locale\" content=\"fi_FI\" \/>\n<meta property=\"og:type\" content=\"article\" \/>\n<meta property=\"og:title\" content=\"VEUVE CLICQUOT BRUT ROS\u00c9 0,75L - iFlower\" \/>\n<meta property=\"og:description\" content=\"200 vuotta sitten Veuve Clicquot valmisti maailman ensimm\u00e4isen sekoittamalla valmistetun roseesamppanjan. Sen perustana on ikoninen Yellow Label, eli Veuve Clicquot Brut, joka on 50-55 % Pinot Noiria, 15-20 % Pinot Meunieria ja 28-33 % Chardonnayta sis\u00e4lt\u00e4en vuodesta riippuen 30-45 % reserve-viinej\u00e4. Veuve Clicquot Ros\u00e9 valmistetaan lis\u00e4\u00e4m\u00e4ll\u00e4 t\u00e4h\u00e4n sekoitukseen 12-13 % punaviini\u00e4. Veuve Clicquot Ros\u00e9 on raikas, t\u00e4ytel\u00e4inen ja viinillinen roseesamppanja. Viinin tuoksussa voi erottaa mansikan, kirsikan ja mustaherukan sek\u00e4 mantelin ja keksin aromeja. Veuve Clicquot\u2019n tyylille ominaisesti t\u00e4ss\u00e4 viiniss\u00e4 on hedelm\u00e4inen ja pitk\u00e4, raikas maku. T\u00e4ytel\u00e4isyytens\u00e4 ansiosta Veuve Clicquot Ros\u00e9 on upea viini my\u00f6s ruokap\u00f6yt\u00e4\u00e4n, ja se sopii erinomaisesti esimerkiksi tonnikalan, naudan carpaccion tai ankan kumppaniksi. HUOMIO! T\u00c4M\u00c4 ON ALKOHOLITUOTE. ALKOHOLI VOI VAHINGOITTAA TERVEYTT\u00c4SI.\" \/>\n<meta property=\"og:url\" content=\"https:\/\/www.iflower.ee\/fi\/toode\/veuve-clicquot-brut-rose-0-75l\/\" \/>\n<meta property=\"og:site_name\" content=\"iFlower\" \/>\n<meta property=\"article:modified_time\" content=\"2023-01-19T19:49:40+00:00\" \/>\n<meta property=\"og:image\" content=\"https:\/\/www.iflower.ee\/wp-content\/uploads\/2020\/10\/veuve-rose.jpg\" \/>\n\t<meta property=\"og:image:width\" content=\"1000\" \/>\n\t<meta property=\"og:image:height\" content=\"1500\" \/>\n\t<meta property=\"og:image:type\" content=\"image\/jpeg\" \/>\n<meta name=\"twitter:card\" content=\"summary_large_image\" \/>\n<script type=\"application\/ld+json\" class=\"yoast-schema-graph\">{\"@context\":\"https:\/\/schema.org\",\"@graph\":[{\"@type\":\"WebPage\",\"@id\":\"https:\/\/www.iflower.ee\/fi\/toode\/veuve-clicquot-brut-rose-0-75l\/\",\"url\":\"https:\/\/www.iflower.ee\/fi\/toode\/veuve-clicquot-brut-rose-0-75l\/\",\"name\":\"VEUVE CLICQUOT BRUT ROS\u00c9 0,75L - iFlower\",\"isPartOf\":{\"@id\":\"https:\/\/www.iflower.ee\/#website\"},\"primaryImageOfPage\":{\"@id\":\"https:\/\/www.iflower.ee\/fi\/toode\/veuve-clicquot-brut-rose-0-75l\/#primaryimage\"},\"image\":{\"@id\":\"https:\/\/www.iflower.ee\/fi\/toode\/veuve-clicquot-brut-rose-0-75l\/#primaryimage\"},\"thumbnailUrl\":\"https:\/\/www.iflower.ee\/wp-content\/uploads\/2020\/10\/veuve-rose.jpg\",\"datePublished\":\"2021-01-26T08:58:21+00:00\",\"dateModified\":\"2023-01-19T19:49:40+00:00\",\"breadcrumb\":{\"@id\":\"https:\/\/www.iflower.ee\/fi\/toode\/veuve-clicquot-brut-rose-0-75l\/#breadcrumb\"},\"inLanguage\":\"fi\",\"potentialAction\":[{\"@type\":\"ReadAction\",\"target\":[\"https:\/\/www.iflower.ee\/fi\/toode\/veuve-clicquot-brut-rose-0-75l\/\"]}]},{\"@type\":\"ImageObject\",\"inLanguage\":\"fi\",\"@id\":\"https:\/\/www.iflower.ee\/fi\/toode\/veuve-clicquot-brut-rose-0-75l\/#primaryimage\",\"url\":\"https:\/\/www.iflower.ee\/wp-content\/uploads\/2020\/10\/veuve-rose.jpg\",\"contentUrl\":\"https:\/\/www.iflower.ee\/wp-content\/uploads\/2020\/10\/veuve-rose.jpg\",\"width\":1000,\"height\":1500},{\"@type\":\"BreadcrumbList\",\"@id\":\"https:\/\/www.iflower.ee\/fi\/toode\/veuve-clicquot-brut-rose-0-75l\/#breadcrumb\",\"itemListElement\":[{\"@type\":\"ListItem\",\"position\":1,\"name\":\"Pood\",\"item\":\"https:\/\/www.iflower.ee\/pood\/\"},{\"@type\":\"ListItem\",\"position\":2,\"name\":\"VEUVE CLICQUOT BRUT ROS\u00c9 0,75L\"}]},{\"@type\":\"WebSite\",\"@id\":\"https:\/\/www.iflower.ee\/#website\",\"url\":\"https:\/\/www.iflower.ee\/\",\"name\":\"iFlower\",\"description\":\"\",\"publisher\":{\"@id\":\"https:\/\/www.iflower.ee\/#organization\"},\"potentialAction\":[{\"@type\":\"SearchAction\",\"target\":{\"@type\":\"EntryPoint\",\"urlTemplate\":\"https:\/\/www.iflower.ee\/?s={search_term_string}\"},\"query-input\":{\"@type\":\"PropertyValueSpecification\",\"valueRequired\":true,\"valueName\":\"search_term_string\"}}],\"inLanguage\":\"fi\"},{\"@type\":\"Organization\",\"@id\":\"https:\/\/www.iflower.ee\/#organization\",\"name\":\"iFlower\",\"url\":\"https:\/\/www.iflower.ee\/\",\"logo\":{\"@type\":\"ImageObject\",\"inLanguage\":\"fi\",\"@id\":\"https:\/\/www.iflower.ee\/#\/schema\/logo\/image\/\",\"url\":\"https:\/\/www.iflower.ee\/wp-content\/uploads\/2022\/04\/iflower.png\",\"contentUrl\":\"https:\/\/www.iflower.ee\/wp-content\/uploads\/2022\/04\/iflower.png\",\"width\":248,\"height\":71,\"caption\":\"iFlower\"},\"image\":{\"@id\":\"https:\/\/www.iflower.ee\/#\/schema\/logo\/image\/\"}}]}<\/script>\n<!-- \/ Yoast SEO plugin. -->","yoast_head_json":{"title":"VEUVE CLICQUOT BRUT ROS\u00c9 0,75L - iFlower","robots":{"index":"index","follow":"follow","max-snippet":"max-snippet:-1","max-image-preview":"max-image-preview:large","max-video-preview":"max-video-preview:-1"},"canonical":"https:\/\/www.iflower.ee\/fi\/toode\/veuve-clicquot-brut-rose-0-75l\/","og_locale":"fi_FI","og_type":"article","og_title":"VEUVE CLICQUOT BRUT ROS\u00c9 0,75L - iFlower","og_description":"200 vuotta sitten Veuve Clicquot valmisti maailman ensimm\u00e4isen sekoittamalla valmistetun roseesamppanjan. Sen perustana on ikoninen Yellow Label, eli Veuve Clicquot Brut, joka on 50-55 % Pinot Noiria, 15-20 % Pinot Meunieria ja 28-33 % Chardonnayta sis\u00e4lt\u00e4en vuodesta riippuen 30-45 % reserve-viinej\u00e4. Veuve Clicquot Ros\u00e9 valmistetaan lis\u00e4\u00e4m\u00e4ll\u00e4 t\u00e4h\u00e4n sekoitukseen 12-13 % punaviini\u00e4. Veuve Clicquot Ros\u00e9 on raikas, t\u00e4ytel\u00e4inen ja viinillinen roseesamppanja. Viinin tuoksussa voi erottaa mansikan, kirsikan ja mustaherukan sek\u00e4 mantelin ja keksin aromeja. Veuve Clicquot\u2019n tyylille ominaisesti t\u00e4ss\u00e4 viiniss\u00e4 on hedelm\u00e4inen ja pitk\u00e4, raikas maku. T\u00e4ytel\u00e4isyytens\u00e4 ansiosta Veuve Clicquot Ros\u00e9 on upea viini my\u00f6s ruokap\u00f6yt\u00e4\u00e4n, ja se sopii erinomaisesti esimerkiksi tonnikalan, naudan carpaccion tai ankan kumppaniksi. HUOMIO! T\u00c4M\u00c4 ON ALKOHOLITUOTE. ALKOHOLI VOI VAHINGOITTAA TERVEYTT\u00c4SI.","og_url":"https:\/\/www.iflower.ee\/fi\/toode\/veuve-clicquot-brut-rose-0-75l\/","og_site_name":"iFlower","article_modified_time":"2023-01-19T19:49:40+00:00","og_image":[{"width":1000,"height":1500,"url":"https:\/\/www.iflower.ee\/wp-content\/uploads\/2020\/10\/veuve-rose.jpg","type":"image\/jpeg"}],"twitter_card":"summary_large_image","schema":{"@context":"https:\/\/schema.org","@graph":[{"@type":"WebPage","@id":"https:\/\/www.iflower.ee\/fi\/toode\/veuve-clicquot-brut-rose-0-75l\/","url":"https:\/\/www.iflower.ee\/fi\/toode\/veuve-clicquot-brut-rose-0-75l\/","name":"VEUVE CLICQUOT BRUT ROS\u00c9 0,75L - iFlower","isPartOf":{"@id":"https:\/\/www.iflower.ee\/#website"},"primaryImageOfPage":{"@id":"https:\/\/www.iflower.ee\/fi\/toode\/veuve-clicquot-brut-rose-0-75l\/#primaryimage"},"image":{"@id":"https:\/\/www.iflower.ee\/fi\/toode\/veuve-clicquot-brut-rose-0-75l\/#primaryimage"},"thumbnailUrl":"https:\/\/www.iflower.ee\/wp-content\/uploads\/2020\/10\/veuve-rose.jpg","datePublished":"2021-01-26T08:58:21+00:00","dateModified":"2023-01-19T19:49:40+00:00","breadcrumb":{"@id":"https:\/\/www.iflower.ee\/fi\/toode\/veuve-clicquot-brut-rose-0-75l\/#breadcrumb"},"inLanguage":"fi","potentialAction":[{"@type":"ReadAction","target":["https:\/\/www.iflower.ee\/fi\/toode\/veuve-clicquot-brut-rose-0-75l\/"]}]},{"@type":"ImageObject","inLanguage":"fi","@id":"https:\/\/www.iflower.ee\/fi\/toode\/veuve-clicquot-brut-rose-0-75l\/#primaryimage","url":"https:\/\/www.iflower.ee\/wp-content\/uploads\/2020\/10\/veuve-rose.jpg","contentUrl":"https:\/\/www.iflower.ee\/wp-content\/uploads\/2020\/10\/veuve-rose.jpg","width":1000,"height":1500},{"@type":"BreadcrumbList","@id":"https:\/\/www.iflower.ee\/fi\/toode\/veuve-clicquot-brut-rose-0-75l\/#breadcrumb","itemListElement":[{"@type":"ListItem","position":1,"name":"Pood","item":"https:\/\/www.iflower.ee\/pood\/"},{"@type":"ListItem","position":2,"name":"VEUVE CLICQUOT BRUT ROS\u00c9 0,75L"}]},{"@type":"WebSite","@id":"https:\/\/www.iflower.ee\/#website","url":"https:\/\/www.iflower.ee\/","name":"iFlower","description":"","publisher":{"@id":"https:\/\/www.iflower.ee\/#organization"},"potentialAction":[{"@type":"SearchAction","target":{"@type":"EntryPoint","urlTemplate":"https:\/\/www.iflower.ee\/?s={search_term_string}"},"query-input":{"@type":"PropertyValueSpecification","valueRequired":true,"valueName":"search_term_string"}}],"inLanguage":"fi"},{"@type":"Organization","@id":"https:\/\/www.iflower.ee\/#organization","name":"iFlower","url":"https:\/\/www.iflower.ee\/","logo":{"@type":"ImageObject","inLanguage":"fi","@id":"https:\/\/www.iflower.ee\/#\/schema\/logo\/image\/","url":"https:\/\/www.iflower.ee\/wp-content\/uploads\/2022\/04\/iflower.png","contentUrl":"https:\/\/www.iflower.ee\/wp-content\/uploads\/2022\/04\/iflower.png","width":248,"height":71,"caption":"iFlower"},"image":{"@id":"https:\/\/www.iflower.ee\/#\/schema\/logo\/image\/"}}]}},"_links":{"self":[{"href":"https:\/\/www.iflower.ee\/fi\/wp-json\/wp\/v2\/product\/21807","targetHints":{"allow":["GET"]}}],"collection":[{"href":"https:\/\/www.iflower.ee\/fi\/wp-json\/wp\/v2\/product"}],"about":[{"href":"https:\/\/www.iflower.ee\/fi\/wp-json\/wp\/v2\/types\/product"}],"wp:featuredmedia":[{"embeddable":true,"href":"https:\/\/www.iflower.ee\/fi\/wp-json\/wp\/v2\/media\/25029"}],"wp:attachment":[{"href":"https:\/\/www.iflower.ee\/fi\/wp-json\/wp\/v2\/media?parent=21807"}],"wp:term":[{"taxonomy":"product_brand","embeddable":true,"href":"https:\/\/www.iflower.ee\/fi\/wp-json\/wp\/v2\/product_brand?post=21807"},{"taxonomy":"product_cat","embeddable":true,"href":"https:\/\/www.iflower.ee\/fi\/wp-json\/wp\/v2\/product_cat?post=21807"},{"taxonomy":"product_tag","embeddable":true,"href":"https:\/\/www.iflower.ee\/fi\/wp-json\/wp\/v2\/product_tag?post=21807"}],"curies":[{"name":"wp","href":"https:\/\/api.w.org\/{rel}","templated":true}]}}