{"id":21809,"date":"2020-10-24T11:45:09","date_gmt":"2021-01-26T08:58:21","guid":{"rendered":"https:\/\/www.iflower.ee\/toode\/romanttiset-kynttilat-trio\/"},"modified":"2023-09-20T13:08:04","modified_gmt":"2023-09-20T10:08:04","slug":"romanttiset-kynttilat-trio","status":"publish","type":"product","link":"https:\/\/www.iflower.ee\/fi\/toode\/romanttiset-kynttilat-trio\/","title":{"rendered":"Romanttiset kynttil\u00e4t, trio"},"content":{"rendered":"","protected":false},"excerpt":{"rendered":"<p>Kokoelmaan kuuluu kolme suosituinta JOIK romanttista kynttil\u00e4\u00e4:<\/p>\n<p><strong>Cherie<\/strong> &#8211; Kerge, \u00f5huline, magus ja k\u00f5ikehaarav nagu kevadine armumine \u2013 just selline l\u00f5hn on Ch\u00e9rie. Aroomis on esmalt tunda eksootilisi lilli, musts\u00f5start ja pirni, mida rikastavad virsiku- ja apelsini\u00f5ite noodid ja magusat t\u00e4iuslikkust lisavad vanilje, pralinee ja pat\u0161uli.<\/p>\n<p><strong>Maasikad ja kuohuviini &#8211; <\/strong>Romantiline ja ylellinen klassika &#8211; k\u00fclm kuohuviini ja l\u00f5hnavad mahlased maasikad. kuohuviinii aroomis on tunda Valkoinente lillede, h\u00fcatsindi, piibelehe, sandlipuu \u00a0ning siidri puidust aroomi. Seda looritab k\u00fcpsete maasikate k\u00fclluslik aroom. Elamusi ja tundeid ligit\u00f5mbav l\u00f5hn.<\/p>\n<p><strong>La Boheme &#8211; <\/strong>T\u00f5eliselt lummav ja inspireeriv segu muskusest, idamaistest v\u00fcrtsidest, sandlipuust, patshulist, nelgist, bergamotist, jasmiinist ja killukesest vaniljest. See l\u00f5hn on peaaegu h\u00fcpnotiseeriv, viib m\u00f5tted r\u00e4ndama ning ergutab loovust.<\/p>\n<p>Kaunis kompliment kallimale\u00a0naistep\u00e4eval kui ka ideaalne kingitus l\u00e4hedasele aastaringselt!<\/p>\n<p>Kaal: 3 x 80 gr.net, \u00fche k\u00fc\u00fcnla p\u00f5lemisaeg ca 25h.<\/p>\n","protected":false},"featured_media":22557,"template":"","meta":{"_acf_changed":false},"product_brand":[],"product_cat":[330,345,366,331,325],"product_tag":[],"class_list":{"0":"post-21809","1":"product","2":"type-product","3":"status-publish","4":"has-post-thumbnail","6":"product_cat-aitienpaiva","7":"product_cat-koti-ja-spa","8":"product_cat-kesakokoelma","9":"product_cat-aitienpaiva-fi","10":"product_cat-uutuudet","12":"first","13":"instock","14":"taxable","15":"shipping-taxable","16":"purchasable","17":"product-type-simple"},"acf":[],"yoast_head":"<!-- This site is optimized with the Yoast SEO plugin v26.8 - https:\/\/yoast.com\/product\/yoast-seo-wordpress\/ -->\n<title>Romanttiset kynttil\u00e4t, trio - iFlower<\/title>\n<meta name=\"robots\" content=\"index, follow, max-snippet:-1, max-image-preview:large, max-video-preview:-1\" \/>\n<link rel=\"canonical\" href=\"https:\/\/www.iflower.ee\/fi\/toode\/romanttiset-kynttilat-trio\/\" \/>\n<meta property=\"og:locale\" content=\"fi_FI\" \/>\n<meta property=\"og:type\" content=\"article\" \/>\n<meta property=\"og:title\" content=\"Romanttiset kynttil\u00e4t, trio - iFlower\" \/>\n<meta property=\"og:description\" content=\"Kokoelmaan kuuluu kolme suosituinta JOIK romanttista kynttil\u00e4\u00e4:  Cherie - Kerge, \u00f5huline, magus ja k\u00f5ikehaarav nagu kevadine armumine \u2013 just selline l\u00f5hn on Ch\u00e9rie. Aroomis on esmalt tunda eksootilisi lilli, musts\u00f5start ja pirni, mida rikastavad virsiku- ja apelsini\u00f5ite noodid ja magusat t\u00e4iuslikkust lisavad vanilje, pralinee ja pat\u0161uli.  Maasikad ja kuohuviini - Romantiline ja ylellinen klassika - k\u00fclm kuohuviini ja l\u00f5hnavad mahlased maasikad. kuohuviinii aroomis on tunda Valkoinente lillede, h\u00fcatsindi, piibelehe, sandlipuu \u00a0ning siidri puidust aroomi. Seda looritab k\u00fcpsete maasikate k\u00fclluslik aroom. Elamusi ja tundeid ligit\u00f5mbav l\u00f5hn.  La Boheme - T\u00f5eliselt lummav ja inspireeriv segu muskusest, idamaistest v\u00fcrtsidest, sandlipuust, patshulist, nelgist, bergamotist, jasmiinist ja killukesest vaniljest. See l\u00f5hn on peaaegu h\u00fcpnotiseeriv, viib m\u00f5tted r\u00e4ndama ning ergutab loovust.  Kaunis kompliment kallimale\u00a0naistep\u00e4eval kui ka ideaalne kingitus l\u00e4hedasele aastaringselt!  Kaal: 3 x 80 gr.net, \u00fche k\u00fc\u00fcnla p\u00f5lemisaeg ca 25h.\" \/>\n<meta property=\"og:url\" content=\"https:\/\/www.iflower.ee\/fi\/toode\/romanttiset-kynttilat-trio\/\" \/>\n<meta property=\"og:site_name\" content=\"iFlower\" \/>\n<meta property=\"article:modified_time\" content=\"2023-09-20T10:08:04+00:00\" \/>\n<meta property=\"og:image\" content=\"https:\/\/www.iflower.ee\/wp-content\/uploads\/2020\/04\/DSCF4989.jpg\" \/>\n\t<meta property=\"og:image:width\" content=\"1000\" \/>\n\t<meta property=\"og:image:height\" content=\"1500\" \/>\n\t<meta property=\"og:image:type\" content=\"image\/jpeg\" \/>\n<meta name=\"twitter:card\" content=\"summary_large_image\" \/>\n<script type=\"application\/ld+json\" class=\"yoast-schema-graph\">{\"@context\":\"https:\/\/schema.org\",\"@graph\":[{\"@type\":\"WebPage\",\"@id\":\"https:\/\/www.iflower.ee\/fi\/toode\/romanttiset-kynttilat-trio\/\",\"url\":\"https:\/\/www.iflower.ee\/fi\/toode\/romanttiset-kynttilat-trio\/\",\"name\":\"Romanttiset kynttil\u00e4t, trio - iFlower\",\"isPartOf\":{\"@id\":\"https:\/\/www.iflower.ee\/#website\"},\"primaryImageOfPage\":{\"@id\":\"https:\/\/www.iflower.ee\/fi\/toode\/romanttiset-kynttilat-trio\/#primaryimage\"},\"image\":{\"@id\":\"https:\/\/www.iflower.ee\/fi\/toode\/romanttiset-kynttilat-trio\/#primaryimage\"},\"thumbnailUrl\":\"https:\/\/www.iflower.ee\/wp-content\/uploads\/2020\/04\/DSCF4989.jpg\",\"datePublished\":\"2021-01-26T08:58:21+00:00\",\"dateModified\":\"2023-09-20T10:08:04+00:00\",\"breadcrumb\":{\"@id\":\"https:\/\/www.iflower.ee\/fi\/toode\/romanttiset-kynttilat-trio\/#breadcrumb\"},\"inLanguage\":\"fi\",\"potentialAction\":[{\"@type\":\"ReadAction\",\"target\":[\"https:\/\/www.iflower.ee\/fi\/toode\/romanttiset-kynttilat-trio\/\"]}]},{\"@type\":\"ImageObject\",\"inLanguage\":\"fi\",\"@id\":\"https:\/\/www.iflower.ee\/fi\/toode\/romanttiset-kynttilat-trio\/#primaryimage\",\"url\":\"https:\/\/www.iflower.ee\/wp-content\/uploads\/2020\/04\/DSCF4989.jpg\",\"contentUrl\":\"https:\/\/www.iflower.ee\/wp-content\/uploads\/2020\/04\/DSCF4989.jpg\",\"width\":1000,\"height\":1500},{\"@type\":\"BreadcrumbList\",\"@id\":\"https:\/\/www.iflower.ee\/fi\/toode\/romanttiset-kynttilat-trio\/#breadcrumb\",\"itemListElement\":[{\"@type\":\"ListItem\",\"position\":1,\"name\":\"Pood\",\"item\":\"https:\/\/www.iflower.ee\/pood\/\"},{\"@type\":\"ListItem\",\"position\":2,\"name\":\"Romanttiset kynttil\u00e4t, trio\"}]},{\"@type\":\"WebSite\",\"@id\":\"https:\/\/www.iflower.ee\/#website\",\"url\":\"https:\/\/www.iflower.ee\/\",\"name\":\"iFlower\",\"description\":\"\",\"publisher\":{\"@id\":\"https:\/\/www.iflower.ee\/#organization\"},\"potentialAction\":[{\"@type\":\"SearchAction\",\"target\":{\"@type\":\"EntryPoint\",\"urlTemplate\":\"https:\/\/www.iflower.ee\/?s={search_term_string}\"},\"query-input\":{\"@type\":\"PropertyValueSpecification\",\"valueRequired\":true,\"valueName\":\"search_term_string\"}}],\"inLanguage\":\"fi\"},{\"@type\":\"Organization\",\"@id\":\"https:\/\/www.iflower.ee\/#organization\",\"name\":\"iFlower\",\"url\":\"https:\/\/www.iflower.ee\/\",\"logo\":{\"@type\":\"ImageObject\",\"inLanguage\":\"fi\",\"@id\":\"https:\/\/www.iflower.ee\/#\/schema\/logo\/image\/\",\"url\":\"https:\/\/www.iflower.ee\/wp-content\/uploads\/2022\/04\/iflower.png\",\"contentUrl\":\"https:\/\/www.iflower.ee\/wp-content\/uploads\/2022\/04\/iflower.png\",\"width\":248,\"height\":71,\"caption\":\"iFlower\"},\"image\":{\"@id\":\"https:\/\/www.iflower.ee\/#\/schema\/logo\/image\/\"}}]}<\/script>\n<!-- \/ Yoast SEO plugin. -->","yoast_head_json":{"title":"Romanttiset kynttil\u00e4t, trio - iFlower","robots":{"index":"index","follow":"follow","max-snippet":"max-snippet:-1","max-image-preview":"max-image-preview:large","max-video-preview":"max-video-preview:-1"},"canonical":"https:\/\/www.iflower.ee\/fi\/toode\/romanttiset-kynttilat-trio\/","og_locale":"fi_FI","og_type":"article","og_title":"Romanttiset kynttil\u00e4t, trio - iFlower","og_description":"Kokoelmaan kuuluu kolme suosituinta JOIK romanttista kynttil\u00e4\u00e4:  Cherie - Kerge, \u00f5huline, magus ja k\u00f5ikehaarav nagu kevadine armumine \u2013 just selline l\u00f5hn on Ch\u00e9rie. Aroomis on esmalt tunda eksootilisi lilli, musts\u00f5start ja pirni, mida rikastavad virsiku- ja apelsini\u00f5ite noodid ja magusat t\u00e4iuslikkust lisavad vanilje, pralinee ja pat\u0161uli.  Maasikad ja kuohuviini - Romantiline ja ylellinen klassika - k\u00fclm kuohuviini ja l\u00f5hnavad mahlased maasikad. kuohuviinii aroomis on tunda Valkoinente lillede, h\u00fcatsindi, piibelehe, sandlipuu \u00a0ning siidri puidust aroomi. Seda looritab k\u00fcpsete maasikate k\u00fclluslik aroom. Elamusi ja tundeid ligit\u00f5mbav l\u00f5hn.  La Boheme - T\u00f5eliselt lummav ja inspireeriv segu muskusest, idamaistest v\u00fcrtsidest, sandlipuust, patshulist, nelgist, bergamotist, jasmiinist ja killukesest vaniljest. See l\u00f5hn on peaaegu h\u00fcpnotiseeriv, viib m\u00f5tted r\u00e4ndama ning ergutab loovust.  Kaunis kompliment kallimale\u00a0naistep\u00e4eval kui ka ideaalne kingitus l\u00e4hedasele aastaringselt!  Kaal: 3 x 80 gr.net, \u00fche k\u00fc\u00fcnla p\u00f5lemisaeg ca 25h.","og_url":"https:\/\/www.iflower.ee\/fi\/toode\/romanttiset-kynttilat-trio\/","og_site_name":"iFlower","article_modified_time":"2023-09-20T10:08:04+00:00","og_image":[{"width":1000,"height":1500,"url":"https:\/\/www.iflower.ee\/wp-content\/uploads\/2020\/04\/DSCF4989.jpg","type":"image\/jpeg"}],"twitter_card":"summary_large_image","schema":{"@context":"https:\/\/schema.org","@graph":[{"@type":"WebPage","@id":"https:\/\/www.iflower.ee\/fi\/toode\/romanttiset-kynttilat-trio\/","url":"https:\/\/www.iflower.ee\/fi\/toode\/romanttiset-kynttilat-trio\/","name":"Romanttiset kynttil\u00e4t, trio - iFlower","isPartOf":{"@id":"https:\/\/www.iflower.ee\/#website"},"primaryImageOfPage":{"@id":"https:\/\/www.iflower.ee\/fi\/toode\/romanttiset-kynttilat-trio\/#primaryimage"},"image":{"@id":"https:\/\/www.iflower.ee\/fi\/toode\/romanttiset-kynttilat-trio\/#primaryimage"},"thumbnailUrl":"https:\/\/www.iflower.ee\/wp-content\/uploads\/2020\/04\/DSCF4989.jpg","datePublished":"2021-01-26T08:58:21+00:00","dateModified":"2023-09-20T10:08:04+00:00","breadcrumb":{"@id":"https:\/\/www.iflower.ee\/fi\/toode\/romanttiset-kynttilat-trio\/#breadcrumb"},"inLanguage":"fi","potentialAction":[{"@type":"ReadAction","target":["https:\/\/www.iflower.ee\/fi\/toode\/romanttiset-kynttilat-trio\/"]}]},{"@type":"ImageObject","inLanguage":"fi","@id":"https:\/\/www.iflower.ee\/fi\/toode\/romanttiset-kynttilat-trio\/#primaryimage","url":"https:\/\/www.iflower.ee\/wp-content\/uploads\/2020\/04\/DSCF4989.jpg","contentUrl":"https:\/\/www.iflower.ee\/wp-content\/uploads\/2020\/04\/DSCF4989.jpg","width":1000,"height":1500},{"@type":"BreadcrumbList","@id":"https:\/\/www.iflower.ee\/fi\/toode\/romanttiset-kynttilat-trio\/#breadcrumb","itemListElement":[{"@type":"ListItem","position":1,"name":"Pood","item":"https:\/\/www.iflower.ee\/pood\/"},{"@type":"ListItem","position":2,"name":"Romanttiset kynttil\u00e4t, trio"}]},{"@type":"WebSite","@id":"https:\/\/www.iflower.ee\/#website","url":"https:\/\/www.iflower.ee\/","name":"iFlower","description":"","publisher":{"@id":"https:\/\/www.iflower.ee\/#organization"},"potentialAction":[{"@type":"SearchAction","target":{"@type":"EntryPoint","urlTemplate":"https:\/\/www.iflower.ee\/?s={search_term_string}"},"query-input":{"@type":"PropertyValueSpecification","valueRequired":true,"valueName":"search_term_string"}}],"inLanguage":"fi"},{"@type":"Organization","@id":"https:\/\/www.iflower.ee\/#organization","name":"iFlower","url":"https:\/\/www.iflower.ee\/","logo":{"@type":"ImageObject","inLanguage":"fi","@id":"https:\/\/www.iflower.ee\/#\/schema\/logo\/image\/","url":"https:\/\/www.iflower.ee\/wp-content\/uploads\/2022\/04\/iflower.png","contentUrl":"https:\/\/www.iflower.ee\/wp-content\/uploads\/2022\/04\/iflower.png","width":248,"height":71,"caption":"iFlower"},"image":{"@id":"https:\/\/www.iflower.ee\/#\/schema\/logo\/image\/"}}]}},"_links":{"self":[{"href":"https:\/\/www.iflower.ee\/fi\/wp-json\/wp\/v2\/product\/21809","targetHints":{"allow":["GET"]}}],"collection":[{"href":"https:\/\/www.iflower.ee\/fi\/wp-json\/wp\/v2\/product"}],"about":[{"href":"https:\/\/www.iflower.ee\/fi\/wp-json\/wp\/v2\/types\/product"}],"wp:featuredmedia":[{"embeddable":true,"href":"https:\/\/www.iflower.ee\/fi\/wp-json\/wp\/v2\/media\/22557"}],"wp:attachment":[{"href":"https:\/\/www.iflower.ee\/fi\/wp-json\/wp\/v2\/media?parent=21809"}],"wp:term":[{"taxonomy":"product_brand","embeddable":true,"href":"https:\/\/www.iflower.ee\/fi\/wp-json\/wp\/v2\/product_brand?post=21809"},{"taxonomy":"product_cat","embeddable":true,"href":"https:\/\/www.iflower.ee\/fi\/wp-json\/wp\/v2\/product_cat?post=21809"},{"taxonomy":"product_tag","embeddable":true,"href":"https:\/\/www.iflower.ee\/fi\/wp-json\/wp\/v2\/product_tag?post=21809"}],"curies":[{"name":"wp","href":"https:\/\/api.w.org\/{rel}","templated":true}]}}