{"id":21822,"date":"2020-10-25T13:40:58","date_gmt":"2021-01-26T08:58:30","guid":{"rendered":"https:\/\/www.iflower.ee\/toode\/tanqueray-london-dry-gin-aromatic-tonic-kombo\/"},"modified":"2023-04-28T10:29:16","modified_gmt":"2023-04-28T07:29:16","slug":"tanqueray-london-dry-gin-aromatic-tonic-kombo","status":"publish","type":"product","link":"https:\/\/www.iflower.ee\/fi\/toode\/tanqueray-london-dry-gin-aromatic-tonic-kombo\/","title":{"rendered":"Tanqueray London dry gin + aromaattinen tonic yhdistelm\u00e4"},"content":{"rendered":"","protected":false},"excerpt":{"rendered":"<p>Charles Tanqueray loi 1830-luvulla poikkeuksellisen laadukkaan ja erottuvan tyylin. Tislaamo on edelleen eritt\u00e4in tarkka alkuper\u00e4ist\u00e4 resepti\u00e4 noudattaessaan ja hyv\u00e4ksyy vain 10 % kaikista saamistaan kasveista.Tanqueray Ginin maku on hedelm\u00e4inen ja mausteinen, siin\u00e4 on katajaa, korianteria ja limetinkuorta, joten se on hyvin monipuolinen. Tarjoile j\u00e4ill\u00e4 tai k\u00e4yt\u00e4 cocktaileihin ja pitkiin juomiin. Fever-Tree Aromatic Tonic Water on luotu korostamaan rotevan katajaisia ginej\u00e4. T\u00e4ss\u00e4 ainutlaatuisessa tonicissa etel\u00e4amerikkalaisen angostuuran kuoren hienoinen kitkeryys yhdistyy aromaattisiin kasvikunnan elementteihin. Voit aistia siin\u00e4 kardemummaa, maustepippuria ja inkiv\u00e4\u00e4ri\u00e4. HUOMIO! T\u00c4M\u00c4 ON ALKOHOLITUOTE. ALKOHOLI VOI VAHINGOITTAA TERVEYTT\u00c4SI.<\/p>\n","protected":false},"featured_media":22619,"template":"","meta":{"_acf_changed":false},"product_brand":[],"product_cat":[343,327],"product_tag":[],"class_list":{"0":"post-21822","1":"product","2":"type-product","3":"status-publish","4":"has-post-thumbnail","6":"product_cat-lahjat","7":"product_cat-kuohuviinit","9":"first","10":"instock","11":"taxable","12":"shipping-taxable","13":"purchasable","14":"product-type-simple"},"acf":[],"yoast_head":"<!-- This site is optimized with the Yoast SEO plugin v26.8 - https:\/\/yoast.com\/product\/yoast-seo-wordpress\/ -->\n<title>Tanqueray London dry gin + aromaattinen tonic yhdistelm\u00e4 - iFlower<\/title>\n<meta name=\"robots\" content=\"index, follow, max-snippet:-1, max-image-preview:large, max-video-preview:-1\" \/>\n<link rel=\"canonical\" href=\"https:\/\/www.iflower.ee\/fi\/toode\/tanqueray-london-dry-gin-aromatic-tonic-kombo\/\" \/>\n<meta property=\"og:locale\" content=\"fi_FI\" \/>\n<meta property=\"og:type\" content=\"article\" \/>\n<meta property=\"og:title\" content=\"Tanqueray London dry gin + aromaattinen tonic yhdistelm\u00e4 - iFlower\" \/>\n<meta property=\"og:description\" content=\"Charles Tanqueray loi 1830-luvulla poikkeuksellisen laadukkaan ja erottuvan tyylin. Tislaamo on edelleen eritt\u00e4in tarkka alkuper\u00e4ist\u00e4 resepti\u00e4 noudattaessaan ja hyv\u00e4ksyy vain 10 % kaikista saamistaan kasveista.Tanqueray Ginin maku on hedelm\u00e4inen ja mausteinen, siin\u00e4 on katajaa, korianteria ja limetinkuorta, joten se on hyvin monipuolinen. Tarjoile j\u00e4ill\u00e4 tai k\u00e4yt\u00e4 cocktaileihin ja pitkiin juomiin. Fever-Tree Aromatic Tonic Water on luotu korostamaan rotevan katajaisia ginej\u00e4. T\u00e4ss\u00e4 ainutlaatuisessa tonicissa etel\u00e4amerikkalaisen angostuuran kuoren hienoinen kitkeryys yhdistyy aromaattisiin kasvikunnan elementteihin. Voit aistia siin\u00e4 kardemummaa, maustepippuria ja inkiv\u00e4\u00e4ri\u00e4. HUOMIO! T\u00c4M\u00c4 ON ALKOHOLITUOTE. ALKOHOLI VOI VAHINGOITTAA TERVEYTT\u00c4SI.\" \/>\n<meta property=\"og:url\" content=\"https:\/\/www.iflower.ee\/fi\/toode\/tanqueray-london-dry-gin-aromatic-tonic-kombo\/\" \/>\n<meta property=\"og:site_name\" content=\"iFlower\" \/>\n<meta property=\"article:modified_time\" content=\"2023-04-28T07:29:16+00:00\" \/>\n<meta property=\"og:image\" content=\"https:\/\/www.iflower.ee\/wp-content\/uploads\/2020\/10\/DSCF4937.jpg\" \/>\n\t<meta property=\"og:image:width\" content=\"1000\" \/>\n\t<meta property=\"og:image:height\" content=\"1500\" \/>\n\t<meta property=\"og:image:type\" content=\"image\/jpeg\" \/>\n<meta name=\"twitter:card\" content=\"summary_large_image\" \/>\n<script type=\"application\/ld+json\" class=\"yoast-schema-graph\">{\"@context\":\"https:\/\/schema.org\",\"@graph\":[{\"@type\":\"WebPage\",\"@id\":\"https:\/\/www.iflower.ee\/fi\/toode\/tanqueray-london-dry-gin-aromatic-tonic-kombo\/\",\"url\":\"https:\/\/www.iflower.ee\/fi\/toode\/tanqueray-london-dry-gin-aromatic-tonic-kombo\/\",\"name\":\"Tanqueray London dry gin + aromaattinen tonic yhdistelm\u00e4 - iFlower\",\"isPartOf\":{\"@id\":\"https:\/\/www.iflower.ee\/#website\"},\"primaryImageOfPage\":{\"@id\":\"https:\/\/www.iflower.ee\/fi\/toode\/tanqueray-london-dry-gin-aromatic-tonic-kombo\/#primaryimage\"},\"image\":{\"@id\":\"https:\/\/www.iflower.ee\/fi\/toode\/tanqueray-london-dry-gin-aromatic-tonic-kombo\/#primaryimage\"},\"thumbnailUrl\":\"https:\/\/www.iflower.ee\/wp-content\/uploads\/2020\/10\/DSCF4937.jpg\",\"datePublished\":\"2021-01-26T08:58:30+00:00\",\"dateModified\":\"2023-04-28T07:29:16+00:00\",\"breadcrumb\":{\"@id\":\"https:\/\/www.iflower.ee\/fi\/toode\/tanqueray-london-dry-gin-aromatic-tonic-kombo\/#breadcrumb\"},\"inLanguage\":\"fi\",\"potentialAction\":[{\"@type\":\"ReadAction\",\"target\":[\"https:\/\/www.iflower.ee\/fi\/toode\/tanqueray-london-dry-gin-aromatic-tonic-kombo\/\"]}]},{\"@type\":\"ImageObject\",\"inLanguage\":\"fi\",\"@id\":\"https:\/\/www.iflower.ee\/fi\/toode\/tanqueray-london-dry-gin-aromatic-tonic-kombo\/#primaryimage\",\"url\":\"https:\/\/www.iflower.ee\/wp-content\/uploads\/2020\/10\/DSCF4937.jpg\",\"contentUrl\":\"https:\/\/www.iflower.ee\/wp-content\/uploads\/2020\/10\/DSCF4937.jpg\",\"width\":1000,\"height\":1500},{\"@type\":\"BreadcrumbList\",\"@id\":\"https:\/\/www.iflower.ee\/fi\/toode\/tanqueray-london-dry-gin-aromatic-tonic-kombo\/#breadcrumb\",\"itemListElement\":[{\"@type\":\"ListItem\",\"position\":1,\"name\":\"Pood\",\"item\":\"https:\/\/www.iflower.ee\/pood\/\"},{\"@type\":\"ListItem\",\"position\":2,\"name\":\"Tanqueray London dry gin + aromaattinen tonic yhdistelm\u00e4\"}]},{\"@type\":\"WebSite\",\"@id\":\"https:\/\/www.iflower.ee\/#website\",\"url\":\"https:\/\/www.iflower.ee\/\",\"name\":\"iFlower\",\"description\":\"\",\"publisher\":{\"@id\":\"https:\/\/www.iflower.ee\/#organization\"},\"potentialAction\":[{\"@type\":\"SearchAction\",\"target\":{\"@type\":\"EntryPoint\",\"urlTemplate\":\"https:\/\/www.iflower.ee\/?s={search_term_string}\"},\"query-input\":{\"@type\":\"PropertyValueSpecification\",\"valueRequired\":true,\"valueName\":\"search_term_string\"}}],\"inLanguage\":\"fi\"},{\"@type\":\"Organization\",\"@id\":\"https:\/\/www.iflower.ee\/#organization\",\"name\":\"iFlower\",\"url\":\"https:\/\/www.iflower.ee\/\",\"logo\":{\"@type\":\"ImageObject\",\"inLanguage\":\"fi\",\"@id\":\"https:\/\/www.iflower.ee\/#\/schema\/logo\/image\/\",\"url\":\"https:\/\/www.iflower.ee\/wp-content\/uploads\/2022\/04\/iflower.png\",\"contentUrl\":\"https:\/\/www.iflower.ee\/wp-content\/uploads\/2022\/04\/iflower.png\",\"width\":248,\"height\":71,\"caption\":\"iFlower\"},\"image\":{\"@id\":\"https:\/\/www.iflower.ee\/#\/schema\/logo\/image\/\"}}]}<\/script>\n<!-- \/ Yoast SEO plugin. -->","yoast_head_json":{"title":"Tanqueray London dry gin + aromaattinen tonic yhdistelm\u00e4 - iFlower","robots":{"index":"index","follow":"follow","max-snippet":"max-snippet:-1","max-image-preview":"max-image-preview:large","max-video-preview":"max-video-preview:-1"},"canonical":"https:\/\/www.iflower.ee\/fi\/toode\/tanqueray-london-dry-gin-aromatic-tonic-kombo\/","og_locale":"fi_FI","og_type":"article","og_title":"Tanqueray London dry gin + aromaattinen tonic yhdistelm\u00e4 - iFlower","og_description":"Charles Tanqueray loi 1830-luvulla poikkeuksellisen laadukkaan ja erottuvan tyylin. Tislaamo on edelleen eritt\u00e4in tarkka alkuper\u00e4ist\u00e4 resepti\u00e4 noudattaessaan ja hyv\u00e4ksyy vain 10 % kaikista saamistaan kasveista.Tanqueray Ginin maku on hedelm\u00e4inen ja mausteinen, siin\u00e4 on katajaa, korianteria ja limetinkuorta, joten se on hyvin monipuolinen. Tarjoile j\u00e4ill\u00e4 tai k\u00e4yt\u00e4 cocktaileihin ja pitkiin juomiin. Fever-Tree Aromatic Tonic Water on luotu korostamaan rotevan katajaisia ginej\u00e4. T\u00e4ss\u00e4 ainutlaatuisessa tonicissa etel\u00e4amerikkalaisen angostuuran kuoren hienoinen kitkeryys yhdistyy aromaattisiin kasvikunnan elementteihin. Voit aistia siin\u00e4 kardemummaa, maustepippuria ja inkiv\u00e4\u00e4ri\u00e4. HUOMIO! T\u00c4M\u00c4 ON ALKOHOLITUOTE. ALKOHOLI VOI VAHINGOITTAA TERVEYTT\u00c4SI.","og_url":"https:\/\/www.iflower.ee\/fi\/toode\/tanqueray-london-dry-gin-aromatic-tonic-kombo\/","og_site_name":"iFlower","article_modified_time":"2023-04-28T07:29:16+00:00","og_image":[{"width":1000,"height":1500,"url":"https:\/\/www.iflower.ee\/wp-content\/uploads\/2020\/10\/DSCF4937.jpg","type":"image\/jpeg"}],"twitter_card":"summary_large_image","schema":{"@context":"https:\/\/schema.org","@graph":[{"@type":"WebPage","@id":"https:\/\/www.iflower.ee\/fi\/toode\/tanqueray-london-dry-gin-aromatic-tonic-kombo\/","url":"https:\/\/www.iflower.ee\/fi\/toode\/tanqueray-london-dry-gin-aromatic-tonic-kombo\/","name":"Tanqueray London dry gin + aromaattinen tonic yhdistelm\u00e4 - iFlower","isPartOf":{"@id":"https:\/\/www.iflower.ee\/#website"},"primaryImageOfPage":{"@id":"https:\/\/www.iflower.ee\/fi\/toode\/tanqueray-london-dry-gin-aromatic-tonic-kombo\/#primaryimage"},"image":{"@id":"https:\/\/www.iflower.ee\/fi\/toode\/tanqueray-london-dry-gin-aromatic-tonic-kombo\/#primaryimage"},"thumbnailUrl":"https:\/\/www.iflower.ee\/wp-content\/uploads\/2020\/10\/DSCF4937.jpg","datePublished":"2021-01-26T08:58:30+00:00","dateModified":"2023-04-28T07:29:16+00:00","breadcrumb":{"@id":"https:\/\/www.iflower.ee\/fi\/toode\/tanqueray-london-dry-gin-aromatic-tonic-kombo\/#breadcrumb"},"inLanguage":"fi","potentialAction":[{"@type":"ReadAction","target":["https:\/\/www.iflower.ee\/fi\/toode\/tanqueray-london-dry-gin-aromatic-tonic-kombo\/"]}]},{"@type":"ImageObject","inLanguage":"fi","@id":"https:\/\/www.iflower.ee\/fi\/toode\/tanqueray-london-dry-gin-aromatic-tonic-kombo\/#primaryimage","url":"https:\/\/www.iflower.ee\/wp-content\/uploads\/2020\/10\/DSCF4937.jpg","contentUrl":"https:\/\/www.iflower.ee\/wp-content\/uploads\/2020\/10\/DSCF4937.jpg","width":1000,"height":1500},{"@type":"BreadcrumbList","@id":"https:\/\/www.iflower.ee\/fi\/toode\/tanqueray-london-dry-gin-aromatic-tonic-kombo\/#breadcrumb","itemListElement":[{"@type":"ListItem","position":1,"name":"Pood","item":"https:\/\/www.iflower.ee\/pood\/"},{"@type":"ListItem","position":2,"name":"Tanqueray London dry gin + aromaattinen tonic yhdistelm\u00e4"}]},{"@type":"WebSite","@id":"https:\/\/www.iflower.ee\/#website","url":"https:\/\/www.iflower.ee\/","name":"iFlower","description":"","publisher":{"@id":"https:\/\/www.iflower.ee\/#organization"},"potentialAction":[{"@type":"SearchAction","target":{"@type":"EntryPoint","urlTemplate":"https:\/\/www.iflower.ee\/?s={search_term_string}"},"query-input":{"@type":"PropertyValueSpecification","valueRequired":true,"valueName":"search_term_string"}}],"inLanguage":"fi"},{"@type":"Organization","@id":"https:\/\/www.iflower.ee\/#organization","name":"iFlower","url":"https:\/\/www.iflower.ee\/","logo":{"@type":"ImageObject","inLanguage":"fi","@id":"https:\/\/www.iflower.ee\/#\/schema\/logo\/image\/","url":"https:\/\/www.iflower.ee\/wp-content\/uploads\/2022\/04\/iflower.png","contentUrl":"https:\/\/www.iflower.ee\/wp-content\/uploads\/2022\/04\/iflower.png","width":248,"height":71,"caption":"iFlower"},"image":{"@id":"https:\/\/www.iflower.ee\/#\/schema\/logo\/image\/"}}]}},"_links":{"self":[{"href":"https:\/\/www.iflower.ee\/fi\/wp-json\/wp\/v2\/product\/21822","targetHints":{"allow":["GET"]}}],"collection":[{"href":"https:\/\/www.iflower.ee\/fi\/wp-json\/wp\/v2\/product"}],"about":[{"href":"https:\/\/www.iflower.ee\/fi\/wp-json\/wp\/v2\/types\/product"}],"wp:featuredmedia":[{"embeddable":true,"href":"https:\/\/www.iflower.ee\/fi\/wp-json\/wp\/v2\/media\/22619"}],"wp:attachment":[{"href":"https:\/\/www.iflower.ee\/fi\/wp-json\/wp\/v2\/media?parent=21822"}],"wp:term":[{"taxonomy":"product_brand","embeddable":true,"href":"https:\/\/www.iflower.ee\/fi\/wp-json\/wp\/v2\/product_brand?post=21822"},{"taxonomy":"product_cat","embeddable":true,"href":"https:\/\/www.iflower.ee\/fi\/wp-json\/wp\/v2\/product_cat?post=21822"},{"taxonomy":"product_tag","embeddable":true,"href":"https:\/\/www.iflower.ee\/fi\/wp-json\/wp\/v2\/product_tag?post=21822"}],"curies":[{"name":"wp","href":"https:\/\/api.w.org\/{rel}","templated":true}]}}