{"id":21828,"date":"2020-10-25T14:04:33","date_gmt":"2021-01-26T08:58:30","guid":{"rendered":"https:\/\/www.iflower.ee\/toode\/captain-morgan-spiced-coca-cola-kombo\/"},"modified":"2021-03-11T11:00:53","modified_gmt":"2021-03-11T09:00:53","slug":"captain-morgan-spiced-coca-cola-kombo","status":"publish","type":"product","link":"https:\/\/www.iflower.ee\/fi\/toode\/captain-morgan-spiced-coca-cola-kombo\/","title":{"rendered":"CAPTAIN MORGAN SPICED + Coca Cola kombo"},"content":{"rendered":"","protected":false},"excerpt":{"rendered":"<p>Captain Morgan on nimetty Sir Henry Morganin mukaan. T\u00e4m\u00e4 legendaarinen walesilaisen kaapparikapteeni, joka taisteli brittien puolella \u200b\u200bEspanjaa vastaan \u200b\u200bKaribialla ennen kuin h\u00e4nest\u00e4 tuli Jamaikan kuvern\u00f6\u00f6ri. H\u00e4nen seikkailunsa inspiroivat my\u00f6s br\u00e4ndin slogania: &#8221;To Life, Love and Loot.&#8221; Silkkisen pehme\u00e4 ja virkist\u00e4v\u00e4 Captain Morgan Spiced Gold perustuu seikkailullisten mausteiden ja hienon karibialaisen rommin komboon. Valkoisissa tammitynnyreiss\u00e4 hiotunut kultainen rommi maistuu vaniljalle, ruskealle sokerille, kuivahedelmille ja aavistuksen tammiselle. Pakettiin kuuluu my\u00f6s 4 x Coca Cola 0.2L<\/p>\n<p>T\u00c4M\u00c4 ON ALKOHOLITUOTE. ALKOHOLI VOI VAHINGOITTAA TERVEYTT\u00c4SI.<\/p>\n","protected":false},"featured_media":21914,"template":"","meta":{"_acf_changed":false},"product_brand":[],"product_cat":[343,327,325],"product_tag":[],"class_list":{"0":"post-21828","1":"product","2":"type-product","3":"status-publish","4":"has-post-thumbnail","6":"product_cat-lahjat","7":"product_cat-kuohuviinit","8":"product_cat-uutuudet","10":"first","11":"instock","12":"taxable","13":"shipping-taxable","14":"purchasable","15":"product-type-simple"},"acf":[],"yoast_head":"<!-- This site is optimized with the Yoast SEO plugin v26.8 - https:\/\/yoast.com\/product\/yoast-seo-wordpress\/ -->\n<title>CAPTAIN MORGAN SPICED + Coca Cola kombo - iFlower<\/title>\n<meta name=\"robots\" content=\"index, follow, max-snippet:-1, max-image-preview:large, max-video-preview:-1\" \/>\n<link rel=\"canonical\" href=\"https:\/\/www.iflower.ee\/fi\/toode\/captain-morgan-spiced-coca-cola-kombo\/\" \/>\n<meta property=\"og:locale\" content=\"fi_FI\" \/>\n<meta property=\"og:type\" content=\"article\" \/>\n<meta property=\"og:title\" content=\"CAPTAIN MORGAN SPICED + Coca Cola kombo - iFlower\" \/>\n<meta property=\"og:description\" content=\"Captain Morgan on nimetty Sir Henry Morganin mukaan. T\u00e4m\u00e4 legendaarinen walesilaisen kaapparikapteeni, joka taisteli brittien puolella \u200b\u200bEspanjaa vastaan \u200b\u200bKaribialla ennen kuin h\u00e4nest\u00e4 tuli Jamaikan kuvern\u00f6\u00f6ri. H\u00e4nen seikkailunsa inspiroivat my\u00f6s br\u00e4ndin slogania: &quot;To Life, Love and Loot.&quot; Silkkisen pehme\u00e4 ja virkist\u00e4v\u00e4 Captain Morgan Spiced Gold perustuu seikkailullisten mausteiden ja hienon karibialaisen rommin komboon. Valkoisissa tammitynnyreiss\u00e4 hiotunut kultainen rommi maistuu vaniljalle, ruskealle sokerille, kuivahedelmille ja aavistuksen tammiselle. Pakettiin kuuluu my\u00f6s 4 x Coca Cola 0.2L T\u00c4M\u00c4 ON ALKOHOLITUOTE. ALKOHOLI VOI VAHINGOITTAA TERVEYTT\u00c4SI.\" \/>\n<meta property=\"og:url\" content=\"https:\/\/www.iflower.ee\/fi\/toode\/captain-morgan-spiced-coca-cola-kombo\/\" \/>\n<meta property=\"og:site_name\" content=\"iFlower\" \/>\n<meta property=\"article:modified_time\" content=\"2021-03-11T09:00:53+00:00\" \/>\n<meta property=\"og:image\" content=\"https:\/\/www.iflower.ee\/wp-content\/uploads\/2020\/10\/DSCF4968.jpg\" \/>\n\t<meta property=\"og:image:width\" content=\"1000\" \/>\n\t<meta property=\"og:image:height\" content=\"1500\" \/>\n\t<meta property=\"og:image:type\" content=\"image\/jpeg\" \/>\n<meta name=\"twitter:card\" content=\"summary_large_image\" \/>\n<script type=\"application\/ld+json\" class=\"yoast-schema-graph\">{\"@context\":\"https:\/\/schema.org\",\"@graph\":[{\"@type\":\"WebPage\",\"@id\":\"https:\/\/www.iflower.ee\/fi\/toode\/captain-morgan-spiced-coca-cola-kombo\/\",\"url\":\"https:\/\/www.iflower.ee\/fi\/toode\/captain-morgan-spiced-coca-cola-kombo\/\",\"name\":\"CAPTAIN MORGAN SPICED + Coca Cola kombo - iFlower\",\"isPartOf\":{\"@id\":\"https:\/\/www.iflower.ee\/#website\"},\"primaryImageOfPage\":{\"@id\":\"https:\/\/www.iflower.ee\/fi\/toode\/captain-morgan-spiced-coca-cola-kombo\/#primaryimage\"},\"image\":{\"@id\":\"https:\/\/www.iflower.ee\/fi\/toode\/captain-morgan-spiced-coca-cola-kombo\/#primaryimage\"},\"thumbnailUrl\":\"https:\/\/www.iflower.ee\/wp-content\/uploads\/2020\/10\/DSCF4968.jpg\",\"datePublished\":\"2021-01-26T08:58:30+00:00\",\"dateModified\":\"2021-03-11T09:00:53+00:00\",\"breadcrumb\":{\"@id\":\"https:\/\/www.iflower.ee\/fi\/toode\/captain-morgan-spiced-coca-cola-kombo\/#breadcrumb\"},\"inLanguage\":\"fi\",\"potentialAction\":[{\"@type\":\"ReadAction\",\"target\":[\"https:\/\/www.iflower.ee\/fi\/toode\/captain-morgan-spiced-coca-cola-kombo\/\"]}]},{\"@type\":\"ImageObject\",\"inLanguage\":\"fi\",\"@id\":\"https:\/\/www.iflower.ee\/fi\/toode\/captain-morgan-spiced-coca-cola-kombo\/#primaryimage\",\"url\":\"https:\/\/www.iflower.ee\/wp-content\/uploads\/2020\/10\/DSCF4968.jpg\",\"contentUrl\":\"https:\/\/www.iflower.ee\/wp-content\/uploads\/2020\/10\/DSCF4968.jpg\",\"width\":1000,\"height\":1500},{\"@type\":\"BreadcrumbList\",\"@id\":\"https:\/\/www.iflower.ee\/fi\/toode\/captain-morgan-spiced-coca-cola-kombo\/#breadcrumb\",\"itemListElement\":[{\"@type\":\"ListItem\",\"position\":1,\"name\":\"Pood\",\"item\":\"https:\/\/www.iflower.ee\/pood\/\"},{\"@type\":\"ListItem\",\"position\":2,\"name\":\"CAPTAIN MORGAN SPICED + Coca Cola kombo\"}]},{\"@type\":\"WebSite\",\"@id\":\"https:\/\/www.iflower.ee\/#website\",\"url\":\"https:\/\/www.iflower.ee\/\",\"name\":\"iFlower\",\"description\":\"\",\"publisher\":{\"@id\":\"https:\/\/www.iflower.ee\/#organization\"},\"potentialAction\":[{\"@type\":\"SearchAction\",\"target\":{\"@type\":\"EntryPoint\",\"urlTemplate\":\"https:\/\/www.iflower.ee\/?s={search_term_string}\"},\"query-input\":{\"@type\":\"PropertyValueSpecification\",\"valueRequired\":true,\"valueName\":\"search_term_string\"}}],\"inLanguage\":\"fi\"},{\"@type\":\"Organization\",\"@id\":\"https:\/\/www.iflower.ee\/#organization\",\"name\":\"iFlower\",\"url\":\"https:\/\/www.iflower.ee\/\",\"logo\":{\"@type\":\"ImageObject\",\"inLanguage\":\"fi\",\"@id\":\"https:\/\/www.iflower.ee\/#\/schema\/logo\/image\/\",\"url\":\"https:\/\/www.iflower.ee\/wp-content\/uploads\/2022\/04\/iflower.png\",\"contentUrl\":\"https:\/\/www.iflower.ee\/wp-content\/uploads\/2022\/04\/iflower.png\",\"width\":248,\"height\":71,\"caption\":\"iFlower\"},\"image\":{\"@id\":\"https:\/\/www.iflower.ee\/#\/schema\/logo\/image\/\"}}]}<\/script>\n<!-- \/ Yoast SEO plugin. -->","yoast_head_json":{"title":"CAPTAIN MORGAN SPICED + Coca Cola kombo - iFlower","robots":{"index":"index","follow":"follow","max-snippet":"max-snippet:-1","max-image-preview":"max-image-preview:large","max-video-preview":"max-video-preview:-1"},"canonical":"https:\/\/www.iflower.ee\/fi\/toode\/captain-morgan-spiced-coca-cola-kombo\/","og_locale":"fi_FI","og_type":"article","og_title":"CAPTAIN MORGAN SPICED + Coca Cola kombo - iFlower","og_description":"Captain Morgan on nimetty Sir Henry Morganin mukaan. T\u00e4m\u00e4 legendaarinen walesilaisen kaapparikapteeni, joka taisteli brittien puolella \u200b\u200bEspanjaa vastaan \u200b\u200bKaribialla ennen kuin h\u00e4nest\u00e4 tuli Jamaikan kuvern\u00f6\u00f6ri. H\u00e4nen seikkailunsa inspiroivat my\u00f6s br\u00e4ndin slogania: \"To Life, Love and Loot.\" Silkkisen pehme\u00e4 ja virkist\u00e4v\u00e4 Captain Morgan Spiced Gold perustuu seikkailullisten mausteiden ja hienon karibialaisen rommin komboon. Valkoisissa tammitynnyreiss\u00e4 hiotunut kultainen rommi maistuu vaniljalle, ruskealle sokerille, kuivahedelmille ja aavistuksen tammiselle. Pakettiin kuuluu my\u00f6s 4 x Coca Cola 0.2L T\u00c4M\u00c4 ON ALKOHOLITUOTE. ALKOHOLI VOI VAHINGOITTAA TERVEYTT\u00c4SI.","og_url":"https:\/\/www.iflower.ee\/fi\/toode\/captain-morgan-spiced-coca-cola-kombo\/","og_site_name":"iFlower","article_modified_time":"2021-03-11T09:00:53+00:00","og_image":[{"width":1000,"height":1500,"url":"https:\/\/www.iflower.ee\/wp-content\/uploads\/2020\/10\/DSCF4968.jpg","type":"image\/jpeg"}],"twitter_card":"summary_large_image","schema":{"@context":"https:\/\/schema.org","@graph":[{"@type":"WebPage","@id":"https:\/\/www.iflower.ee\/fi\/toode\/captain-morgan-spiced-coca-cola-kombo\/","url":"https:\/\/www.iflower.ee\/fi\/toode\/captain-morgan-spiced-coca-cola-kombo\/","name":"CAPTAIN MORGAN SPICED + Coca Cola kombo - iFlower","isPartOf":{"@id":"https:\/\/www.iflower.ee\/#website"},"primaryImageOfPage":{"@id":"https:\/\/www.iflower.ee\/fi\/toode\/captain-morgan-spiced-coca-cola-kombo\/#primaryimage"},"image":{"@id":"https:\/\/www.iflower.ee\/fi\/toode\/captain-morgan-spiced-coca-cola-kombo\/#primaryimage"},"thumbnailUrl":"https:\/\/www.iflower.ee\/wp-content\/uploads\/2020\/10\/DSCF4968.jpg","datePublished":"2021-01-26T08:58:30+00:00","dateModified":"2021-03-11T09:00:53+00:00","breadcrumb":{"@id":"https:\/\/www.iflower.ee\/fi\/toode\/captain-morgan-spiced-coca-cola-kombo\/#breadcrumb"},"inLanguage":"fi","potentialAction":[{"@type":"ReadAction","target":["https:\/\/www.iflower.ee\/fi\/toode\/captain-morgan-spiced-coca-cola-kombo\/"]}]},{"@type":"ImageObject","inLanguage":"fi","@id":"https:\/\/www.iflower.ee\/fi\/toode\/captain-morgan-spiced-coca-cola-kombo\/#primaryimage","url":"https:\/\/www.iflower.ee\/wp-content\/uploads\/2020\/10\/DSCF4968.jpg","contentUrl":"https:\/\/www.iflower.ee\/wp-content\/uploads\/2020\/10\/DSCF4968.jpg","width":1000,"height":1500},{"@type":"BreadcrumbList","@id":"https:\/\/www.iflower.ee\/fi\/toode\/captain-morgan-spiced-coca-cola-kombo\/#breadcrumb","itemListElement":[{"@type":"ListItem","position":1,"name":"Pood","item":"https:\/\/www.iflower.ee\/pood\/"},{"@type":"ListItem","position":2,"name":"CAPTAIN MORGAN SPICED + Coca Cola kombo"}]},{"@type":"WebSite","@id":"https:\/\/www.iflower.ee\/#website","url":"https:\/\/www.iflower.ee\/","name":"iFlower","description":"","publisher":{"@id":"https:\/\/www.iflower.ee\/#organization"},"potentialAction":[{"@type":"SearchAction","target":{"@type":"EntryPoint","urlTemplate":"https:\/\/www.iflower.ee\/?s={search_term_string}"},"query-input":{"@type":"PropertyValueSpecification","valueRequired":true,"valueName":"search_term_string"}}],"inLanguage":"fi"},{"@type":"Organization","@id":"https:\/\/www.iflower.ee\/#organization","name":"iFlower","url":"https:\/\/www.iflower.ee\/","logo":{"@type":"ImageObject","inLanguage":"fi","@id":"https:\/\/www.iflower.ee\/#\/schema\/logo\/image\/","url":"https:\/\/www.iflower.ee\/wp-content\/uploads\/2022\/04\/iflower.png","contentUrl":"https:\/\/www.iflower.ee\/wp-content\/uploads\/2022\/04\/iflower.png","width":248,"height":71,"caption":"iFlower"},"image":{"@id":"https:\/\/www.iflower.ee\/#\/schema\/logo\/image\/"}}]}},"_links":{"self":[{"href":"https:\/\/www.iflower.ee\/fi\/wp-json\/wp\/v2\/product\/21828","targetHints":{"allow":["GET"]}}],"collection":[{"href":"https:\/\/www.iflower.ee\/fi\/wp-json\/wp\/v2\/product"}],"about":[{"href":"https:\/\/www.iflower.ee\/fi\/wp-json\/wp\/v2\/types\/product"}],"wp:featuredmedia":[{"embeddable":true,"href":"https:\/\/www.iflower.ee\/fi\/wp-json\/wp\/v2\/media\/21914"}],"wp:attachment":[{"href":"https:\/\/www.iflower.ee\/fi\/wp-json\/wp\/v2\/media?parent=21828"}],"wp:term":[{"taxonomy":"product_brand","embeddable":true,"href":"https:\/\/www.iflower.ee\/fi\/wp-json\/wp\/v2\/product_brand?post=21828"},{"taxonomy":"product_cat","embeddable":true,"href":"https:\/\/www.iflower.ee\/fi\/wp-json\/wp\/v2\/product_cat?post=21828"},{"taxonomy":"product_tag","embeddable":true,"href":"https:\/\/www.iflower.ee\/fi\/wp-json\/wp\/v2\/product_tag?post=21828"}],"curies":[{"name":"wp","href":"https:\/\/api.w.org\/{rel}","templated":true}]}}