{"id":24022,"date":"2021-02-28T10:19:03","date_gmt":"2021-02-28T08:19:03","guid":{"rendered":"https:\/\/www.iflower.ee\/?post_type=product&#038;p=24022"},"modified":"2026-02-17T15:44:27","modified_gmt":"2026-02-17T13:44:27","slug":"nudist-princessa-karusmarja-vahuvein-0-75l","status":"publish","type":"product","link":"https:\/\/www.iflower.ee\/fi\/toode\/nudist-princessa-karusmarja-vahuvein-0-75l\/","title":{"rendered":"Nudist Princessa karusmarja vahuvein 0.75L"},"content":{"rendered":"","protected":false},"excerpt":{"rendered":"<p>Princessa on terava iseloomuga vahuvein, mis on valmistatud k\u00e4sitsi korjatud karusmarjadest. Karusmarjale omane mitmek\u00fclgsus j\u00e4tab vahuveini j\u00e4relmaitse kauakestvaks.<\/p>\n<p>Tehtud Eestis koos vene temperamendi ja terava \u201cPrintsessi\u201d iseloomuga. T\u00f5eliselt silmapaistev\u00a0seltskonnajook, mis sobib nii s\u00f5pradega nautimiseks kui ka formaalseteks \u00fcritusteks.<\/p>\n<p>9.2 % vol<\/p>\n<p>T\u00c4HELEPANU! TEGEMIST ON ALKOHOLIGA. ALKOHOL V\u00d5IB KAHJUSTADA TEIE TERVIST.<\/p>\n<p>&nbsp;<\/p>\n","protected":false},"featured_media":24023,"template":"","meta":{"_acf_changed":false},"product_brand":[],"product_cat":[537,15,45],"product_tag":[],"class_list":{"0":"post-24022","1":"product","2":"type-product","3":"status-publish","4":"has-post-thumbnail","6":"product_cat-sobrapaev","7":"product_cat-kingitused","8":"product_cat-alkohol","10":"first","11":"instock","12":"taxable","13":"shipping-taxable","14":"purchasable","15":"product-type-simple"},"acf":[],"yoast_head":"<!-- This site is optimized with the Yoast SEO plugin v26.8 - https:\/\/yoast.com\/product\/yoast-seo-wordpress\/ -->\n<title>Nudist Princessa karusmarja vahuvein 0.75L - iFlower<\/title>\n<meta name=\"robots\" content=\"index, follow, max-snippet:-1, max-image-preview:large, max-video-preview:-1\" \/>\n<link rel=\"canonical\" href=\"https:\/\/www.iflower.ee\/toode\/nudist-princessa-karusmarja-vahuvein-0-75l\/\" \/>\n<meta property=\"og:locale\" content=\"fi_FI\" \/>\n<meta property=\"og:type\" content=\"article\" \/>\n<meta property=\"og:title\" content=\"Nudist Princessa karusmarja vahuvein 0.75L - iFlower\" \/>\n<meta property=\"og:description\" content=\"Princessa on terava iseloomuga vahuvein, mis on valmistatud k\u00e4sitsi korjatud karusmarjadest. Karusmarjale omane mitmek\u00fclgsus j\u00e4tab vahuveini j\u00e4relmaitse kauakestvaks.  Tehtud Eestis koos vene temperamendi ja terava \u201cPrintsessi\u201d iseloomuga. T\u00f5eliselt silmapaistev\u00a0seltskonnajook, mis sobib nii s\u00f5pradega nautimiseks kui ka formaalseteks \u00fcritusteks.  9.2 % vol  T\u00c4HELEPANU! TEGEMIST ON ALKOHOLIGA. ALKOHOL V\u00d5IB KAHJUSTADA TEIE TERVIST.  &nbsp;\" \/>\n<meta property=\"og:url\" content=\"https:\/\/www.iflower.ee\/toode\/nudist-princessa-karusmarja-vahuvein-0-75l\/\" \/>\n<meta property=\"og:site_name\" content=\"iFlower\" \/>\n<meta property=\"article:modified_time\" content=\"2026-02-17T13:44:27+00:00\" \/>\n<meta property=\"og:image\" content=\"https:\/\/www.iflower.ee\/wp-content\/uploads\/2021\/02\/Princessa.jpg\" \/>\n\t<meta property=\"og:image:width\" content=\"1000\" \/>\n\t<meta property=\"og:image:height\" content=\"1500\" \/>\n\t<meta property=\"og:image:type\" content=\"image\/jpeg\" \/>\n<meta name=\"twitter:card\" content=\"summary_large_image\" \/>\n<meta name=\"twitter:label1\" content=\"Arvioitu lukuaika\" \/>\n\t<meta name=\"twitter:data1\" content=\"1 minuutti\" \/>\n<script type=\"application\/ld+json\" class=\"yoast-schema-graph\">{\"@context\":\"https:\/\/schema.org\",\"@graph\":[{\"@type\":\"WebPage\",\"@id\":\"https:\/\/www.iflower.ee\/toode\/nudist-princessa-karusmarja-vahuvein-0-75l\/\",\"url\":\"https:\/\/www.iflower.ee\/toode\/nudist-princessa-karusmarja-vahuvein-0-75l\/\",\"name\":\"Nudist Princessa karusmarja vahuvein 0.75L - iFlower\",\"isPartOf\":{\"@id\":\"https:\/\/www.iflower.ee\/#website\"},\"primaryImageOfPage\":{\"@id\":\"https:\/\/www.iflower.ee\/toode\/nudist-princessa-karusmarja-vahuvein-0-75l\/#primaryimage\"},\"image\":{\"@id\":\"https:\/\/www.iflower.ee\/toode\/nudist-princessa-karusmarja-vahuvein-0-75l\/#primaryimage\"},\"thumbnailUrl\":\"https:\/\/www.iflower.ee\/wp-content\/uploads\/2021\/02\/Princessa.jpg\",\"datePublished\":\"2021-02-28T08:19:03+00:00\",\"dateModified\":\"2026-02-17T13:44:27+00:00\",\"breadcrumb\":{\"@id\":\"https:\/\/www.iflower.ee\/toode\/nudist-princessa-karusmarja-vahuvein-0-75l\/#breadcrumb\"},\"inLanguage\":\"fi\",\"potentialAction\":[{\"@type\":\"ReadAction\",\"target\":[\"https:\/\/www.iflower.ee\/toode\/nudist-princessa-karusmarja-vahuvein-0-75l\/\"]}]},{\"@type\":\"ImageObject\",\"inLanguage\":\"fi\",\"@id\":\"https:\/\/www.iflower.ee\/toode\/nudist-princessa-karusmarja-vahuvein-0-75l\/#primaryimage\",\"url\":\"https:\/\/www.iflower.ee\/wp-content\/uploads\/2021\/02\/Princessa.jpg\",\"contentUrl\":\"https:\/\/www.iflower.ee\/wp-content\/uploads\/2021\/02\/Princessa.jpg\",\"width\":1000,\"height\":1500},{\"@type\":\"BreadcrumbList\",\"@id\":\"https:\/\/www.iflower.ee\/toode\/nudist-princessa-karusmarja-vahuvein-0-75l\/#breadcrumb\",\"itemListElement\":[{\"@type\":\"ListItem\",\"position\":1,\"name\":\"Pood\",\"item\":\"https:\/\/www.iflower.ee\/pood\/\"},{\"@type\":\"ListItem\",\"position\":2,\"name\":\"Nudist Princessa karusmarja vahuvein 0.75L\"}]},{\"@type\":\"WebSite\",\"@id\":\"https:\/\/www.iflower.ee\/#website\",\"url\":\"https:\/\/www.iflower.ee\/\",\"name\":\"iFlower\",\"description\":\"\",\"publisher\":{\"@id\":\"https:\/\/www.iflower.ee\/#organization\"},\"potentialAction\":[{\"@type\":\"SearchAction\",\"target\":{\"@type\":\"EntryPoint\",\"urlTemplate\":\"https:\/\/www.iflower.ee\/?s={search_term_string}\"},\"query-input\":{\"@type\":\"PropertyValueSpecification\",\"valueRequired\":true,\"valueName\":\"search_term_string\"}}],\"inLanguage\":\"fi\"},{\"@type\":\"Organization\",\"@id\":\"https:\/\/www.iflower.ee\/#organization\",\"name\":\"iFlower\",\"url\":\"https:\/\/www.iflower.ee\/\",\"logo\":{\"@type\":\"ImageObject\",\"inLanguage\":\"fi\",\"@id\":\"https:\/\/www.iflower.ee\/#\/schema\/logo\/image\/\",\"url\":\"https:\/\/www.iflower.ee\/wp-content\/uploads\/2022\/04\/iflower.png\",\"contentUrl\":\"https:\/\/www.iflower.ee\/wp-content\/uploads\/2022\/04\/iflower.png\",\"width\":248,\"height\":71,\"caption\":\"iFlower\"},\"image\":{\"@id\":\"https:\/\/www.iflower.ee\/#\/schema\/logo\/image\/\"}}]}<\/script>\n<!-- \/ Yoast SEO plugin. -->","yoast_head_json":{"title":"Nudist Princessa karusmarja vahuvein 0.75L - iFlower","robots":{"index":"index","follow":"follow","max-snippet":"max-snippet:-1","max-image-preview":"max-image-preview:large","max-video-preview":"max-video-preview:-1"},"canonical":"https:\/\/www.iflower.ee\/toode\/nudist-princessa-karusmarja-vahuvein-0-75l\/","og_locale":"fi_FI","og_type":"article","og_title":"Nudist Princessa karusmarja vahuvein 0.75L - iFlower","og_description":"Princessa on terava iseloomuga vahuvein, mis on valmistatud k\u00e4sitsi korjatud karusmarjadest. Karusmarjale omane mitmek\u00fclgsus j\u00e4tab vahuveini j\u00e4relmaitse kauakestvaks.  Tehtud Eestis koos vene temperamendi ja terava \u201cPrintsessi\u201d iseloomuga. T\u00f5eliselt silmapaistev\u00a0seltskonnajook, mis sobib nii s\u00f5pradega nautimiseks kui ka formaalseteks \u00fcritusteks.  9.2 % vol  T\u00c4HELEPANU! TEGEMIST ON ALKOHOLIGA. ALKOHOL V\u00d5IB KAHJUSTADA TEIE TERVIST.  &nbsp;","og_url":"https:\/\/www.iflower.ee\/toode\/nudist-princessa-karusmarja-vahuvein-0-75l\/","og_site_name":"iFlower","article_modified_time":"2026-02-17T13:44:27+00:00","og_image":[{"width":1000,"height":1500,"url":"https:\/\/www.iflower.ee\/wp-content\/uploads\/2021\/02\/Princessa.jpg","type":"image\/jpeg"}],"twitter_card":"summary_large_image","twitter_misc":{"Arvioitu lukuaika":"1 minuutti"},"schema":{"@context":"https:\/\/schema.org","@graph":[{"@type":"WebPage","@id":"https:\/\/www.iflower.ee\/toode\/nudist-princessa-karusmarja-vahuvein-0-75l\/","url":"https:\/\/www.iflower.ee\/toode\/nudist-princessa-karusmarja-vahuvein-0-75l\/","name":"Nudist Princessa karusmarja vahuvein 0.75L - iFlower","isPartOf":{"@id":"https:\/\/www.iflower.ee\/#website"},"primaryImageOfPage":{"@id":"https:\/\/www.iflower.ee\/toode\/nudist-princessa-karusmarja-vahuvein-0-75l\/#primaryimage"},"image":{"@id":"https:\/\/www.iflower.ee\/toode\/nudist-princessa-karusmarja-vahuvein-0-75l\/#primaryimage"},"thumbnailUrl":"https:\/\/www.iflower.ee\/wp-content\/uploads\/2021\/02\/Princessa.jpg","datePublished":"2021-02-28T08:19:03+00:00","dateModified":"2026-02-17T13:44:27+00:00","breadcrumb":{"@id":"https:\/\/www.iflower.ee\/toode\/nudist-princessa-karusmarja-vahuvein-0-75l\/#breadcrumb"},"inLanguage":"fi","potentialAction":[{"@type":"ReadAction","target":["https:\/\/www.iflower.ee\/toode\/nudist-princessa-karusmarja-vahuvein-0-75l\/"]}]},{"@type":"ImageObject","inLanguage":"fi","@id":"https:\/\/www.iflower.ee\/toode\/nudist-princessa-karusmarja-vahuvein-0-75l\/#primaryimage","url":"https:\/\/www.iflower.ee\/wp-content\/uploads\/2021\/02\/Princessa.jpg","contentUrl":"https:\/\/www.iflower.ee\/wp-content\/uploads\/2021\/02\/Princessa.jpg","width":1000,"height":1500},{"@type":"BreadcrumbList","@id":"https:\/\/www.iflower.ee\/toode\/nudist-princessa-karusmarja-vahuvein-0-75l\/#breadcrumb","itemListElement":[{"@type":"ListItem","position":1,"name":"Pood","item":"https:\/\/www.iflower.ee\/pood\/"},{"@type":"ListItem","position":2,"name":"Nudist Princessa karusmarja vahuvein 0.75L"}]},{"@type":"WebSite","@id":"https:\/\/www.iflower.ee\/#website","url":"https:\/\/www.iflower.ee\/","name":"iFlower","description":"","publisher":{"@id":"https:\/\/www.iflower.ee\/#organization"},"potentialAction":[{"@type":"SearchAction","target":{"@type":"EntryPoint","urlTemplate":"https:\/\/www.iflower.ee\/?s={search_term_string}"},"query-input":{"@type":"PropertyValueSpecification","valueRequired":true,"valueName":"search_term_string"}}],"inLanguage":"fi"},{"@type":"Organization","@id":"https:\/\/www.iflower.ee\/#organization","name":"iFlower","url":"https:\/\/www.iflower.ee\/","logo":{"@type":"ImageObject","inLanguage":"fi","@id":"https:\/\/www.iflower.ee\/#\/schema\/logo\/image\/","url":"https:\/\/www.iflower.ee\/wp-content\/uploads\/2022\/04\/iflower.png","contentUrl":"https:\/\/www.iflower.ee\/wp-content\/uploads\/2022\/04\/iflower.png","width":248,"height":71,"caption":"iFlower"},"image":{"@id":"https:\/\/www.iflower.ee\/#\/schema\/logo\/image\/"}}]}},"_links":{"self":[{"href":"https:\/\/www.iflower.ee\/fi\/wp-json\/wp\/v2\/product\/24022","targetHints":{"allow":["GET"]}}],"collection":[{"href":"https:\/\/www.iflower.ee\/fi\/wp-json\/wp\/v2\/product"}],"about":[{"href":"https:\/\/www.iflower.ee\/fi\/wp-json\/wp\/v2\/types\/product"}],"wp:featuredmedia":[{"embeddable":true,"href":"https:\/\/www.iflower.ee\/fi\/wp-json\/wp\/v2\/media\/24023"}],"wp:attachment":[{"href":"https:\/\/www.iflower.ee\/fi\/wp-json\/wp\/v2\/media?parent=24022"}],"wp:term":[{"taxonomy":"product_brand","embeddable":true,"href":"https:\/\/www.iflower.ee\/fi\/wp-json\/wp\/v2\/product_brand?post=24022"},{"taxonomy":"product_cat","embeddable":true,"href":"https:\/\/www.iflower.ee\/fi\/wp-json\/wp\/v2\/product_cat?post=24022"},{"taxonomy":"product_tag","embeddable":true,"href":"https:\/\/www.iflower.ee\/fi\/wp-json\/wp\/v2\/product_tag?post=24022"}],"curies":[{"name":"wp","href":"https:\/\/api.w.org\/{rel}","templated":true}]}}