{"id":24070,"date":"2021-02-28T11:52:46","date_gmt":"2021-02-28T09:52:47","guid":{"rendered":"https:\/\/www.iflower.ee\/?post_type=product&#038;p=24070"},"modified":"2023-03-10T09:31:20","modified_gmt":"2023-03-10T07:31:20","slug":"freixenet-prosecco-doc-0-75l-2","status":"publish","type":"product","link":"https:\/\/www.iflower.ee\/fi\/toode\/freixenet-prosecco-doc-0-75l-2\/","title":{"rendered":"Freixenet Prosecco DOC 0,75L"},"content":{"rendered":"","protected":false},"excerpt":{"rendered":"<p>Alue: Veneto, Treviso<br \/>\nRyp\u00e4le: Glera<br \/>\nV\u00e4ri: Valkoinen<br \/>\nMakukuvaus: Kuiva, hapokas, sitrusmarmeladinen, p\u00e4\u00e4ryn\u00e4inen, kevyen persikkainen, raikas.<br \/>\nRuokasuositus: seurustelujuoma, pikkusuolaiset, salaatit ja kasvisruoat, marjat ja hedelm\u00e4t<br \/>\nTarjoilul\u00e4mp\u00f6tila: 6 &#8211; 8 \u00b0C<br \/>\nUpeaan, kristallimaiseen pulloon pakattu Freixenet Prosecco DOC Extra Dry tulee Italian Veneton alueelta \u2013 monik\u00e4ytt\u00f6inen kuohuviini on raikas, omenainen ja kukkea. Sen maku on l\u00e4hes kuiva, mutta toistaa hedelm\u00e4isen tuoksun aromeja. Tasainen maku t\u00e4ydentyy pehmeiden kuplien eloisuudella. Kevyt ja hapokas kuohuviini sopii sellaisenaan tyylikk\u00e4\u00e4ksi seurustelujuomaksi ja t\u00e4ydent\u00e4\u00e4 my\u00f6s salaatit, kasvisruuat sek\u00e4 marjaisat ja hedelm\u00e4iset j\u00e4lkiruoat.<br \/>\nTuottaja: Freixenet<\/p>\n<p>HUOMIO! T\u00c4M\u00c4 ON ALKOHOLITUOTE. ALKOHOLI VOI VAHINGOITTAA TERVEYTT\u00c4SI.<\/p>\n","protected":false},"featured_media":24071,"template":"","meta":{"_acf_changed":false},"product_brand":[],"product_cat":[539,343,327,325],"product_tag":[],"class_list":{"0":"post-24070","1":"product","2":"type-product","3":"status-publish","4":"has-post-thumbnail","6":"product_cat-ystavanpaiva-fi-fi","7":"product_cat-lahjat","8":"product_cat-kuohuviinit","9":"product_cat-uutuudet","11":"first","12":"instock","13":"taxable","14":"shipping-taxable","15":"purchasable","16":"product-type-simple"},"acf":[],"yoast_head":"<!-- This site is optimized with the Yoast SEO plugin v26.8 - https:\/\/yoast.com\/product\/yoast-seo-wordpress\/ -->\n<title>Freixenet Prosecco DOC 0,75L - iFlower<\/title>\n<meta name=\"robots\" content=\"index, follow, max-snippet:-1, max-image-preview:large, max-video-preview:-1\" \/>\n<link rel=\"canonical\" href=\"https:\/\/www.iflower.ee\/fi\/toode\/freixenet-prosecco-doc-0-75l-2\/\" \/>\n<meta property=\"og:locale\" content=\"fi_FI\" \/>\n<meta property=\"og:type\" content=\"article\" \/>\n<meta property=\"og:title\" content=\"Freixenet Prosecco DOC 0,75L - iFlower\" \/>\n<meta property=\"og:description\" content=\"Alue: Veneto, Treviso Ryp\u00e4le: Glera V\u00e4ri: Valkoinen Makukuvaus: Kuiva, hapokas, sitrusmarmeladinen, p\u00e4\u00e4ryn\u00e4inen, kevyen persikkainen, raikas. Ruokasuositus: seurustelujuoma, pikkusuolaiset, salaatit ja kasvisruoat, marjat ja hedelm\u00e4t Tarjoilul\u00e4mp\u00f6tila: 6 - 8 \u00b0C Upeaan, kristallimaiseen pulloon pakattu Freixenet Prosecco DOC Extra Dry tulee Italian Veneton alueelta \u2013 monik\u00e4ytt\u00f6inen kuohuviini on raikas, omenainen ja kukkea. Sen maku on l\u00e4hes kuiva, mutta toistaa hedelm\u00e4isen tuoksun aromeja. Tasainen maku t\u00e4ydentyy pehmeiden kuplien eloisuudella. Kevyt ja hapokas kuohuviini sopii sellaisenaan tyylikk\u00e4\u00e4ksi seurustelujuomaksi ja t\u00e4ydent\u00e4\u00e4 my\u00f6s salaatit, kasvisruuat sek\u00e4 marjaisat ja hedelm\u00e4iset j\u00e4lkiruoat. Tuottaja: Freixenet  HUOMIO! T\u00c4M\u00c4 ON ALKOHOLITUOTE. ALKOHOLI VOI VAHINGOITTAA TERVEYTT\u00c4SI.\" \/>\n<meta property=\"og:url\" content=\"https:\/\/www.iflower.ee\/fi\/toode\/freixenet-prosecco-doc-0-75l-2\/\" \/>\n<meta property=\"og:site_name\" content=\"iFlower\" \/>\n<meta property=\"article:modified_time\" content=\"2023-03-10T07:31:20+00:00\" \/>\n<meta property=\"og:image\" content=\"https:\/\/www.iflower.ee\/wp-content\/uploads\/2020\/10\/DSCF4876-1.jpg\" \/>\n\t<meta property=\"og:image:width\" content=\"1000\" \/>\n\t<meta property=\"og:image:height\" content=\"1500\" \/>\n\t<meta property=\"og:image:type\" content=\"image\/jpeg\" \/>\n<meta name=\"twitter:card\" content=\"summary_large_image\" \/>\n<script type=\"application\/ld+json\" class=\"yoast-schema-graph\">{\"@context\":\"https:\/\/schema.org\",\"@graph\":[{\"@type\":\"WebPage\",\"@id\":\"https:\/\/www.iflower.ee\/fi\/toode\/freixenet-prosecco-doc-0-75l-2\/\",\"url\":\"https:\/\/www.iflower.ee\/fi\/toode\/freixenet-prosecco-doc-0-75l-2\/\",\"name\":\"Freixenet Prosecco DOC 0,75L - iFlower\",\"isPartOf\":{\"@id\":\"https:\/\/www.iflower.ee\/#website\"},\"primaryImageOfPage\":{\"@id\":\"https:\/\/www.iflower.ee\/fi\/toode\/freixenet-prosecco-doc-0-75l-2\/#primaryimage\"},\"image\":{\"@id\":\"https:\/\/www.iflower.ee\/fi\/toode\/freixenet-prosecco-doc-0-75l-2\/#primaryimage\"},\"thumbnailUrl\":\"https:\/\/www.iflower.ee\/wp-content\/uploads\/2020\/10\/DSCF4876-1.jpg\",\"datePublished\":\"2021-02-28T09:52:47+00:00\",\"dateModified\":\"2023-03-10T07:31:20+00:00\",\"breadcrumb\":{\"@id\":\"https:\/\/www.iflower.ee\/fi\/toode\/freixenet-prosecco-doc-0-75l-2\/#breadcrumb\"},\"inLanguage\":\"fi\",\"potentialAction\":[{\"@type\":\"ReadAction\",\"target\":[\"https:\/\/www.iflower.ee\/fi\/toode\/freixenet-prosecco-doc-0-75l-2\/\"]}]},{\"@type\":\"ImageObject\",\"inLanguage\":\"fi\",\"@id\":\"https:\/\/www.iflower.ee\/fi\/toode\/freixenet-prosecco-doc-0-75l-2\/#primaryimage\",\"url\":\"https:\/\/www.iflower.ee\/wp-content\/uploads\/2020\/10\/DSCF4876-1.jpg\",\"contentUrl\":\"https:\/\/www.iflower.ee\/wp-content\/uploads\/2020\/10\/DSCF4876-1.jpg\",\"width\":1000,\"height\":1500},{\"@type\":\"BreadcrumbList\",\"@id\":\"https:\/\/www.iflower.ee\/fi\/toode\/freixenet-prosecco-doc-0-75l-2\/#breadcrumb\",\"itemListElement\":[{\"@type\":\"ListItem\",\"position\":1,\"name\":\"Pood\",\"item\":\"https:\/\/www.iflower.ee\/pood\/\"},{\"@type\":\"ListItem\",\"position\":2,\"name\":\"Freixenet Prosecco DOC 0,75L\"}]},{\"@type\":\"WebSite\",\"@id\":\"https:\/\/www.iflower.ee\/#website\",\"url\":\"https:\/\/www.iflower.ee\/\",\"name\":\"iFlower\",\"description\":\"\",\"publisher\":{\"@id\":\"https:\/\/www.iflower.ee\/#organization\"},\"potentialAction\":[{\"@type\":\"SearchAction\",\"target\":{\"@type\":\"EntryPoint\",\"urlTemplate\":\"https:\/\/www.iflower.ee\/?s={search_term_string}\"},\"query-input\":{\"@type\":\"PropertyValueSpecification\",\"valueRequired\":true,\"valueName\":\"search_term_string\"}}],\"inLanguage\":\"fi\"},{\"@type\":\"Organization\",\"@id\":\"https:\/\/www.iflower.ee\/#organization\",\"name\":\"iFlower\",\"url\":\"https:\/\/www.iflower.ee\/\",\"logo\":{\"@type\":\"ImageObject\",\"inLanguage\":\"fi\",\"@id\":\"https:\/\/www.iflower.ee\/#\/schema\/logo\/image\/\",\"url\":\"https:\/\/www.iflower.ee\/wp-content\/uploads\/2022\/04\/iflower.png\",\"contentUrl\":\"https:\/\/www.iflower.ee\/wp-content\/uploads\/2022\/04\/iflower.png\",\"width\":248,\"height\":71,\"caption\":\"iFlower\"},\"image\":{\"@id\":\"https:\/\/www.iflower.ee\/#\/schema\/logo\/image\/\"}}]}<\/script>\n<!-- \/ Yoast SEO plugin. -->","yoast_head_json":{"title":"Freixenet Prosecco DOC 0,75L - iFlower","robots":{"index":"index","follow":"follow","max-snippet":"max-snippet:-1","max-image-preview":"max-image-preview:large","max-video-preview":"max-video-preview:-1"},"canonical":"https:\/\/www.iflower.ee\/fi\/toode\/freixenet-prosecco-doc-0-75l-2\/","og_locale":"fi_FI","og_type":"article","og_title":"Freixenet Prosecco DOC 0,75L - iFlower","og_description":"Alue: Veneto, Treviso Ryp\u00e4le: Glera V\u00e4ri: Valkoinen Makukuvaus: Kuiva, hapokas, sitrusmarmeladinen, p\u00e4\u00e4ryn\u00e4inen, kevyen persikkainen, raikas. Ruokasuositus: seurustelujuoma, pikkusuolaiset, salaatit ja kasvisruoat, marjat ja hedelm\u00e4t Tarjoilul\u00e4mp\u00f6tila: 6 - 8 \u00b0C Upeaan, kristallimaiseen pulloon pakattu Freixenet Prosecco DOC Extra Dry tulee Italian Veneton alueelta \u2013 monik\u00e4ytt\u00f6inen kuohuviini on raikas, omenainen ja kukkea. Sen maku on l\u00e4hes kuiva, mutta toistaa hedelm\u00e4isen tuoksun aromeja. Tasainen maku t\u00e4ydentyy pehmeiden kuplien eloisuudella. Kevyt ja hapokas kuohuviini sopii sellaisenaan tyylikk\u00e4\u00e4ksi seurustelujuomaksi ja t\u00e4ydent\u00e4\u00e4 my\u00f6s salaatit, kasvisruuat sek\u00e4 marjaisat ja hedelm\u00e4iset j\u00e4lkiruoat. Tuottaja: Freixenet  HUOMIO! T\u00c4M\u00c4 ON ALKOHOLITUOTE. ALKOHOLI VOI VAHINGOITTAA TERVEYTT\u00c4SI.","og_url":"https:\/\/www.iflower.ee\/fi\/toode\/freixenet-prosecco-doc-0-75l-2\/","og_site_name":"iFlower","article_modified_time":"2023-03-10T07:31:20+00:00","og_image":[{"width":1000,"height":1500,"url":"https:\/\/www.iflower.ee\/wp-content\/uploads\/2020\/10\/DSCF4876-1.jpg","type":"image\/jpeg"}],"twitter_card":"summary_large_image","schema":{"@context":"https:\/\/schema.org","@graph":[{"@type":"WebPage","@id":"https:\/\/www.iflower.ee\/fi\/toode\/freixenet-prosecco-doc-0-75l-2\/","url":"https:\/\/www.iflower.ee\/fi\/toode\/freixenet-prosecco-doc-0-75l-2\/","name":"Freixenet Prosecco DOC 0,75L - iFlower","isPartOf":{"@id":"https:\/\/www.iflower.ee\/#website"},"primaryImageOfPage":{"@id":"https:\/\/www.iflower.ee\/fi\/toode\/freixenet-prosecco-doc-0-75l-2\/#primaryimage"},"image":{"@id":"https:\/\/www.iflower.ee\/fi\/toode\/freixenet-prosecco-doc-0-75l-2\/#primaryimage"},"thumbnailUrl":"https:\/\/www.iflower.ee\/wp-content\/uploads\/2020\/10\/DSCF4876-1.jpg","datePublished":"2021-02-28T09:52:47+00:00","dateModified":"2023-03-10T07:31:20+00:00","breadcrumb":{"@id":"https:\/\/www.iflower.ee\/fi\/toode\/freixenet-prosecco-doc-0-75l-2\/#breadcrumb"},"inLanguage":"fi","potentialAction":[{"@type":"ReadAction","target":["https:\/\/www.iflower.ee\/fi\/toode\/freixenet-prosecco-doc-0-75l-2\/"]}]},{"@type":"ImageObject","inLanguage":"fi","@id":"https:\/\/www.iflower.ee\/fi\/toode\/freixenet-prosecco-doc-0-75l-2\/#primaryimage","url":"https:\/\/www.iflower.ee\/wp-content\/uploads\/2020\/10\/DSCF4876-1.jpg","contentUrl":"https:\/\/www.iflower.ee\/wp-content\/uploads\/2020\/10\/DSCF4876-1.jpg","width":1000,"height":1500},{"@type":"BreadcrumbList","@id":"https:\/\/www.iflower.ee\/fi\/toode\/freixenet-prosecco-doc-0-75l-2\/#breadcrumb","itemListElement":[{"@type":"ListItem","position":1,"name":"Pood","item":"https:\/\/www.iflower.ee\/pood\/"},{"@type":"ListItem","position":2,"name":"Freixenet Prosecco DOC 0,75L"}]},{"@type":"WebSite","@id":"https:\/\/www.iflower.ee\/#website","url":"https:\/\/www.iflower.ee\/","name":"iFlower","description":"","publisher":{"@id":"https:\/\/www.iflower.ee\/#organization"},"potentialAction":[{"@type":"SearchAction","target":{"@type":"EntryPoint","urlTemplate":"https:\/\/www.iflower.ee\/?s={search_term_string}"},"query-input":{"@type":"PropertyValueSpecification","valueRequired":true,"valueName":"search_term_string"}}],"inLanguage":"fi"},{"@type":"Organization","@id":"https:\/\/www.iflower.ee\/#organization","name":"iFlower","url":"https:\/\/www.iflower.ee\/","logo":{"@type":"ImageObject","inLanguage":"fi","@id":"https:\/\/www.iflower.ee\/#\/schema\/logo\/image\/","url":"https:\/\/www.iflower.ee\/wp-content\/uploads\/2022\/04\/iflower.png","contentUrl":"https:\/\/www.iflower.ee\/wp-content\/uploads\/2022\/04\/iflower.png","width":248,"height":71,"caption":"iFlower"},"image":{"@id":"https:\/\/www.iflower.ee\/#\/schema\/logo\/image\/"}}]}},"_links":{"self":[{"href":"https:\/\/www.iflower.ee\/fi\/wp-json\/wp\/v2\/product\/24070","targetHints":{"allow":["GET"]}}],"collection":[{"href":"https:\/\/www.iflower.ee\/fi\/wp-json\/wp\/v2\/product"}],"about":[{"href":"https:\/\/www.iflower.ee\/fi\/wp-json\/wp\/v2\/types\/product"}],"wp:featuredmedia":[{"embeddable":true,"href":"https:\/\/www.iflower.ee\/fi\/wp-json\/wp\/v2\/media\/24071"}],"wp:attachment":[{"href":"https:\/\/www.iflower.ee\/fi\/wp-json\/wp\/v2\/media?parent=24070"}],"wp:term":[{"taxonomy":"product_brand","embeddable":true,"href":"https:\/\/www.iflower.ee\/fi\/wp-json\/wp\/v2\/product_brand?post=24070"},{"taxonomy":"product_cat","embeddable":true,"href":"https:\/\/www.iflower.ee\/fi\/wp-json\/wp\/v2\/product_cat?post=24070"},{"taxonomy":"product_tag","embeddable":true,"href":"https:\/\/www.iflower.ee\/fi\/wp-json\/wp\/v2\/product_tag?post=24070"}],"curies":[{"name":"wp","href":"https:\/\/api.w.org\/{rel}","templated":true}]}}