{"id":30396,"date":"2021-11-05T11:00:47","date_gmt":"2021-11-05T09:00:48","guid":{"rendered":"https:\/\/www.iflower.ee\/?post_type=product&#038;p=30396"},"modified":"2023-03-10T09:00:53","modified_gmt":"2023-03-10T07:00:53","slug":"moet-chandon-brut-0-75l-lasi-birthday-girl","status":"publish","type":"product","link":"https:\/\/www.iflower.ee\/fi\/toode\/moet-chandon-brut-0-75l-lasi-birthday-girl\/","title":{"rendered":"Mo\u00ebt &#038; Chandon brut 0,75L &#038; lasi &#8221;Birthday Girl&#8221;"},"content":{"rendered":"","protected":false},"excerpt":{"rendered":"<p>HUOMIO! T\u00c4M\u00c4 ON ALKOHOLITUOTE. ALKOHOLI VOI VAHINGOITTAA TERVEYTT\u00c4SI.<\/p>\n","protected":false},"featured_media":30400,"template":"","meta":{"_acf_changed":false},"product_brand":[],"product_cat":[549,343,327],"product_tag":[],"class_list":{"0":"post-30396","1":"product","2":"type-product","3":"status-publish","4":"has-post-thumbnail","6":"product_cat-maljakot-ja-lasit","7":"product_cat-lahjat","8":"product_cat-kuohuviinit","10":"first","11":"instock","12":"taxable","13":"shipping-taxable","14":"purchasable","15":"product-type-simple"},"acf":[],"yoast_head":"<!-- This site is optimized with the Yoast SEO plugin v26.8 - https:\/\/yoast.com\/product\/yoast-seo-wordpress\/ -->\n<title>Mo\u00ebt &amp; Chandon brut 0,75L &amp; lasi &quot;Birthday Girl&quot; - iFlower<\/title>\n<meta name=\"robots\" content=\"index, follow, max-snippet:-1, max-image-preview:large, max-video-preview:-1\" \/>\n<link rel=\"canonical\" href=\"https:\/\/www.iflower.ee\/fi\/toode\/moet-chandon-brut-0-75l-lasi-birthday-girl\/\" \/>\n<meta property=\"og:locale\" content=\"fi_FI\" \/>\n<meta property=\"og:type\" content=\"article\" \/>\n<meta property=\"og:title\" content=\"Mo\u00ebt &amp; Chandon brut 0,75L &amp; lasi &quot;Birthday Girl&quot; - iFlower\" \/>\n<meta property=\"og:description\" content=\"HUOMIO! T\u00c4M\u00c4 ON ALKOHOLITUOTE. ALKOHOLI VOI VAHINGOITTAA TERVEYTT\u00c4SI.\" \/>\n<meta property=\"og:url\" content=\"https:\/\/www.iflower.ee\/fi\/toode\/moet-chandon-brut-0-75l-lasi-birthday-girl\/\" \/>\n<meta property=\"og:site_name\" content=\"iFlower\" \/>\n<meta property=\"article:modified_time\" content=\"2023-03-10T07:00:53+00:00\" \/>\n<meta property=\"og:image\" content=\"https:\/\/www.iflower.ee\/wp-content\/uploads\/2021\/11\/0Y0A5961.jpg\" \/>\n\t<meta property=\"og:image:width\" content=\"1201\" \/>\n\t<meta property=\"og:image:height\" content=\"1800\" \/>\n\t<meta property=\"og:image:type\" content=\"image\/jpeg\" \/>\n<meta name=\"twitter:card\" content=\"summary_large_image\" \/>\n<script type=\"application\/ld+json\" class=\"yoast-schema-graph\">{\"@context\":\"https:\/\/schema.org\",\"@graph\":[{\"@type\":\"WebPage\",\"@id\":\"https:\/\/www.iflower.ee\/fi\/toode\/moet-chandon-brut-0-75l-lasi-birthday-girl\/\",\"url\":\"https:\/\/www.iflower.ee\/fi\/toode\/moet-chandon-brut-0-75l-lasi-birthday-girl\/\",\"name\":\"Mo\u00ebt & Chandon brut 0,75L & lasi \\\"Birthday Girl\\\" - iFlower\",\"isPartOf\":{\"@id\":\"https:\/\/www.iflower.ee\/#website\"},\"primaryImageOfPage\":{\"@id\":\"https:\/\/www.iflower.ee\/fi\/toode\/moet-chandon-brut-0-75l-lasi-birthday-girl\/#primaryimage\"},\"image\":{\"@id\":\"https:\/\/www.iflower.ee\/fi\/toode\/moet-chandon-brut-0-75l-lasi-birthday-girl\/#primaryimage\"},\"thumbnailUrl\":\"https:\/\/www.iflower.ee\/wp-content\/uploads\/2021\/11\/0Y0A5961.jpg\",\"datePublished\":\"2021-11-05T09:00:48+00:00\",\"dateModified\":\"2023-03-10T07:00:53+00:00\",\"breadcrumb\":{\"@id\":\"https:\/\/www.iflower.ee\/fi\/toode\/moet-chandon-brut-0-75l-lasi-birthday-girl\/#breadcrumb\"},\"inLanguage\":\"fi\",\"potentialAction\":[{\"@type\":\"ReadAction\",\"target\":[\"https:\/\/www.iflower.ee\/fi\/toode\/moet-chandon-brut-0-75l-lasi-birthday-girl\/\"]}]},{\"@type\":\"ImageObject\",\"inLanguage\":\"fi\",\"@id\":\"https:\/\/www.iflower.ee\/fi\/toode\/moet-chandon-brut-0-75l-lasi-birthday-girl\/#primaryimage\",\"url\":\"https:\/\/www.iflower.ee\/wp-content\/uploads\/2021\/11\/0Y0A5961.jpg\",\"contentUrl\":\"https:\/\/www.iflower.ee\/wp-content\/uploads\/2021\/11\/0Y0A5961.jpg\",\"width\":1201,\"height\":1800},{\"@type\":\"BreadcrumbList\",\"@id\":\"https:\/\/www.iflower.ee\/fi\/toode\/moet-chandon-brut-0-75l-lasi-birthday-girl\/#breadcrumb\",\"itemListElement\":[{\"@type\":\"ListItem\",\"position\":1,\"name\":\"Pood\",\"item\":\"https:\/\/www.iflower.ee\/pood\/\"},{\"@type\":\"ListItem\",\"position\":2,\"name\":\"Mo\u00ebt &#038; Chandon brut 0,75L &#038; lasi &#8220;Birthday Girl&#8221;\"}]},{\"@type\":\"WebSite\",\"@id\":\"https:\/\/www.iflower.ee\/#website\",\"url\":\"https:\/\/www.iflower.ee\/\",\"name\":\"iFlower\",\"description\":\"\",\"publisher\":{\"@id\":\"https:\/\/www.iflower.ee\/#organization\"},\"potentialAction\":[{\"@type\":\"SearchAction\",\"target\":{\"@type\":\"EntryPoint\",\"urlTemplate\":\"https:\/\/www.iflower.ee\/?s={search_term_string}\"},\"query-input\":{\"@type\":\"PropertyValueSpecification\",\"valueRequired\":true,\"valueName\":\"search_term_string\"}}],\"inLanguage\":\"fi\"},{\"@type\":\"Organization\",\"@id\":\"https:\/\/www.iflower.ee\/#organization\",\"name\":\"iFlower\",\"url\":\"https:\/\/www.iflower.ee\/\",\"logo\":{\"@type\":\"ImageObject\",\"inLanguage\":\"fi\",\"@id\":\"https:\/\/www.iflower.ee\/#\/schema\/logo\/image\/\",\"url\":\"https:\/\/www.iflower.ee\/wp-content\/uploads\/2022\/04\/iflower.png\",\"contentUrl\":\"https:\/\/www.iflower.ee\/wp-content\/uploads\/2022\/04\/iflower.png\",\"width\":248,\"height\":71,\"caption\":\"iFlower\"},\"image\":{\"@id\":\"https:\/\/www.iflower.ee\/#\/schema\/logo\/image\/\"}}]}<\/script>\n<!-- \/ Yoast SEO plugin. -->","yoast_head_json":{"title":"Mo\u00ebt & Chandon brut 0,75L & lasi \"Birthday Girl\" - iFlower","robots":{"index":"index","follow":"follow","max-snippet":"max-snippet:-1","max-image-preview":"max-image-preview:large","max-video-preview":"max-video-preview:-1"},"canonical":"https:\/\/www.iflower.ee\/fi\/toode\/moet-chandon-brut-0-75l-lasi-birthday-girl\/","og_locale":"fi_FI","og_type":"article","og_title":"Mo\u00ebt & Chandon brut 0,75L & lasi \"Birthday Girl\" - iFlower","og_description":"HUOMIO! T\u00c4M\u00c4 ON ALKOHOLITUOTE. ALKOHOLI VOI VAHINGOITTAA TERVEYTT\u00c4SI.","og_url":"https:\/\/www.iflower.ee\/fi\/toode\/moet-chandon-brut-0-75l-lasi-birthday-girl\/","og_site_name":"iFlower","article_modified_time":"2023-03-10T07:00:53+00:00","og_image":[{"width":1201,"height":1800,"url":"https:\/\/www.iflower.ee\/wp-content\/uploads\/2021\/11\/0Y0A5961.jpg","type":"image\/jpeg"}],"twitter_card":"summary_large_image","schema":{"@context":"https:\/\/schema.org","@graph":[{"@type":"WebPage","@id":"https:\/\/www.iflower.ee\/fi\/toode\/moet-chandon-brut-0-75l-lasi-birthday-girl\/","url":"https:\/\/www.iflower.ee\/fi\/toode\/moet-chandon-brut-0-75l-lasi-birthday-girl\/","name":"Mo\u00ebt & Chandon brut 0,75L & lasi \"Birthday Girl\" - iFlower","isPartOf":{"@id":"https:\/\/www.iflower.ee\/#website"},"primaryImageOfPage":{"@id":"https:\/\/www.iflower.ee\/fi\/toode\/moet-chandon-brut-0-75l-lasi-birthday-girl\/#primaryimage"},"image":{"@id":"https:\/\/www.iflower.ee\/fi\/toode\/moet-chandon-brut-0-75l-lasi-birthday-girl\/#primaryimage"},"thumbnailUrl":"https:\/\/www.iflower.ee\/wp-content\/uploads\/2021\/11\/0Y0A5961.jpg","datePublished":"2021-11-05T09:00:48+00:00","dateModified":"2023-03-10T07:00:53+00:00","breadcrumb":{"@id":"https:\/\/www.iflower.ee\/fi\/toode\/moet-chandon-brut-0-75l-lasi-birthday-girl\/#breadcrumb"},"inLanguage":"fi","potentialAction":[{"@type":"ReadAction","target":["https:\/\/www.iflower.ee\/fi\/toode\/moet-chandon-brut-0-75l-lasi-birthday-girl\/"]}]},{"@type":"ImageObject","inLanguage":"fi","@id":"https:\/\/www.iflower.ee\/fi\/toode\/moet-chandon-brut-0-75l-lasi-birthday-girl\/#primaryimage","url":"https:\/\/www.iflower.ee\/wp-content\/uploads\/2021\/11\/0Y0A5961.jpg","contentUrl":"https:\/\/www.iflower.ee\/wp-content\/uploads\/2021\/11\/0Y0A5961.jpg","width":1201,"height":1800},{"@type":"BreadcrumbList","@id":"https:\/\/www.iflower.ee\/fi\/toode\/moet-chandon-brut-0-75l-lasi-birthday-girl\/#breadcrumb","itemListElement":[{"@type":"ListItem","position":1,"name":"Pood","item":"https:\/\/www.iflower.ee\/pood\/"},{"@type":"ListItem","position":2,"name":"Mo\u00ebt &#038; Chandon brut 0,75L &#038; lasi &#8220;Birthday Girl&#8221;"}]},{"@type":"WebSite","@id":"https:\/\/www.iflower.ee\/#website","url":"https:\/\/www.iflower.ee\/","name":"iFlower","description":"","publisher":{"@id":"https:\/\/www.iflower.ee\/#organization"},"potentialAction":[{"@type":"SearchAction","target":{"@type":"EntryPoint","urlTemplate":"https:\/\/www.iflower.ee\/?s={search_term_string}"},"query-input":{"@type":"PropertyValueSpecification","valueRequired":true,"valueName":"search_term_string"}}],"inLanguage":"fi"},{"@type":"Organization","@id":"https:\/\/www.iflower.ee\/#organization","name":"iFlower","url":"https:\/\/www.iflower.ee\/","logo":{"@type":"ImageObject","inLanguage":"fi","@id":"https:\/\/www.iflower.ee\/#\/schema\/logo\/image\/","url":"https:\/\/www.iflower.ee\/wp-content\/uploads\/2022\/04\/iflower.png","contentUrl":"https:\/\/www.iflower.ee\/wp-content\/uploads\/2022\/04\/iflower.png","width":248,"height":71,"caption":"iFlower"},"image":{"@id":"https:\/\/www.iflower.ee\/#\/schema\/logo\/image\/"}}]}},"_links":{"self":[{"href":"https:\/\/www.iflower.ee\/fi\/wp-json\/wp\/v2\/product\/30396","targetHints":{"allow":["GET"]}}],"collection":[{"href":"https:\/\/www.iflower.ee\/fi\/wp-json\/wp\/v2\/product"}],"about":[{"href":"https:\/\/www.iflower.ee\/fi\/wp-json\/wp\/v2\/types\/product"}],"wp:featuredmedia":[{"embeddable":true,"href":"https:\/\/www.iflower.ee\/fi\/wp-json\/wp\/v2\/media\/30400"}],"wp:attachment":[{"href":"https:\/\/www.iflower.ee\/fi\/wp-json\/wp\/v2\/media?parent=30396"}],"wp:term":[{"taxonomy":"product_brand","embeddable":true,"href":"https:\/\/www.iflower.ee\/fi\/wp-json\/wp\/v2\/product_brand?post=30396"},{"taxonomy":"product_cat","embeddable":true,"href":"https:\/\/www.iflower.ee\/fi\/wp-json\/wp\/v2\/product_cat?post=30396"},{"taxonomy":"product_tag","embeddable":true,"href":"https:\/\/www.iflower.ee\/fi\/wp-json\/wp\/v2\/product_tag?post=30396"}],"curies":[{"name":"wp","href":"https:\/\/api.w.org\/{rel}","templated":true}]}}