{"id":35503,"date":"2022-05-02T16:16:00","date_gmt":"2022-05-02T13:16:00","guid":{"rendered":"https:\/\/www.iflower.ee\/?post_type=product&#038;p=35503"},"modified":"2022-11-28T11:17:04","modified_gmt":"2022-11-28T09:17:04","slug":"lahjakori-aidille","status":"publish","type":"product","link":"https:\/\/www.iflower.ee\/fi\/toode\/lahjakori-aidille\/","title":{"rendered":"Lahjakori \u00e4idille"},"content":{"rendered":"","protected":false},"excerpt":{"rendered":"<p>Lahjakori sis\u00e4lt\u00e4\u00e4 Brilla Prosecco Rose (0,75L), Kalevin suklaakaramellirasia &#8221;T\u00e4nan Sind&#8221;, uniruusuja kokoa S ja &#8221;Paras \u00e4iti&#8221; pikarin.<\/p>\n","protected":false},"featured_media":35224,"template":"","meta":{"_acf_changed":false},"product_brand":[],"product_cat":[330,339,366,331,347,325],"product_tag":[],"class_list":{"0":"post-35503","1":"product","2":"type-product","3":"status-publish","4":"has-post-thumbnail","6":"product_cat-aitienpaiva","7":"product_cat-laatikot-ja-korit","8":"product_cat-kesakokoelma","9":"product_cat-aitienpaiva-fi","10":"product_cat-lapsen-syntyma","11":"product_cat-uutuudet","13":"first","14":"instock","15":"taxable","16":"shipping-taxable","17":"purchasable","18":"product-type-simple"},"acf":[],"yoast_head":"<!-- This site is optimized with the Yoast SEO plugin v26.8 - https:\/\/yoast.com\/product\/yoast-seo-wordpress\/ -->\n<title>Lahjakori \u00e4idille - iFlower<\/title>\n<meta name=\"robots\" content=\"index, follow, max-snippet:-1, max-image-preview:large, max-video-preview:-1\" \/>\n<link rel=\"canonical\" href=\"https:\/\/www.iflower.ee\/?post_type=product&p=35501\" \/>\n<meta property=\"og:locale\" content=\"fi_FI\" \/>\n<meta property=\"og:type\" content=\"article\" \/>\n<meta property=\"og:title\" content=\"Lahjakori \u00e4idille - iFlower\" \/>\n<meta property=\"og:description\" content=\"Lahjakori sis\u00e4lt\u00e4\u00e4 Brilla Prosecco Rose (0,75L), Kalevin suklaakaramellirasia &quot;T\u00e4nan Sind&quot;, uniruusuja kokoa S ja &quot;Paras \u00e4iti&quot; pikarin.\" \/>\n<meta property=\"og:url\" content=\"https:\/\/www.iflower.ee\/?post_type=product&amp;p=35501\" \/>\n<meta property=\"og:site_name\" content=\"iFlower\" \/>\n<meta property=\"article:modified_time\" content=\"2022-11-28T09:17:04+00:00\" \/>\n<meta property=\"og:image\" content=\"https:\/\/www.iflower.ee\/wp-content\/uploads\/2022\/05\/CGJkYOBg.jpeg\" \/>\n\t<meta property=\"og:image:width\" content=\"1000\" \/>\n\t<meta property=\"og:image:height\" content=\"1499\" \/>\n\t<meta property=\"og:image:type\" content=\"image\/jpeg\" \/>\n<meta name=\"twitter:card\" content=\"summary_large_image\" \/>\n<script type=\"application\/ld+json\" class=\"yoast-schema-graph\">{\"@context\":\"https:\/\/schema.org\",\"@graph\":[{\"@type\":\"WebPage\",\"@id\":\"https:\/\/www.iflower.ee\/?post_type=product&p=35501\",\"url\":\"https:\/\/www.iflower.ee\/?post_type=product&p=35501\",\"name\":\"Lahjakori \u00e4idille - iFlower\",\"isPartOf\":{\"@id\":\"https:\/\/www.iflower.ee\/#website\"},\"primaryImageOfPage\":{\"@id\":\"https:\/\/www.iflower.ee\/?post_type=product&p=35501#primaryimage\"},\"image\":{\"@id\":\"https:\/\/www.iflower.ee\/?post_type=product&p=35501#primaryimage\"},\"thumbnailUrl\":\"https:\/\/www.iflower.ee\/wp-content\/uploads\/2022\/05\/CGJkYOBg.jpeg\",\"datePublished\":\"2022-05-02T13:16:00+00:00\",\"dateModified\":\"2022-11-28T09:17:04+00:00\",\"breadcrumb\":{\"@id\":\"https:\/\/www.iflower.ee\/?post_type=product&p=35501#breadcrumb\"},\"inLanguage\":\"fi\",\"potentialAction\":[{\"@type\":\"ReadAction\",\"target\":[\"https:\/\/www.iflower.ee\/?post_type=product&p=35501\"]}]},{\"@type\":\"ImageObject\",\"inLanguage\":\"fi\",\"@id\":\"https:\/\/www.iflower.ee\/?post_type=product&p=35501#primaryimage\",\"url\":\"https:\/\/www.iflower.ee\/wp-content\/uploads\/2022\/05\/CGJkYOBg.jpeg\",\"contentUrl\":\"https:\/\/www.iflower.ee\/wp-content\/uploads\/2022\/05\/CGJkYOBg.jpeg\",\"width\":1000,\"height\":1499},{\"@type\":\"BreadcrumbList\",\"@id\":\"https:\/\/www.iflower.ee\/?post_type=product&p=35501#breadcrumb\",\"itemListElement\":[{\"@type\":\"ListItem\",\"position\":1,\"name\":\"Pood\",\"item\":\"https:\/\/www.iflower.ee\/pood\/\"},{\"@type\":\"ListItem\",\"position\":2,\"name\":\"Lahjakori \u00e4idille\"}]},{\"@type\":\"WebSite\",\"@id\":\"https:\/\/www.iflower.ee\/#website\",\"url\":\"https:\/\/www.iflower.ee\/\",\"name\":\"iFlower\",\"description\":\"\",\"publisher\":{\"@id\":\"https:\/\/www.iflower.ee\/#organization\"},\"potentialAction\":[{\"@type\":\"SearchAction\",\"target\":{\"@type\":\"EntryPoint\",\"urlTemplate\":\"https:\/\/www.iflower.ee\/?s={search_term_string}\"},\"query-input\":{\"@type\":\"PropertyValueSpecification\",\"valueRequired\":true,\"valueName\":\"search_term_string\"}}],\"inLanguage\":\"fi\"},{\"@type\":\"Organization\",\"@id\":\"https:\/\/www.iflower.ee\/#organization\",\"name\":\"iFlower\",\"url\":\"https:\/\/www.iflower.ee\/\",\"logo\":{\"@type\":\"ImageObject\",\"inLanguage\":\"fi\",\"@id\":\"https:\/\/www.iflower.ee\/#\/schema\/logo\/image\/\",\"url\":\"https:\/\/www.iflower.ee\/wp-content\/uploads\/2022\/04\/iflower.png\",\"contentUrl\":\"https:\/\/www.iflower.ee\/wp-content\/uploads\/2022\/04\/iflower.png\",\"width\":248,\"height\":71,\"caption\":\"iFlower\"},\"image\":{\"@id\":\"https:\/\/www.iflower.ee\/#\/schema\/logo\/image\/\"}}]}<\/script>\n<!-- \/ Yoast SEO plugin. -->","yoast_head_json":{"title":"Lahjakori \u00e4idille - iFlower","robots":{"index":"index","follow":"follow","max-snippet":"max-snippet:-1","max-image-preview":"max-image-preview:large","max-video-preview":"max-video-preview:-1"},"canonical":"https:\/\/www.iflower.ee\/?post_type=product&p=35501","og_locale":"fi_FI","og_type":"article","og_title":"Lahjakori \u00e4idille - iFlower","og_description":"Lahjakori sis\u00e4lt\u00e4\u00e4 Brilla Prosecco Rose (0,75L), Kalevin suklaakaramellirasia \"T\u00e4nan Sind\", uniruusuja kokoa S ja \"Paras \u00e4iti\" pikarin.","og_url":"https:\/\/www.iflower.ee\/?post_type=product&p=35501","og_site_name":"iFlower","article_modified_time":"2022-11-28T09:17:04+00:00","og_image":[{"width":1000,"height":1499,"url":"https:\/\/www.iflower.ee\/wp-content\/uploads\/2022\/05\/CGJkYOBg.jpeg","type":"image\/jpeg"}],"twitter_card":"summary_large_image","schema":{"@context":"https:\/\/schema.org","@graph":[{"@type":"WebPage","@id":"https:\/\/www.iflower.ee\/?post_type=product&p=35501","url":"https:\/\/www.iflower.ee\/?post_type=product&p=35501","name":"Lahjakori \u00e4idille - iFlower","isPartOf":{"@id":"https:\/\/www.iflower.ee\/#website"},"primaryImageOfPage":{"@id":"https:\/\/www.iflower.ee\/?post_type=product&p=35501#primaryimage"},"image":{"@id":"https:\/\/www.iflower.ee\/?post_type=product&p=35501#primaryimage"},"thumbnailUrl":"https:\/\/www.iflower.ee\/wp-content\/uploads\/2022\/05\/CGJkYOBg.jpeg","datePublished":"2022-05-02T13:16:00+00:00","dateModified":"2022-11-28T09:17:04+00:00","breadcrumb":{"@id":"https:\/\/www.iflower.ee\/?post_type=product&p=35501#breadcrumb"},"inLanguage":"fi","potentialAction":[{"@type":"ReadAction","target":["https:\/\/www.iflower.ee\/?post_type=product&p=35501"]}]},{"@type":"ImageObject","inLanguage":"fi","@id":"https:\/\/www.iflower.ee\/?post_type=product&p=35501#primaryimage","url":"https:\/\/www.iflower.ee\/wp-content\/uploads\/2022\/05\/CGJkYOBg.jpeg","contentUrl":"https:\/\/www.iflower.ee\/wp-content\/uploads\/2022\/05\/CGJkYOBg.jpeg","width":1000,"height":1499},{"@type":"BreadcrumbList","@id":"https:\/\/www.iflower.ee\/?post_type=product&p=35501#breadcrumb","itemListElement":[{"@type":"ListItem","position":1,"name":"Pood","item":"https:\/\/www.iflower.ee\/pood\/"},{"@type":"ListItem","position":2,"name":"Lahjakori \u00e4idille"}]},{"@type":"WebSite","@id":"https:\/\/www.iflower.ee\/#website","url":"https:\/\/www.iflower.ee\/","name":"iFlower","description":"","publisher":{"@id":"https:\/\/www.iflower.ee\/#organization"},"potentialAction":[{"@type":"SearchAction","target":{"@type":"EntryPoint","urlTemplate":"https:\/\/www.iflower.ee\/?s={search_term_string}"},"query-input":{"@type":"PropertyValueSpecification","valueRequired":true,"valueName":"search_term_string"}}],"inLanguage":"fi"},{"@type":"Organization","@id":"https:\/\/www.iflower.ee\/#organization","name":"iFlower","url":"https:\/\/www.iflower.ee\/","logo":{"@type":"ImageObject","inLanguage":"fi","@id":"https:\/\/www.iflower.ee\/#\/schema\/logo\/image\/","url":"https:\/\/www.iflower.ee\/wp-content\/uploads\/2022\/04\/iflower.png","contentUrl":"https:\/\/www.iflower.ee\/wp-content\/uploads\/2022\/04\/iflower.png","width":248,"height":71,"caption":"iFlower"},"image":{"@id":"https:\/\/www.iflower.ee\/#\/schema\/logo\/image\/"}}]}},"_links":{"self":[{"href":"https:\/\/www.iflower.ee\/fi\/wp-json\/wp\/v2\/product\/35503","targetHints":{"allow":["GET"]}}],"collection":[{"href":"https:\/\/www.iflower.ee\/fi\/wp-json\/wp\/v2\/product"}],"about":[{"href":"https:\/\/www.iflower.ee\/fi\/wp-json\/wp\/v2\/types\/product"}],"wp:featuredmedia":[{"embeddable":true,"href":"https:\/\/www.iflower.ee\/fi\/wp-json\/wp\/v2\/media\/35224"}],"wp:attachment":[{"href":"https:\/\/www.iflower.ee\/fi\/wp-json\/wp\/v2\/media?parent=35503"}],"wp:term":[{"taxonomy":"product_brand","embeddable":true,"href":"https:\/\/www.iflower.ee\/fi\/wp-json\/wp\/v2\/product_brand?post=35503"},{"taxonomy":"product_cat","embeddable":true,"href":"https:\/\/www.iflower.ee\/fi\/wp-json\/wp\/v2\/product_cat?post=35503"},{"taxonomy":"product_tag","embeddable":true,"href":"https:\/\/www.iflower.ee\/fi\/wp-json\/wp\/v2\/product_tag?post=35503"}],"curies":[{"name":"wp","href":"https:\/\/api.w.org\/{rel}","templated":true}]}}