{"id":46191,"date":"2023-09-26T17:38:43","date_gmt":"2023-09-26T14:38:48","guid":{"rendered":"https:\/\/www.iflower.ee\/?post_type=product&#038;p=46191"},"modified":"2023-09-26T17:50:14","modified_gmt":"2023-09-26T14:50:14","slug":"pastellivarinen-muisto","status":"publish","type":"product","link":"https:\/\/www.iflower.ee\/fi\/toode\/pastellivarinen-muisto\/","title":{"rendered":"Pastelliv\u00e4rinen muisto"},"content":{"rendered":"","protected":false},"excerpt":{"rendered":"<p>Vaaleans\u00e4vyinen surukimppu, joka soveltuu sek\u00e4 hautausmaan ett\u00e4 krematorion hautajaisiin. Kimppuun on mahdollista lis\u00e4t\u00e4 kukkia ja my\u00f6s nauha.<\/p>\n","protected":false},"featured_media":46197,"template":"","meta":{"_acf_changed":false},"product_brand":[],"product_cat":[335],"product_tag":[],"class_list":{"0":"post-46191","1":"product","2":"type-product","3":"status-publish","4":"has-post-thumbnail","6":"product_cat-surukimput","8":"first","9":"instock","10":"taxable","11":"shipping-taxable","12":"purchasable","13":"product-type-variable","14":"has-default-attributes"},"acf":[],"yoast_head":"<!-- This site is optimized with the Yoast SEO plugin v26.8 - https:\/\/yoast.com\/product\/yoast-seo-wordpress\/ -->\n<title>Pastelliv\u00e4rinen muisto - iFlower<\/title>\n<meta name=\"robots\" content=\"index, follow, max-snippet:-1, max-image-preview:large, max-video-preview:-1\" \/>\n<link rel=\"canonical\" href=\"https:\/\/www.iflower.ee\/fi\/toode\/pastellivarinen-muisto\/\" \/>\n<meta property=\"og:locale\" content=\"fi_FI\" \/>\n<meta property=\"og:type\" content=\"article\" \/>\n<meta property=\"og:title\" content=\"Pastelliv\u00e4rinen muisto - iFlower\" \/>\n<meta property=\"og:description\" content=\"Vaaleans\u00e4vyinen surukimppu, joka soveltuu sek\u00e4 hautausmaan ett\u00e4 krematorion hautajaisiin. Kimppuun on mahdollista lis\u00e4t\u00e4 kukkia ja my\u00f6s nauha.\" \/>\n<meta property=\"og:url\" content=\"https:\/\/www.iflower.ee\/fi\/toode\/pastellivarinen-muisto\/\" \/>\n<meta property=\"og:site_name\" content=\"iFlower\" \/>\n<meta property=\"article:modified_time\" content=\"2023-09-26T14:50:14+00:00\" \/>\n<meta property=\"og:image\" content=\"https:\/\/www.iflower.ee\/wp-content\/uploads\/2023\/09\/IMG_1687oige-scaled.jpg\" \/>\n\t<meta property=\"og:image:width\" content=\"1384\" \/>\n\t<meta property=\"og:image:height\" content=\"2048\" \/>\n\t<meta property=\"og:image:type\" content=\"image\/jpeg\" \/>\n<meta name=\"twitter:card\" content=\"summary_large_image\" \/>\n<script type=\"application\/ld+json\" class=\"yoast-schema-graph\">{\"@context\":\"https:\/\/schema.org\",\"@graph\":[{\"@type\":\"WebPage\",\"@id\":\"https:\/\/www.iflower.ee\/fi\/toode\/pastellivarinen-muisto\/\",\"url\":\"https:\/\/www.iflower.ee\/fi\/toode\/pastellivarinen-muisto\/\",\"name\":\"Pastelliv\u00e4rinen muisto - iFlower\",\"isPartOf\":{\"@id\":\"https:\/\/www.iflower.ee\/#website\"},\"primaryImageOfPage\":{\"@id\":\"https:\/\/www.iflower.ee\/fi\/toode\/pastellivarinen-muisto\/#primaryimage\"},\"image\":{\"@id\":\"https:\/\/www.iflower.ee\/fi\/toode\/pastellivarinen-muisto\/#primaryimage\"},\"thumbnailUrl\":\"https:\/\/www.iflower.ee\/wp-content\/uploads\/2023\/09\/IMG_1687oige-scaled.jpg\",\"datePublished\":\"2023-09-26T14:38:48+00:00\",\"dateModified\":\"2023-09-26T14:50:14+00:00\",\"breadcrumb\":{\"@id\":\"https:\/\/www.iflower.ee\/fi\/toode\/pastellivarinen-muisto\/#breadcrumb\"},\"inLanguage\":\"fi\",\"potentialAction\":[{\"@type\":\"ReadAction\",\"target\":[\"https:\/\/www.iflower.ee\/fi\/toode\/pastellivarinen-muisto\/\"]}]},{\"@type\":\"ImageObject\",\"inLanguage\":\"fi\",\"@id\":\"https:\/\/www.iflower.ee\/fi\/toode\/pastellivarinen-muisto\/#primaryimage\",\"url\":\"https:\/\/www.iflower.ee\/wp-content\/uploads\/2023\/09\/IMG_1687oige-scaled.jpg\",\"contentUrl\":\"https:\/\/www.iflower.ee\/wp-content\/uploads\/2023\/09\/IMG_1687oige-scaled.jpg\",\"width\":1384,\"height\":2048},{\"@type\":\"BreadcrumbList\",\"@id\":\"https:\/\/www.iflower.ee\/fi\/toode\/pastellivarinen-muisto\/#breadcrumb\",\"itemListElement\":[{\"@type\":\"ListItem\",\"position\":1,\"name\":\"Pood\",\"item\":\"https:\/\/www.iflower.ee\/pood\/\"},{\"@type\":\"ListItem\",\"position\":2,\"name\":\"Pastelliv\u00e4rinen muisto\"}]},{\"@type\":\"WebSite\",\"@id\":\"https:\/\/www.iflower.ee\/#website\",\"url\":\"https:\/\/www.iflower.ee\/\",\"name\":\"iFlower\",\"description\":\"\",\"publisher\":{\"@id\":\"https:\/\/www.iflower.ee\/#organization\"},\"potentialAction\":[{\"@type\":\"SearchAction\",\"target\":{\"@type\":\"EntryPoint\",\"urlTemplate\":\"https:\/\/www.iflower.ee\/?s={search_term_string}\"},\"query-input\":{\"@type\":\"PropertyValueSpecification\",\"valueRequired\":true,\"valueName\":\"search_term_string\"}}],\"inLanguage\":\"fi\"},{\"@type\":\"Organization\",\"@id\":\"https:\/\/www.iflower.ee\/#organization\",\"name\":\"iFlower\",\"url\":\"https:\/\/www.iflower.ee\/\",\"logo\":{\"@type\":\"ImageObject\",\"inLanguage\":\"fi\",\"@id\":\"https:\/\/www.iflower.ee\/#\/schema\/logo\/image\/\",\"url\":\"https:\/\/www.iflower.ee\/wp-content\/uploads\/2022\/04\/iflower.png\",\"contentUrl\":\"https:\/\/www.iflower.ee\/wp-content\/uploads\/2022\/04\/iflower.png\",\"width\":248,\"height\":71,\"caption\":\"iFlower\"},\"image\":{\"@id\":\"https:\/\/www.iflower.ee\/#\/schema\/logo\/image\/\"}}]}<\/script>\n<!-- \/ Yoast SEO plugin. -->","yoast_head_json":{"title":"Pastelliv\u00e4rinen muisto - iFlower","robots":{"index":"index","follow":"follow","max-snippet":"max-snippet:-1","max-image-preview":"max-image-preview:large","max-video-preview":"max-video-preview:-1"},"canonical":"https:\/\/www.iflower.ee\/fi\/toode\/pastellivarinen-muisto\/","og_locale":"fi_FI","og_type":"article","og_title":"Pastelliv\u00e4rinen muisto - iFlower","og_description":"Vaaleans\u00e4vyinen surukimppu, joka soveltuu sek\u00e4 hautausmaan ett\u00e4 krematorion hautajaisiin. Kimppuun on mahdollista lis\u00e4t\u00e4 kukkia ja my\u00f6s nauha.","og_url":"https:\/\/www.iflower.ee\/fi\/toode\/pastellivarinen-muisto\/","og_site_name":"iFlower","article_modified_time":"2023-09-26T14:50:14+00:00","og_image":[{"width":1384,"height":2048,"url":"https:\/\/www.iflower.ee\/wp-content\/uploads\/2023\/09\/IMG_1687oige-scaled.jpg","type":"image\/jpeg"}],"twitter_card":"summary_large_image","schema":{"@context":"https:\/\/schema.org","@graph":[{"@type":"WebPage","@id":"https:\/\/www.iflower.ee\/fi\/toode\/pastellivarinen-muisto\/","url":"https:\/\/www.iflower.ee\/fi\/toode\/pastellivarinen-muisto\/","name":"Pastelliv\u00e4rinen muisto - iFlower","isPartOf":{"@id":"https:\/\/www.iflower.ee\/#website"},"primaryImageOfPage":{"@id":"https:\/\/www.iflower.ee\/fi\/toode\/pastellivarinen-muisto\/#primaryimage"},"image":{"@id":"https:\/\/www.iflower.ee\/fi\/toode\/pastellivarinen-muisto\/#primaryimage"},"thumbnailUrl":"https:\/\/www.iflower.ee\/wp-content\/uploads\/2023\/09\/IMG_1687oige-scaled.jpg","datePublished":"2023-09-26T14:38:48+00:00","dateModified":"2023-09-26T14:50:14+00:00","breadcrumb":{"@id":"https:\/\/www.iflower.ee\/fi\/toode\/pastellivarinen-muisto\/#breadcrumb"},"inLanguage":"fi","potentialAction":[{"@type":"ReadAction","target":["https:\/\/www.iflower.ee\/fi\/toode\/pastellivarinen-muisto\/"]}]},{"@type":"ImageObject","inLanguage":"fi","@id":"https:\/\/www.iflower.ee\/fi\/toode\/pastellivarinen-muisto\/#primaryimage","url":"https:\/\/www.iflower.ee\/wp-content\/uploads\/2023\/09\/IMG_1687oige-scaled.jpg","contentUrl":"https:\/\/www.iflower.ee\/wp-content\/uploads\/2023\/09\/IMG_1687oige-scaled.jpg","width":1384,"height":2048},{"@type":"BreadcrumbList","@id":"https:\/\/www.iflower.ee\/fi\/toode\/pastellivarinen-muisto\/#breadcrumb","itemListElement":[{"@type":"ListItem","position":1,"name":"Pood","item":"https:\/\/www.iflower.ee\/pood\/"},{"@type":"ListItem","position":2,"name":"Pastelliv\u00e4rinen muisto"}]},{"@type":"WebSite","@id":"https:\/\/www.iflower.ee\/#website","url":"https:\/\/www.iflower.ee\/","name":"iFlower","description":"","publisher":{"@id":"https:\/\/www.iflower.ee\/#organization"},"potentialAction":[{"@type":"SearchAction","target":{"@type":"EntryPoint","urlTemplate":"https:\/\/www.iflower.ee\/?s={search_term_string}"},"query-input":{"@type":"PropertyValueSpecification","valueRequired":true,"valueName":"search_term_string"}}],"inLanguage":"fi"},{"@type":"Organization","@id":"https:\/\/www.iflower.ee\/#organization","name":"iFlower","url":"https:\/\/www.iflower.ee\/","logo":{"@type":"ImageObject","inLanguage":"fi","@id":"https:\/\/www.iflower.ee\/#\/schema\/logo\/image\/","url":"https:\/\/www.iflower.ee\/wp-content\/uploads\/2022\/04\/iflower.png","contentUrl":"https:\/\/www.iflower.ee\/wp-content\/uploads\/2022\/04\/iflower.png","width":248,"height":71,"caption":"iFlower"},"image":{"@id":"https:\/\/www.iflower.ee\/#\/schema\/logo\/image\/"}}]}},"_links":{"self":[{"href":"https:\/\/www.iflower.ee\/fi\/wp-json\/wp\/v2\/product\/46191","targetHints":{"allow":["GET"]}}],"collection":[{"href":"https:\/\/www.iflower.ee\/fi\/wp-json\/wp\/v2\/product"}],"about":[{"href":"https:\/\/www.iflower.ee\/fi\/wp-json\/wp\/v2\/types\/product"}],"wp:featuredmedia":[{"embeddable":true,"href":"https:\/\/www.iflower.ee\/fi\/wp-json\/wp\/v2\/media\/46197"}],"wp:attachment":[{"href":"https:\/\/www.iflower.ee\/fi\/wp-json\/wp\/v2\/media?parent=46191"}],"wp:term":[{"taxonomy":"product_brand","embeddable":true,"href":"https:\/\/www.iflower.ee\/fi\/wp-json\/wp\/v2\/product_brand?post=46191"},{"taxonomy":"product_cat","embeddable":true,"href":"https:\/\/www.iflower.ee\/fi\/wp-json\/wp\/v2\/product_cat?post=46191"},{"taxonomy":"product_tag","embeddable":true,"href":"https:\/\/www.iflower.ee\/fi\/wp-json\/wp\/v2\/product_tag?post=46191"}],"curies":[{"name":"wp","href":"https:\/\/api.w.org\/{rel}","templated":true}]}}