{"id":57855,"date":"2025-08-19T15:37:59","date_gmt":"2025-08-19T12:37:59","guid":{"rendered":"https:\/\/www.iflower.ee\/?post_type=product&#038;p=57855"},"modified":"2026-03-03T12:30:51","modified_gmt":"2026-03-03T10:30:51","slug":"vivin-puuderkuunal-must-mesi","status":"publish","type":"product","link":"https:\/\/www.iflower.ee\/fi\/toode\/vivin-puuderkuunal-must-mesi\/","title":{"rendered":"VIVIN puuderk\u00fc\u00fcnal Must Mesi"},"content":{"rendered":"","protected":false},"excerpt":{"rendered":"<p>K\u00fc\u00fcnlaleek, mis lisab su elule s\u00e4ra<\/p>\n<p><strong><em>L\u00f5hnaprofiil<\/em><\/strong>\u00a0\u2013 H\u00fcpnotiseeriv ja sensuaalne aroom, on tunda magus aroom, mis on p\u00f5imunud \u00f5rna suitsuse no<\/p>\n<p>L\u00f5hnastatud ja s\u00e4ravad p\u00e4rlmutter puuderk\u00fc\u00fcnalad pole tavalised k\u00fc\u00fcnalad, need sobivad ideaalselt kingituseks, sest h\u00e4sti l\u00f5hnav kodu ja praktiline kingitus teeb iga\u00fche tuju r\u00f5\u00f5msaks! Too oma ellu s\u00e4ra!<\/p>\n<p>Puuderk\u00fc\u00fcnal\/ pulberk\u00fc\u00fcnal on l\u00e4bipaistvas klaasanumas (m\u00f5\u00f5dud 8x9cm). Puuderk\u00fc\u00fcnlad on l\u00f5hnastatud k\u00f5rgkvaliteetsete aroomi\u00f5lidega (mis omavad IFRA sertifikaati) ja valmisatud taimsest vahast \u2013 seet\u00f5ttu ei eraldu p\u00f5lemisel kahjulikke aineid ning see p\u00f5leb 60% puhtamalt kui teised k\u00fc\u00fcnlad, ei tahma ega tossa. See t\u00f5esti on nii hea!<\/p>\n<p>K\u00e4sitsi valmistatud Eestis.<\/p>\n<p>NB! Antud toodet v\u00e4ljastame vaid Tallinnast.<\/p>\n","protected":false},"featured_media":38096,"template":"","meta":{"_acf_changed":false},"product_brand":[],"product_cat":[537,99,15,266,312],"product_tag":[],"class_list":{"0":"post-57855","1":"product","2":"type-product","3":"status-publish","4":"has-post-thumbnail","6":"product_cat-sobrapaev","7":"product_cat-emadepaev","8":"product_cat-kingitused","9":"product_cat-home-and-spa","10":"product_cat-uus","12":"first","13":"instock","14":"taxable","15":"shipping-taxable","16":"purchasable","17":"product-type-simple"},"acf":[],"yoast_head":"<!-- This site is optimized with the Yoast SEO plugin v26.8 - https:\/\/yoast.com\/product\/yoast-seo-wordpress\/ -->\n<title>VIVIN puuderk\u00fc\u00fcnal Must Mesi - iFlower<\/title>\n<meta name=\"robots\" content=\"index, follow, max-snippet:-1, max-image-preview:large, max-video-preview:-1\" \/>\n<link rel=\"canonical\" href=\"https:\/\/www.iflower.ee\/toode\/vivin-puuderkuunal-must-mesi\/\" \/>\n<meta property=\"og:locale\" content=\"fi_FI\" \/>\n<meta property=\"og:type\" content=\"article\" \/>\n<meta property=\"og:title\" content=\"VIVIN puuderk\u00fc\u00fcnal Must Mesi - iFlower\" \/>\n<meta property=\"og:description\" content=\"K\u00fc\u00fcnlaleek, mis lisab su elule s\u00e4ra  L\u00f5hnaprofiil\u00a0\u2013 H\u00fcpnotiseeriv ja sensuaalne aroom, on tunda magus aroom, mis on p\u00f5imunud \u00f5rna suitsuse no  L\u00f5hnastatud ja s\u00e4ravad p\u00e4rlmutter puuderk\u00fc\u00fcnalad pole tavalised k\u00fc\u00fcnalad, need sobivad ideaalselt kingituseks, sest h\u00e4sti l\u00f5hnav kodu ja praktiline kingitus teeb iga\u00fche tuju r\u00f5\u00f5msaks! Too oma ellu s\u00e4ra!  Puuderk\u00fc\u00fcnal\/ pulberk\u00fc\u00fcnal on l\u00e4bipaistvas klaasanumas (m\u00f5\u00f5dud 8x9cm). Puuderk\u00fc\u00fcnlad on l\u00f5hnastatud k\u00f5rgkvaliteetsete aroomi\u00f5lidega (mis omavad IFRA sertifikaati) ja valmisatud taimsest vahast \u2013 seet\u00f5ttu ei eraldu p\u00f5lemisel kahjulikke aineid ning see p\u00f5leb 60% puhtamalt kui teised k\u00fc\u00fcnlad, ei tahma ega tossa. See t\u00f5esti on nii hea!  K\u00e4sitsi valmistatud Eestis.  NB! Antud toodet v\u00e4ljastame vaid Tallinnast.\" \/>\n<meta property=\"og:url\" content=\"https:\/\/www.iflower.ee\/toode\/vivin-puuderkuunal-must-mesi\/\" \/>\n<meta property=\"og:site_name\" content=\"iFlower\" \/>\n<meta property=\"article:modified_time\" content=\"2026-03-03T10:30:51+00:00\" \/>\n<meta property=\"og:image\" content=\"https:\/\/www.iflower.ee\/wp-content\/uploads\/2022\/10\/Untitled-design-20.png\" \/>\n\t<meta property=\"og:image:width\" content=\"1414\" \/>\n\t<meta property=\"og:image:height\" content=\"2000\" \/>\n\t<meta property=\"og:image:type\" content=\"image\/png\" \/>\n<meta name=\"twitter:card\" content=\"summary_large_image\" \/>\n<meta name=\"twitter:label1\" content=\"Arvioitu lukuaika\" \/>\n\t<meta name=\"twitter:data1\" content=\"1 minuutti\" \/>\n<script type=\"application\/ld+json\" class=\"yoast-schema-graph\">{\"@context\":\"https:\/\/schema.org\",\"@graph\":[{\"@type\":\"WebPage\",\"@id\":\"https:\/\/www.iflower.ee\/toode\/vivin-puuderkuunal-must-mesi\/\",\"url\":\"https:\/\/www.iflower.ee\/toode\/vivin-puuderkuunal-must-mesi\/\",\"name\":\"VIVIN puuderk\u00fc\u00fcnal Must Mesi - iFlower\",\"isPartOf\":{\"@id\":\"https:\/\/www.iflower.ee\/#website\"},\"primaryImageOfPage\":{\"@id\":\"https:\/\/www.iflower.ee\/toode\/vivin-puuderkuunal-must-mesi\/#primaryimage\"},\"image\":{\"@id\":\"https:\/\/www.iflower.ee\/toode\/vivin-puuderkuunal-must-mesi\/#primaryimage\"},\"thumbnailUrl\":\"https:\/\/www.iflower.ee\/wp-content\/uploads\/2022\/10\/Untitled-design-20.png\",\"datePublished\":\"2025-08-19T12:37:59+00:00\",\"dateModified\":\"2026-03-03T10:30:51+00:00\",\"breadcrumb\":{\"@id\":\"https:\/\/www.iflower.ee\/toode\/vivin-puuderkuunal-must-mesi\/#breadcrumb\"},\"inLanguage\":\"fi\",\"potentialAction\":[{\"@type\":\"ReadAction\",\"target\":[\"https:\/\/www.iflower.ee\/toode\/vivin-puuderkuunal-must-mesi\/\"]}]},{\"@type\":\"ImageObject\",\"inLanguage\":\"fi\",\"@id\":\"https:\/\/www.iflower.ee\/toode\/vivin-puuderkuunal-must-mesi\/#primaryimage\",\"url\":\"https:\/\/www.iflower.ee\/wp-content\/uploads\/2022\/10\/Untitled-design-20.png\",\"contentUrl\":\"https:\/\/www.iflower.ee\/wp-content\/uploads\/2022\/10\/Untitled-design-20.png\",\"width\":1414,\"height\":2000},{\"@type\":\"BreadcrumbList\",\"@id\":\"https:\/\/www.iflower.ee\/toode\/vivin-puuderkuunal-must-mesi\/#breadcrumb\",\"itemListElement\":[{\"@type\":\"ListItem\",\"position\":1,\"name\":\"Pood\",\"item\":\"https:\/\/www.iflower.ee\/pood\/\"},{\"@type\":\"ListItem\",\"position\":2,\"name\":\"VIVIN puuderk\u00fc\u00fcnal Must Mesi\"}]},{\"@type\":\"WebSite\",\"@id\":\"https:\/\/www.iflower.ee\/#website\",\"url\":\"https:\/\/www.iflower.ee\/\",\"name\":\"iFlower\",\"description\":\"\",\"publisher\":{\"@id\":\"https:\/\/www.iflower.ee\/#organization\"},\"potentialAction\":[{\"@type\":\"SearchAction\",\"target\":{\"@type\":\"EntryPoint\",\"urlTemplate\":\"https:\/\/www.iflower.ee\/?s={search_term_string}\"},\"query-input\":{\"@type\":\"PropertyValueSpecification\",\"valueRequired\":true,\"valueName\":\"search_term_string\"}}],\"inLanguage\":\"fi\"},{\"@type\":\"Organization\",\"@id\":\"https:\/\/www.iflower.ee\/#organization\",\"name\":\"iFlower\",\"url\":\"https:\/\/www.iflower.ee\/\",\"logo\":{\"@type\":\"ImageObject\",\"inLanguage\":\"fi\",\"@id\":\"https:\/\/www.iflower.ee\/#\/schema\/logo\/image\/\",\"url\":\"https:\/\/www.iflower.ee\/wp-content\/uploads\/2022\/04\/iflower.png\",\"contentUrl\":\"https:\/\/www.iflower.ee\/wp-content\/uploads\/2022\/04\/iflower.png\",\"width\":248,\"height\":71,\"caption\":\"iFlower\"},\"image\":{\"@id\":\"https:\/\/www.iflower.ee\/#\/schema\/logo\/image\/\"}}]}<\/script>\n<!-- \/ Yoast SEO plugin. -->","yoast_head_json":{"title":"VIVIN puuderk\u00fc\u00fcnal Must Mesi - iFlower","robots":{"index":"index","follow":"follow","max-snippet":"max-snippet:-1","max-image-preview":"max-image-preview:large","max-video-preview":"max-video-preview:-1"},"canonical":"https:\/\/www.iflower.ee\/toode\/vivin-puuderkuunal-must-mesi\/","og_locale":"fi_FI","og_type":"article","og_title":"VIVIN puuderk\u00fc\u00fcnal Must Mesi - iFlower","og_description":"K\u00fc\u00fcnlaleek, mis lisab su elule s\u00e4ra  L\u00f5hnaprofiil\u00a0\u2013 H\u00fcpnotiseeriv ja sensuaalne aroom, on tunda magus aroom, mis on p\u00f5imunud \u00f5rna suitsuse no  L\u00f5hnastatud ja s\u00e4ravad p\u00e4rlmutter puuderk\u00fc\u00fcnalad pole tavalised k\u00fc\u00fcnalad, need sobivad ideaalselt kingituseks, sest h\u00e4sti l\u00f5hnav kodu ja praktiline kingitus teeb iga\u00fche tuju r\u00f5\u00f5msaks! Too oma ellu s\u00e4ra!  Puuderk\u00fc\u00fcnal\/ pulberk\u00fc\u00fcnal on l\u00e4bipaistvas klaasanumas (m\u00f5\u00f5dud 8x9cm). Puuderk\u00fc\u00fcnlad on l\u00f5hnastatud k\u00f5rgkvaliteetsete aroomi\u00f5lidega (mis omavad IFRA sertifikaati) ja valmisatud taimsest vahast \u2013 seet\u00f5ttu ei eraldu p\u00f5lemisel kahjulikke aineid ning see p\u00f5leb 60% puhtamalt kui teised k\u00fc\u00fcnlad, ei tahma ega tossa. See t\u00f5esti on nii hea!  K\u00e4sitsi valmistatud Eestis.  NB! Antud toodet v\u00e4ljastame vaid Tallinnast.","og_url":"https:\/\/www.iflower.ee\/toode\/vivin-puuderkuunal-must-mesi\/","og_site_name":"iFlower","article_modified_time":"2026-03-03T10:30:51+00:00","og_image":[{"width":1414,"height":2000,"url":"https:\/\/www.iflower.ee\/wp-content\/uploads\/2022\/10\/Untitled-design-20.png","type":"image\/png"}],"twitter_card":"summary_large_image","twitter_misc":{"Arvioitu lukuaika":"1 minuutti"},"schema":{"@context":"https:\/\/schema.org","@graph":[{"@type":"WebPage","@id":"https:\/\/www.iflower.ee\/toode\/vivin-puuderkuunal-must-mesi\/","url":"https:\/\/www.iflower.ee\/toode\/vivin-puuderkuunal-must-mesi\/","name":"VIVIN puuderk\u00fc\u00fcnal Must Mesi - iFlower","isPartOf":{"@id":"https:\/\/www.iflower.ee\/#website"},"primaryImageOfPage":{"@id":"https:\/\/www.iflower.ee\/toode\/vivin-puuderkuunal-must-mesi\/#primaryimage"},"image":{"@id":"https:\/\/www.iflower.ee\/toode\/vivin-puuderkuunal-must-mesi\/#primaryimage"},"thumbnailUrl":"https:\/\/www.iflower.ee\/wp-content\/uploads\/2022\/10\/Untitled-design-20.png","datePublished":"2025-08-19T12:37:59+00:00","dateModified":"2026-03-03T10:30:51+00:00","breadcrumb":{"@id":"https:\/\/www.iflower.ee\/toode\/vivin-puuderkuunal-must-mesi\/#breadcrumb"},"inLanguage":"fi","potentialAction":[{"@type":"ReadAction","target":["https:\/\/www.iflower.ee\/toode\/vivin-puuderkuunal-must-mesi\/"]}]},{"@type":"ImageObject","inLanguage":"fi","@id":"https:\/\/www.iflower.ee\/toode\/vivin-puuderkuunal-must-mesi\/#primaryimage","url":"https:\/\/www.iflower.ee\/wp-content\/uploads\/2022\/10\/Untitled-design-20.png","contentUrl":"https:\/\/www.iflower.ee\/wp-content\/uploads\/2022\/10\/Untitled-design-20.png","width":1414,"height":2000},{"@type":"BreadcrumbList","@id":"https:\/\/www.iflower.ee\/toode\/vivin-puuderkuunal-must-mesi\/#breadcrumb","itemListElement":[{"@type":"ListItem","position":1,"name":"Pood","item":"https:\/\/www.iflower.ee\/pood\/"},{"@type":"ListItem","position":2,"name":"VIVIN puuderk\u00fc\u00fcnal Must Mesi"}]},{"@type":"WebSite","@id":"https:\/\/www.iflower.ee\/#website","url":"https:\/\/www.iflower.ee\/","name":"iFlower","description":"","publisher":{"@id":"https:\/\/www.iflower.ee\/#organization"},"potentialAction":[{"@type":"SearchAction","target":{"@type":"EntryPoint","urlTemplate":"https:\/\/www.iflower.ee\/?s={search_term_string}"},"query-input":{"@type":"PropertyValueSpecification","valueRequired":true,"valueName":"search_term_string"}}],"inLanguage":"fi"},{"@type":"Organization","@id":"https:\/\/www.iflower.ee\/#organization","name":"iFlower","url":"https:\/\/www.iflower.ee\/","logo":{"@type":"ImageObject","inLanguage":"fi","@id":"https:\/\/www.iflower.ee\/#\/schema\/logo\/image\/","url":"https:\/\/www.iflower.ee\/wp-content\/uploads\/2022\/04\/iflower.png","contentUrl":"https:\/\/www.iflower.ee\/wp-content\/uploads\/2022\/04\/iflower.png","width":248,"height":71,"caption":"iFlower"},"image":{"@id":"https:\/\/www.iflower.ee\/#\/schema\/logo\/image\/"}}]}},"_links":{"self":[{"href":"https:\/\/www.iflower.ee\/fi\/wp-json\/wp\/v2\/product\/57855","targetHints":{"allow":["GET"]}}],"collection":[{"href":"https:\/\/www.iflower.ee\/fi\/wp-json\/wp\/v2\/product"}],"about":[{"href":"https:\/\/www.iflower.ee\/fi\/wp-json\/wp\/v2\/types\/product"}],"wp:featuredmedia":[{"embeddable":true,"href":"https:\/\/www.iflower.ee\/fi\/wp-json\/wp\/v2\/media\/38096"}],"wp:attachment":[{"href":"https:\/\/www.iflower.ee\/fi\/wp-json\/wp\/v2\/media?parent=57855"}],"wp:term":[{"taxonomy":"product_brand","embeddable":true,"href":"https:\/\/www.iflower.ee\/fi\/wp-json\/wp\/v2\/product_brand?post=57855"},{"taxonomy":"product_cat","embeddable":true,"href":"https:\/\/www.iflower.ee\/fi\/wp-json\/wp\/v2\/product_cat?post=57855"},{"taxonomy":"product_tag","embeddable":true,"href":"https:\/\/www.iflower.ee\/fi\/wp-json\/wp\/v2\/product_tag?post=57855"}],"curies":[{"name":"wp","href":"https:\/\/api.w.org\/{rel}","templated":true}]}}