{"id":57856,"date":"2025-08-19T15:41:01","date_gmt":"2025-08-19T12:41:01","guid":{"rendered":"https:\/\/www.iflower.ee\/?post_type=product&#038;p=57856"},"modified":"2026-02-03T16:53:02","modified_gmt":"2026-02-03T14:53:02","slug":"vivin-puuderkuunal-smaragd","status":"publish","type":"product","link":"https:\/\/www.iflower.ee\/fi\/toode\/vivin-puuderkuunal-smaragd\/","title":{"rendered":"VIVIN Smaragd puuderk\u00fc\u00fcnal"},"content":{"rendered":"","protected":false},"excerpt":{"rendered":"<p>VIVIN smaragd roheline puuderk\u00fc\u00fcnal toob teie koju rahustava ja v\u00e4rske meeleolu. Selle kaunis ja v\u00e4rskendav smaragd roheline toon loob selgust ja rahu, sobides ideaalselt neile, kes otsivad ruumi, mis peegeldaks mere ja taeva rahulikkust. L\u00f5hnatut k\u00fc\u00fcnalt saab kasutada k\u00f5ikjal, keskendudes vaid \u00f5rnale valgusele ja harmoonilisele atmosf\u00e4\u00e4rile.<\/p>\n<p><strong><i>Kuidas meie k\u00fc\u00fcnlad valmivad?<br \/>\n<\/i><\/strong>K\u00f5ik VIVIN tooted valmisatakse k\u00e4sitsi Eestis, kasutades k\u00f5rgkvaliteetset taimset k\u00fc\u00fcnlavaha ja ainult premiumklassi (IFRA sertifitseeritud) aroomi\u00f5lisid. Puuderk\u00fc\u00fcnal p\u00f5leb 60% puhtamalt kui tavap\u00e4rased k\u00fc\u00fcnlad, j\u00e4ttes klaasid selged ja tahmavabad. PARAFIINI vaba!<\/p>\n<p>\u00fcnal\/ pulberk\u00fc\u00fcnal on l\u00e4bipaistvas klaasanumas (m\u00f5\u00f5dud 8x9cm). Puuderk\u00fc\u00fcnlad on l\u00f5hnastatud k\u00f5rgkvaliteetsete aroomi\u00f5lidega (mis omavad IFRA sertifikaati) ja valmisatud taimsest vahast \u2013 seet\u00f5ttu ei eraldu p\u00f5lemisel kahjulikke aineid ning see p\u00f5leb 60% puhtamalt kui teised k\u00fc\u00fcnlad, ei tahma ega tossa. See t\u00f5esti on nii hea!<\/p>\n<p>K\u00e4sitsi valmistatud Eestis.<\/p>\n<p>NB! Antud toodet v\u00e4ljastame vaid Tallinnast!<\/p>\n","protected":false},"featured_media":57857,"template":"","meta":{"_acf_changed":false},"product_brand":[],"product_cat":[99,15,266,312],"product_tag":[],"class_list":{"0":"post-57856","1":"product","2":"type-product","3":"status-publish","4":"has-post-thumbnail","6":"product_cat-emadepaev","7":"product_cat-kingitused","8":"product_cat-home-and-spa","9":"product_cat-uus","11":"first","12":"instock","13":"taxable","14":"shipping-taxable","15":"purchasable","16":"product-type-simple"},"acf":[],"yoast_head":"<!-- This site is optimized with the Yoast SEO plugin v26.8 - https:\/\/yoast.com\/product\/yoast-seo-wordpress\/ -->\n<title>VIVIN Smaragd puuderk\u00fc\u00fcnal - iFlower<\/title>\n<meta name=\"robots\" content=\"index, follow, max-snippet:-1, max-image-preview:large, max-video-preview:-1\" \/>\n<link rel=\"canonical\" href=\"https:\/\/www.iflower.ee\/toode\/vivin-puuderkuunal-smaragd\/\" \/>\n<meta property=\"og:locale\" content=\"fi_FI\" \/>\n<meta property=\"og:type\" content=\"article\" \/>\n<meta property=\"og:title\" content=\"VIVIN Smaragd puuderk\u00fc\u00fcnal - iFlower\" \/>\n<meta property=\"og:description\" content=\"VIVIN smaragd roheline puuderk\u00fc\u00fcnal toob teie koju rahustava ja v\u00e4rske meeleolu. Selle kaunis ja v\u00e4rskendav smaragd roheline toon loob selgust ja rahu, sobides ideaalselt neile, kes otsivad ruumi, mis peegeldaks mere ja taeva rahulikkust. L\u00f5hnatut k\u00fc\u00fcnalt saab kasutada k\u00f5ikjal, keskendudes vaid \u00f5rnale valgusele ja harmoonilisele atmosf\u00e4\u00e4rile.  Kuidas meie k\u00fc\u00fcnlad valmivad? K\u00f5ik VIVIN tooted valmisatakse k\u00e4sitsi Eestis, kasutades k\u00f5rgkvaliteetset taimset k\u00fc\u00fcnlavaha ja ainult premiumklassi (IFRA sertifitseeritud) aroomi\u00f5lisid. Puuderk\u00fc\u00fcnal p\u00f5leb 60% puhtamalt kui tavap\u00e4rased k\u00fc\u00fcnlad, j\u00e4ttes klaasid selged ja tahmavabad. PARAFIINI vaba!  \u00fcnal\/ pulberk\u00fc\u00fcnal on l\u00e4bipaistvas klaasanumas (m\u00f5\u00f5dud 8x9cm). Puuderk\u00fc\u00fcnlad on l\u00f5hnastatud k\u00f5rgkvaliteetsete aroomi\u00f5lidega (mis omavad IFRA sertifikaati) ja valmisatud taimsest vahast \u2013 seet\u00f5ttu ei eraldu p\u00f5lemisel kahjulikke aineid ning see p\u00f5leb 60% puhtamalt kui teised k\u00fc\u00fcnlad, ei tahma ega tossa. See t\u00f5esti on nii hea!  K\u00e4sitsi valmistatud Eestis.  NB! Antud toodet v\u00e4ljastame vaid Tallinnast!\" \/>\n<meta property=\"og:url\" content=\"https:\/\/www.iflower.ee\/toode\/vivin-puuderkuunal-smaragd\/\" \/>\n<meta property=\"og:site_name\" content=\"iFlower\" \/>\n<meta property=\"article:modified_time\" content=\"2026-02-03T14:53:02+00:00\" \/>\n<meta property=\"og:image\" content=\"https:\/\/www.iflower.ee\/wp-content\/uploads\/2025\/08\/iFlower-taust-9.png\" \/>\n\t<meta property=\"og:image:width\" content=\"1587\" \/>\n\t<meta property=\"og:image:height\" content=\"2245\" \/>\n\t<meta property=\"og:image:type\" content=\"image\/png\" \/>\n<meta name=\"twitter:card\" content=\"summary_large_image\" \/>\n<meta name=\"twitter:label1\" content=\"Arvioitu lukuaika\" \/>\n\t<meta name=\"twitter:data1\" content=\"1 minuutti\" \/>\n<script type=\"application\/ld+json\" class=\"yoast-schema-graph\">{\"@context\":\"https:\/\/schema.org\",\"@graph\":[{\"@type\":\"WebPage\",\"@id\":\"https:\/\/www.iflower.ee\/toode\/vivin-puuderkuunal-smaragd\/\",\"url\":\"https:\/\/www.iflower.ee\/toode\/vivin-puuderkuunal-smaragd\/\",\"name\":\"VIVIN Smaragd puuderk\u00fc\u00fcnal - iFlower\",\"isPartOf\":{\"@id\":\"https:\/\/www.iflower.ee\/#website\"},\"primaryImageOfPage\":{\"@id\":\"https:\/\/www.iflower.ee\/toode\/vivin-puuderkuunal-smaragd\/#primaryimage\"},\"image\":{\"@id\":\"https:\/\/www.iflower.ee\/toode\/vivin-puuderkuunal-smaragd\/#primaryimage\"},\"thumbnailUrl\":\"https:\/\/www.iflower.ee\/wp-content\/uploads\/2025\/08\/iFlower-taust-9.png\",\"datePublished\":\"2025-08-19T12:41:01+00:00\",\"dateModified\":\"2026-02-03T14:53:02+00:00\",\"breadcrumb\":{\"@id\":\"https:\/\/www.iflower.ee\/toode\/vivin-puuderkuunal-smaragd\/#breadcrumb\"},\"inLanguage\":\"fi\",\"potentialAction\":[{\"@type\":\"ReadAction\",\"target\":[\"https:\/\/www.iflower.ee\/toode\/vivin-puuderkuunal-smaragd\/\"]}]},{\"@type\":\"ImageObject\",\"inLanguage\":\"fi\",\"@id\":\"https:\/\/www.iflower.ee\/toode\/vivin-puuderkuunal-smaragd\/#primaryimage\",\"url\":\"https:\/\/www.iflower.ee\/wp-content\/uploads\/2025\/08\/iFlower-taust-9.png\",\"contentUrl\":\"https:\/\/www.iflower.ee\/wp-content\/uploads\/2025\/08\/iFlower-taust-9.png\",\"width\":1587,\"height\":2245},{\"@type\":\"BreadcrumbList\",\"@id\":\"https:\/\/www.iflower.ee\/toode\/vivin-puuderkuunal-smaragd\/#breadcrumb\",\"itemListElement\":[{\"@type\":\"ListItem\",\"position\":1,\"name\":\"Pood\",\"item\":\"https:\/\/www.iflower.ee\/pood\/\"},{\"@type\":\"ListItem\",\"position\":2,\"name\":\"VIVIN Smaragd puuderk\u00fc\u00fcnal\"}]},{\"@type\":\"WebSite\",\"@id\":\"https:\/\/www.iflower.ee\/#website\",\"url\":\"https:\/\/www.iflower.ee\/\",\"name\":\"iFlower\",\"description\":\"\",\"publisher\":{\"@id\":\"https:\/\/www.iflower.ee\/#organization\"},\"potentialAction\":[{\"@type\":\"SearchAction\",\"target\":{\"@type\":\"EntryPoint\",\"urlTemplate\":\"https:\/\/www.iflower.ee\/?s={search_term_string}\"},\"query-input\":{\"@type\":\"PropertyValueSpecification\",\"valueRequired\":true,\"valueName\":\"search_term_string\"}}],\"inLanguage\":\"fi\"},{\"@type\":\"Organization\",\"@id\":\"https:\/\/www.iflower.ee\/#organization\",\"name\":\"iFlower\",\"url\":\"https:\/\/www.iflower.ee\/\",\"logo\":{\"@type\":\"ImageObject\",\"inLanguage\":\"fi\",\"@id\":\"https:\/\/www.iflower.ee\/#\/schema\/logo\/image\/\",\"url\":\"https:\/\/www.iflower.ee\/wp-content\/uploads\/2022\/04\/iflower.png\",\"contentUrl\":\"https:\/\/www.iflower.ee\/wp-content\/uploads\/2022\/04\/iflower.png\",\"width\":248,\"height\":71,\"caption\":\"iFlower\"},\"image\":{\"@id\":\"https:\/\/www.iflower.ee\/#\/schema\/logo\/image\/\"}}]}<\/script>\n<!-- \/ Yoast SEO plugin. -->","yoast_head_json":{"title":"VIVIN Smaragd puuderk\u00fc\u00fcnal - iFlower","robots":{"index":"index","follow":"follow","max-snippet":"max-snippet:-1","max-image-preview":"max-image-preview:large","max-video-preview":"max-video-preview:-1"},"canonical":"https:\/\/www.iflower.ee\/toode\/vivin-puuderkuunal-smaragd\/","og_locale":"fi_FI","og_type":"article","og_title":"VIVIN Smaragd puuderk\u00fc\u00fcnal - iFlower","og_description":"VIVIN smaragd roheline puuderk\u00fc\u00fcnal toob teie koju rahustava ja v\u00e4rske meeleolu. Selle kaunis ja v\u00e4rskendav smaragd roheline toon loob selgust ja rahu, sobides ideaalselt neile, kes otsivad ruumi, mis peegeldaks mere ja taeva rahulikkust. L\u00f5hnatut k\u00fc\u00fcnalt saab kasutada k\u00f5ikjal, keskendudes vaid \u00f5rnale valgusele ja harmoonilisele atmosf\u00e4\u00e4rile.  Kuidas meie k\u00fc\u00fcnlad valmivad? K\u00f5ik VIVIN tooted valmisatakse k\u00e4sitsi Eestis, kasutades k\u00f5rgkvaliteetset taimset k\u00fc\u00fcnlavaha ja ainult premiumklassi (IFRA sertifitseeritud) aroomi\u00f5lisid. Puuderk\u00fc\u00fcnal p\u00f5leb 60% puhtamalt kui tavap\u00e4rased k\u00fc\u00fcnlad, j\u00e4ttes klaasid selged ja tahmavabad. PARAFIINI vaba!  \u00fcnal\/ pulberk\u00fc\u00fcnal on l\u00e4bipaistvas klaasanumas (m\u00f5\u00f5dud 8x9cm). Puuderk\u00fc\u00fcnlad on l\u00f5hnastatud k\u00f5rgkvaliteetsete aroomi\u00f5lidega (mis omavad IFRA sertifikaati) ja valmisatud taimsest vahast \u2013 seet\u00f5ttu ei eraldu p\u00f5lemisel kahjulikke aineid ning see p\u00f5leb 60% puhtamalt kui teised k\u00fc\u00fcnlad, ei tahma ega tossa. See t\u00f5esti on nii hea!  K\u00e4sitsi valmistatud Eestis.  NB! Antud toodet v\u00e4ljastame vaid Tallinnast!","og_url":"https:\/\/www.iflower.ee\/toode\/vivin-puuderkuunal-smaragd\/","og_site_name":"iFlower","article_modified_time":"2026-02-03T14:53:02+00:00","og_image":[{"width":1587,"height":2245,"url":"https:\/\/www.iflower.ee\/wp-content\/uploads\/2025\/08\/iFlower-taust-9.png","type":"image\/png"}],"twitter_card":"summary_large_image","twitter_misc":{"Arvioitu lukuaika":"1 minuutti"},"schema":{"@context":"https:\/\/schema.org","@graph":[{"@type":"WebPage","@id":"https:\/\/www.iflower.ee\/toode\/vivin-puuderkuunal-smaragd\/","url":"https:\/\/www.iflower.ee\/toode\/vivin-puuderkuunal-smaragd\/","name":"VIVIN Smaragd puuderk\u00fc\u00fcnal - iFlower","isPartOf":{"@id":"https:\/\/www.iflower.ee\/#website"},"primaryImageOfPage":{"@id":"https:\/\/www.iflower.ee\/toode\/vivin-puuderkuunal-smaragd\/#primaryimage"},"image":{"@id":"https:\/\/www.iflower.ee\/toode\/vivin-puuderkuunal-smaragd\/#primaryimage"},"thumbnailUrl":"https:\/\/www.iflower.ee\/wp-content\/uploads\/2025\/08\/iFlower-taust-9.png","datePublished":"2025-08-19T12:41:01+00:00","dateModified":"2026-02-03T14:53:02+00:00","breadcrumb":{"@id":"https:\/\/www.iflower.ee\/toode\/vivin-puuderkuunal-smaragd\/#breadcrumb"},"inLanguage":"fi","potentialAction":[{"@type":"ReadAction","target":["https:\/\/www.iflower.ee\/toode\/vivin-puuderkuunal-smaragd\/"]}]},{"@type":"ImageObject","inLanguage":"fi","@id":"https:\/\/www.iflower.ee\/toode\/vivin-puuderkuunal-smaragd\/#primaryimage","url":"https:\/\/www.iflower.ee\/wp-content\/uploads\/2025\/08\/iFlower-taust-9.png","contentUrl":"https:\/\/www.iflower.ee\/wp-content\/uploads\/2025\/08\/iFlower-taust-9.png","width":1587,"height":2245},{"@type":"BreadcrumbList","@id":"https:\/\/www.iflower.ee\/toode\/vivin-puuderkuunal-smaragd\/#breadcrumb","itemListElement":[{"@type":"ListItem","position":1,"name":"Pood","item":"https:\/\/www.iflower.ee\/pood\/"},{"@type":"ListItem","position":2,"name":"VIVIN Smaragd puuderk\u00fc\u00fcnal"}]},{"@type":"WebSite","@id":"https:\/\/www.iflower.ee\/#website","url":"https:\/\/www.iflower.ee\/","name":"iFlower","description":"","publisher":{"@id":"https:\/\/www.iflower.ee\/#organization"},"potentialAction":[{"@type":"SearchAction","target":{"@type":"EntryPoint","urlTemplate":"https:\/\/www.iflower.ee\/?s={search_term_string}"},"query-input":{"@type":"PropertyValueSpecification","valueRequired":true,"valueName":"search_term_string"}}],"inLanguage":"fi"},{"@type":"Organization","@id":"https:\/\/www.iflower.ee\/#organization","name":"iFlower","url":"https:\/\/www.iflower.ee\/","logo":{"@type":"ImageObject","inLanguage":"fi","@id":"https:\/\/www.iflower.ee\/#\/schema\/logo\/image\/","url":"https:\/\/www.iflower.ee\/wp-content\/uploads\/2022\/04\/iflower.png","contentUrl":"https:\/\/www.iflower.ee\/wp-content\/uploads\/2022\/04\/iflower.png","width":248,"height":71,"caption":"iFlower"},"image":{"@id":"https:\/\/www.iflower.ee\/#\/schema\/logo\/image\/"}}]}},"_links":{"self":[{"href":"https:\/\/www.iflower.ee\/fi\/wp-json\/wp\/v2\/product\/57856","targetHints":{"allow":["GET"]}}],"collection":[{"href":"https:\/\/www.iflower.ee\/fi\/wp-json\/wp\/v2\/product"}],"about":[{"href":"https:\/\/www.iflower.ee\/fi\/wp-json\/wp\/v2\/types\/product"}],"wp:featuredmedia":[{"embeddable":true,"href":"https:\/\/www.iflower.ee\/fi\/wp-json\/wp\/v2\/media\/57857"}],"wp:attachment":[{"href":"https:\/\/www.iflower.ee\/fi\/wp-json\/wp\/v2\/media?parent=57856"}],"wp:term":[{"taxonomy":"product_brand","embeddable":true,"href":"https:\/\/www.iflower.ee\/fi\/wp-json\/wp\/v2\/product_brand?post=57856"},{"taxonomy":"product_cat","embeddable":true,"href":"https:\/\/www.iflower.ee\/fi\/wp-json\/wp\/v2\/product_cat?post=57856"},{"taxonomy":"product_tag","embeddable":true,"href":"https:\/\/www.iflower.ee\/fi\/wp-json\/wp\/v2\/product_tag?post=57856"}],"curies":[{"name":"wp","href":"https:\/\/api.w.org\/{rel}","templated":true}]}}