{"id":57877,"date":"2025-08-19T15:53:12","date_gmt":"2025-08-19T12:53:12","guid":{"rendered":"https:\/\/www.iflower.ee\/?post_type=product&#038;p=57877"},"modified":"2026-02-17T17:20:17","modified_gmt":"2026-02-17T15:20:17","slug":"vivin-midnight","status":"publish","type":"product","link":"https:\/\/www.iflower.ee\/fi\/toode\/vivin-midnight\/","title":{"rendered":"VIVIN ruumil\u00f5hnastaja Midnight"},"content":{"rendered":"","protected":false},"excerpt":{"rendered":"<p>\u201cMidnight\u201d ruumil\u00f5hnastaja toob teie ruumi s\u00fcgava v\u00f5lu ja m\u00fcstilisuse. See l\u00f5hnakompositsioon on tummine, v\u00f5rgutav ja salap\u00e4rane segu v\u00fcrtsidest, kus domineerivad m\u00fcrrivaigu ja muskuse nooted. P\u00f5hjanootidest kiirgab l\u00e4bi \u00f5rn bergamoti ja vanilje puudutus, luues l\u00f5hnakogemuse, mis kutsub teid avastama uusi aistinguid.<\/p>\n<p>\u201cMidnight \u201d ruumil\u00f5hnastaja on midagi enamat kui lihtsalt aroom \u2013 see on elamus. Kui soovite tuua oma ruumi salap\u00e4rast ja meeleolukat \u00f5hkkonda, siis \u00e4rge j\u00e4tke seda v\u00f5imalust kasutamata. See on aroom, mis kannab endas m\u00fcstilist v\u00f5lu ja kutsub teid avastama uusi aistinguid ning emotsioone.<\/p>\n<p>50ml<\/p>\n","protected":false},"featured_media":57878,"template":"","meta":{"_acf_changed":false},"product_brand":[],"product_cat":[15,266,312],"product_tag":[],"class_list":{"0":"post-57877","1":"product","2":"type-product","3":"status-publish","4":"has-post-thumbnail","6":"product_cat-kingitused","7":"product_cat-home-and-spa","8":"product_cat-uus","10":"first","11":"instock","12":"taxable","13":"shipping-taxable","14":"purchasable","15":"product-type-simple"},"acf":[],"yoast_head":"<!-- This site is optimized with the Yoast SEO plugin v26.8 - https:\/\/yoast.com\/product\/yoast-seo-wordpress\/ -->\n<title>VIVIN ruumil\u00f5hnastaja Midnight - iFlower<\/title>\n<meta name=\"robots\" content=\"index, follow, max-snippet:-1, max-image-preview:large, max-video-preview:-1\" \/>\n<link rel=\"canonical\" href=\"https:\/\/www.iflower.ee\/toode\/vivin-midnight\/\" \/>\n<meta property=\"og:locale\" content=\"fi_FI\" \/>\n<meta property=\"og:type\" content=\"article\" \/>\n<meta property=\"og:title\" content=\"VIVIN ruumil\u00f5hnastaja Midnight - iFlower\" \/>\n<meta property=\"og:description\" content=\"\u201cMidnight\u201d ruumil\u00f5hnastaja toob teie ruumi s\u00fcgava v\u00f5lu ja m\u00fcstilisuse. See l\u00f5hnakompositsioon on tummine, v\u00f5rgutav ja salap\u00e4rane segu v\u00fcrtsidest, kus domineerivad m\u00fcrrivaigu ja muskuse nooted. P\u00f5hjanootidest kiirgab l\u00e4bi \u00f5rn bergamoti ja vanilje puudutus, luues l\u00f5hnakogemuse, mis kutsub teid avastama uusi aistinguid.  \u201cMidnight \u201d ruumil\u00f5hnastaja on midagi enamat kui lihtsalt aroom \u2013 see on elamus. Kui soovite tuua oma ruumi salap\u00e4rast ja meeleolukat \u00f5hkkonda, siis \u00e4rge j\u00e4tke seda v\u00f5imalust kasutamata. See on aroom, mis kannab endas m\u00fcstilist v\u00f5lu ja kutsub teid avastama uusi aistinguid ning emotsioone.  50ml\" \/>\n<meta property=\"og:url\" content=\"https:\/\/www.iflower.ee\/toode\/vivin-midnight\/\" \/>\n<meta property=\"og:site_name\" content=\"iFlower\" \/>\n<meta property=\"article:modified_time\" content=\"2026-02-17T15:20:17+00:00\" \/>\n<meta property=\"og:image\" content=\"https:\/\/www.iflower.ee\/wp-content\/uploads\/2025\/08\/iFlower-taust-7.png\" \/>\n\t<meta property=\"og:image:width\" content=\"1587\" \/>\n\t<meta property=\"og:image:height\" content=\"2245\" \/>\n\t<meta property=\"og:image:type\" content=\"image\/png\" \/>\n<meta name=\"twitter:card\" content=\"summary_large_image\" \/>\n<meta name=\"twitter:label1\" content=\"Arvioitu lukuaika\" \/>\n\t<meta name=\"twitter:data1\" content=\"1 minuutti\" \/>\n<script type=\"application\/ld+json\" class=\"yoast-schema-graph\">{\"@context\":\"https:\/\/schema.org\",\"@graph\":[{\"@type\":\"WebPage\",\"@id\":\"https:\/\/www.iflower.ee\/toode\/vivin-midnight\/\",\"url\":\"https:\/\/www.iflower.ee\/toode\/vivin-midnight\/\",\"name\":\"VIVIN ruumil\u00f5hnastaja Midnight - iFlower\",\"isPartOf\":{\"@id\":\"https:\/\/www.iflower.ee\/#website\"},\"primaryImageOfPage\":{\"@id\":\"https:\/\/www.iflower.ee\/toode\/vivin-midnight\/#primaryimage\"},\"image\":{\"@id\":\"https:\/\/www.iflower.ee\/toode\/vivin-midnight\/#primaryimage\"},\"thumbnailUrl\":\"https:\/\/www.iflower.ee\/wp-content\/uploads\/2025\/08\/iFlower-taust-7.png\",\"datePublished\":\"2025-08-19T12:53:12+00:00\",\"dateModified\":\"2026-02-17T15:20:17+00:00\",\"breadcrumb\":{\"@id\":\"https:\/\/www.iflower.ee\/toode\/vivin-midnight\/#breadcrumb\"},\"inLanguage\":\"fi\",\"potentialAction\":[{\"@type\":\"ReadAction\",\"target\":[\"https:\/\/www.iflower.ee\/toode\/vivin-midnight\/\"]}]},{\"@type\":\"ImageObject\",\"inLanguage\":\"fi\",\"@id\":\"https:\/\/www.iflower.ee\/toode\/vivin-midnight\/#primaryimage\",\"url\":\"https:\/\/www.iflower.ee\/wp-content\/uploads\/2025\/08\/iFlower-taust-7.png\",\"contentUrl\":\"https:\/\/www.iflower.ee\/wp-content\/uploads\/2025\/08\/iFlower-taust-7.png\",\"width\":1587,\"height\":2245},{\"@type\":\"BreadcrumbList\",\"@id\":\"https:\/\/www.iflower.ee\/toode\/vivin-midnight\/#breadcrumb\",\"itemListElement\":[{\"@type\":\"ListItem\",\"position\":1,\"name\":\"Pood\",\"item\":\"https:\/\/www.iflower.ee\/pood\/\"},{\"@type\":\"ListItem\",\"position\":2,\"name\":\"VIVIN ruumil\u00f5hnastaja Midnight\"}]},{\"@type\":\"WebSite\",\"@id\":\"https:\/\/www.iflower.ee\/#website\",\"url\":\"https:\/\/www.iflower.ee\/\",\"name\":\"iFlower\",\"description\":\"\",\"publisher\":{\"@id\":\"https:\/\/www.iflower.ee\/#organization\"},\"potentialAction\":[{\"@type\":\"SearchAction\",\"target\":{\"@type\":\"EntryPoint\",\"urlTemplate\":\"https:\/\/www.iflower.ee\/?s={search_term_string}\"},\"query-input\":{\"@type\":\"PropertyValueSpecification\",\"valueRequired\":true,\"valueName\":\"search_term_string\"}}],\"inLanguage\":\"fi\"},{\"@type\":\"Organization\",\"@id\":\"https:\/\/www.iflower.ee\/#organization\",\"name\":\"iFlower\",\"url\":\"https:\/\/www.iflower.ee\/\",\"logo\":{\"@type\":\"ImageObject\",\"inLanguage\":\"fi\",\"@id\":\"https:\/\/www.iflower.ee\/#\/schema\/logo\/image\/\",\"url\":\"https:\/\/www.iflower.ee\/wp-content\/uploads\/2022\/04\/iflower.png\",\"contentUrl\":\"https:\/\/www.iflower.ee\/wp-content\/uploads\/2022\/04\/iflower.png\",\"width\":248,\"height\":71,\"caption\":\"iFlower\"},\"image\":{\"@id\":\"https:\/\/www.iflower.ee\/#\/schema\/logo\/image\/\"}}]}<\/script>\n<!-- \/ Yoast SEO plugin. -->","yoast_head_json":{"title":"VIVIN ruumil\u00f5hnastaja Midnight - iFlower","robots":{"index":"index","follow":"follow","max-snippet":"max-snippet:-1","max-image-preview":"max-image-preview:large","max-video-preview":"max-video-preview:-1"},"canonical":"https:\/\/www.iflower.ee\/toode\/vivin-midnight\/","og_locale":"fi_FI","og_type":"article","og_title":"VIVIN ruumil\u00f5hnastaja Midnight - iFlower","og_description":"\u201cMidnight\u201d ruumil\u00f5hnastaja toob teie ruumi s\u00fcgava v\u00f5lu ja m\u00fcstilisuse. See l\u00f5hnakompositsioon on tummine, v\u00f5rgutav ja salap\u00e4rane segu v\u00fcrtsidest, kus domineerivad m\u00fcrrivaigu ja muskuse nooted. P\u00f5hjanootidest kiirgab l\u00e4bi \u00f5rn bergamoti ja vanilje puudutus, luues l\u00f5hnakogemuse, mis kutsub teid avastama uusi aistinguid.  \u201cMidnight \u201d ruumil\u00f5hnastaja on midagi enamat kui lihtsalt aroom \u2013 see on elamus. Kui soovite tuua oma ruumi salap\u00e4rast ja meeleolukat \u00f5hkkonda, siis \u00e4rge j\u00e4tke seda v\u00f5imalust kasutamata. See on aroom, mis kannab endas m\u00fcstilist v\u00f5lu ja kutsub teid avastama uusi aistinguid ning emotsioone.  50ml","og_url":"https:\/\/www.iflower.ee\/toode\/vivin-midnight\/","og_site_name":"iFlower","article_modified_time":"2026-02-17T15:20:17+00:00","og_image":[{"width":1587,"height":2245,"url":"https:\/\/www.iflower.ee\/wp-content\/uploads\/2025\/08\/iFlower-taust-7.png","type":"image\/png"}],"twitter_card":"summary_large_image","twitter_misc":{"Arvioitu lukuaika":"1 minuutti"},"schema":{"@context":"https:\/\/schema.org","@graph":[{"@type":"WebPage","@id":"https:\/\/www.iflower.ee\/toode\/vivin-midnight\/","url":"https:\/\/www.iflower.ee\/toode\/vivin-midnight\/","name":"VIVIN ruumil\u00f5hnastaja Midnight - iFlower","isPartOf":{"@id":"https:\/\/www.iflower.ee\/#website"},"primaryImageOfPage":{"@id":"https:\/\/www.iflower.ee\/toode\/vivin-midnight\/#primaryimage"},"image":{"@id":"https:\/\/www.iflower.ee\/toode\/vivin-midnight\/#primaryimage"},"thumbnailUrl":"https:\/\/www.iflower.ee\/wp-content\/uploads\/2025\/08\/iFlower-taust-7.png","datePublished":"2025-08-19T12:53:12+00:00","dateModified":"2026-02-17T15:20:17+00:00","breadcrumb":{"@id":"https:\/\/www.iflower.ee\/toode\/vivin-midnight\/#breadcrumb"},"inLanguage":"fi","potentialAction":[{"@type":"ReadAction","target":["https:\/\/www.iflower.ee\/toode\/vivin-midnight\/"]}]},{"@type":"ImageObject","inLanguage":"fi","@id":"https:\/\/www.iflower.ee\/toode\/vivin-midnight\/#primaryimage","url":"https:\/\/www.iflower.ee\/wp-content\/uploads\/2025\/08\/iFlower-taust-7.png","contentUrl":"https:\/\/www.iflower.ee\/wp-content\/uploads\/2025\/08\/iFlower-taust-7.png","width":1587,"height":2245},{"@type":"BreadcrumbList","@id":"https:\/\/www.iflower.ee\/toode\/vivin-midnight\/#breadcrumb","itemListElement":[{"@type":"ListItem","position":1,"name":"Pood","item":"https:\/\/www.iflower.ee\/pood\/"},{"@type":"ListItem","position":2,"name":"VIVIN ruumil\u00f5hnastaja Midnight"}]},{"@type":"WebSite","@id":"https:\/\/www.iflower.ee\/#website","url":"https:\/\/www.iflower.ee\/","name":"iFlower","description":"","publisher":{"@id":"https:\/\/www.iflower.ee\/#organization"},"potentialAction":[{"@type":"SearchAction","target":{"@type":"EntryPoint","urlTemplate":"https:\/\/www.iflower.ee\/?s={search_term_string}"},"query-input":{"@type":"PropertyValueSpecification","valueRequired":true,"valueName":"search_term_string"}}],"inLanguage":"fi"},{"@type":"Organization","@id":"https:\/\/www.iflower.ee\/#organization","name":"iFlower","url":"https:\/\/www.iflower.ee\/","logo":{"@type":"ImageObject","inLanguage":"fi","@id":"https:\/\/www.iflower.ee\/#\/schema\/logo\/image\/","url":"https:\/\/www.iflower.ee\/wp-content\/uploads\/2022\/04\/iflower.png","contentUrl":"https:\/\/www.iflower.ee\/wp-content\/uploads\/2022\/04\/iflower.png","width":248,"height":71,"caption":"iFlower"},"image":{"@id":"https:\/\/www.iflower.ee\/#\/schema\/logo\/image\/"}}]}},"_links":{"self":[{"href":"https:\/\/www.iflower.ee\/fi\/wp-json\/wp\/v2\/product\/57877","targetHints":{"allow":["GET"]}}],"collection":[{"href":"https:\/\/www.iflower.ee\/fi\/wp-json\/wp\/v2\/product"}],"about":[{"href":"https:\/\/www.iflower.ee\/fi\/wp-json\/wp\/v2\/types\/product"}],"wp:featuredmedia":[{"embeddable":true,"href":"https:\/\/www.iflower.ee\/fi\/wp-json\/wp\/v2\/media\/57878"}],"wp:attachment":[{"href":"https:\/\/www.iflower.ee\/fi\/wp-json\/wp\/v2\/media?parent=57877"}],"wp:term":[{"taxonomy":"product_brand","embeddable":true,"href":"https:\/\/www.iflower.ee\/fi\/wp-json\/wp\/v2\/product_brand?post=57877"},{"taxonomy":"product_cat","embeddable":true,"href":"https:\/\/www.iflower.ee\/fi\/wp-json\/wp\/v2\/product_cat?post=57877"},{"taxonomy":"product_tag","embeddable":true,"href":"https:\/\/www.iflower.ee\/fi\/wp-json\/wp\/v2\/product_tag?post=57877"}],"curies":[{"name":"wp","href":"https:\/\/api.w.org\/{rel}","templated":true}]}}