{"id":61745,"date":"2026-04-16T16:49:43","date_gmt":"2026-04-16T13:49:43","guid":{"rendered":"https:\/\/www.iflower.ee\/?post_type=product&#038;p=61745"},"modified":"2026-04-20T11:19:36","modified_gmt":"2026-04-20T08:19:36","slug":"pruudikimp-valgete-kalladega","status":"publish","type":"product","link":"https:\/\/www.iflower.ee\/fi\/toode\/pruudikimp-valgete-kalladega\/","title":{"rendered":"Pruudikimp valgete kalladega"},"content":{"rendered":"","protected":false},"excerpt":{"rendered":"<p>Elegantne ja ajatu valik pruudile, kes hindab puhtaid jooni ja stiili. Selles kimbus kohtuvad graatsilised valged kallad ja v\u00e4rske eukal\u00fcpt, luues luksusliku ning modernse terviku. Komplekti kuulub ka sobiv rinnan\u00f5el peigmehele.<\/p>\n<p><strong>NB! Pruudikimpude ettetellimise aeg on v\u00e4hemalt 3 t\u00f6\u00f6p\u00e4eva. Kulleriga kohaletoimetamine toimub esmasp\u00e4evast reedeni \u00fcle Eesti. N\u00e4dalavahetustel on v\u00f5imalik pruudikimpe ja teisi pulmat\u00f6id k\u00e4tte saada ainult Tallinnas \u2013 kas ise meie esindusse j\u00e4rgi tulles v\u00f5i kulleriga tellides.<\/strong><\/p>\n","protected":false},"featured_media":61746,"template":"","meta":{"_acf_changed":false},"product_brand":[],"product_cat":[465,577,14,13],"product_tag":[],"class_list":{"0":"post-61745","1":"product","2":"type-product","3":"status-publish","4":"has-post-thumbnail","6":"product_cat-koik-kimbud","7":"product_cat-pulmakimbud","8":"product_cat-lillekimbud","9":"product_cat-sundmuseks","11":"first","12":"instock","13":"taxable","14":"shipping-taxable","15":"purchasable","16":"product-type-simple"},"acf":[],"yoast_head":"<!-- This site is optimized with the Yoast SEO plugin v26.8 - https:\/\/yoast.com\/product\/yoast-seo-wordpress\/ -->\n<title>Pruudikimp valgete kalladega - iFlower<\/title>\n<meta name=\"description\" content=\"Elegantne pruudikimp valgete kallade ja eukal\u00fcptiga. Modernne ja ajatu valik Sinu pulmap\u00e4evaks. Komplekti kuulub ka sobiv peigmehe rinnan\u00f5el!\" \/>\n<meta name=\"robots\" content=\"index, follow, max-snippet:-1, max-image-preview:large, max-video-preview:-1\" \/>\n<link rel=\"canonical\" href=\"https:\/\/www.iflower.ee\/toode\/pruudikimp-valgete-kalladega\/\" \/>\n<meta property=\"og:locale\" content=\"fi_FI\" \/>\n<meta property=\"og:type\" content=\"article\" \/>\n<meta property=\"og:title\" content=\"Pruudikimp valgete kalladega - iFlower\" \/>\n<meta property=\"og:description\" content=\"Elegantne pruudikimp valgete kallade ja eukal\u00fcptiga. Modernne ja ajatu valik Sinu pulmap\u00e4evaks. Komplekti kuulub ka sobiv peigmehe rinnan\u00f5el!\" \/>\n<meta property=\"og:url\" content=\"https:\/\/www.iflower.ee\/toode\/pruudikimp-valgete-kalladega\/\" \/>\n<meta property=\"og:site_name\" content=\"iFlower\" \/>\n<meta property=\"article:modified_time\" content=\"2026-04-20T08:19:36+00:00\" \/>\n<meta property=\"og:image\" content=\"https:\/\/www.iflower.ee\/wp-content\/uploads\/2026\/04\/8sDD0QHA.jpeg\" \/>\n\t<meta property=\"og:image:width\" content=\"800\" \/>\n\t<meta property=\"og:image:height\" content=\"1199\" \/>\n\t<meta property=\"og:image:type\" content=\"image\/jpeg\" \/>\n<meta name=\"twitter:card\" content=\"summary_large_image\" \/>\n<meta name=\"twitter:label1\" content=\"Arvioitu lukuaika\" \/>\n\t<meta name=\"twitter:data1\" content=\"1 minuutti\" \/>\n<script type=\"application\/ld+json\" class=\"yoast-schema-graph\">{\"@context\":\"https:\/\/schema.org\",\"@graph\":[{\"@type\":\"WebPage\",\"@id\":\"https:\/\/www.iflower.ee\/toode\/pruudikimp-valgete-kalladega\/\",\"url\":\"https:\/\/www.iflower.ee\/toode\/pruudikimp-valgete-kalladega\/\",\"name\":\"Pruudikimp valgete kalladega - iFlower\",\"isPartOf\":{\"@id\":\"https:\/\/www.iflower.ee\/#website\"},\"primaryImageOfPage\":{\"@id\":\"https:\/\/www.iflower.ee\/toode\/pruudikimp-valgete-kalladega\/#primaryimage\"},\"image\":{\"@id\":\"https:\/\/www.iflower.ee\/toode\/pruudikimp-valgete-kalladega\/#primaryimage\"},\"thumbnailUrl\":\"https:\/\/www.iflower.ee\/wp-content\/uploads\/2026\/04\/8sDD0QHA.jpeg\",\"datePublished\":\"2026-04-16T13:49:43+00:00\",\"dateModified\":\"2026-04-20T08:19:36+00:00\",\"description\":\"Elegantne pruudikimp valgete kallade ja eukal\u00fcptiga. Modernne ja ajatu valik Sinu pulmap\u00e4evaks. Komplekti kuulub ka sobiv peigmehe rinnan\u00f5el!\",\"breadcrumb\":{\"@id\":\"https:\/\/www.iflower.ee\/toode\/pruudikimp-valgete-kalladega\/#breadcrumb\"},\"inLanguage\":\"fi\",\"potentialAction\":[{\"@type\":\"ReadAction\",\"target\":[\"https:\/\/www.iflower.ee\/toode\/pruudikimp-valgete-kalladega\/\"]}]},{\"@type\":\"ImageObject\",\"inLanguage\":\"fi\",\"@id\":\"https:\/\/www.iflower.ee\/toode\/pruudikimp-valgete-kalladega\/#primaryimage\",\"url\":\"https:\/\/www.iflower.ee\/wp-content\/uploads\/2026\/04\/8sDD0QHA.jpeg\",\"contentUrl\":\"https:\/\/www.iflower.ee\/wp-content\/uploads\/2026\/04\/8sDD0QHA.jpeg\",\"width\":800,\"height\":1199},{\"@type\":\"BreadcrumbList\",\"@id\":\"https:\/\/www.iflower.ee\/toode\/pruudikimp-valgete-kalladega\/#breadcrumb\",\"itemListElement\":[{\"@type\":\"ListItem\",\"position\":1,\"name\":\"Pood\",\"item\":\"https:\/\/www.iflower.ee\/pood\/\"},{\"@type\":\"ListItem\",\"position\":2,\"name\":\"Pruudikimp valgete kalladega\"}]},{\"@type\":\"WebSite\",\"@id\":\"https:\/\/www.iflower.ee\/#website\",\"url\":\"https:\/\/www.iflower.ee\/\",\"name\":\"iFlower\",\"description\":\"\",\"publisher\":{\"@id\":\"https:\/\/www.iflower.ee\/#organization\"},\"potentialAction\":[{\"@type\":\"SearchAction\",\"target\":{\"@type\":\"EntryPoint\",\"urlTemplate\":\"https:\/\/www.iflower.ee\/?s={search_term_string}\"},\"query-input\":{\"@type\":\"PropertyValueSpecification\",\"valueRequired\":true,\"valueName\":\"search_term_string\"}}],\"inLanguage\":\"fi\"},{\"@type\":\"Organization\",\"@id\":\"https:\/\/www.iflower.ee\/#organization\",\"name\":\"iFlower\",\"url\":\"https:\/\/www.iflower.ee\/\",\"logo\":{\"@type\":\"ImageObject\",\"inLanguage\":\"fi\",\"@id\":\"https:\/\/www.iflower.ee\/#\/schema\/logo\/image\/\",\"url\":\"https:\/\/www.iflower.ee\/wp-content\/uploads\/2022\/04\/iflower.png\",\"contentUrl\":\"https:\/\/www.iflower.ee\/wp-content\/uploads\/2022\/04\/iflower.png\",\"width\":248,\"height\":71,\"caption\":\"iFlower\"},\"image\":{\"@id\":\"https:\/\/www.iflower.ee\/#\/schema\/logo\/image\/\"}}]}<\/script>\n<!-- \/ Yoast SEO plugin. -->","yoast_head_json":{"title":"Pruudikimp valgete kalladega - iFlower","description":"Elegantne pruudikimp valgete kallade ja eukal\u00fcptiga. Modernne ja ajatu valik Sinu pulmap\u00e4evaks. Komplekti kuulub ka sobiv peigmehe rinnan\u00f5el!","robots":{"index":"index","follow":"follow","max-snippet":"max-snippet:-1","max-image-preview":"max-image-preview:large","max-video-preview":"max-video-preview:-1"},"canonical":"https:\/\/www.iflower.ee\/toode\/pruudikimp-valgete-kalladega\/","og_locale":"fi_FI","og_type":"article","og_title":"Pruudikimp valgete kalladega - iFlower","og_description":"Elegantne pruudikimp valgete kallade ja eukal\u00fcptiga. Modernne ja ajatu valik Sinu pulmap\u00e4evaks. Komplekti kuulub ka sobiv peigmehe rinnan\u00f5el!","og_url":"https:\/\/www.iflower.ee\/toode\/pruudikimp-valgete-kalladega\/","og_site_name":"iFlower","article_modified_time":"2026-04-20T08:19:36+00:00","og_image":[{"width":800,"height":1199,"url":"https:\/\/www.iflower.ee\/wp-content\/uploads\/2026\/04\/8sDD0QHA.jpeg","type":"image\/jpeg"}],"twitter_card":"summary_large_image","twitter_misc":{"Arvioitu lukuaika":"1 minuutti"},"schema":{"@context":"https:\/\/schema.org","@graph":[{"@type":"WebPage","@id":"https:\/\/www.iflower.ee\/toode\/pruudikimp-valgete-kalladega\/","url":"https:\/\/www.iflower.ee\/toode\/pruudikimp-valgete-kalladega\/","name":"Pruudikimp valgete kalladega - iFlower","isPartOf":{"@id":"https:\/\/www.iflower.ee\/#website"},"primaryImageOfPage":{"@id":"https:\/\/www.iflower.ee\/toode\/pruudikimp-valgete-kalladega\/#primaryimage"},"image":{"@id":"https:\/\/www.iflower.ee\/toode\/pruudikimp-valgete-kalladega\/#primaryimage"},"thumbnailUrl":"https:\/\/www.iflower.ee\/wp-content\/uploads\/2026\/04\/8sDD0QHA.jpeg","datePublished":"2026-04-16T13:49:43+00:00","dateModified":"2026-04-20T08:19:36+00:00","description":"Elegantne pruudikimp valgete kallade ja eukal\u00fcptiga. Modernne ja ajatu valik Sinu pulmap\u00e4evaks. Komplekti kuulub ka sobiv peigmehe rinnan\u00f5el!","breadcrumb":{"@id":"https:\/\/www.iflower.ee\/toode\/pruudikimp-valgete-kalladega\/#breadcrumb"},"inLanguage":"fi","potentialAction":[{"@type":"ReadAction","target":["https:\/\/www.iflower.ee\/toode\/pruudikimp-valgete-kalladega\/"]}]},{"@type":"ImageObject","inLanguage":"fi","@id":"https:\/\/www.iflower.ee\/toode\/pruudikimp-valgete-kalladega\/#primaryimage","url":"https:\/\/www.iflower.ee\/wp-content\/uploads\/2026\/04\/8sDD0QHA.jpeg","contentUrl":"https:\/\/www.iflower.ee\/wp-content\/uploads\/2026\/04\/8sDD0QHA.jpeg","width":800,"height":1199},{"@type":"BreadcrumbList","@id":"https:\/\/www.iflower.ee\/toode\/pruudikimp-valgete-kalladega\/#breadcrumb","itemListElement":[{"@type":"ListItem","position":1,"name":"Pood","item":"https:\/\/www.iflower.ee\/pood\/"},{"@type":"ListItem","position":2,"name":"Pruudikimp valgete kalladega"}]},{"@type":"WebSite","@id":"https:\/\/www.iflower.ee\/#website","url":"https:\/\/www.iflower.ee\/","name":"iFlower","description":"","publisher":{"@id":"https:\/\/www.iflower.ee\/#organization"},"potentialAction":[{"@type":"SearchAction","target":{"@type":"EntryPoint","urlTemplate":"https:\/\/www.iflower.ee\/?s={search_term_string}"},"query-input":{"@type":"PropertyValueSpecification","valueRequired":true,"valueName":"search_term_string"}}],"inLanguage":"fi"},{"@type":"Organization","@id":"https:\/\/www.iflower.ee\/#organization","name":"iFlower","url":"https:\/\/www.iflower.ee\/","logo":{"@type":"ImageObject","inLanguage":"fi","@id":"https:\/\/www.iflower.ee\/#\/schema\/logo\/image\/","url":"https:\/\/www.iflower.ee\/wp-content\/uploads\/2022\/04\/iflower.png","contentUrl":"https:\/\/www.iflower.ee\/wp-content\/uploads\/2022\/04\/iflower.png","width":248,"height":71,"caption":"iFlower"},"image":{"@id":"https:\/\/www.iflower.ee\/#\/schema\/logo\/image\/"}}]}},"_links":{"self":[{"href":"https:\/\/www.iflower.ee\/fi\/wp-json\/wp\/v2\/product\/61745","targetHints":{"allow":["GET"]}}],"collection":[{"href":"https:\/\/www.iflower.ee\/fi\/wp-json\/wp\/v2\/product"}],"about":[{"href":"https:\/\/www.iflower.ee\/fi\/wp-json\/wp\/v2\/types\/product"}],"wp:featuredmedia":[{"embeddable":true,"href":"https:\/\/www.iflower.ee\/fi\/wp-json\/wp\/v2\/media\/61746"}],"wp:attachment":[{"href":"https:\/\/www.iflower.ee\/fi\/wp-json\/wp\/v2\/media?parent=61745"}],"wp:term":[{"taxonomy":"product_brand","embeddable":true,"href":"https:\/\/www.iflower.ee\/fi\/wp-json\/wp\/v2\/product_brand?post=61745"},{"taxonomy":"product_cat","embeddable":true,"href":"https:\/\/www.iflower.ee\/fi\/wp-json\/wp\/v2\/product_cat?post=61745"},{"taxonomy":"product_tag","embeddable":true,"href":"https:\/\/www.iflower.ee\/fi\/wp-json\/wp\/v2\/product_tag?post=61745"}],"curies":[{"name":"wp","href":"https:\/\/api.w.org\/{rel}","templated":true}]}}