{"id":61914,"date":"2026-04-17T17:59:20","date_gmt":"2026-04-17T14:59:20","guid":{"rendered":"https:\/\/www.iflower.ee\/?post_type=product&#038;p=61914"},"modified":"2026-04-17T18:03:18","modified_gmt":"2026-04-17T15:03:18","slug":"sarav-ullatus","status":"publish","type":"product","link":"https:\/\/www.iflower.ee\/fi\/toode\/sarav-ullatus\/","title":{"rendered":"S\u00e4rav \u00fcllatus"},"content":{"rendered":"","protected":false},"excerpt":{"rendered":"<p>R\u00f5\u00f5msameelne lilleseade kollaste gerberate ja pastelsete preeriakelladega. Stiilne ja mugav kingitus, mis ei vaja vaasi. Lilleseade on tehtud m\u00e4rjale plastvahule, mist\u00f5ttu ei vaja see vee vahetamist.<\/p>\n","protected":false},"featured_media":61918,"template":"","meta":{"_acf_changed":false},"product_brand":[],"product_cat":[581,461,466,58,312],"product_tag":[],"class_list":{"0":"post-61914","1":"product","2":"type-product","3":"status-publish","4":"has-post-thumbnail","6":"product_cat-emadepaev-2","7":"product_cat-lilleseaded","8":"product_cat-sunnipaevaks","9":"product_cat-lapse-sund","10":"product_cat-uus","12":"first","13":"instock","14":"taxable","15":"shipping-taxable","16":"purchasable","17":"product-type-variable","18":"has-default-attributes"},"acf":[],"yoast_head":"<!-- This site is optimized with the Yoast SEO plugin v26.8 - https:\/\/yoast.com\/product\/yoast-seo-wordpress\/ -->\n<title>S\u00e4rav \u00fcllatus - iFlower<\/title>\n<meta name=\"description\" content=\"Imearmas lilleseade pastelsetes toonides kipslillede ja pehme j\u00e4nesega. M\u00e4nguline kingitus s\u00fcnnip\u00e4evaks v\u00f5i katsikuteks. Kiire kullerteenus \u00fcle Eesti!\" \/>\n<meta name=\"robots\" content=\"index, follow, max-snippet:-1, max-image-preview:large, max-video-preview:-1\" \/>\n<link rel=\"canonical\" href=\"https:\/\/www.iflower.ee\/toode\/sarav-ullatus\/\" \/>\n<meta property=\"og:locale\" content=\"fi_FI\" \/>\n<meta property=\"og:type\" content=\"article\" \/>\n<meta property=\"og:title\" content=\"S\u00e4rav \u00fcllatus - iFlower\" \/>\n<meta property=\"og:description\" content=\"Imearmas lilleseade pastelsetes toonides kipslillede ja pehme j\u00e4nesega. M\u00e4nguline kingitus s\u00fcnnip\u00e4evaks v\u00f5i katsikuteks. Kiire kullerteenus \u00fcle Eesti!\" \/>\n<meta property=\"og:url\" content=\"https:\/\/www.iflower.ee\/toode\/sarav-ullatus\/\" \/>\n<meta property=\"og:site_name\" content=\"iFlower\" \/>\n<meta property=\"article:modified_time\" content=\"2026-04-17T15:03:18+00:00\" \/>\n<meta property=\"og:image\" content=\"https:\/\/www.iflower.ee\/wp-content\/uploads\/2026\/04\/zVIWiskw.jpeg\" \/>\n\t<meta property=\"og:image:width\" content=\"800\" \/>\n\t<meta property=\"og:image:height\" content=\"1200\" \/>\n\t<meta property=\"og:image:type\" content=\"image\/jpeg\" \/>\n<meta name=\"twitter:card\" content=\"summary_large_image\" \/>\n<meta name=\"twitter:label1\" content=\"Arvioitu lukuaika\" \/>\n\t<meta name=\"twitter:data1\" content=\"1 minuutti\" \/>\n<script type=\"application\/ld+json\" class=\"yoast-schema-graph\">{\"@context\":\"https:\/\/schema.org\",\"@graph\":[{\"@type\":\"WebPage\",\"@id\":\"https:\/\/www.iflower.ee\/toode\/sarav-ullatus\/\",\"url\":\"https:\/\/www.iflower.ee\/toode\/sarav-ullatus\/\",\"name\":\"S\u00e4rav \u00fcllatus - iFlower\",\"isPartOf\":{\"@id\":\"https:\/\/www.iflower.ee\/#website\"},\"primaryImageOfPage\":{\"@id\":\"https:\/\/www.iflower.ee\/toode\/sarav-ullatus\/#primaryimage\"},\"image\":{\"@id\":\"https:\/\/www.iflower.ee\/toode\/sarav-ullatus\/#primaryimage\"},\"thumbnailUrl\":\"https:\/\/www.iflower.ee\/wp-content\/uploads\/2026\/04\/zVIWiskw.jpeg\",\"datePublished\":\"2026-04-17T14:59:20+00:00\",\"dateModified\":\"2026-04-17T15:03:18+00:00\",\"description\":\"Imearmas lilleseade pastelsetes toonides kipslillede ja pehme j\u00e4nesega. M\u00e4nguline kingitus s\u00fcnnip\u00e4evaks v\u00f5i katsikuteks. Kiire kullerteenus \u00fcle Eesti!\",\"breadcrumb\":{\"@id\":\"https:\/\/www.iflower.ee\/toode\/sarav-ullatus\/#breadcrumb\"},\"inLanguage\":\"fi\",\"potentialAction\":[{\"@type\":\"ReadAction\",\"target\":[\"https:\/\/www.iflower.ee\/toode\/sarav-ullatus\/\"]}]},{\"@type\":\"ImageObject\",\"inLanguage\":\"fi\",\"@id\":\"https:\/\/www.iflower.ee\/toode\/sarav-ullatus\/#primaryimage\",\"url\":\"https:\/\/www.iflower.ee\/wp-content\/uploads\/2026\/04\/zVIWiskw.jpeg\",\"contentUrl\":\"https:\/\/www.iflower.ee\/wp-content\/uploads\/2026\/04\/zVIWiskw.jpeg\",\"width\":800,\"height\":1200},{\"@type\":\"BreadcrumbList\",\"@id\":\"https:\/\/www.iflower.ee\/toode\/sarav-ullatus\/#breadcrumb\",\"itemListElement\":[{\"@type\":\"ListItem\",\"position\":1,\"name\":\"Pood\",\"item\":\"https:\/\/www.iflower.ee\/pood\/\"},{\"@type\":\"ListItem\",\"position\":2,\"name\":\"S\u00e4rav \u00fcllatus\"}]},{\"@type\":\"WebSite\",\"@id\":\"https:\/\/www.iflower.ee\/#website\",\"url\":\"https:\/\/www.iflower.ee\/\",\"name\":\"iFlower\",\"description\":\"\",\"publisher\":{\"@id\":\"https:\/\/www.iflower.ee\/#organization\"},\"potentialAction\":[{\"@type\":\"SearchAction\",\"target\":{\"@type\":\"EntryPoint\",\"urlTemplate\":\"https:\/\/www.iflower.ee\/?s={search_term_string}\"},\"query-input\":{\"@type\":\"PropertyValueSpecification\",\"valueRequired\":true,\"valueName\":\"search_term_string\"}}],\"inLanguage\":\"fi\"},{\"@type\":\"Organization\",\"@id\":\"https:\/\/www.iflower.ee\/#organization\",\"name\":\"iFlower\",\"url\":\"https:\/\/www.iflower.ee\/\",\"logo\":{\"@type\":\"ImageObject\",\"inLanguage\":\"fi\",\"@id\":\"https:\/\/www.iflower.ee\/#\/schema\/logo\/image\/\",\"url\":\"https:\/\/www.iflower.ee\/wp-content\/uploads\/2022\/04\/iflower.png\",\"contentUrl\":\"https:\/\/www.iflower.ee\/wp-content\/uploads\/2022\/04\/iflower.png\",\"width\":248,\"height\":71,\"caption\":\"iFlower\"},\"image\":{\"@id\":\"https:\/\/www.iflower.ee\/#\/schema\/logo\/image\/\"}}]}<\/script>\n<!-- \/ Yoast SEO plugin. -->","yoast_head_json":{"title":"S\u00e4rav \u00fcllatus - iFlower","description":"Imearmas lilleseade pastelsetes toonides kipslillede ja pehme j\u00e4nesega. M\u00e4nguline kingitus s\u00fcnnip\u00e4evaks v\u00f5i katsikuteks. Kiire kullerteenus \u00fcle Eesti!","robots":{"index":"index","follow":"follow","max-snippet":"max-snippet:-1","max-image-preview":"max-image-preview:large","max-video-preview":"max-video-preview:-1"},"canonical":"https:\/\/www.iflower.ee\/toode\/sarav-ullatus\/","og_locale":"fi_FI","og_type":"article","og_title":"S\u00e4rav \u00fcllatus - iFlower","og_description":"Imearmas lilleseade pastelsetes toonides kipslillede ja pehme j\u00e4nesega. M\u00e4nguline kingitus s\u00fcnnip\u00e4evaks v\u00f5i katsikuteks. Kiire kullerteenus \u00fcle Eesti!","og_url":"https:\/\/www.iflower.ee\/toode\/sarav-ullatus\/","og_site_name":"iFlower","article_modified_time":"2026-04-17T15:03:18+00:00","og_image":[{"width":800,"height":1200,"url":"https:\/\/www.iflower.ee\/wp-content\/uploads\/2026\/04\/zVIWiskw.jpeg","type":"image\/jpeg"}],"twitter_card":"summary_large_image","twitter_misc":{"Arvioitu lukuaika":"1 minuutti"},"schema":{"@context":"https:\/\/schema.org","@graph":[{"@type":"WebPage","@id":"https:\/\/www.iflower.ee\/toode\/sarav-ullatus\/","url":"https:\/\/www.iflower.ee\/toode\/sarav-ullatus\/","name":"S\u00e4rav \u00fcllatus - iFlower","isPartOf":{"@id":"https:\/\/www.iflower.ee\/#website"},"primaryImageOfPage":{"@id":"https:\/\/www.iflower.ee\/toode\/sarav-ullatus\/#primaryimage"},"image":{"@id":"https:\/\/www.iflower.ee\/toode\/sarav-ullatus\/#primaryimage"},"thumbnailUrl":"https:\/\/www.iflower.ee\/wp-content\/uploads\/2026\/04\/zVIWiskw.jpeg","datePublished":"2026-04-17T14:59:20+00:00","dateModified":"2026-04-17T15:03:18+00:00","description":"Imearmas lilleseade pastelsetes toonides kipslillede ja pehme j\u00e4nesega. M\u00e4nguline kingitus s\u00fcnnip\u00e4evaks v\u00f5i katsikuteks. Kiire kullerteenus \u00fcle Eesti!","breadcrumb":{"@id":"https:\/\/www.iflower.ee\/toode\/sarav-ullatus\/#breadcrumb"},"inLanguage":"fi","potentialAction":[{"@type":"ReadAction","target":["https:\/\/www.iflower.ee\/toode\/sarav-ullatus\/"]}]},{"@type":"ImageObject","inLanguage":"fi","@id":"https:\/\/www.iflower.ee\/toode\/sarav-ullatus\/#primaryimage","url":"https:\/\/www.iflower.ee\/wp-content\/uploads\/2026\/04\/zVIWiskw.jpeg","contentUrl":"https:\/\/www.iflower.ee\/wp-content\/uploads\/2026\/04\/zVIWiskw.jpeg","width":800,"height":1200},{"@type":"BreadcrumbList","@id":"https:\/\/www.iflower.ee\/toode\/sarav-ullatus\/#breadcrumb","itemListElement":[{"@type":"ListItem","position":1,"name":"Pood","item":"https:\/\/www.iflower.ee\/pood\/"},{"@type":"ListItem","position":2,"name":"S\u00e4rav \u00fcllatus"}]},{"@type":"WebSite","@id":"https:\/\/www.iflower.ee\/#website","url":"https:\/\/www.iflower.ee\/","name":"iFlower","description":"","publisher":{"@id":"https:\/\/www.iflower.ee\/#organization"},"potentialAction":[{"@type":"SearchAction","target":{"@type":"EntryPoint","urlTemplate":"https:\/\/www.iflower.ee\/?s={search_term_string}"},"query-input":{"@type":"PropertyValueSpecification","valueRequired":true,"valueName":"search_term_string"}}],"inLanguage":"fi"},{"@type":"Organization","@id":"https:\/\/www.iflower.ee\/#organization","name":"iFlower","url":"https:\/\/www.iflower.ee\/","logo":{"@type":"ImageObject","inLanguage":"fi","@id":"https:\/\/www.iflower.ee\/#\/schema\/logo\/image\/","url":"https:\/\/www.iflower.ee\/wp-content\/uploads\/2022\/04\/iflower.png","contentUrl":"https:\/\/www.iflower.ee\/wp-content\/uploads\/2022\/04\/iflower.png","width":248,"height":71,"caption":"iFlower"},"image":{"@id":"https:\/\/www.iflower.ee\/#\/schema\/logo\/image\/"}}]}},"_links":{"self":[{"href":"https:\/\/www.iflower.ee\/fi\/wp-json\/wp\/v2\/product\/61914","targetHints":{"allow":["GET"]}}],"collection":[{"href":"https:\/\/www.iflower.ee\/fi\/wp-json\/wp\/v2\/product"}],"about":[{"href":"https:\/\/www.iflower.ee\/fi\/wp-json\/wp\/v2\/types\/product"}],"wp:featuredmedia":[{"embeddable":true,"href":"https:\/\/www.iflower.ee\/fi\/wp-json\/wp\/v2\/media\/61918"}],"wp:attachment":[{"href":"https:\/\/www.iflower.ee\/fi\/wp-json\/wp\/v2\/media?parent=61914"}],"wp:term":[{"taxonomy":"product_brand","embeddable":true,"href":"https:\/\/www.iflower.ee\/fi\/wp-json\/wp\/v2\/product_brand?post=61914"},{"taxonomy":"product_cat","embeddable":true,"href":"https:\/\/www.iflower.ee\/fi\/wp-json\/wp\/v2\/product_cat?post=61914"},{"taxonomy":"product_tag","embeddable":true,"href":"https:\/\/www.iflower.ee\/fi\/wp-json\/wp\/v2\/product_tag?post=61914"}],"curies":[{"name":"wp","href":"https:\/\/api.w.org\/{rel}","templated":true}]}}