{"id":61977,"date":"2026-04-20T13:54:18","date_gmt":"2026-04-20T10:54:18","guid":{"rendered":"https:\/\/www.iflower.ee\/?post_type=product&#038;p=61977"},"modified":"2026-04-20T14:03:51","modified_gmt":"2026-04-20T11:03:51","slug":"lilledega-vahuvein-mucho-mas-brut-75cl-12","status":"publish","type":"product","link":"https:\/\/www.iflower.ee\/fi\/toode\/lilledega-vahuvein-mucho-mas-brut-75cl-12\/","title":{"rendered":"Lilledega vahuvein Mucho M\u00e1s brut 75cl 12%"},"content":{"rendered":"","protected":false},"excerpt":{"rendered":"<p>Mucho M\u00e1s on vein, mis on loodud puhtalt nautimiseks. K\u00f5ik \u00fcleliigne on eemaldatud ning alles on j\u00e4\u00e4nud puhas ja siiras vahuveini olemus. Vahuveinil on v\u00e4rske, s\u00e4rtsakas ja tsitruseline maitse, mida t\u00e4iendab h\u00f5rk kreemjas l\u00f5pp.<\/p>\n<p><strong>P\u00e4ritolumaa:<\/strong> Hispaania<\/p>\n<p>T\u00e4helepanu, tegemist on alkoholiga! Alkohol v\u00f5ib kahjustada teie tervist.<\/p>\n","protected":false},"featured_media":61978,"template":"","meta":{"_acf_changed":false},"product_brand":[],"product_cat":[15,45],"product_tag":[478,477,473],"class_list":{"0":"post-61977","1":"product","2":"type-product","3":"status-publish","4":"has-post-thumbnail","6":"product_cat-kingitused","7":"product_cat-alkohol","8":"product_tag-kingitus","9":"product_tag-pidulik","10":"product_tag-vahuvein","12":"first","13":"instock","14":"taxable","15":"shipping-taxable","16":"purchasable","17":"product-type-simple"},"acf":[],"yoast_head":"<!-- This site is optimized with the Yoast SEO plugin v26.8 - https:\/\/yoast.com\/product\/yoast-seo-wordpress\/ -->\n<title>Lilledega vahuvein Mucho M\u00e1s brut 75cl 12% - iFlower<\/title>\n<meta name=\"description\" content=\"V\u00e4rske ja s\u00e4rtsakas tsitruseline Vahuvein Mucho M\u00e1s Brut koos imelise lillekaunistusega. Telli eksklusiivne kingitus kulleriga \u00fcle Eesti!\" \/>\n<meta name=\"robots\" content=\"index, follow, max-snippet:-1, max-image-preview:large, max-video-preview:-1\" \/>\n<link rel=\"canonical\" href=\"https:\/\/www.iflower.ee\/toode\/lilledega-vahuvein-mucho-mas-brut-75cl-12\/\" \/>\n<meta property=\"og:locale\" content=\"fi_FI\" \/>\n<meta property=\"og:type\" content=\"article\" \/>\n<meta property=\"og:title\" content=\"Lilledega vahuvein Mucho M\u00e1s brut 75cl 12% - iFlower\" \/>\n<meta property=\"og:description\" content=\"V\u00e4rske ja s\u00e4rtsakas tsitruseline Vahuvein Mucho M\u00e1s Brut koos imelise lillekaunistusega. Telli eksklusiivne kingitus kulleriga \u00fcle Eesti!\" \/>\n<meta property=\"og:url\" content=\"https:\/\/www.iflower.ee\/toode\/lilledega-vahuvein-mucho-mas-brut-75cl-12\/\" \/>\n<meta property=\"og:site_name\" content=\"iFlower\" \/>\n<meta property=\"article:modified_time\" content=\"2026-04-20T11:03:51+00:00\" \/>\n<meta property=\"og:image\" content=\"https:\/\/www.iflower.ee\/wp-content\/uploads\/2026\/04\/Iysn5GFg.jpeg\" \/>\n\t<meta property=\"og:image:width\" content=\"800\" \/>\n\t<meta property=\"og:image:height\" content=\"1199\" \/>\n\t<meta property=\"og:image:type\" content=\"image\/jpeg\" \/>\n<meta name=\"twitter:card\" content=\"summary_large_image\" \/>\n<meta name=\"twitter:label1\" content=\"Arvioitu lukuaika\" \/>\n\t<meta name=\"twitter:data1\" content=\"1 minuutti\" \/>\n<script type=\"application\/ld+json\" class=\"yoast-schema-graph\">{\"@context\":\"https:\/\/schema.org\",\"@graph\":[{\"@type\":\"WebPage\",\"@id\":\"https:\/\/www.iflower.ee\/toode\/lilledega-vahuvein-mucho-mas-brut-75cl-12\/\",\"url\":\"https:\/\/www.iflower.ee\/toode\/lilledega-vahuvein-mucho-mas-brut-75cl-12\/\",\"name\":\"Lilledega vahuvein Mucho M\u00e1s brut 75cl 12% - iFlower\",\"isPartOf\":{\"@id\":\"https:\/\/www.iflower.ee\/#website\"},\"primaryImageOfPage\":{\"@id\":\"https:\/\/www.iflower.ee\/toode\/lilledega-vahuvein-mucho-mas-brut-75cl-12\/#primaryimage\"},\"image\":{\"@id\":\"https:\/\/www.iflower.ee\/toode\/lilledega-vahuvein-mucho-mas-brut-75cl-12\/#primaryimage\"},\"thumbnailUrl\":\"https:\/\/www.iflower.ee\/wp-content\/uploads\/2026\/04\/Iysn5GFg.jpeg\",\"datePublished\":\"2026-04-20T10:54:18+00:00\",\"dateModified\":\"2026-04-20T11:03:51+00:00\",\"description\":\"V\u00e4rske ja s\u00e4rtsakas tsitruseline Vahuvein Mucho M\u00e1s Brut koos imelise lillekaunistusega. Telli eksklusiivne kingitus kulleriga \u00fcle Eesti!\",\"breadcrumb\":{\"@id\":\"https:\/\/www.iflower.ee\/toode\/lilledega-vahuvein-mucho-mas-brut-75cl-12\/#breadcrumb\"},\"inLanguage\":\"fi\",\"potentialAction\":[{\"@type\":\"ReadAction\",\"target\":[\"https:\/\/www.iflower.ee\/toode\/lilledega-vahuvein-mucho-mas-brut-75cl-12\/\"]}]},{\"@type\":\"ImageObject\",\"inLanguage\":\"fi\",\"@id\":\"https:\/\/www.iflower.ee\/toode\/lilledega-vahuvein-mucho-mas-brut-75cl-12\/#primaryimage\",\"url\":\"https:\/\/www.iflower.ee\/wp-content\/uploads\/2026\/04\/Iysn5GFg.jpeg\",\"contentUrl\":\"https:\/\/www.iflower.ee\/wp-content\/uploads\/2026\/04\/Iysn5GFg.jpeg\",\"width\":800,\"height\":1199},{\"@type\":\"BreadcrumbList\",\"@id\":\"https:\/\/www.iflower.ee\/toode\/lilledega-vahuvein-mucho-mas-brut-75cl-12\/#breadcrumb\",\"itemListElement\":[{\"@type\":\"ListItem\",\"position\":1,\"name\":\"Pood\",\"item\":\"https:\/\/www.iflower.ee\/pood\/\"},{\"@type\":\"ListItem\",\"position\":2,\"name\":\"Lilledega vahuvein Mucho M\u00e1s brut 75cl 12%\"}]},{\"@type\":\"WebSite\",\"@id\":\"https:\/\/www.iflower.ee\/#website\",\"url\":\"https:\/\/www.iflower.ee\/\",\"name\":\"iFlower\",\"description\":\"\",\"publisher\":{\"@id\":\"https:\/\/www.iflower.ee\/#organization\"},\"potentialAction\":[{\"@type\":\"SearchAction\",\"target\":{\"@type\":\"EntryPoint\",\"urlTemplate\":\"https:\/\/www.iflower.ee\/?s={search_term_string}\"},\"query-input\":{\"@type\":\"PropertyValueSpecification\",\"valueRequired\":true,\"valueName\":\"search_term_string\"}}],\"inLanguage\":\"fi\"},{\"@type\":\"Organization\",\"@id\":\"https:\/\/www.iflower.ee\/#organization\",\"name\":\"iFlower\",\"url\":\"https:\/\/www.iflower.ee\/\",\"logo\":{\"@type\":\"ImageObject\",\"inLanguage\":\"fi\",\"@id\":\"https:\/\/www.iflower.ee\/#\/schema\/logo\/image\/\",\"url\":\"https:\/\/www.iflower.ee\/wp-content\/uploads\/2022\/04\/iflower.png\",\"contentUrl\":\"https:\/\/www.iflower.ee\/wp-content\/uploads\/2022\/04\/iflower.png\",\"width\":248,\"height\":71,\"caption\":\"iFlower\"},\"image\":{\"@id\":\"https:\/\/www.iflower.ee\/#\/schema\/logo\/image\/\"}}]}<\/script>\n<!-- \/ Yoast SEO plugin. -->","yoast_head_json":{"title":"Lilledega vahuvein Mucho M\u00e1s brut 75cl 12% - iFlower","description":"V\u00e4rske ja s\u00e4rtsakas tsitruseline Vahuvein Mucho M\u00e1s Brut koos imelise lillekaunistusega. Telli eksklusiivne kingitus kulleriga \u00fcle Eesti!","robots":{"index":"index","follow":"follow","max-snippet":"max-snippet:-1","max-image-preview":"max-image-preview:large","max-video-preview":"max-video-preview:-1"},"canonical":"https:\/\/www.iflower.ee\/toode\/lilledega-vahuvein-mucho-mas-brut-75cl-12\/","og_locale":"fi_FI","og_type":"article","og_title":"Lilledega vahuvein Mucho M\u00e1s brut 75cl 12% - iFlower","og_description":"V\u00e4rske ja s\u00e4rtsakas tsitruseline Vahuvein Mucho M\u00e1s Brut koos imelise lillekaunistusega. Telli eksklusiivne kingitus kulleriga \u00fcle Eesti!","og_url":"https:\/\/www.iflower.ee\/toode\/lilledega-vahuvein-mucho-mas-brut-75cl-12\/","og_site_name":"iFlower","article_modified_time":"2026-04-20T11:03:51+00:00","og_image":[{"width":800,"height":1199,"url":"https:\/\/www.iflower.ee\/wp-content\/uploads\/2026\/04\/Iysn5GFg.jpeg","type":"image\/jpeg"}],"twitter_card":"summary_large_image","twitter_misc":{"Arvioitu lukuaika":"1 minuutti"},"schema":{"@context":"https:\/\/schema.org","@graph":[{"@type":"WebPage","@id":"https:\/\/www.iflower.ee\/toode\/lilledega-vahuvein-mucho-mas-brut-75cl-12\/","url":"https:\/\/www.iflower.ee\/toode\/lilledega-vahuvein-mucho-mas-brut-75cl-12\/","name":"Lilledega vahuvein Mucho M\u00e1s brut 75cl 12% - iFlower","isPartOf":{"@id":"https:\/\/www.iflower.ee\/#website"},"primaryImageOfPage":{"@id":"https:\/\/www.iflower.ee\/toode\/lilledega-vahuvein-mucho-mas-brut-75cl-12\/#primaryimage"},"image":{"@id":"https:\/\/www.iflower.ee\/toode\/lilledega-vahuvein-mucho-mas-brut-75cl-12\/#primaryimage"},"thumbnailUrl":"https:\/\/www.iflower.ee\/wp-content\/uploads\/2026\/04\/Iysn5GFg.jpeg","datePublished":"2026-04-20T10:54:18+00:00","dateModified":"2026-04-20T11:03:51+00:00","description":"V\u00e4rske ja s\u00e4rtsakas tsitruseline Vahuvein Mucho M\u00e1s Brut koos imelise lillekaunistusega. Telli eksklusiivne kingitus kulleriga \u00fcle Eesti!","breadcrumb":{"@id":"https:\/\/www.iflower.ee\/toode\/lilledega-vahuvein-mucho-mas-brut-75cl-12\/#breadcrumb"},"inLanguage":"fi","potentialAction":[{"@type":"ReadAction","target":["https:\/\/www.iflower.ee\/toode\/lilledega-vahuvein-mucho-mas-brut-75cl-12\/"]}]},{"@type":"ImageObject","inLanguage":"fi","@id":"https:\/\/www.iflower.ee\/toode\/lilledega-vahuvein-mucho-mas-brut-75cl-12\/#primaryimage","url":"https:\/\/www.iflower.ee\/wp-content\/uploads\/2026\/04\/Iysn5GFg.jpeg","contentUrl":"https:\/\/www.iflower.ee\/wp-content\/uploads\/2026\/04\/Iysn5GFg.jpeg","width":800,"height":1199},{"@type":"BreadcrumbList","@id":"https:\/\/www.iflower.ee\/toode\/lilledega-vahuvein-mucho-mas-brut-75cl-12\/#breadcrumb","itemListElement":[{"@type":"ListItem","position":1,"name":"Pood","item":"https:\/\/www.iflower.ee\/pood\/"},{"@type":"ListItem","position":2,"name":"Lilledega vahuvein Mucho M\u00e1s brut 75cl 12%"}]},{"@type":"WebSite","@id":"https:\/\/www.iflower.ee\/#website","url":"https:\/\/www.iflower.ee\/","name":"iFlower","description":"","publisher":{"@id":"https:\/\/www.iflower.ee\/#organization"},"potentialAction":[{"@type":"SearchAction","target":{"@type":"EntryPoint","urlTemplate":"https:\/\/www.iflower.ee\/?s={search_term_string}"},"query-input":{"@type":"PropertyValueSpecification","valueRequired":true,"valueName":"search_term_string"}}],"inLanguage":"fi"},{"@type":"Organization","@id":"https:\/\/www.iflower.ee\/#organization","name":"iFlower","url":"https:\/\/www.iflower.ee\/","logo":{"@type":"ImageObject","inLanguage":"fi","@id":"https:\/\/www.iflower.ee\/#\/schema\/logo\/image\/","url":"https:\/\/www.iflower.ee\/wp-content\/uploads\/2022\/04\/iflower.png","contentUrl":"https:\/\/www.iflower.ee\/wp-content\/uploads\/2022\/04\/iflower.png","width":248,"height":71,"caption":"iFlower"},"image":{"@id":"https:\/\/www.iflower.ee\/#\/schema\/logo\/image\/"}}]}},"_links":{"self":[{"href":"https:\/\/www.iflower.ee\/fi\/wp-json\/wp\/v2\/product\/61977","targetHints":{"allow":["GET"]}}],"collection":[{"href":"https:\/\/www.iflower.ee\/fi\/wp-json\/wp\/v2\/product"}],"about":[{"href":"https:\/\/www.iflower.ee\/fi\/wp-json\/wp\/v2\/types\/product"}],"wp:featuredmedia":[{"embeddable":true,"href":"https:\/\/www.iflower.ee\/fi\/wp-json\/wp\/v2\/media\/61978"}],"wp:attachment":[{"href":"https:\/\/www.iflower.ee\/fi\/wp-json\/wp\/v2\/media?parent=61977"}],"wp:term":[{"taxonomy":"product_brand","embeddable":true,"href":"https:\/\/www.iflower.ee\/fi\/wp-json\/wp\/v2\/product_brand?post=61977"},{"taxonomy":"product_cat","embeddable":true,"href":"https:\/\/www.iflower.ee\/fi\/wp-json\/wp\/v2\/product_cat?post=61977"},{"taxonomy":"product_tag","embeddable":true,"href":"https:\/\/www.iflower.ee\/fi\/wp-json\/wp\/v2\/product_tag?post=61977"}],"curies":[{"name":"wp","href":"https:\/\/api.w.org\/{rel}","templated":true}]}}