{"id":10653,"date":"2019-10-07T12:57:12","date_gmt":"2019-10-07T09:57:12","guid":{"rendered":"https:\/\/www.iflower.ee\/?post_type=product&#038;p=10653"},"modified":"2023-06-06T16:55:07","modified_gmt":"2023-06-06T13:55:07","slug":"hiigel-taakliilia-ehk-yucca","status":"publish","type":"product","link":"https:\/\/www.iflower.ee\/ru\/toode\/hiigel-taakliilia-ehk-yucca\/","title":{"rendered":"Hiigel-t\u00e4\u00e4kliilia"},"content":{"rendered":"","protected":false},"excerpt":{"rendered":"<p>Taime poti suurus on 24cm ja k\u00f5rgus ca 150cm. Taimede fotodel olevad \u00fcmbrispotid on illustratiivsed ega sisaldu taime m\u00fc\u00fcgihinnas.<\/p>\n","protected":false},"featured_media":10437,"template":"","meta":{"_acf_changed":false},"product_brand":[],"product_cat":[250],"product_tag":[],"class_list":{"0":"post-10653","1":"product","2":"type-product","3":"status-publish","4":"has-post-thumbnail","6":"product_cat-potililled-toataimed","8":"first","9":"instock","10":"taxable","11":"shipping-taxable","12":"purchasable","13":"product-type-simple"},"acf":[],"yoast_head":"<!-- This site is optimized with the Yoast SEO plugin v26.8 - https:\/\/yoast.com\/product\/yoast-seo-wordpress\/ -->\n<title>Hiigel-t\u00e4\u00e4kliilia - iFlower<\/title>\n<meta name=\"robots\" content=\"index, follow, max-snippet:-1, max-image-preview:large, max-video-preview:-1\" \/>\n<link rel=\"canonical\" href=\"https:\/\/www.iflower.ee\/toode\/hiigel-taakliilia-ehk-yucca\/\" \/>\n<meta property=\"og:locale\" content=\"ru_RU\" \/>\n<meta property=\"og:type\" content=\"article\" \/>\n<meta property=\"og:title\" content=\"Hiigel-t\u00e4\u00e4kliilia - iFlower\" \/>\n<meta property=\"og:description\" content=\"Taime poti suurus on 24cm ja k\u00f5rgus ca 150cm. Taimede fotodel olevad \u00fcmbrispotid on illustratiivsed ega sisaldu taime m\u00fc\u00fcgihinnas.\" \/>\n<meta property=\"og:url\" content=\"https:\/\/www.iflower.ee\/toode\/hiigel-taakliilia-ehk-yucca\/\" \/>\n<meta property=\"og:site_name\" content=\"iFlower\" \/>\n<meta property=\"article:modified_time\" content=\"2023-06-06T13:55:07+00:00\" \/>\n<meta property=\"og:image\" content=\"https:\/\/www.iflower.ee\/wp-content\/uploads\/2019\/10\/palm-scaled-scaled.jpg\" \/>\n\t<meta property=\"og:image:width\" content=\"1366\" \/>\n\t<meta property=\"og:image:height\" content=\"2048\" \/>\n\t<meta property=\"og:image:type\" content=\"image\/jpeg\" \/>\n<meta name=\"twitter:card\" content=\"summary_large_image\" \/>\n<script type=\"application\/ld+json\" class=\"yoast-schema-graph\">{\"@context\":\"https:\/\/schema.org\",\"@graph\":[{\"@type\":\"WebPage\",\"@id\":\"https:\/\/www.iflower.ee\/toode\/hiigel-taakliilia-ehk-yucca\/\",\"url\":\"https:\/\/www.iflower.ee\/toode\/hiigel-taakliilia-ehk-yucca\/\",\"name\":\"Hiigel-t\u00e4\u00e4kliilia - iFlower\",\"isPartOf\":{\"@id\":\"https:\/\/www.iflower.ee\/#website\"},\"primaryImageOfPage\":{\"@id\":\"https:\/\/www.iflower.ee\/toode\/hiigel-taakliilia-ehk-yucca\/#primaryimage\"},\"image\":{\"@id\":\"https:\/\/www.iflower.ee\/toode\/hiigel-taakliilia-ehk-yucca\/#primaryimage\"},\"thumbnailUrl\":\"https:\/\/www.iflower.ee\/wp-content\/uploads\/2019\/10\/palm-scaled-scaled.jpg\",\"datePublished\":\"2019-10-07T09:57:12+00:00\",\"dateModified\":\"2023-06-06T13:55:07+00:00\",\"breadcrumb\":{\"@id\":\"https:\/\/www.iflower.ee\/toode\/hiigel-taakliilia-ehk-yucca\/#breadcrumb\"},\"inLanguage\":\"ru-RU\",\"potentialAction\":[{\"@type\":\"ReadAction\",\"target\":[\"https:\/\/www.iflower.ee\/toode\/hiigel-taakliilia-ehk-yucca\/\"]}]},{\"@type\":\"ImageObject\",\"inLanguage\":\"ru-RU\",\"@id\":\"https:\/\/www.iflower.ee\/toode\/hiigel-taakliilia-ehk-yucca\/#primaryimage\",\"url\":\"https:\/\/www.iflower.ee\/wp-content\/uploads\/2019\/10\/palm-scaled-scaled.jpg\",\"contentUrl\":\"https:\/\/www.iflower.ee\/wp-content\/uploads\/2019\/10\/palm-scaled-scaled.jpg\",\"width\":1366,\"height\":2048},{\"@type\":\"BreadcrumbList\",\"@id\":\"https:\/\/www.iflower.ee\/toode\/hiigel-taakliilia-ehk-yucca\/#breadcrumb\",\"itemListElement\":[{\"@type\":\"ListItem\",\"position\":1,\"name\":\"Pood\",\"item\":\"https:\/\/www.iflower.ee\/pood\/\"},{\"@type\":\"ListItem\",\"position\":2,\"name\":\"Hiigel-t\u00e4\u00e4kliilia\"}]},{\"@type\":\"WebSite\",\"@id\":\"https:\/\/www.iflower.ee\/#website\",\"url\":\"https:\/\/www.iflower.ee\/\",\"name\":\"iFlower\",\"description\":\"\",\"publisher\":{\"@id\":\"https:\/\/www.iflower.ee\/#organization\"},\"potentialAction\":[{\"@type\":\"SearchAction\",\"target\":{\"@type\":\"EntryPoint\",\"urlTemplate\":\"https:\/\/www.iflower.ee\/?s={search_term_string}\"},\"query-input\":{\"@type\":\"PropertyValueSpecification\",\"valueRequired\":true,\"valueName\":\"search_term_string\"}}],\"inLanguage\":\"ru-RU\"},{\"@type\":\"Organization\",\"@id\":\"https:\/\/www.iflower.ee\/#organization\",\"name\":\"iFlower\",\"url\":\"https:\/\/www.iflower.ee\/\",\"logo\":{\"@type\":\"ImageObject\",\"inLanguage\":\"ru-RU\",\"@id\":\"https:\/\/www.iflower.ee\/#\/schema\/logo\/image\/\",\"url\":\"https:\/\/www.iflower.ee\/wp-content\/uploads\/2022\/04\/iflower.png\",\"contentUrl\":\"https:\/\/www.iflower.ee\/wp-content\/uploads\/2022\/04\/iflower.png\",\"width\":248,\"height\":71,\"caption\":\"iFlower\"},\"image\":{\"@id\":\"https:\/\/www.iflower.ee\/#\/schema\/logo\/image\/\"}}]}<\/script>\n<!-- \/ Yoast SEO plugin. -->","yoast_head_json":{"title":"Hiigel-t\u00e4\u00e4kliilia - iFlower","robots":{"index":"index","follow":"follow","max-snippet":"max-snippet:-1","max-image-preview":"max-image-preview:large","max-video-preview":"max-video-preview:-1"},"canonical":"https:\/\/www.iflower.ee\/toode\/hiigel-taakliilia-ehk-yucca\/","og_locale":"ru_RU","og_type":"article","og_title":"Hiigel-t\u00e4\u00e4kliilia - iFlower","og_description":"Taime poti suurus on 24cm ja k\u00f5rgus ca 150cm. Taimede fotodel olevad \u00fcmbrispotid on illustratiivsed ega sisaldu taime m\u00fc\u00fcgihinnas.","og_url":"https:\/\/www.iflower.ee\/toode\/hiigel-taakliilia-ehk-yucca\/","og_site_name":"iFlower","article_modified_time":"2023-06-06T13:55:07+00:00","og_image":[{"width":1366,"height":2048,"url":"https:\/\/www.iflower.ee\/wp-content\/uploads\/2019\/10\/palm-scaled-scaled.jpg","type":"image\/jpeg"}],"twitter_card":"summary_large_image","schema":{"@context":"https:\/\/schema.org","@graph":[{"@type":"WebPage","@id":"https:\/\/www.iflower.ee\/toode\/hiigel-taakliilia-ehk-yucca\/","url":"https:\/\/www.iflower.ee\/toode\/hiigel-taakliilia-ehk-yucca\/","name":"Hiigel-t\u00e4\u00e4kliilia - iFlower","isPartOf":{"@id":"https:\/\/www.iflower.ee\/#website"},"primaryImageOfPage":{"@id":"https:\/\/www.iflower.ee\/toode\/hiigel-taakliilia-ehk-yucca\/#primaryimage"},"image":{"@id":"https:\/\/www.iflower.ee\/toode\/hiigel-taakliilia-ehk-yucca\/#primaryimage"},"thumbnailUrl":"https:\/\/www.iflower.ee\/wp-content\/uploads\/2019\/10\/palm-scaled-scaled.jpg","datePublished":"2019-10-07T09:57:12+00:00","dateModified":"2023-06-06T13:55:07+00:00","breadcrumb":{"@id":"https:\/\/www.iflower.ee\/toode\/hiigel-taakliilia-ehk-yucca\/#breadcrumb"},"inLanguage":"ru-RU","potentialAction":[{"@type":"ReadAction","target":["https:\/\/www.iflower.ee\/toode\/hiigel-taakliilia-ehk-yucca\/"]}]},{"@type":"ImageObject","inLanguage":"ru-RU","@id":"https:\/\/www.iflower.ee\/toode\/hiigel-taakliilia-ehk-yucca\/#primaryimage","url":"https:\/\/www.iflower.ee\/wp-content\/uploads\/2019\/10\/palm-scaled-scaled.jpg","contentUrl":"https:\/\/www.iflower.ee\/wp-content\/uploads\/2019\/10\/palm-scaled-scaled.jpg","width":1366,"height":2048},{"@type":"BreadcrumbList","@id":"https:\/\/www.iflower.ee\/toode\/hiigel-taakliilia-ehk-yucca\/#breadcrumb","itemListElement":[{"@type":"ListItem","position":1,"name":"Pood","item":"https:\/\/www.iflower.ee\/pood\/"},{"@type":"ListItem","position":2,"name":"Hiigel-t\u00e4\u00e4kliilia"}]},{"@type":"WebSite","@id":"https:\/\/www.iflower.ee\/#website","url":"https:\/\/www.iflower.ee\/","name":"iFlower","description":"","publisher":{"@id":"https:\/\/www.iflower.ee\/#organization"},"potentialAction":[{"@type":"SearchAction","target":{"@type":"EntryPoint","urlTemplate":"https:\/\/www.iflower.ee\/?s={search_term_string}"},"query-input":{"@type":"PropertyValueSpecification","valueRequired":true,"valueName":"search_term_string"}}],"inLanguage":"ru-RU"},{"@type":"Organization","@id":"https:\/\/www.iflower.ee\/#organization","name":"iFlower","url":"https:\/\/www.iflower.ee\/","logo":{"@type":"ImageObject","inLanguage":"ru-RU","@id":"https:\/\/www.iflower.ee\/#\/schema\/logo\/image\/","url":"https:\/\/www.iflower.ee\/wp-content\/uploads\/2022\/04\/iflower.png","contentUrl":"https:\/\/www.iflower.ee\/wp-content\/uploads\/2022\/04\/iflower.png","width":248,"height":71,"caption":"iFlower"},"image":{"@id":"https:\/\/www.iflower.ee\/#\/schema\/logo\/image\/"}}]}},"_links":{"self":[{"href":"https:\/\/www.iflower.ee\/ru\/wp-json\/wp\/v2\/product\/10653","targetHints":{"allow":["GET"]}}],"collection":[{"href":"https:\/\/www.iflower.ee\/ru\/wp-json\/wp\/v2\/product"}],"about":[{"href":"https:\/\/www.iflower.ee\/ru\/wp-json\/wp\/v2\/types\/product"}],"wp:featuredmedia":[{"embeddable":true,"href":"https:\/\/www.iflower.ee\/ru\/wp-json\/wp\/v2\/media\/10437"}],"wp:attachment":[{"href":"https:\/\/www.iflower.ee\/ru\/wp-json\/wp\/v2\/media?parent=10653"}],"wp:term":[{"taxonomy":"product_brand","embeddable":true,"href":"https:\/\/www.iflower.ee\/ru\/wp-json\/wp\/v2\/product_brand?post=10653"},{"taxonomy":"product_cat","embeddable":true,"href":"https:\/\/www.iflower.ee\/ru\/wp-json\/wp\/v2\/product_cat?post=10653"},{"taxonomy":"product_tag","embeddable":true,"href":"https:\/\/www.iflower.ee\/ru\/wp-json\/wp\/v2\/product_tag?post=10653"}],"curies":[{"name":"wp","href":"https:\/\/api.w.org\/{rel}","templated":true}]}}