{"id":1466,"date":"2018-04-13T17:11:19","date_gmt":"2018-04-13T14:11:19","guid":{"rendered":"http:\/\/www.iflower.ee\/?post_type=product&#038;p=1466"},"modified":"2025-11-11T12:52:17","modified_gmt":"2025-11-11T10:52:17","slug":"moet-chandon-brut-imperial-75cl","status":"publish","type":"product","link":"https:\/\/www.iflower.ee\/ru\/toode\/moet-chandon-brut-imperial-75cl\/","title":{"rendered":"Mo\u00ebt &#038; Chandon Brut Imperial 75cl 12%"},"content":{"rendered":"","protected":false},"excerpt":{"rendered":"<p>Mo\u00ebt &amp; Chandon \u0161ampanja on \u00fcle 250 aasta vana kaubam\u00e4rk. See on alati olnud glamuuri, luksuse ja tippmoe s\u00fcmbol. Jooki juuakse siiani k\u00f5ige kallimates klubides ning pakutakse luksuslikemais hotellides. Tasakaalustatud kooslus Chardonnay, Pinot Noir ja Pinot Meunier viinamarjasortidest; v\u00e4rvuselt kahvatu-kollane, kergelt roheka varjundiga. Aroom kergelt veinine, tunda sidruni l\u00f5hna.<\/p>\n<p><strong>P\u00e4ritolumaa:<\/strong> Prantsusmaa<\/p>\n<p>T\u00e4helepanu, tegemist on alkoholiga! Alkohol v\u00f5ib kahjustada teie tervist.<\/p>\n","protected":false},"featured_media":19336,"template":"","meta":{"_acf_changed":false},"product_brand":[],"product_cat":[15,45],"product_tag":[502,478,503,501,477,500],"class_list":{"0":"post-1466","1":"product","2":"type-product","3":"status-publish","4":"has-post-thumbnail","6":"product_cat-kingitused","7":"product_cat-alkohol","8":"product_tag-brut-imperial","9":"product_tag-kingitus","10":"product_tag-luksuslik-vahuvein","11":"product_tag-moet-amp-chandon","12":"product_tag-pidulik","13":"product_tag-sampanja","15":"first","16":"instock","17":"taxable","18":"shipping-taxable","19":"purchasable","20":"product-type-simple"},"acf":[],"yoast_head":"<!-- This site is optimized with the Yoast SEO plugin v26.8 - https:\/\/yoast.com\/product\/yoast-seo-wordpress\/ -->\n<title>Mo\u00ebt &amp; Chandon Brut Imperial 75cl 12% - iFlower<\/title>\n<meta name=\"description\" content=\"Mo\u00ebt &amp; Chandon Brut Imperial \u2013 luksuslik ja elegantne \u0161ampanja. T\u00e4iuslik pidulikeks hetkedeks v\u00f5i kingituseks. Tarne \u00fcle Eesti iFloweriga.\" \/>\n<meta name=\"robots\" content=\"index, follow, max-snippet:-1, max-image-preview:large, max-video-preview:-1\" \/>\n<link rel=\"canonical\" href=\"https:\/\/www.iflower.ee\/toode\/moet-chandon-brut-imperial-75cl\/\" \/>\n<meta property=\"og:locale\" content=\"ru_RU\" \/>\n<meta property=\"og:type\" content=\"article\" \/>\n<meta property=\"og:title\" content=\"Mo\u00ebt &amp; Chandon Brut Imperial 75cl 12% - iFlower\" \/>\n<meta property=\"og:description\" content=\"Mo\u00ebt &amp; Chandon Brut Imperial \u2013 luksuslik ja elegantne \u0161ampanja. T\u00e4iuslik pidulikeks hetkedeks v\u00f5i kingituseks. Tarne \u00fcle Eesti iFloweriga.\" \/>\n<meta property=\"og:url\" content=\"https:\/\/www.iflower.ee\/toode\/moet-chandon-brut-imperial-75cl\/\" \/>\n<meta property=\"og:site_name\" content=\"iFlower\" \/>\n<meta property=\"article:modified_time\" content=\"2025-11-11T10:52:17+00:00\" \/>\n<meta property=\"og:image\" content=\"https:\/\/www.iflower.ee\/wp-content\/uploads\/2018\/04\/DSCF4898.jpg\" \/>\n\t<meta property=\"og:image:width\" content=\"1000\" \/>\n\t<meta property=\"og:image:height\" content=\"1500\" \/>\n\t<meta property=\"og:image:type\" content=\"image\/jpeg\" \/>\n<meta name=\"twitter:card\" content=\"summary_large_image\" \/>\n<meta name=\"twitter:label1\" content=\"\u041f\u0440\u0438\u043c\u0435\u0440\u043d\u043e\u0435 \u0432\u0440\u0435\u043c\u044f \u0434\u043b\u044f \u0447\u0442\u0435\u043d\u0438\u044f\" \/>\n\t<meta name=\"twitter:data1\" content=\"1 \u043c\u0438\u043d\u0443\u0442\u0430\" \/>\n<script type=\"application\/ld+json\" class=\"yoast-schema-graph\">{\"@context\":\"https:\/\/schema.org\",\"@graph\":[{\"@type\":\"WebPage\",\"@id\":\"https:\/\/www.iflower.ee\/toode\/moet-chandon-brut-imperial-75cl\/\",\"url\":\"https:\/\/www.iflower.ee\/toode\/moet-chandon-brut-imperial-75cl\/\",\"name\":\"Mo\u00ebt & Chandon Brut Imperial 75cl 12% - iFlower\",\"isPartOf\":{\"@id\":\"https:\/\/www.iflower.ee\/#website\"},\"primaryImageOfPage\":{\"@id\":\"https:\/\/www.iflower.ee\/toode\/moet-chandon-brut-imperial-75cl\/#primaryimage\"},\"image\":{\"@id\":\"https:\/\/www.iflower.ee\/toode\/moet-chandon-brut-imperial-75cl\/#primaryimage\"},\"thumbnailUrl\":\"https:\/\/www.iflower.ee\/wp-content\/uploads\/2018\/04\/DSCF4898.jpg\",\"datePublished\":\"2018-04-13T14:11:19+00:00\",\"dateModified\":\"2025-11-11T10:52:17+00:00\",\"description\":\"Mo\u00ebt & Chandon Brut Imperial \u2013 luksuslik ja elegantne \u0161ampanja. T\u00e4iuslik pidulikeks hetkedeks v\u00f5i kingituseks. Tarne \u00fcle Eesti iFloweriga.\",\"breadcrumb\":{\"@id\":\"https:\/\/www.iflower.ee\/toode\/moet-chandon-brut-imperial-75cl\/#breadcrumb\"},\"inLanguage\":\"ru-RU\",\"potentialAction\":[{\"@type\":\"ReadAction\",\"target\":[\"https:\/\/www.iflower.ee\/toode\/moet-chandon-brut-imperial-75cl\/\"]}]},{\"@type\":\"ImageObject\",\"inLanguage\":\"ru-RU\",\"@id\":\"https:\/\/www.iflower.ee\/toode\/moet-chandon-brut-imperial-75cl\/#primaryimage\",\"url\":\"https:\/\/www.iflower.ee\/wp-content\/uploads\/2018\/04\/DSCF4898.jpg\",\"contentUrl\":\"https:\/\/www.iflower.ee\/wp-content\/uploads\/2018\/04\/DSCF4898.jpg\",\"width\":1000,\"height\":1500},{\"@type\":\"BreadcrumbList\",\"@id\":\"https:\/\/www.iflower.ee\/toode\/moet-chandon-brut-imperial-75cl\/#breadcrumb\",\"itemListElement\":[{\"@type\":\"ListItem\",\"position\":1,\"name\":\"Pood\",\"item\":\"https:\/\/www.iflower.ee\/pood\/\"},{\"@type\":\"ListItem\",\"position\":2,\"name\":\"Mo\u00ebt &#038; Chandon Brut Imperial 75cl 12%\"}]},{\"@type\":\"WebSite\",\"@id\":\"https:\/\/www.iflower.ee\/#website\",\"url\":\"https:\/\/www.iflower.ee\/\",\"name\":\"iFlower\",\"description\":\"\",\"publisher\":{\"@id\":\"https:\/\/www.iflower.ee\/#organization\"},\"potentialAction\":[{\"@type\":\"SearchAction\",\"target\":{\"@type\":\"EntryPoint\",\"urlTemplate\":\"https:\/\/www.iflower.ee\/?s={search_term_string}\"},\"query-input\":{\"@type\":\"PropertyValueSpecification\",\"valueRequired\":true,\"valueName\":\"search_term_string\"}}],\"inLanguage\":\"ru-RU\"},{\"@type\":\"Organization\",\"@id\":\"https:\/\/www.iflower.ee\/#organization\",\"name\":\"iFlower\",\"url\":\"https:\/\/www.iflower.ee\/\",\"logo\":{\"@type\":\"ImageObject\",\"inLanguage\":\"ru-RU\",\"@id\":\"https:\/\/www.iflower.ee\/#\/schema\/logo\/image\/\",\"url\":\"https:\/\/www.iflower.ee\/wp-content\/uploads\/2022\/04\/iflower.png\",\"contentUrl\":\"https:\/\/www.iflower.ee\/wp-content\/uploads\/2022\/04\/iflower.png\",\"width\":248,\"height\":71,\"caption\":\"iFlower\"},\"image\":{\"@id\":\"https:\/\/www.iflower.ee\/#\/schema\/logo\/image\/\"}}]}<\/script>\n<!-- \/ Yoast SEO plugin. -->","yoast_head_json":{"title":"Mo\u00ebt & Chandon Brut Imperial 75cl 12% - iFlower","description":"Mo\u00ebt & Chandon Brut Imperial \u2013 luksuslik ja elegantne \u0161ampanja. T\u00e4iuslik pidulikeks hetkedeks v\u00f5i kingituseks. Tarne \u00fcle Eesti iFloweriga.","robots":{"index":"index","follow":"follow","max-snippet":"max-snippet:-1","max-image-preview":"max-image-preview:large","max-video-preview":"max-video-preview:-1"},"canonical":"https:\/\/www.iflower.ee\/toode\/moet-chandon-brut-imperial-75cl\/","og_locale":"ru_RU","og_type":"article","og_title":"Mo\u00ebt & Chandon Brut Imperial 75cl 12% - iFlower","og_description":"Mo\u00ebt & Chandon Brut Imperial \u2013 luksuslik ja elegantne \u0161ampanja. T\u00e4iuslik pidulikeks hetkedeks v\u00f5i kingituseks. Tarne \u00fcle Eesti iFloweriga.","og_url":"https:\/\/www.iflower.ee\/toode\/moet-chandon-brut-imperial-75cl\/","og_site_name":"iFlower","article_modified_time":"2025-11-11T10:52:17+00:00","og_image":[{"width":1000,"height":1500,"url":"https:\/\/www.iflower.ee\/wp-content\/uploads\/2018\/04\/DSCF4898.jpg","type":"image\/jpeg"}],"twitter_card":"summary_large_image","twitter_misc":{"\u041f\u0440\u0438\u043c\u0435\u0440\u043d\u043e\u0435 \u0432\u0440\u0435\u043c\u044f \u0434\u043b\u044f \u0447\u0442\u0435\u043d\u0438\u044f":"1 \u043c\u0438\u043d\u0443\u0442\u0430"},"schema":{"@context":"https:\/\/schema.org","@graph":[{"@type":"WebPage","@id":"https:\/\/www.iflower.ee\/toode\/moet-chandon-brut-imperial-75cl\/","url":"https:\/\/www.iflower.ee\/toode\/moet-chandon-brut-imperial-75cl\/","name":"Mo\u00ebt & Chandon Brut Imperial 75cl 12% - iFlower","isPartOf":{"@id":"https:\/\/www.iflower.ee\/#website"},"primaryImageOfPage":{"@id":"https:\/\/www.iflower.ee\/toode\/moet-chandon-brut-imperial-75cl\/#primaryimage"},"image":{"@id":"https:\/\/www.iflower.ee\/toode\/moet-chandon-brut-imperial-75cl\/#primaryimage"},"thumbnailUrl":"https:\/\/www.iflower.ee\/wp-content\/uploads\/2018\/04\/DSCF4898.jpg","datePublished":"2018-04-13T14:11:19+00:00","dateModified":"2025-11-11T10:52:17+00:00","description":"Mo\u00ebt & Chandon Brut Imperial \u2013 luksuslik ja elegantne \u0161ampanja. T\u00e4iuslik pidulikeks hetkedeks v\u00f5i kingituseks. Tarne \u00fcle Eesti iFloweriga.","breadcrumb":{"@id":"https:\/\/www.iflower.ee\/toode\/moet-chandon-brut-imperial-75cl\/#breadcrumb"},"inLanguage":"ru-RU","potentialAction":[{"@type":"ReadAction","target":["https:\/\/www.iflower.ee\/toode\/moet-chandon-brut-imperial-75cl\/"]}]},{"@type":"ImageObject","inLanguage":"ru-RU","@id":"https:\/\/www.iflower.ee\/toode\/moet-chandon-brut-imperial-75cl\/#primaryimage","url":"https:\/\/www.iflower.ee\/wp-content\/uploads\/2018\/04\/DSCF4898.jpg","contentUrl":"https:\/\/www.iflower.ee\/wp-content\/uploads\/2018\/04\/DSCF4898.jpg","width":1000,"height":1500},{"@type":"BreadcrumbList","@id":"https:\/\/www.iflower.ee\/toode\/moet-chandon-brut-imperial-75cl\/#breadcrumb","itemListElement":[{"@type":"ListItem","position":1,"name":"Pood","item":"https:\/\/www.iflower.ee\/pood\/"},{"@type":"ListItem","position":2,"name":"Mo\u00ebt &#038; Chandon Brut Imperial 75cl 12%"}]},{"@type":"WebSite","@id":"https:\/\/www.iflower.ee\/#website","url":"https:\/\/www.iflower.ee\/","name":"iFlower","description":"","publisher":{"@id":"https:\/\/www.iflower.ee\/#organization"},"potentialAction":[{"@type":"SearchAction","target":{"@type":"EntryPoint","urlTemplate":"https:\/\/www.iflower.ee\/?s={search_term_string}"},"query-input":{"@type":"PropertyValueSpecification","valueRequired":true,"valueName":"search_term_string"}}],"inLanguage":"ru-RU"},{"@type":"Organization","@id":"https:\/\/www.iflower.ee\/#organization","name":"iFlower","url":"https:\/\/www.iflower.ee\/","logo":{"@type":"ImageObject","inLanguage":"ru-RU","@id":"https:\/\/www.iflower.ee\/#\/schema\/logo\/image\/","url":"https:\/\/www.iflower.ee\/wp-content\/uploads\/2022\/04\/iflower.png","contentUrl":"https:\/\/www.iflower.ee\/wp-content\/uploads\/2022\/04\/iflower.png","width":248,"height":71,"caption":"iFlower"},"image":{"@id":"https:\/\/www.iflower.ee\/#\/schema\/logo\/image\/"}}]}},"_links":{"self":[{"href":"https:\/\/www.iflower.ee\/ru\/wp-json\/wp\/v2\/product\/1466","targetHints":{"allow":["GET"]}}],"collection":[{"href":"https:\/\/www.iflower.ee\/ru\/wp-json\/wp\/v2\/product"}],"about":[{"href":"https:\/\/www.iflower.ee\/ru\/wp-json\/wp\/v2\/types\/product"}],"wp:featuredmedia":[{"embeddable":true,"href":"https:\/\/www.iflower.ee\/ru\/wp-json\/wp\/v2\/media\/19336"}],"wp:attachment":[{"href":"https:\/\/www.iflower.ee\/ru\/wp-json\/wp\/v2\/media?parent=1466"}],"wp:term":[{"taxonomy":"product_brand","embeddable":true,"href":"https:\/\/www.iflower.ee\/ru\/wp-json\/wp\/v2\/product_brand?post=1466"},{"taxonomy":"product_cat","embeddable":true,"href":"https:\/\/www.iflower.ee\/ru\/wp-json\/wp\/v2\/product_cat?post=1466"},{"taxonomy":"product_tag","embeddable":true,"href":"https:\/\/www.iflower.ee\/ru\/wp-json\/wp\/v2\/product_tag?post=1466"}],"curies":[{"name":"wp","href":"https:\/\/api.w.org\/{rel}","templated":true}]}}