{"id":15591,"date":"2020-04-26T12:38:19","date_gmt":"2020-04-26T09:38:19","guid":{"rendered":"https:\/\/www.iflower.ee\/?post_type=product&#038;p=15591"},"modified":"2026-01-19T13:19:47","modified_gmt":"2026-01-19T11:19:47","slug":"maasikad-ja-vahuvein-aroomikuunal","status":"publish","type":"product","link":"https:\/\/www.iflower.ee\/ru\/toode\/maasikad-ja-vahuvein-aroomikuunal\/","title":{"rendered":"Joik rapsivahast l\u00f5hnak\u00fc\u00fcnal Maasikad ja vahuvein"},"content":{"rendered":"","protected":false},"excerpt":{"rendered":"<p>Romantiline ja luksuslik klassika &#8212; k\u00fclm vahuvein ja l\u00f5hnavad mahlased maasikad. Vahuveini aroomis on tunda valgete lillede, h\u00fcatsindi, piibelehe, sandlipuu \u00a0ning siidri puidust aroomi. Seda looritab k\u00fcpsete maasikate k\u00fclluslik aroom. Elamusi ja tundeid ligit\u00f5mbav l\u00f5hn.<\/p>\n<p>NB! Antud toodet v\u00e4ljastame vaid Tallinnast.<\/p>\n","protected":false},"featured_media":26359,"template":"","meta":{"_acf_changed":false},"product_brand":[],"product_cat":[537,266],"product_tag":[],"class_list":{"0":"post-15591","1":"product","2":"type-product","3":"status-publish","4":"has-post-thumbnail","6":"product_cat-sobrapaev","7":"product_cat-home-and-spa","9":"first","10":"instock","11":"taxable","12":"shipping-taxable","13":"purchasable","14":"product-type-simple"},"acf":[],"yoast_head":"<!-- This site is optimized with the Yoast SEO plugin v26.8 - https:\/\/yoast.com\/product\/yoast-seo-wordpress\/ -->\n<title>Joik rapsivahast l\u00f5hnak\u00fc\u00fcnal Maasikad ja vahuvein - iFlower<\/title>\n<meta name=\"robots\" content=\"index, follow, max-snippet:-1, max-image-preview:large, max-video-preview:-1\" \/>\n<link rel=\"canonical\" href=\"https:\/\/www.iflower.ee\/toode\/maasikad-ja-vahuvein-aroomikuunal\/\" \/>\n<meta property=\"og:locale\" content=\"ru_RU\" \/>\n<meta property=\"og:type\" content=\"article\" \/>\n<meta property=\"og:title\" content=\"Joik rapsivahast l\u00f5hnak\u00fc\u00fcnal Maasikad ja vahuvein - iFlower\" \/>\n<meta property=\"og:description\" content=\"Romantiline ja luksuslik klassika - k\u00fclm vahuvein ja l\u00f5hnavad mahlased maasikad. Vahuveini aroomis on tunda valgete lillede, h\u00fcatsindi, piibelehe, sandlipuu \u00a0ning siidri puidust aroomi. Seda looritab k\u00fcpsete maasikate k\u00fclluslik aroom. Elamusi ja tundeid ligit\u00f5mbav l\u00f5hn.  NB! Antud toodet v\u00e4ljastame vaid Tallinnast.\" \/>\n<meta property=\"og:url\" content=\"https:\/\/www.iflower.ee\/toode\/maasikad-ja-vahuvein-aroomikuunal\/\" \/>\n<meta property=\"og:site_name\" content=\"iFlower\" \/>\n<meta property=\"article:modified_time\" content=\"2026-01-19T11:19:47+00:00\" \/>\n<meta property=\"og:image\" content=\"https:\/\/www.iflower.ee\/wp-content\/uploads\/2020\/04\/Maasikad-ja-vahuvein.jpg\" \/>\n\t<meta property=\"og:image:width\" content=\"1000\" \/>\n\t<meta property=\"og:image:height\" content=\"1500\" \/>\n\t<meta property=\"og:image:type\" content=\"image\/jpeg\" \/>\n<meta name=\"twitter:card\" content=\"summary_large_image\" \/>\n<meta name=\"twitter:label1\" content=\"\u041f\u0440\u0438\u043c\u0435\u0440\u043d\u043e\u0435 \u0432\u0440\u0435\u043c\u044f \u0434\u043b\u044f \u0447\u0442\u0435\u043d\u0438\u044f\" \/>\n\t<meta name=\"twitter:data1\" content=\"1 \u043c\u0438\u043d\u0443\u0442\u0430\" \/>\n<script type=\"application\/ld+json\" class=\"yoast-schema-graph\">{\"@context\":\"https:\/\/schema.org\",\"@graph\":[{\"@type\":\"WebPage\",\"@id\":\"https:\/\/www.iflower.ee\/toode\/maasikad-ja-vahuvein-aroomikuunal\/\",\"url\":\"https:\/\/www.iflower.ee\/toode\/maasikad-ja-vahuvein-aroomikuunal\/\",\"name\":\"Joik rapsivahast l\u00f5hnak\u00fc\u00fcnal Maasikad ja vahuvein - iFlower\",\"isPartOf\":{\"@id\":\"https:\/\/www.iflower.ee\/#website\"},\"primaryImageOfPage\":{\"@id\":\"https:\/\/www.iflower.ee\/toode\/maasikad-ja-vahuvein-aroomikuunal\/#primaryimage\"},\"image\":{\"@id\":\"https:\/\/www.iflower.ee\/toode\/maasikad-ja-vahuvein-aroomikuunal\/#primaryimage\"},\"thumbnailUrl\":\"https:\/\/www.iflower.ee\/wp-content\/uploads\/2020\/04\/Maasikad-ja-vahuvein.jpg\",\"datePublished\":\"2020-04-26T09:38:19+00:00\",\"dateModified\":\"2026-01-19T11:19:47+00:00\",\"breadcrumb\":{\"@id\":\"https:\/\/www.iflower.ee\/toode\/maasikad-ja-vahuvein-aroomikuunal\/#breadcrumb\"},\"inLanguage\":\"ru-RU\",\"potentialAction\":[{\"@type\":\"ReadAction\",\"target\":[\"https:\/\/www.iflower.ee\/toode\/maasikad-ja-vahuvein-aroomikuunal\/\"]}]},{\"@type\":\"ImageObject\",\"inLanguage\":\"ru-RU\",\"@id\":\"https:\/\/www.iflower.ee\/toode\/maasikad-ja-vahuvein-aroomikuunal\/#primaryimage\",\"url\":\"https:\/\/www.iflower.ee\/wp-content\/uploads\/2020\/04\/Maasikad-ja-vahuvein.jpg\",\"contentUrl\":\"https:\/\/www.iflower.ee\/wp-content\/uploads\/2020\/04\/Maasikad-ja-vahuvein.jpg\",\"width\":1000,\"height\":1500},{\"@type\":\"BreadcrumbList\",\"@id\":\"https:\/\/www.iflower.ee\/toode\/maasikad-ja-vahuvein-aroomikuunal\/#breadcrumb\",\"itemListElement\":[{\"@type\":\"ListItem\",\"position\":1,\"name\":\"Pood\",\"item\":\"https:\/\/www.iflower.ee\/pood\/\"},{\"@type\":\"ListItem\",\"position\":2,\"name\":\"Joik rapsivahast l\u00f5hnak\u00fc\u00fcnal Maasikad ja vahuvein\"}]},{\"@type\":\"WebSite\",\"@id\":\"https:\/\/www.iflower.ee\/#website\",\"url\":\"https:\/\/www.iflower.ee\/\",\"name\":\"iFlower\",\"description\":\"\",\"publisher\":{\"@id\":\"https:\/\/www.iflower.ee\/#organization\"},\"potentialAction\":[{\"@type\":\"SearchAction\",\"target\":{\"@type\":\"EntryPoint\",\"urlTemplate\":\"https:\/\/www.iflower.ee\/?s={search_term_string}\"},\"query-input\":{\"@type\":\"PropertyValueSpecification\",\"valueRequired\":true,\"valueName\":\"search_term_string\"}}],\"inLanguage\":\"ru-RU\"},{\"@type\":\"Organization\",\"@id\":\"https:\/\/www.iflower.ee\/#organization\",\"name\":\"iFlower\",\"url\":\"https:\/\/www.iflower.ee\/\",\"logo\":{\"@type\":\"ImageObject\",\"inLanguage\":\"ru-RU\",\"@id\":\"https:\/\/www.iflower.ee\/#\/schema\/logo\/image\/\",\"url\":\"https:\/\/www.iflower.ee\/wp-content\/uploads\/2022\/04\/iflower.png\",\"contentUrl\":\"https:\/\/www.iflower.ee\/wp-content\/uploads\/2022\/04\/iflower.png\",\"width\":248,\"height\":71,\"caption\":\"iFlower\"},\"image\":{\"@id\":\"https:\/\/www.iflower.ee\/#\/schema\/logo\/image\/\"}}]}<\/script>\n<!-- \/ Yoast SEO plugin. -->","yoast_head_json":{"title":"Joik rapsivahast l\u00f5hnak\u00fc\u00fcnal Maasikad ja vahuvein - iFlower","robots":{"index":"index","follow":"follow","max-snippet":"max-snippet:-1","max-image-preview":"max-image-preview:large","max-video-preview":"max-video-preview:-1"},"canonical":"https:\/\/www.iflower.ee\/toode\/maasikad-ja-vahuvein-aroomikuunal\/","og_locale":"ru_RU","og_type":"article","og_title":"Joik rapsivahast l\u00f5hnak\u00fc\u00fcnal Maasikad ja vahuvein - iFlower","og_description":"Romantiline ja luksuslik klassika - k\u00fclm vahuvein ja l\u00f5hnavad mahlased maasikad. Vahuveini aroomis on tunda valgete lillede, h\u00fcatsindi, piibelehe, sandlipuu \u00a0ning siidri puidust aroomi. Seda looritab k\u00fcpsete maasikate k\u00fclluslik aroom. Elamusi ja tundeid ligit\u00f5mbav l\u00f5hn.  NB! Antud toodet v\u00e4ljastame vaid Tallinnast.","og_url":"https:\/\/www.iflower.ee\/toode\/maasikad-ja-vahuvein-aroomikuunal\/","og_site_name":"iFlower","article_modified_time":"2026-01-19T11:19:47+00:00","og_image":[{"width":1000,"height":1500,"url":"https:\/\/www.iflower.ee\/wp-content\/uploads\/2020\/04\/Maasikad-ja-vahuvein.jpg","type":"image\/jpeg"}],"twitter_card":"summary_large_image","twitter_misc":{"\u041f\u0440\u0438\u043c\u0435\u0440\u043d\u043e\u0435 \u0432\u0440\u0435\u043c\u044f \u0434\u043b\u044f \u0447\u0442\u0435\u043d\u0438\u044f":"1 \u043c\u0438\u043d\u0443\u0442\u0430"},"schema":{"@context":"https:\/\/schema.org","@graph":[{"@type":"WebPage","@id":"https:\/\/www.iflower.ee\/toode\/maasikad-ja-vahuvein-aroomikuunal\/","url":"https:\/\/www.iflower.ee\/toode\/maasikad-ja-vahuvein-aroomikuunal\/","name":"Joik rapsivahast l\u00f5hnak\u00fc\u00fcnal Maasikad ja vahuvein - iFlower","isPartOf":{"@id":"https:\/\/www.iflower.ee\/#website"},"primaryImageOfPage":{"@id":"https:\/\/www.iflower.ee\/toode\/maasikad-ja-vahuvein-aroomikuunal\/#primaryimage"},"image":{"@id":"https:\/\/www.iflower.ee\/toode\/maasikad-ja-vahuvein-aroomikuunal\/#primaryimage"},"thumbnailUrl":"https:\/\/www.iflower.ee\/wp-content\/uploads\/2020\/04\/Maasikad-ja-vahuvein.jpg","datePublished":"2020-04-26T09:38:19+00:00","dateModified":"2026-01-19T11:19:47+00:00","breadcrumb":{"@id":"https:\/\/www.iflower.ee\/toode\/maasikad-ja-vahuvein-aroomikuunal\/#breadcrumb"},"inLanguage":"ru-RU","potentialAction":[{"@type":"ReadAction","target":["https:\/\/www.iflower.ee\/toode\/maasikad-ja-vahuvein-aroomikuunal\/"]}]},{"@type":"ImageObject","inLanguage":"ru-RU","@id":"https:\/\/www.iflower.ee\/toode\/maasikad-ja-vahuvein-aroomikuunal\/#primaryimage","url":"https:\/\/www.iflower.ee\/wp-content\/uploads\/2020\/04\/Maasikad-ja-vahuvein.jpg","contentUrl":"https:\/\/www.iflower.ee\/wp-content\/uploads\/2020\/04\/Maasikad-ja-vahuvein.jpg","width":1000,"height":1500},{"@type":"BreadcrumbList","@id":"https:\/\/www.iflower.ee\/toode\/maasikad-ja-vahuvein-aroomikuunal\/#breadcrumb","itemListElement":[{"@type":"ListItem","position":1,"name":"Pood","item":"https:\/\/www.iflower.ee\/pood\/"},{"@type":"ListItem","position":2,"name":"Joik rapsivahast l\u00f5hnak\u00fc\u00fcnal Maasikad ja vahuvein"}]},{"@type":"WebSite","@id":"https:\/\/www.iflower.ee\/#website","url":"https:\/\/www.iflower.ee\/","name":"iFlower","description":"","publisher":{"@id":"https:\/\/www.iflower.ee\/#organization"},"potentialAction":[{"@type":"SearchAction","target":{"@type":"EntryPoint","urlTemplate":"https:\/\/www.iflower.ee\/?s={search_term_string}"},"query-input":{"@type":"PropertyValueSpecification","valueRequired":true,"valueName":"search_term_string"}}],"inLanguage":"ru-RU"},{"@type":"Organization","@id":"https:\/\/www.iflower.ee\/#organization","name":"iFlower","url":"https:\/\/www.iflower.ee\/","logo":{"@type":"ImageObject","inLanguage":"ru-RU","@id":"https:\/\/www.iflower.ee\/#\/schema\/logo\/image\/","url":"https:\/\/www.iflower.ee\/wp-content\/uploads\/2022\/04\/iflower.png","contentUrl":"https:\/\/www.iflower.ee\/wp-content\/uploads\/2022\/04\/iflower.png","width":248,"height":71,"caption":"iFlower"},"image":{"@id":"https:\/\/www.iflower.ee\/#\/schema\/logo\/image\/"}}]}},"_links":{"self":[{"href":"https:\/\/www.iflower.ee\/ru\/wp-json\/wp\/v2\/product\/15591","targetHints":{"allow":["GET"]}}],"collection":[{"href":"https:\/\/www.iflower.ee\/ru\/wp-json\/wp\/v2\/product"}],"about":[{"href":"https:\/\/www.iflower.ee\/ru\/wp-json\/wp\/v2\/types\/product"}],"wp:featuredmedia":[{"embeddable":true,"href":"https:\/\/www.iflower.ee\/ru\/wp-json\/wp\/v2\/media\/26359"}],"wp:attachment":[{"href":"https:\/\/www.iflower.ee\/ru\/wp-json\/wp\/v2\/media?parent=15591"}],"wp:term":[{"taxonomy":"product_brand","embeddable":true,"href":"https:\/\/www.iflower.ee\/ru\/wp-json\/wp\/v2\/product_brand?post=15591"},{"taxonomy":"product_cat","embeddable":true,"href":"https:\/\/www.iflower.ee\/ru\/wp-json\/wp\/v2\/product_cat?post=15591"},{"taxonomy":"product_tag","embeddable":true,"href":"https:\/\/www.iflower.ee\/ru\/wp-json\/wp\/v2\/product_tag?post=15591"}],"curies":[{"name":"wp","href":"https:\/\/api.w.org\/{rel}","templated":true}]}}