{"id":15603,"date":"2020-04-26T12:53:28","date_gmt":"2020-04-26T09:53:28","guid":{"rendered":"https:\/\/www.iflower.ee\/?post_type=product&#038;p=15603"},"modified":"2026-02-11T12:20:36","modified_gmt":"2026-02-11T10:20:36","slug":"kodulohnastaja-greip-ja-mandariin","status":"publish","type":"product","link":"https:\/\/www.iflower.ee\/ru\/toode\/kodulohnastaja-greip-ja-mandariin\/","title":{"rendered":"Kodul\u00f5hnastaja Greip ja mandariin"},"content":{"rendered":"","protected":false},"excerpt":{"rendered":"<p>Karge ja v\u00e4rske mandariini l\u00f5hn, mis s\u00fcgavamates kihtides seob kokku apelsini, virsiku, maasika, mimoosi ja m\u00f5rkja roosa greibi n\u00fcansirikkad aroomid.<\/p>\n<p>JOIK kodul\u00f5hnastaja on mugav ja stiilne v\u00f5imalus elavdada interj\u00f6\u00f6ri ning praktiline alternatiiv paikadesse, kus pole v\u00f5imalik kasutada l\u00f5hnak\u00fc\u00fcnlaid.<\/p>\n<p>JOIK kodul\u00f5hnastaja on valmistatud keskkonnas\u00f5bralikust looduslikku p\u00e4ritolu baasist ja kvaliteetsest aroom\u00f5list ning t\u00e4idab ruumi suurep\u00e4rase aroomiga.<\/p>\n<p>L\u00f5hna intensiivsust on v\u00f5imalik reguleerida aroomipulkade arvu ja pulkade p\u00f6\u00f6ramise tihedusega.<\/p>\n","protected":false},"featured_media":19376,"template":"","meta":{"_acf_changed":false},"product_brand":[],"product_cat":[537,266,312],"product_tag":[],"class_list":{"0":"post-15603","1":"product","2":"type-product","3":"status-publish","4":"has-post-thumbnail","6":"product_cat-sobrapaev","7":"product_cat-home-and-spa","8":"product_cat-uus","10":"first","11":"instock","12":"taxable","13":"shipping-taxable","14":"purchasable","15":"product-type-simple"},"acf":[],"yoast_head":"<!-- This site is optimized with the Yoast SEO plugin v26.8 - https:\/\/yoast.com\/product\/yoast-seo-wordpress\/ -->\n<title>Kodul\u00f5hnastaja Greip ja mandariin - iFlower<\/title>\n<meta name=\"robots\" content=\"index, follow, max-snippet:-1, max-image-preview:large, max-video-preview:-1\" \/>\n<link rel=\"canonical\" href=\"https:\/\/www.iflower.ee\/toode\/kodulohnastaja-greip-ja-mandariin\/\" \/>\n<meta property=\"og:locale\" content=\"ru_RU\" \/>\n<meta property=\"og:type\" content=\"article\" \/>\n<meta property=\"og:title\" content=\"Kodul\u00f5hnastaja Greip ja mandariin - iFlower\" \/>\n<meta property=\"og:description\" content=\"Karge ja v\u00e4rske mandariini l\u00f5hn, mis s\u00fcgavamates kihtides seob kokku apelsini, virsiku, maasika, mimoosi ja m\u00f5rkja roosa greibi n\u00fcansirikkad aroomid.  JOIK kodul\u00f5hnastaja on mugav ja stiilne v\u00f5imalus elavdada interj\u00f6\u00f6ri ning praktiline alternatiiv paikadesse, kus pole v\u00f5imalik kasutada l\u00f5hnak\u00fc\u00fcnlaid.  JOIK kodul\u00f5hnastaja on valmistatud keskkonnas\u00f5bralikust looduslikku p\u00e4ritolu baasist ja kvaliteetsest aroom\u00f5list ning t\u00e4idab ruumi suurep\u00e4rase aroomiga.  L\u00f5hna intensiivsust on v\u00f5imalik reguleerida aroomipulkade arvu ja pulkade p\u00f6\u00f6ramise tihedusega.\" \/>\n<meta property=\"og:url\" content=\"https:\/\/www.iflower.ee\/toode\/kodulohnastaja-greip-ja-mandariin\/\" \/>\n<meta property=\"og:site_name\" content=\"iFlower\" \/>\n<meta property=\"article:modified_time\" content=\"2026-02-11T10:20:36+00:00\" \/>\n<meta property=\"og:image\" content=\"https:\/\/www.iflower.ee\/wp-content\/uploads\/2020\/04\/DSCF5007.jpg\" \/>\n\t<meta property=\"og:image:width\" content=\"1000\" \/>\n\t<meta property=\"og:image:height\" content=\"1500\" \/>\n\t<meta property=\"og:image:type\" content=\"image\/jpeg\" \/>\n<meta name=\"twitter:card\" content=\"summary_large_image\" \/>\n<meta name=\"twitter:label1\" content=\"\u041f\u0440\u0438\u043c\u0435\u0440\u043d\u043e\u0435 \u0432\u0440\u0435\u043c\u044f \u0434\u043b\u044f \u0447\u0442\u0435\u043d\u0438\u044f\" \/>\n\t<meta name=\"twitter:data1\" content=\"1 \u043c\u0438\u043d\u0443\u0442\u0430\" \/>\n<script type=\"application\/ld+json\" class=\"yoast-schema-graph\">{\"@context\":\"https:\/\/schema.org\",\"@graph\":[{\"@type\":\"WebPage\",\"@id\":\"https:\/\/www.iflower.ee\/toode\/kodulohnastaja-greip-ja-mandariin\/\",\"url\":\"https:\/\/www.iflower.ee\/toode\/kodulohnastaja-greip-ja-mandariin\/\",\"name\":\"Kodul\u00f5hnastaja Greip ja mandariin - iFlower\",\"isPartOf\":{\"@id\":\"https:\/\/www.iflower.ee\/#website\"},\"primaryImageOfPage\":{\"@id\":\"https:\/\/www.iflower.ee\/toode\/kodulohnastaja-greip-ja-mandariin\/#primaryimage\"},\"image\":{\"@id\":\"https:\/\/www.iflower.ee\/toode\/kodulohnastaja-greip-ja-mandariin\/#primaryimage\"},\"thumbnailUrl\":\"https:\/\/www.iflower.ee\/wp-content\/uploads\/2020\/04\/DSCF5007.jpg\",\"datePublished\":\"2020-04-26T09:53:28+00:00\",\"dateModified\":\"2026-02-11T10:20:36+00:00\",\"breadcrumb\":{\"@id\":\"https:\/\/www.iflower.ee\/toode\/kodulohnastaja-greip-ja-mandariin\/#breadcrumb\"},\"inLanguage\":\"ru-RU\",\"potentialAction\":[{\"@type\":\"ReadAction\",\"target\":[\"https:\/\/www.iflower.ee\/toode\/kodulohnastaja-greip-ja-mandariin\/\"]}]},{\"@type\":\"ImageObject\",\"inLanguage\":\"ru-RU\",\"@id\":\"https:\/\/www.iflower.ee\/toode\/kodulohnastaja-greip-ja-mandariin\/#primaryimage\",\"url\":\"https:\/\/www.iflower.ee\/wp-content\/uploads\/2020\/04\/DSCF5007.jpg\",\"contentUrl\":\"https:\/\/www.iflower.ee\/wp-content\/uploads\/2020\/04\/DSCF5007.jpg\",\"width\":1000,\"height\":1500},{\"@type\":\"BreadcrumbList\",\"@id\":\"https:\/\/www.iflower.ee\/toode\/kodulohnastaja-greip-ja-mandariin\/#breadcrumb\",\"itemListElement\":[{\"@type\":\"ListItem\",\"position\":1,\"name\":\"Pood\",\"item\":\"https:\/\/www.iflower.ee\/pood\/\"},{\"@type\":\"ListItem\",\"position\":2,\"name\":\"Kodul\u00f5hnastaja Greip ja mandariin\"}]},{\"@type\":\"WebSite\",\"@id\":\"https:\/\/www.iflower.ee\/#website\",\"url\":\"https:\/\/www.iflower.ee\/\",\"name\":\"iFlower\",\"description\":\"\",\"publisher\":{\"@id\":\"https:\/\/www.iflower.ee\/#organization\"},\"potentialAction\":[{\"@type\":\"SearchAction\",\"target\":{\"@type\":\"EntryPoint\",\"urlTemplate\":\"https:\/\/www.iflower.ee\/?s={search_term_string}\"},\"query-input\":{\"@type\":\"PropertyValueSpecification\",\"valueRequired\":true,\"valueName\":\"search_term_string\"}}],\"inLanguage\":\"ru-RU\"},{\"@type\":\"Organization\",\"@id\":\"https:\/\/www.iflower.ee\/#organization\",\"name\":\"iFlower\",\"url\":\"https:\/\/www.iflower.ee\/\",\"logo\":{\"@type\":\"ImageObject\",\"inLanguage\":\"ru-RU\",\"@id\":\"https:\/\/www.iflower.ee\/#\/schema\/logo\/image\/\",\"url\":\"https:\/\/www.iflower.ee\/wp-content\/uploads\/2022\/04\/iflower.png\",\"contentUrl\":\"https:\/\/www.iflower.ee\/wp-content\/uploads\/2022\/04\/iflower.png\",\"width\":248,\"height\":71,\"caption\":\"iFlower\"},\"image\":{\"@id\":\"https:\/\/www.iflower.ee\/#\/schema\/logo\/image\/\"}}]}<\/script>\n<!-- \/ Yoast SEO plugin. -->","yoast_head_json":{"title":"Kodul\u00f5hnastaja Greip ja mandariin - iFlower","robots":{"index":"index","follow":"follow","max-snippet":"max-snippet:-1","max-image-preview":"max-image-preview:large","max-video-preview":"max-video-preview:-1"},"canonical":"https:\/\/www.iflower.ee\/toode\/kodulohnastaja-greip-ja-mandariin\/","og_locale":"ru_RU","og_type":"article","og_title":"Kodul\u00f5hnastaja Greip ja mandariin - iFlower","og_description":"Karge ja v\u00e4rske mandariini l\u00f5hn, mis s\u00fcgavamates kihtides seob kokku apelsini, virsiku, maasika, mimoosi ja m\u00f5rkja roosa greibi n\u00fcansirikkad aroomid.  JOIK kodul\u00f5hnastaja on mugav ja stiilne v\u00f5imalus elavdada interj\u00f6\u00f6ri ning praktiline alternatiiv paikadesse, kus pole v\u00f5imalik kasutada l\u00f5hnak\u00fc\u00fcnlaid.  JOIK kodul\u00f5hnastaja on valmistatud keskkonnas\u00f5bralikust looduslikku p\u00e4ritolu baasist ja kvaliteetsest aroom\u00f5list ning t\u00e4idab ruumi suurep\u00e4rase aroomiga.  L\u00f5hna intensiivsust on v\u00f5imalik reguleerida aroomipulkade arvu ja pulkade p\u00f6\u00f6ramise tihedusega.","og_url":"https:\/\/www.iflower.ee\/toode\/kodulohnastaja-greip-ja-mandariin\/","og_site_name":"iFlower","article_modified_time":"2026-02-11T10:20:36+00:00","og_image":[{"width":1000,"height":1500,"url":"https:\/\/www.iflower.ee\/wp-content\/uploads\/2020\/04\/DSCF5007.jpg","type":"image\/jpeg"}],"twitter_card":"summary_large_image","twitter_misc":{"\u041f\u0440\u0438\u043c\u0435\u0440\u043d\u043e\u0435 \u0432\u0440\u0435\u043c\u044f \u0434\u043b\u044f \u0447\u0442\u0435\u043d\u0438\u044f":"1 \u043c\u0438\u043d\u0443\u0442\u0430"},"schema":{"@context":"https:\/\/schema.org","@graph":[{"@type":"WebPage","@id":"https:\/\/www.iflower.ee\/toode\/kodulohnastaja-greip-ja-mandariin\/","url":"https:\/\/www.iflower.ee\/toode\/kodulohnastaja-greip-ja-mandariin\/","name":"Kodul\u00f5hnastaja Greip ja mandariin - iFlower","isPartOf":{"@id":"https:\/\/www.iflower.ee\/#website"},"primaryImageOfPage":{"@id":"https:\/\/www.iflower.ee\/toode\/kodulohnastaja-greip-ja-mandariin\/#primaryimage"},"image":{"@id":"https:\/\/www.iflower.ee\/toode\/kodulohnastaja-greip-ja-mandariin\/#primaryimage"},"thumbnailUrl":"https:\/\/www.iflower.ee\/wp-content\/uploads\/2020\/04\/DSCF5007.jpg","datePublished":"2020-04-26T09:53:28+00:00","dateModified":"2026-02-11T10:20:36+00:00","breadcrumb":{"@id":"https:\/\/www.iflower.ee\/toode\/kodulohnastaja-greip-ja-mandariin\/#breadcrumb"},"inLanguage":"ru-RU","potentialAction":[{"@type":"ReadAction","target":["https:\/\/www.iflower.ee\/toode\/kodulohnastaja-greip-ja-mandariin\/"]}]},{"@type":"ImageObject","inLanguage":"ru-RU","@id":"https:\/\/www.iflower.ee\/toode\/kodulohnastaja-greip-ja-mandariin\/#primaryimage","url":"https:\/\/www.iflower.ee\/wp-content\/uploads\/2020\/04\/DSCF5007.jpg","contentUrl":"https:\/\/www.iflower.ee\/wp-content\/uploads\/2020\/04\/DSCF5007.jpg","width":1000,"height":1500},{"@type":"BreadcrumbList","@id":"https:\/\/www.iflower.ee\/toode\/kodulohnastaja-greip-ja-mandariin\/#breadcrumb","itemListElement":[{"@type":"ListItem","position":1,"name":"Pood","item":"https:\/\/www.iflower.ee\/pood\/"},{"@type":"ListItem","position":2,"name":"Kodul\u00f5hnastaja Greip ja mandariin"}]},{"@type":"WebSite","@id":"https:\/\/www.iflower.ee\/#website","url":"https:\/\/www.iflower.ee\/","name":"iFlower","description":"","publisher":{"@id":"https:\/\/www.iflower.ee\/#organization"},"potentialAction":[{"@type":"SearchAction","target":{"@type":"EntryPoint","urlTemplate":"https:\/\/www.iflower.ee\/?s={search_term_string}"},"query-input":{"@type":"PropertyValueSpecification","valueRequired":true,"valueName":"search_term_string"}}],"inLanguage":"ru-RU"},{"@type":"Organization","@id":"https:\/\/www.iflower.ee\/#organization","name":"iFlower","url":"https:\/\/www.iflower.ee\/","logo":{"@type":"ImageObject","inLanguage":"ru-RU","@id":"https:\/\/www.iflower.ee\/#\/schema\/logo\/image\/","url":"https:\/\/www.iflower.ee\/wp-content\/uploads\/2022\/04\/iflower.png","contentUrl":"https:\/\/www.iflower.ee\/wp-content\/uploads\/2022\/04\/iflower.png","width":248,"height":71,"caption":"iFlower"},"image":{"@id":"https:\/\/www.iflower.ee\/#\/schema\/logo\/image\/"}}]}},"_links":{"self":[{"href":"https:\/\/www.iflower.ee\/ru\/wp-json\/wp\/v2\/product\/15603","targetHints":{"allow":["GET"]}}],"collection":[{"href":"https:\/\/www.iflower.ee\/ru\/wp-json\/wp\/v2\/product"}],"about":[{"href":"https:\/\/www.iflower.ee\/ru\/wp-json\/wp\/v2\/types\/product"}],"wp:featuredmedia":[{"embeddable":true,"href":"https:\/\/www.iflower.ee\/ru\/wp-json\/wp\/v2\/media\/19376"}],"wp:attachment":[{"href":"https:\/\/www.iflower.ee\/ru\/wp-json\/wp\/v2\/media?parent=15603"}],"wp:term":[{"taxonomy":"product_brand","embeddable":true,"href":"https:\/\/www.iflower.ee\/ru\/wp-json\/wp\/v2\/product_brand?post=15603"},{"taxonomy":"product_cat","embeddable":true,"href":"https:\/\/www.iflower.ee\/ru\/wp-json\/wp\/v2\/product_cat?post=15603"},{"taxonomy":"product_tag","embeddable":true,"href":"https:\/\/www.iflower.ee\/ru\/wp-json\/wp\/v2\/product_tag?post=15603"}],"curies":[{"name":"wp","href":"https:\/\/api.w.org\/{rel}","templated":true}]}}