{"id":19509,"date":"2020-10-25T13:54:33","date_gmt":"2020-10-25T11:54:33","guid":{"rendered":"https:\/\/www.iflower.ee\/?post_type=product&#038;p=19509"},"modified":"2025-10-06T10:36:51","modified_gmt":"2025-10-06T07:36:51","slug":"moe-viin-1886-aromatic-toonik-kombo","status":"publish","type":"product","link":"https:\/\/www.iflower.ee\/ru\/toode\/moe-viin-1886-aromatic-toonik-kombo\/","title":{"rendered":"MOE viin 1886 + Aromatic toonik kombo"},"content":{"rendered":"","protected":false},"excerpt":{"rendered":"<div class=\"item-price-regular\">Vanim m\u00fc\u00fcgilolev Eesti viin, aastast 1893. Valmib suures osas k\u00e4sit\u00f6\u00f6na. Viin ei sisalda suhkrut ega lisaaineid. Moe viin 1886 on meie omamaise talirukki kasvatajate ja parimate piiritusemeistrite koost\u00f6\u00f6. Ainuke Eesti algallika viin. Iga pudeli algup\u00e4ra on v\u00f5imalik tuvastada kuni algallika-viljakasvatajani-spetsiaalse segu numbri abil, mis on kantud templij\u00e4ljendina pudeli etiketile.<\/div>\n<div><\/div>\n<div>Lisaks kombos 4 x Fever Tree Aromatic Tonic Water 0.2L<\/div>\n<div><\/div>\n<div><span class=\"text-bold\">T\u00c4HELEPANU! <\/span>TEGEMIST ON ALKOHOLIGA. ALKOHOL V\u00d5IB KAHJUSTADA TEIE TERVIST.<\/div>\n","protected":false},"featured_media":19511,"template":"","meta":{"_acf_changed":false},"product_brand":[],"product_cat":[15,45],"product_tag":[],"class_list":{"0":"post-19509","1":"product","2":"type-product","3":"status-publish","4":"has-post-thumbnail","6":"product_cat-kingitused","7":"product_cat-alkohol","9":"first","10":"instock","11":"taxable","12":"shipping-taxable","13":"purchasable","14":"product-type-simple"},"acf":[],"yoast_head":"<!-- This site is optimized with the Yoast SEO plugin v26.8 - https:\/\/yoast.com\/product\/yoast-seo-wordpress\/ -->\n<title>MOE viin 1886 + Aromatic toonik kombo - iFlower<\/title>\n<meta name=\"robots\" content=\"index, follow, max-snippet:-1, max-image-preview:large, max-video-preview:-1\" \/>\n<link rel=\"canonical\" href=\"https:\/\/www.iflower.ee\/toode\/moe-viin-1886-aromatic-toonik-kombo\/\" \/>\n<meta property=\"og:locale\" content=\"ru_RU\" \/>\n<meta property=\"og:type\" content=\"article\" \/>\n<meta property=\"og:title\" content=\"MOE viin 1886 + Aromatic toonik kombo - iFlower\" \/>\n<meta property=\"og:description\" content=\"Vanim m\u00fc\u00fcgilolev Eesti viin, aastast 1893. Valmib suures osas k\u00e4sit\u00f6\u00f6na. Viin ei sisalda suhkrut ega lisaaineid. Moe viin 1886 on meie omamaise talirukki kasvatajate ja parimate piiritusemeistrite koost\u00f6\u00f6. Ainuke Eesti algallika viin. Iga pudeli algup\u00e4ra on v\u00f5imalik tuvastada kuni algallika-viljakasvatajani-spetsiaalse segu numbri abil, mis on kantud templij\u00e4ljendina pudeli etiketile.  Lisaks kombos 4 x Fever Tree Aromatic Tonic Water 0.2L  T\u00c4HELEPANU! TEGEMIST ON ALKOHOLIGA. ALKOHOL V\u00d5IB KAHJUSTADA TEIE TERVIST.\" \/>\n<meta property=\"og:url\" content=\"https:\/\/www.iflower.ee\/toode\/moe-viin-1886-aromatic-toonik-kombo\/\" \/>\n<meta property=\"og:site_name\" content=\"iFlower\" \/>\n<meta property=\"article:modified_time\" content=\"2025-10-06T07:36:51+00:00\" \/>\n<meta property=\"og:image\" content=\"https:\/\/www.iflower.ee\/wp-content\/uploads\/2020\/10\/DSCF4960.jpg\" \/>\n\t<meta property=\"og:image:width\" content=\"1000\" \/>\n\t<meta property=\"og:image:height\" content=\"1500\" \/>\n\t<meta property=\"og:image:type\" content=\"image\/jpeg\" \/>\n<meta name=\"twitter:card\" content=\"summary_large_image\" \/>\n<meta name=\"twitter:label1\" content=\"\u041f\u0440\u0438\u043c\u0435\u0440\u043d\u043e\u0435 \u0432\u0440\u0435\u043c\u044f \u0434\u043b\u044f \u0447\u0442\u0435\u043d\u0438\u044f\" \/>\n\t<meta name=\"twitter:data1\" content=\"1 \u043c\u0438\u043d\u0443\u0442\u0430\" \/>\n<script type=\"application\/ld+json\" class=\"yoast-schema-graph\">{\"@context\":\"https:\/\/schema.org\",\"@graph\":[{\"@type\":\"WebPage\",\"@id\":\"https:\/\/www.iflower.ee\/toode\/moe-viin-1886-aromatic-toonik-kombo\/\",\"url\":\"https:\/\/www.iflower.ee\/toode\/moe-viin-1886-aromatic-toonik-kombo\/\",\"name\":\"MOE viin 1886 + Aromatic toonik kombo - iFlower\",\"isPartOf\":{\"@id\":\"https:\/\/www.iflower.ee\/#website\"},\"primaryImageOfPage\":{\"@id\":\"https:\/\/www.iflower.ee\/toode\/moe-viin-1886-aromatic-toonik-kombo\/#primaryimage\"},\"image\":{\"@id\":\"https:\/\/www.iflower.ee\/toode\/moe-viin-1886-aromatic-toonik-kombo\/#primaryimage\"},\"thumbnailUrl\":\"https:\/\/www.iflower.ee\/wp-content\/uploads\/2020\/10\/DSCF4960.jpg\",\"datePublished\":\"2020-10-25T11:54:33+00:00\",\"dateModified\":\"2025-10-06T07:36:51+00:00\",\"breadcrumb\":{\"@id\":\"https:\/\/www.iflower.ee\/toode\/moe-viin-1886-aromatic-toonik-kombo\/#breadcrumb\"},\"inLanguage\":\"ru-RU\",\"potentialAction\":[{\"@type\":\"ReadAction\",\"target\":[\"https:\/\/www.iflower.ee\/toode\/moe-viin-1886-aromatic-toonik-kombo\/\"]}]},{\"@type\":\"ImageObject\",\"inLanguage\":\"ru-RU\",\"@id\":\"https:\/\/www.iflower.ee\/toode\/moe-viin-1886-aromatic-toonik-kombo\/#primaryimage\",\"url\":\"https:\/\/www.iflower.ee\/wp-content\/uploads\/2020\/10\/DSCF4960.jpg\",\"contentUrl\":\"https:\/\/www.iflower.ee\/wp-content\/uploads\/2020\/10\/DSCF4960.jpg\",\"width\":1000,\"height\":1500},{\"@type\":\"BreadcrumbList\",\"@id\":\"https:\/\/www.iflower.ee\/toode\/moe-viin-1886-aromatic-toonik-kombo\/#breadcrumb\",\"itemListElement\":[{\"@type\":\"ListItem\",\"position\":1,\"name\":\"Pood\",\"item\":\"https:\/\/www.iflower.ee\/pood\/\"},{\"@type\":\"ListItem\",\"position\":2,\"name\":\"MOE viin 1886 + Aromatic toonik kombo\"}]},{\"@type\":\"WebSite\",\"@id\":\"https:\/\/www.iflower.ee\/#website\",\"url\":\"https:\/\/www.iflower.ee\/\",\"name\":\"iFlower\",\"description\":\"\",\"publisher\":{\"@id\":\"https:\/\/www.iflower.ee\/#organization\"},\"potentialAction\":[{\"@type\":\"SearchAction\",\"target\":{\"@type\":\"EntryPoint\",\"urlTemplate\":\"https:\/\/www.iflower.ee\/?s={search_term_string}\"},\"query-input\":{\"@type\":\"PropertyValueSpecification\",\"valueRequired\":true,\"valueName\":\"search_term_string\"}}],\"inLanguage\":\"ru-RU\"},{\"@type\":\"Organization\",\"@id\":\"https:\/\/www.iflower.ee\/#organization\",\"name\":\"iFlower\",\"url\":\"https:\/\/www.iflower.ee\/\",\"logo\":{\"@type\":\"ImageObject\",\"inLanguage\":\"ru-RU\",\"@id\":\"https:\/\/www.iflower.ee\/#\/schema\/logo\/image\/\",\"url\":\"https:\/\/www.iflower.ee\/wp-content\/uploads\/2022\/04\/iflower.png\",\"contentUrl\":\"https:\/\/www.iflower.ee\/wp-content\/uploads\/2022\/04\/iflower.png\",\"width\":248,\"height\":71,\"caption\":\"iFlower\"},\"image\":{\"@id\":\"https:\/\/www.iflower.ee\/#\/schema\/logo\/image\/\"}}]}<\/script>\n<!-- \/ Yoast SEO plugin. -->","yoast_head_json":{"title":"MOE viin 1886 + Aromatic toonik kombo - iFlower","robots":{"index":"index","follow":"follow","max-snippet":"max-snippet:-1","max-image-preview":"max-image-preview:large","max-video-preview":"max-video-preview:-1"},"canonical":"https:\/\/www.iflower.ee\/toode\/moe-viin-1886-aromatic-toonik-kombo\/","og_locale":"ru_RU","og_type":"article","og_title":"MOE viin 1886 + Aromatic toonik kombo - iFlower","og_description":"Vanim m\u00fc\u00fcgilolev Eesti viin, aastast 1893. Valmib suures osas k\u00e4sit\u00f6\u00f6na. Viin ei sisalda suhkrut ega lisaaineid. Moe viin 1886 on meie omamaise talirukki kasvatajate ja parimate piiritusemeistrite koost\u00f6\u00f6. Ainuke Eesti algallika viin. Iga pudeli algup\u00e4ra on v\u00f5imalik tuvastada kuni algallika-viljakasvatajani-spetsiaalse segu numbri abil, mis on kantud templij\u00e4ljendina pudeli etiketile.  Lisaks kombos 4 x Fever Tree Aromatic Tonic Water 0.2L  T\u00c4HELEPANU! TEGEMIST ON ALKOHOLIGA. ALKOHOL V\u00d5IB KAHJUSTADA TEIE TERVIST.","og_url":"https:\/\/www.iflower.ee\/toode\/moe-viin-1886-aromatic-toonik-kombo\/","og_site_name":"iFlower","article_modified_time":"2025-10-06T07:36:51+00:00","og_image":[{"width":1000,"height":1500,"url":"https:\/\/www.iflower.ee\/wp-content\/uploads\/2020\/10\/DSCF4960.jpg","type":"image\/jpeg"}],"twitter_card":"summary_large_image","twitter_misc":{"\u041f\u0440\u0438\u043c\u0435\u0440\u043d\u043e\u0435 \u0432\u0440\u0435\u043c\u044f \u0434\u043b\u044f \u0447\u0442\u0435\u043d\u0438\u044f":"1 \u043c\u0438\u043d\u0443\u0442\u0430"},"schema":{"@context":"https:\/\/schema.org","@graph":[{"@type":"WebPage","@id":"https:\/\/www.iflower.ee\/toode\/moe-viin-1886-aromatic-toonik-kombo\/","url":"https:\/\/www.iflower.ee\/toode\/moe-viin-1886-aromatic-toonik-kombo\/","name":"MOE viin 1886 + Aromatic toonik kombo - iFlower","isPartOf":{"@id":"https:\/\/www.iflower.ee\/#website"},"primaryImageOfPage":{"@id":"https:\/\/www.iflower.ee\/toode\/moe-viin-1886-aromatic-toonik-kombo\/#primaryimage"},"image":{"@id":"https:\/\/www.iflower.ee\/toode\/moe-viin-1886-aromatic-toonik-kombo\/#primaryimage"},"thumbnailUrl":"https:\/\/www.iflower.ee\/wp-content\/uploads\/2020\/10\/DSCF4960.jpg","datePublished":"2020-10-25T11:54:33+00:00","dateModified":"2025-10-06T07:36:51+00:00","breadcrumb":{"@id":"https:\/\/www.iflower.ee\/toode\/moe-viin-1886-aromatic-toonik-kombo\/#breadcrumb"},"inLanguage":"ru-RU","potentialAction":[{"@type":"ReadAction","target":["https:\/\/www.iflower.ee\/toode\/moe-viin-1886-aromatic-toonik-kombo\/"]}]},{"@type":"ImageObject","inLanguage":"ru-RU","@id":"https:\/\/www.iflower.ee\/toode\/moe-viin-1886-aromatic-toonik-kombo\/#primaryimage","url":"https:\/\/www.iflower.ee\/wp-content\/uploads\/2020\/10\/DSCF4960.jpg","contentUrl":"https:\/\/www.iflower.ee\/wp-content\/uploads\/2020\/10\/DSCF4960.jpg","width":1000,"height":1500},{"@type":"BreadcrumbList","@id":"https:\/\/www.iflower.ee\/toode\/moe-viin-1886-aromatic-toonik-kombo\/#breadcrumb","itemListElement":[{"@type":"ListItem","position":1,"name":"Pood","item":"https:\/\/www.iflower.ee\/pood\/"},{"@type":"ListItem","position":2,"name":"MOE viin 1886 + Aromatic toonik kombo"}]},{"@type":"WebSite","@id":"https:\/\/www.iflower.ee\/#website","url":"https:\/\/www.iflower.ee\/","name":"iFlower","description":"","publisher":{"@id":"https:\/\/www.iflower.ee\/#organization"},"potentialAction":[{"@type":"SearchAction","target":{"@type":"EntryPoint","urlTemplate":"https:\/\/www.iflower.ee\/?s={search_term_string}"},"query-input":{"@type":"PropertyValueSpecification","valueRequired":true,"valueName":"search_term_string"}}],"inLanguage":"ru-RU"},{"@type":"Organization","@id":"https:\/\/www.iflower.ee\/#organization","name":"iFlower","url":"https:\/\/www.iflower.ee\/","logo":{"@type":"ImageObject","inLanguage":"ru-RU","@id":"https:\/\/www.iflower.ee\/#\/schema\/logo\/image\/","url":"https:\/\/www.iflower.ee\/wp-content\/uploads\/2022\/04\/iflower.png","contentUrl":"https:\/\/www.iflower.ee\/wp-content\/uploads\/2022\/04\/iflower.png","width":248,"height":71,"caption":"iFlower"},"image":{"@id":"https:\/\/www.iflower.ee\/#\/schema\/logo\/image\/"}}]}},"_links":{"self":[{"href":"https:\/\/www.iflower.ee\/ru\/wp-json\/wp\/v2\/product\/19509","targetHints":{"allow":["GET"]}}],"collection":[{"href":"https:\/\/www.iflower.ee\/ru\/wp-json\/wp\/v2\/product"}],"about":[{"href":"https:\/\/www.iflower.ee\/ru\/wp-json\/wp\/v2\/types\/product"}],"wp:featuredmedia":[{"embeddable":true,"href":"https:\/\/www.iflower.ee\/ru\/wp-json\/wp\/v2\/media\/19511"}],"wp:attachment":[{"href":"https:\/\/www.iflower.ee\/ru\/wp-json\/wp\/v2\/media?parent=19509"}],"wp:term":[{"taxonomy":"product_brand","embeddable":true,"href":"https:\/\/www.iflower.ee\/ru\/wp-json\/wp\/v2\/product_brand?post=19509"},{"taxonomy":"product_cat","embeddable":true,"href":"https:\/\/www.iflower.ee\/ru\/wp-json\/wp\/v2\/product_cat?post=19509"},{"taxonomy":"product_tag","embeddable":true,"href":"https:\/\/www.iflower.ee\/ru\/wp-json\/wp\/v2\/product_tag?post=19509"}],"curies":[{"name":"wp","href":"https:\/\/api.w.org\/{rel}","templated":true}]}}