{"id":29180,"date":"2021-09-20T22:17:46","date_gmt":"2021-09-20T19:17:46","guid":{"rendered":"https:\/\/www.iflower.ee\/?post_type=product&#038;p=29180"},"modified":"2026-02-17T15:39:09","modified_gmt":"2026-02-17T13:39:09","slug":"joik-rapsivahast-lohnakuunal-piibeleht","status":"publish","type":"product","link":"https:\/\/www.iflower.ee\/ru\/toode\/joik-rapsivahast-lohnakuunal-piibeleht\/","title":{"rendered":"JOIK rapsivahast l\u00f5hnak\u00fc\u00fcnal Piibeleht"},"content":{"rendered":"","protected":false},"excerpt":{"rendered":"<p style=\"font-weight: 400;\">T\u00f5etruu piibeleht. See on v\u00e4ikeste valgete \u00f5rnade \u00f5ite l\u00f5hn, milleta suve saabumise tunne ei ole t\u00e4ielik.<\/p>\n<p style=\"font-weight: 400;\">Puhas valge klaas on stiilne igas interj\u00f6\u00f6ris.<\/p>\n<p>Selle k\u00fc\u00fcnla valmistamiseks oleme kasutatud p\u00f5hjamaist rapsivaha, mille eelised on:<\/p>\n<p>\u2022 Kasutatud rapsivaha on toodetud Euroopas, mis tagab v\u00e4iksema \u00f6koloogilise jalaj\u00e4lje t\u00e4nu v\u00e4iksemale transpordivahemaale.<\/p>\n<p>\u2022 Raps ei ole monokultuur ning selle kasvatamine ei ole keskkonnale koormav. Seda kasutatakse hoopis p\u00f5llukultuuride vaheldamiseks. Raps on tihti vahetaim enne viljak\u00fclvi.<\/p>\n<p>\u2022 Meie kasutatav rapsivaha on GMO-vaba. Euroopas on keelatud geneetiliselt muundatud p\u00f5llukultuuride kasvatamine.<\/p>\n<p>\u2022 Rapsivaha on bioloogiliselt lagunev ning pikemalt ja puhtamalt p\u00f5lev v\u00f5rreldes parafiiniga.<\/p>\n<p>\u2022 Rapsivaha on vegans\u00f5bralik<\/p>\n<p>\u2022 K\u00fc\u00fcnla p\u00f5lemisaeg 30h<\/p>\n<p>NB! Antud toodet v\u00e4ljastame vaid Tallinnast.<\/p>\n","protected":false},"featured_media":56451,"template":"","meta":{"_acf_changed":false},"product_brand":[],"product_cat":[15,266,312],"product_tag":[],"class_list":{"0":"post-29180","1":"product","2":"type-product","3":"status-publish","4":"has-post-thumbnail","6":"product_cat-kingitused","7":"product_cat-home-and-spa","8":"product_cat-uus","10":"first","11":"instock","12":"taxable","13":"shipping-taxable","14":"purchasable","15":"product-type-simple"},"acf":[],"yoast_head":"<!-- This site is optimized with the Yoast SEO plugin v26.8 - https:\/\/yoast.com\/product\/yoast-seo-wordpress\/ -->\n<title>JOIK rapsivahast l\u00f5hnak\u00fc\u00fcnal Piibeleht - iFlower<\/title>\n<meta name=\"robots\" content=\"index, follow, max-snippet:-1, max-image-preview:large, max-video-preview:-1\" \/>\n<link rel=\"canonical\" href=\"https:\/\/www.iflower.ee\/toode\/joik-rapsivahast-lohnakuunal-piibeleht\/\" \/>\n<meta property=\"og:locale\" content=\"ru_RU\" \/>\n<meta property=\"og:type\" content=\"article\" \/>\n<meta property=\"og:title\" content=\"JOIK rapsivahast l\u00f5hnak\u00fc\u00fcnal Piibeleht - iFlower\" \/>\n<meta property=\"og:description\" content=\"T\u00f5etruu piibeleht. See on v\u00e4ikeste valgete \u00f5rnade \u00f5ite l\u00f5hn, milleta suve saabumise tunne ei ole t\u00e4ielik. Puhas valge klaas on stiilne igas interj\u00f6\u00f6ris. Selle k\u00fc\u00fcnla valmistamiseks oleme kasutatud p\u00f5hjamaist rapsivaha, mille eelised on:  \u2022 Kasutatud rapsivaha on toodetud Euroopas, mis tagab v\u00e4iksema \u00f6koloogilise jalaj\u00e4lje t\u00e4nu v\u00e4iksemale transpordivahemaale.  \u2022 Raps ei ole monokultuur ning selle kasvatamine ei ole keskkonnale koormav. Seda kasutatakse hoopis p\u00f5llukultuuride vaheldamiseks. Raps on tihti vahetaim enne viljak\u00fclvi.  \u2022 Meie kasutatav rapsivaha on GMO-vaba. Euroopas on keelatud geneetiliselt muundatud p\u00f5llukultuuride kasvatamine.  \u2022 Rapsivaha on bioloogiliselt lagunev ning pikemalt ja puhtamalt p\u00f5lev v\u00f5rreldes parafiiniga.  \u2022 Rapsivaha on vegans\u00f5bralik  \u2022 K\u00fc\u00fcnla p\u00f5lemisaeg 30h  NB! Antud toodet v\u00e4ljastame vaid Tallinnast.\" \/>\n<meta property=\"og:url\" content=\"https:\/\/www.iflower.ee\/toode\/joik-rapsivahast-lohnakuunal-piibeleht\/\" \/>\n<meta property=\"og:site_name\" content=\"iFlower\" \/>\n<meta property=\"article:modified_time\" content=\"2026-02-17T13:39:09+00:00\" \/>\n<meta property=\"og:image\" content=\"https:\/\/www.iflower.ee\/wp-content\/uploads\/2021\/09\/iFlower-taust-6.png\" \/>\n\t<meta property=\"og:image:width\" content=\"1587\" \/>\n\t<meta property=\"og:image:height\" content=\"2245\" \/>\n\t<meta property=\"og:image:type\" content=\"image\/png\" \/>\n<meta name=\"twitter:card\" content=\"summary_large_image\" \/>\n<meta name=\"twitter:label1\" content=\"\u041f\u0440\u0438\u043c\u0435\u0440\u043d\u043e\u0435 \u0432\u0440\u0435\u043c\u044f \u0434\u043b\u044f \u0447\u0442\u0435\u043d\u0438\u044f\" \/>\n\t<meta name=\"twitter:data1\" content=\"1 \u043c\u0438\u043d\u0443\u0442\u0430\" \/>\n<script type=\"application\/ld+json\" class=\"yoast-schema-graph\">{\"@context\":\"https:\/\/schema.org\",\"@graph\":[{\"@type\":\"WebPage\",\"@id\":\"https:\/\/www.iflower.ee\/toode\/joik-rapsivahast-lohnakuunal-piibeleht\/\",\"url\":\"https:\/\/www.iflower.ee\/toode\/joik-rapsivahast-lohnakuunal-piibeleht\/\",\"name\":\"JOIK rapsivahast l\u00f5hnak\u00fc\u00fcnal Piibeleht - iFlower\",\"isPartOf\":{\"@id\":\"https:\/\/www.iflower.ee\/#website\"},\"primaryImageOfPage\":{\"@id\":\"https:\/\/www.iflower.ee\/toode\/joik-rapsivahast-lohnakuunal-piibeleht\/#primaryimage\"},\"image\":{\"@id\":\"https:\/\/www.iflower.ee\/toode\/joik-rapsivahast-lohnakuunal-piibeleht\/#primaryimage\"},\"thumbnailUrl\":\"https:\/\/www.iflower.ee\/wp-content\/uploads\/2021\/09\/iFlower-taust-6.png\",\"datePublished\":\"2021-09-20T19:17:46+00:00\",\"dateModified\":\"2026-02-17T13:39:09+00:00\",\"breadcrumb\":{\"@id\":\"https:\/\/www.iflower.ee\/toode\/joik-rapsivahast-lohnakuunal-piibeleht\/#breadcrumb\"},\"inLanguage\":\"ru-RU\",\"potentialAction\":[{\"@type\":\"ReadAction\",\"target\":[\"https:\/\/www.iflower.ee\/toode\/joik-rapsivahast-lohnakuunal-piibeleht\/\"]}]},{\"@type\":\"ImageObject\",\"inLanguage\":\"ru-RU\",\"@id\":\"https:\/\/www.iflower.ee\/toode\/joik-rapsivahast-lohnakuunal-piibeleht\/#primaryimage\",\"url\":\"https:\/\/www.iflower.ee\/wp-content\/uploads\/2021\/09\/iFlower-taust-6.png\",\"contentUrl\":\"https:\/\/www.iflower.ee\/wp-content\/uploads\/2021\/09\/iFlower-taust-6.png\",\"width\":1587,\"height\":2245},{\"@type\":\"BreadcrumbList\",\"@id\":\"https:\/\/www.iflower.ee\/toode\/joik-rapsivahast-lohnakuunal-piibeleht\/#breadcrumb\",\"itemListElement\":[{\"@type\":\"ListItem\",\"position\":1,\"name\":\"Pood\",\"item\":\"https:\/\/www.iflower.ee\/pood\/\"},{\"@type\":\"ListItem\",\"position\":2,\"name\":\"JOIK rapsivahast l\u00f5hnak\u00fc\u00fcnal Piibeleht\"}]},{\"@type\":\"WebSite\",\"@id\":\"https:\/\/www.iflower.ee\/#website\",\"url\":\"https:\/\/www.iflower.ee\/\",\"name\":\"iFlower\",\"description\":\"\",\"publisher\":{\"@id\":\"https:\/\/www.iflower.ee\/#organization\"},\"potentialAction\":[{\"@type\":\"SearchAction\",\"target\":{\"@type\":\"EntryPoint\",\"urlTemplate\":\"https:\/\/www.iflower.ee\/?s={search_term_string}\"},\"query-input\":{\"@type\":\"PropertyValueSpecification\",\"valueRequired\":true,\"valueName\":\"search_term_string\"}}],\"inLanguage\":\"ru-RU\"},{\"@type\":\"Organization\",\"@id\":\"https:\/\/www.iflower.ee\/#organization\",\"name\":\"iFlower\",\"url\":\"https:\/\/www.iflower.ee\/\",\"logo\":{\"@type\":\"ImageObject\",\"inLanguage\":\"ru-RU\",\"@id\":\"https:\/\/www.iflower.ee\/#\/schema\/logo\/image\/\",\"url\":\"https:\/\/www.iflower.ee\/wp-content\/uploads\/2022\/04\/iflower.png\",\"contentUrl\":\"https:\/\/www.iflower.ee\/wp-content\/uploads\/2022\/04\/iflower.png\",\"width\":248,\"height\":71,\"caption\":\"iFlower\"},\"image\":{\"@id\":\"https:\/\/www.iflower.ee\/#\/schema\/logo\/image\/\"}}]}<\/script>\n<!-- \/ Yoast SEO plugin. -->","yoast_head_json":{"title":"JOIK rapsivahast l\u00f5hnak\u00fc\u00fcnal Piibeleht - iFlower","robots":{"index":"index","follow":"follow","max-snippet":"max-snippet:-1","max-image-preview":"max-image-preview:large","max-video-preview":"max-video-preview:-1"},"canonical":"https:\/\/www.iflower.ee\/toode\/joik-rapsivahast-lohnakuunal-piibeleht\/","og_locale":"ru_RU","og_type":"article","og_title":"JOIK rapsivahast l\u00f5hnak\u00fc\u00fcnal Piibeleht - iFlower","og_description":"T\u00f5etruu piibeleht. See on v\u00e4ikeste valgete \u00f5rnade \u00f5ite l\u00f5hn, milleta suve saabumise tunne ei ole t\u00e4ielik. Puhas valge klaas on stiilne igas interj\u00f6\u00f6ris. Selle k\u00fc\u00fcnla valmistamiseks oleme kasutatud p\u00f5hjamaist rapsivaha, mille eelised on:  \u2022 Kasutatud rapsivaha on toodetud Euroopas, mis tagab v\u00e4iksema \u00f6koloogilise jalaj\u00e4lje t\u00e4nu v\u00e4iksemale transpordivahemaale.  \u2022 Raps ei ole monokultuur ning selle kasvatamine ei ole keskkonnale koormav. Seda kasutatakse hoopis p\u00f5llukultuuride vaheldamiseks. Raps on tihti vahetaim enne viljak\u00fclvi.  \u2022 Meie kasutatav rapsivaha on GMO-vaba. Euroopas on keelatud geneetiliselt muundatud p\u00f5llukultuuride kasvatamine.  \u2022 Rapsivaha on bioloogiliselt lagunev ning pikemalt ja puhtamalt p\u00f5lev v\u00f5rreldes parafiiniga.  \u2022 Rapsivaha on vegans\u00f5bralik  \u2022 K\u00fc\u00fcnla p\u00f5lemisaeg 30h  NB! Antud toodet v\u00e4ljastame vaid Tallinnast.","og_url":"https:\/\/www.iflower.ee\/toode\/joik-rapsivahast-lohnakuunal-piibeleht\/","og_site_name":"iFlower","article_modified_time":"2026-02-17T13:39:09+00:00","og_image":[{"width":1587,"height":2245,"url":"https:\/\/www.iflower.ee\/wp-content\/uploads\/2021\/09\/iFlower-taust-6.png","type":"image\/png"}],"twitter_card":"summary_large_image","twitter_misc":{"\u041f\u0440\u0438\u043c\u0435\u0440\u043d\u043e\u0435 \u0432\u0440\u0435\u043c\u044f \u0434\u043b\u044f \u0447\u0442\u0435\u043d\u0438\u044f":"1 \u043c\u0438\u043d\u0443\u0442\u0430"},"schema":{"@context":"https:\/\/schema.org","@graph":[{"@type":"WebPage","@id":"https:\/\/www.iflower.ee\/toode\/joik-rapsivahast-lohnakuunal-piibeleht\/","url":"https:\/\/www.iflower.ee\/toode\/joik-rapsivahast-lohnakuunal-piibeleht\/","name":"JOIK rapsivahast l\u00f5hnak\u00fc\u00fcnal Piibeleht - iFlower","isPartOf":{"@id":"https:\/\/www.iflower.ee\/#website"},"primaryImageOfPage":{"@id":"https:\/\/www.iflower.ee\/toode\/joik-rapsivahast-lohnakuunal-piibeleht\/#primaryimage"},"image":{"@id":"https:\/\/www.iflower.ee\/toode\/joik-rapsivahast-lohnakuunal-piibeleht\/#primaryimage"},"thumbnailUrl":"https:\/\/www.iflower.ee\/wp-content\/uploads\/2021\/09\/iFlower-taust-6.png","datePublished":"2021-09-20T19:17:46+00:00","dateModified":"2026-02-17T13:39:09+00:00","breadcrumb":{"@id":"https:\/\/www.iflower.ee\/toode\/joik-rapsivahast-lohnakuunal-piibeleht\/#breadcrumb"},"inLanguage":"ru-RU","potentialAction":[{"@type":"ReadAction","target":["https:\/\/www.iflower.ee\/toode\/joik-rapsivahast-lohnakuunal-piibeleht\/"]}]},{"@type":"ImageObject","inLanguage":"ru-RU","@id":"https:\/\/www.iflower.ee\/toode\/joik-rapsivahast-lohnakuunal-piibeleht\/#primaryimage","url":"https:\/\/www.iflower.ee\/wp-content\/uploads\/2021\/09\/iFlower-taust-6.png","contentUrl":"https:\/\/www.iflower.ee\/wp-content\/uploads\/2021\/09\/iFlower-taust-6.png","width":1587,"height":2245},{"@type":"BreadcrumbList","@id":"https:\/\/www.iflower.ee\/toode\/joik-rapsivahast-lohnakuunal-piibeleht\/#breadcrumb","itemListElement":[{"@type":"ListItem","position":1,"name":"Pood","item":"https:\/\/www.iflower.ee\/pood\/"},{"@type":"ListItem","position":2,"name":"JOIK rapsivahast l\u00f5hnak\u00fc\u00fcnal Piibeleht"}]},{"@type":"WebSite","@id":"https:\/\/www.iflower.ee\/#website","url":"https:\/\/www.iflower.ee\/","name":"iFlower","description":"","publisher":{"@id":"https:\/\/www.iflower.ee\/#organization"},"potentialAction":[{"@type":"SearchAction","target":{"@type":"EntryPoint","urlTemplate":"https:\/\/www.iflower.ee\/?s={search_term_string}"},"query-input":{"@type":"PropertyValueSpecification","valueRequired":true,"valueName":"search_term_string"}}],"inLanguage":"ru-RU"},{"@type":"Organization","@id":"https:\/\/www.iflower.ee\/#organization","name":"iFlower","url":"https:\/\/www.iflower.ee\/","logo":{"@type":"ImageObject","inLanguage":"ru-RU","@id":"https:\/\/www.iflower.ee\/#\/schema\/logo\/image\/","url":"https:\/\/www.iflower.ee\/wp-content\/uploads\/2022\/04\/iflower.png","contentUrl":"https:\/\/www.iflower.ee\/wp-content\/uploads\/2022\/04\/iflower.png","width":248,"height":71,"caption":"iFlower"},"image":{"@id":"https:\/\/www.iflower.ee\/#\/schema\/logo\/image\/"}}]}},"_links":{"self":[{"href":"https:\/\/www.iflower.ee\/ru\/wp-json\/wp\/v2\/product\/29180","targetHints":{"allow":["GET"]}}],"collection":[{"href":"https:\/\/www.iflower.ee\/ru\/wp-json\/wp\/v2\/product"}],"about":[{"href":"https:\/\/www.iflower.ee\/ru\/wp-json\/wp\/v2\/types\/product"}],"wp:featuredmedia":[{"embeddable":true,"href":"https:\/\/www.iflower.ee\/ru\/wp-json\/wp\/v2\/media\/56451"}],"wp:attachment":[{"href":"https:\/\/www.iflower.ee\/ru\/wp-json\/wp\/v2\/media?parent=29180"}],"wp:term":[{"taxonomy":"product_brand","embeddable":true,"href":"https:\/\/www.iflower.ee\/ru\/wp-json\/wp\/v2\/product_brand?post=29180"},{"taxonomy":"product_cat","embeddable":true,"href":"https:\/\/www.iflower.ee\/ru\/wp-json\/wp\/v2\/product_cat?post=29180"},{"taxonomy":"product_tag","embeddable":true,"href":"https:\/\/www.iflower.ee\/ru\/wp-json\/wp\/v2\/product_tag?post=29180"}],"curies":[{"name":"wp","href":"https:\/\/api.w.org\/{rel}","templated":true}]}}