{"id":61751,"date":"2026-04-16T16:57:35","date_gmt":"2026-04-16T13:57:35","guid":{"rendered":"https:\/\/www.iflower.ee\/?post_type=product&#038;p=61751"},"modified":"2026-04-20T11:19:15","modified_gmt":"2026-04-20T08:19:15","slug":"sartsakas-pruudikimp","status":"publish","type":"product","link":"https:\/\/www.iflower.ee\/ru\/toode\/sartsakas-pruudikimp\/","title":{"rendered":"S\u00e4rtsakas pruudikimp"},"content":{"rendered":"","protected":false},"excerpt":{"rendered":"<p>Julge ja r\u00f5\u00f5msameelne valik pruudile, kes soovib oma p\u00e4eva lisada v\u00e4rve ja energiat. Selles kimbus saavad kokku s\u00e4rtsakad nelgid, \u00f5rnad preeriakellad ja \u00f5huline astilbe, luues kauni ning m\u00e4ngulise terviku. Komplekti kuulub ka sobiv rinnan\u00f5el peigmehele.<\/p>\n<p><strong>NB! Pruudikimpude ettetellimise aeg on v\u00e4hemalt 3 t\u00f6\u00f6p\u00e4eva. Kulleriga kohaletoimetamine toimub esmasp\u00e4evast reedeni \u00fcle Eesti. N\u00e4dalavahetustel on v\u00f5imalik pruudikimpe ja teisi pulmat\u00f6id k\u00e4tte saada ainult Tallinnas \u2013 kas ise meie esindusse j\u00e4rgi tulles v\u00f5i kulleriga tellides.<\/strong><\/p>\n","protected":false},"featured_media":61752,"template":"","meta":{"_acf_changed":false},"product_brand":[],"product_cat":[465,577,14,13],"product_tag":[],"class_list":{"0":"post-61751","1":"product","2":"type-product","3":"status-publish","4":"has-post-thumbnail","6":"product_cat-koik-kimbud","7":"product_cat-pulmakimbud","8":"product_cat-lillekimbud","9":"product_cat-sundmuseks","11":"first","12":"instock","13":"taxable","14":"shipping-taxable","15":"purchasable","16":"product-type-simple"},"acf":[],"yoast_head":"<!-- This site is optimized with the Yoast SEO plugin v26.8 - https:\/\/yoast.com\/product\/yoast-seo-wordpress\/ -->\n<title>S\u00e4rtsakas pruudikimp - iFlower<\/title>\n<meta name=\"description\" content=\"S\u00e4rtsakas pruudikimp nelkide, preeriakellade ja astilbega. Julge ja v\u00e4rviline valik Sinu pulmap\u00e4evaks. Komplektis sisaldub ka peigmehe rinnan\u00f5el!\" \/>\n<meta name=\"robots\" content=\"index, follow, max-snippet:-1, max-image-preview:large, max-video-preview:-1\" \/>\n<link rel=\"canonical\" href=\"https:\/\/www.iflower.ee\/toode\/sartsakas-pruudikimp\/\" \/>\n<meta property=\"og:locale\" content=\"ru_RU\" \/>\n<meta property=\"og:type\" content=\"article\" \/>\n<meta property=\"og:title\" content=\"S\u00e4rtsakas pruudikimp - iFlower\" \/>\n<meta property=\"og:description\" content=\"S\u00e4rtsakas pruudikimp nelkide, preeriakellade ja astilbega. Julge ja v\u00e4rviline valik Sinu pulmap\u00e4evaks. Komplektis sisaldub ka peigmehe rinnan\u00f5el!\" \/>\n<meta property=\"og:url\" content=\"https:\/\/www.iflower.ee\/toode\/sartsakas-pruudikimp\/\" \/>\n<meta property=\"og:site_name\" content=\"iFlower\" \/>\n<meta property=\"article:modified_time\" content=\"2026-04-20T08:19:15+00:00\" \/>\n<meta property=\"og:image\" content=\"https:\/\/www.iflower.ee\/wp-content\/uploads\/2026\/04\/eLpyyT0g.jpeg\" \/>\n\t<meta property=\"og:image:width\" content=\"800\" \/>\n\t<meta property=\"og:image:height\" content=\"1199\" \/>\n\t<meta property=\"og:image:type\" content=\"image\/jpeg\" \/>\n<meta name=\"twitter:card\" content=\"summary_large_image\" \/>\n<meta name=\"twitter:label1\" content=\"\u041f\u0440\u0438\u043c\u0435\u0440\u043d\u043e\u0435 \u0432\u0440\u0435\u043c\u044f \u0434\u043b\u044f \u0447\u0442\u0435\u043d\u0438\u044f\" \/>\n\t<meta name=\"twitter:data1\" content=\"1 \u043c\u0438\u043d\u0443\u0442\u0430\" \/>\n<script type=\"application\/ld+json\" class=\"yoast-schema-graph\">{\"@context\":\"https:\/\/schema.org\",\"@graph\":[{\"@type\":\"WebPage\",\"@id\":\"https:\/\/www.iflower.ee\/toode\/sartsakas-pruudikimp\/\",\"url\":\"https:\/\/www.iflower.ee\/toode\/sartsakas-pruudikimp\/\",\"name\":\"S\u00e4rtsakas pruudikimp - iFlower\",\"isPartOf\":{\"@id\":\"https:\/\/www.iflower.ee\/#website\"},\"primaryImageOfPage\":{\"@id\":\"https:\/\/www.iflower.ee\/toode\/sartsakas-pruudikimp\/#primaryimage\"},\"image\":{\"@id\":\"https:\/\/www.iflower.ee\/toode\/sartsakas-pruudikimp\/#primaryimage\"},\"thumbnailUrl\":\"https:\/\/www.iflower.ee\/wp-content\/uploads\/2026\/04\/eLpyyT0g.jpeg\",\"datePublished\":\"2026-04-16T13:57:35+00:00\",\"dateModified\":\"2026-04-20T08:19:15+00:00\",\"description\":\"S\u00e4rtsakas pruudikimp nelkide, preeriakellade ja astilbega. Julge ja v\u00e4rviline valik Sinu pulmap\u00e4evaks. Komplektis sisaldub ka peigmehe rinnan\u00f5el!\",\"breadcrumb\":{\"@id\":\"https:\/\/www.iflower.ee\/toode\/sartsakas-pruudikimp\/#breadcrumb\"},\"inLanguage\":\"ru-RU\",\"potentialAction\":[{\"@type\":\"ReadAction\",\"target\":[\"https:\/\/www.iflower.ee\/toode\/sartsakas-pruudikimp\/\"]}]},{\"@type\":\"ImageObject\",\"inLanguage\":\"ru-RU\",\"@id\":\"https:\/\/www.iflower.ee\/toode\/sartsakas-pruudikimp\/#primaryimage\",\"url\":\"https:\/\/www.iflower.ee\/wp-content\/uploads\/2026\/04\/eLpyyT0g.jpeg\",\"contentUrl\":\"https:\/\/www.iflower.ee\/wp-content\/uploads\/2026\/04\/eLpyyT0g.jpeg\",\"width\":800,\"height\":1199},{\"@type\":\"BreadcrumbList\",\"@id\":\"https:\/\/www.iflower.ee\/toode\/sartsakas-pruudikimp\/#breadcrumb\",\"itemListElement\":[{\"@type\":\"ListItem\",\"position\":1,\"name\":\"Pood\",\"item\":\"https:\/\/www.iflower.ee\/pood\/\"},{\"@type\":\"ListItem\",\"position\":2,\"name\":\"S\u00e4rtsakas pruudikimp\"}]},{\"@type\":\"WebSite\",\"@id\":\"https:\/\/www.iflower.ee\/#website\",\"url\":\"https:\/\/www.iflower.ee\/\",\"name\":\"iFlower\",\"description\":\"\",\"publisher\":{\"@id\":\"https:\/\/www.iflower.ee\/#organization\"},\"potentialAction\":[{\"@type\":\"SearchAction\",\"target\":{\"@type\":\"EntryPoint\",\"urlTemplate\":\"https:\/\/www.iflower.ee\/?s={search_term_string}\"},\"query-input\":{\"@type\":\"PropertyValueSpecification\",\"valueRequired\":true,\"valueName\":\"search_term_string\"}}],\"inLanguage\":\"ru-RU\"},{\"@type\":\"Organization\",\"@id\":\"https:\/\/www.iflower.ee\/#organization\",\"name\":\"iFlower\",\"url\":\"https:\/\/www.iflower.ee\/\",\"logo\":{\"@type\":\"ImageObject\",\"inLanguage\":\"ru-RU\",\"@id\":\"https:\/\/www.iflower.ee\/#\/schema\/logo\/image\/\",\"url\":\"https:\/\/www.iflower.ee\/wp-content\/uploads\/2022\/04\/iflower.png\",\"contentUrl\":\"https:\/\/www.iflower.ee\/wp-content\/uploads\/2022\/04\/iflower.png\",\"width\":248,\"height\":71,\"caption\":\"iFlower\"},\"image\":{\"@id\":\"https:\/\/www.iflower.ee\/#\/schema\/logo\/image\/\"}}]}<\/script>\n<!-- \/ Yoast SEO plugin. -->","yoast_head_json":{"title":"S\u00e4rtsakas pruudikimp - iFlower","description":"S\u00e4rtsakas pruudikimp nelkide, preeriakellade ja astilbega. Julge ja v\u00e4rviline valik Sinu pulmap\u00e4evaks. Komplektis sisaldub ka peigmehe rinnan\u00f5el!","robots":{"index":"index","follow":"follow","max-snippet":"max-snippet:-1","max-image-preview":"max-image-preview:large","max-video-preview":"max-video-preview:-1"},"canonical":"https:\/\/www.iflower.ee\/toode\/sartsakas-pruudikimp\/","og_locale":"ru_RU","og_type":"article","og_title":"S\u00e4rtsakas pruudikimp - iFlower","og_description":"S\u00e4rtsakas pruudikimp nelkide, preeriakellade ja astilbega. Julge ja v\u00e4rviline valik Sinu pulmap\u00e4evaks. Komplektis sisaldub ka peigmehe rinnan\u00f5el!","og_url":"https:\/\/www.iflower.ee\/toode\/sartsakas-pruudikimp\/","og_site_name":"iFlower","article_modified_time":"2026-04-20T08:19:15+00:00","og_image":[{"width":800,"height":1199,"url":"https:\/\/www.iflower.ee\/wp-content\/uploads\/2026\/04\/eLpyyT0g.jpeg","type":"image\/jpeg"}],"twitter_card":"summary_large_image","twitter_misc":{"\u041f\u0440\u0438\u043c\u0435\u0440\u043d\u043e\u0435 \u0432\u0440\u0435\u043c\u044f \u0434\u043b\u044f \u0447\u0442\u0435\u043d\u0438\u044f":"1 \u043c\u0438\u043d\u0443\u0442\u0430"},"schema":{"@context":"https:\/\/schema.org","@graph":[{"@type":"WebPage","@id":"https:\/\/www.iflower.ee\/toode\/sartsakas-pruudikimp\/","url":"https:\/\/www.iflower.ee\/toode\/sartsakas-pruudikimp\/","name":"S\u00e4rtsakas pruudikimp - iFlower","isPartOf":{"@id":"https:\/\/www.iflower.ee\/#website"},"primaryImageOfPage":{"@id":"https:\/\/www.iflower.ee\/toode\/sartsakas-pruudikimp\/#primaryimage"},"image":{"@id":"https:\/\/www.iflower.ee\/toode\/sartsakas-pruudikimp\/#primaryimage"},"thumbnailUrl":"https:\/\/www.iflower.ee\/wp-content\/uploads\/2026\/04\/eLpyyT0g.jpeg","datePublished":"2026-04-16T13:57:35+00:00","dateModified":"2026-04-20T08:19:15+00:00","description":"S\u00e4rtsakas pruudikimp nelkide, preeriakellade ja astilbega. Julge ja v\u00e4rviline valik Sinu pulmap\u00e4evaks. Komplektis sisaldub ka peigmehe rinnan\u00f5el!","breadcrumb":{"@id":"https:\/\/www.iflower.ee\/toode\/sartsakas-pruudikimp\/#breadcrumb"},"inLanguage":"ru-RU","potentialAction":[{"@type":"ReadAction","target":["https:\/\/www.iflower.ee\/toode\/sartsakas-pruudikimp\/"]}]},{"@type":"ImageObject","inLanguage":"ru-RU","@id":"https:\/\/www.iflower.ee\/toode\/sartsakas-pruudikimp\/#primaryimage","url":"https:\/\/www.iflower.ee\/wp-content\/uploads\/2026\/04\/eLpyyT0g.jpeg","contentUrl":"https:\/\/www.iflower.ee\/wp-content\/uploads\/2026\/04\/eLpyyT0g.jpeg","width":800,"height":1199},{"@type":"BreadcrumbList","@id":"https:\/\/www.iflower.ee\/toode\/sartsakas-pruudikimp\/#breadcrumb","itemListElement":[{"@type":"ListItem","position":1,"name":"Pood","item":"https:\/\/www.iflower.ee\/pood\/"},{"@type":"ListItem","position":2,"name":"S\u00e4rtsakas pruudikimp"}]},{"@type":"WebSite","@id":"https:\/\/www.iflower.ee\/#website","url":"https:\/\/www.iflower.ee\/","name":"iFlower","description":"","publisher":{"@id":"https:\/\/www.iflower.ee\/#organization"},"potentialAction":[{"@type":"SearchAction","target":{"@type":"EntryPoint","urlTemplate":"https:\/\/www.iflower.ee\/?s={search_term_string}"},"query-input":{"@type":"PropertyValueSpecification","valueRequired":true,"valueName":"search_term_string"}}],"inLanguage":"ru-RU"},{"@type":"Organization","@id":"https:\/\/www.iflower.ee\/#organization","name":"iFlower","url":"https:\/\/www.iflower.ee\/","logo":{"@type":"ImageObject","inLanguage":"ru-RU","@id":"https:\/\/www.iflower.ee\/#\/schema\/logo\/image\/","url":"https:\/\/www.iflower.ee\/wp-content\/uploads\/2022\/04\/iflower.png","contentUrl":"https:\/\/www.iflower.ee\/wp-content\/uploads\/2022\/04\/iflower.png","width":248,"height":71,"caption":"iFlower"},"image":{"@id":"https:\/\/www.iflower.ee\/#\/schema\/logo\/image\/"}}]}},"_links":{"self":[{"href":"https:\/\/www.iflower.ee\/ru\/wp-json\/wp\/v2\/product\/61751","targetHints":{"allow":["GET"]}}],"collection":[{"href":"https:\/\/www.iflower.ee\/ru\/wp-json\/wp\/v2\/product"}],"about":[{"href":"https:\/\/www.iflower.ee\/ru\/wp-json\/wp\/v2\/types\/product"}],"wp:featuredmedia":[{"embeddable":true,"href":"https:\/\/www.iflower.ee\/ru\/wp-json\/wp\/v2\/media\/61752"}],"wp:attachment":[{"href":"https:\/\/www.iflower.ee\/ru\/wp-json\/wp\/v2\/media?parent=61751"}],"wp:term":[{"taxonomy":"product_brand","embeddable":true,"href":"https:\/\/www.iflower.ee\/ru\/wp-json\/wp\/v2\/product_brand?post=61751"},{"taxonomy":"product_cat","embeddable":true,"href":"https:\/\/www.iflower.ee\/ru\/wp-json\/wp\/v2\/product_cat?post=61751"},{"taxonomy":"product_tag","embeddable":true,"href":"https:\/\/www.iflower.ee\/ru\/wp-json\/wp\/v2\/product_tag?post=61751"}],"curies":[{"name":"wp","href":"https:\/\/api.w.org\/{rel}","templated":true}]}}