{"id":62076,"date":"2026-04-22T13:07:03","date_gmt":"2026-04-22T10:07:03","guid":{"rendered":"https:\/\/www.iflower.ee\/?post_type=product&#038;p=62076"},"modified":"2026-04-22T13:20:06","modified_gmt":"2026-04-22T10:20:06","slug":"hobedast-korvarongad-two-piece-earrings","status":"publish","type":"product","link":"https:\/\/www.iflower.ee\/ru\/toode\/hobedast-korvarongad-two-piece-earrings\/","title":{"rendered":"H\u00f5bedast k\u00f5rvar\u00f5ngad &#171;Two-piece Earrings&#187;"},"content":{"rendered":"","protected":false},"excerpt":{"rendered":"<p data-path-to-node=\"2\">Kingi emale sel emadep\u00e4eval kordumatu m\u00e4lestus. K\u00f5rvar\u00f5ngaste &#171;Two-piece Earrings&#187; disain koosneb kahest osast \u2013 nende nutikas kaheosaline disain v\u00f5imaldab luua erinevad stiilid, j\u00e4\u00e4des minimalistlikuks ja v\u00e4ljapeetuks. VEEL ehted on loodud naisele, kes hindab kvaliteeti ja diskreetset s\u00e4ra. Selles disainis on kasutatud j\u00e4tkusuutlikku 925 sterlingh\u00f5bedat, mis on saadud enne ja p\u00e4rast turustamist tekkinud j\u00e4\u00e4tmetest ning kaetud roodimuga. Roodiumiga kaetud ehted on l\u00e4ikivad, veekindlad ja kriimustuskindlad. Kandmisel tekkiv kulu on tavap\u00e4rane.<br \/>\nEhted on k\u00e4sit\u00f6\u00f6na valminud koost\u00f6\u00f6s Eesti vanima ja ainsa ehetetootajaga.<\/p>\n<p data-path-to-node=\"3\">L\u00e4bim\u00f5\u00f5t: 1,7 cm<br data-start=\"170\" data-end=\"173\" \/>Kogukaal: 6,3 g<br data-start=\"188\" data-end=\"191\" \/>Kinnitus: liblikkinnitused<\/p>\n<p data-path-to-node=\"3\"><em>Palun arvesta, et kaal v\u00f5ib veidi varieeruda, kuna iga ese on k\u00e4sitsi valmistatud.<\/em><\/p>\n","protected":false},"featured_media":62082,"template":"","meta":{"_acf_changed":false},"product_brand":[],"product_cat":[586,312],"product_tag":[],"class_list":{"0":"post-62076","1":"product","2":"type-product","3":"status-publish","4":"has-post-thumbnail","6":"product_cat-iflower-x-veel-jewelry","7":"product_cat-uus","9":"first","10":"instock","11":"taxable","12":"shipping-taxable","13":"purchasable","14":"product-type-simple"},"acf":[],"yoast_head":"<!-- This site is optimized with the Yoast SEO plugin v26.8 - https:\/\/yoast.com\/product\/yoast-seo-wordpress\/ -->\n<title>H\u00f5bedast k\u00f5rvar\u00f5ngad &quot;Two-piece Earrings&quot; - iFlower<\/title>\n<meta name=\"description\" content=\"Eestis k\u00e4sit\u00f6\u00f6na valminud nutika disainiga h\u00f5bek\u00f5rvar\u00f5ngad &quot;Two-piece Earrings&quot;. Minimalistlik 925 h\u00f5be ja unikaalne vorm. Telli koos iFloweri lilledega!\" \/>\n<meta name=\"robots\" content=\"index, follow, max-snippet:-1, max-image-preview:large, max-video-preview:-1\" \/>\n<link rel=\"canonical\" href=\"https:\/\/www.iflower.ee\/toode\/hobedast-korvarongad-two-piece-earrings\/\" \/>\n<meta property=\"og:locale\" content=\"ru_RU\" \/>\n<meta property=\"og:type\" content=\"article\" \/>\n<meta property=\"og:title\" content=\"H\u00f5bedast k\u00f5rvar\u00f5ngad &quot;Two-piece Earrings&quot; - iFlower\" \/>\n<meta property=\"og:description\" content=\"Eestis k\u00e4sit\u00f6\u00f6na valminud nutika disainiga h\u00f5bek\u00f5rvar\u00f5ngad &quot;Two-piece Earrings&quot;. Minimalistlik 925 h\u00f5be ja unikaalne vorm. Telli koos iFloweri lilledega!\" \/>\n<meta property=\"og:url\" content=\"https:\/\/www.iflower.ee\/toode\/hobedast-korvarongad-two-piece-earrings\/\" \/>\n<meta property=\"og:site_name\" content=\"iFlower\" \/>\n<meta property=\"article:modified_time\" content=\"2026-04-22T10:20:06+00:00\" \/>\n<meta property=\"og:image\" content=\"https:\/\/www.iflower.ee\/wp-content\/uploads\/2026\/04\/G4be649g.jpeg\" \/>\n\t<meta property=\"og:image:width\" content=\"800\" \/>\n\t<meta property=\"og:image:height\" content=\"1199\" \/>\n\t<meta property=\"og:image:type\" content=\"image\/jpeg\" \/>\n<meta name=\"twitter:card\" content=\"summary_large_image\" \/>\n<script type=\"application\/ld+json\" class=\"yoast-schema-graph\">{\"@context\":\"https:\/\/schema.org\",\"@graph\":[{\"@type\":\"WebPage\",\"@id\":\"https:\/\/www.iflower.ee\/toode\/hobedast-korvarongad-two-piece-earrings\/\",\"url\":\"https:\/\/www.iflower.ee\/toode\/hobedast-korvarongad-two-piece-earrings\/\",\"name\":\"H\u00f5bedast k\u00f5rvar\u00f5ngad \\\"Two-piece Earrings\\\" - iFlower\",\"isPartOf\":{\"@id\":\"https:\/\/www.iflower.ee\/#website\"},\"primaryImageOfPage\":{\"@id\":\"https:\/\/www.iflower.ee\/toode\/hobedast-korvarongad-two-piece-earrings\/#primaryimage\"},\"image\":{\"@id\":\"https:\/\/www.iflower.ee\/toode\/hobedast-korvarongad-two-piece-earrings\/#primaryimage\"},\"thumbnailUrl\":\"https:\/\/www.iflower.ee\/wp-content\/uploads\/2026\/04\/G4be649g.jpeg\",\"datePublished\":\"2026-04-22T10:07:03+00:00\",\"dateModified\":\"2026-04-22T10:20:06+00:00\",\"description\":\"Eestis k\u00e4sit\u00f6\u00f6na valminud nutika disainiga h\u00f5bek\u00f5rvar\u00f5ngad \\\"Two-piece Earrings\\\". Minimalistlik 925 h\u00f5be ja unikaalne vorm. Telli koos iFloweri lilledega!\",\"breadcrumb\":{\"@id\":\"https:\/\/www.iflower.ee\/toode\/hobedast-korvarongad-two-piece-earrings\/#breadcrumb\"},\"inLanguage\":\"ru-RU\",\"potentialAction\":[{\"@type\":\"ReadAction\",\"target\":[\"https:\/\/www.iflower.ee\/toode\/hobedast-korvarongad-two-piece-earrings\/\"]}]},{\"@type\":\"ImageObject\",\"inLanguage\":\"ru-RU\",\"@id\":\"https:\/\/www.iflower.ee\/toode\/hobedast-korvarongad-two-piece-earrings\/#primaryimage\",\"url\":\"https:\/\/www.iflower.ee\/wp-content\/uploads\/2026\/04\/G4be649g.jpeg\",\"contentUrl\":\"https:\/\/www.iflower.ee\/wp-content\/uploads\/2026\/04\/G4be649g.jpeg\",\"width\":800,\"height\":1199},{\"@type\":\"BreadcrumbList\",\"@id\":\"https:\/\/www.iflower.ee\/toode\/hobedast-korvarongad-two-piece-earrings\/#breadcrumb\",\"itemListElement\":[{\"@type\":\"ListItem\",\"position\":1,\"name\":\"Pood\",\"item\":\"https:\/\/www.iflower.ee\/pood\/\"},{\"@type\":\"ListItem\",\"position\":2,\"name\":\"H\u00f5bedast k\u00f5rvar\u00f5ngad &#8220;Two-piece Earrings&#8221;\"}]},{\"@type\":\"WebSite\",\"@id\":\"https:\/\/www.iflower.ee\/#website\",\"url\":\"https:\/\/www.iflower.ee\/\",\"name\":\"iFlower\",\"description\":\"\",\"publisher\":{\"@id\":\"https:\/\/www.iflower.ee\/#organization\"},\"potentialAction\":[{\"@type\":\"SearchAction\",\"target\":{\"@type\":\"EntryPoint\",\"urlTemplate\":\"https:\/\/www.iflower.ee\/?s={search_term_string}\"},\"query-input\":{\"@type\":\"PropertyValueSpecification\",\"valueRequired\":true,\"valueName\":\"search_term_string\"}}],\"inLanguage\":\"ru-RU\"},{\"@type\":\"Organization\",\"@id\":\"https:\/\/www.iflower.ee\/#organization\",\"name\":\"iFlower\",\"url\":\"https:\/\/www.iflower.ee\/\",\"logo\":{\"@type\":\"ImageObject\",\"inLanguage\":\"ru-RU\",\"@id\":\"https:\/\/www.iflower.ee\/#\/schema\/logo\/image\/\",\"url\":\"https:\/\/www.iflower.ee\/wp-content\/uploads\/2022\/04\/iflower.png\",\"contentUrl\":\"https:\/\/www.iflower.ee\/wp-content\/uploads\/2022\/04\/iflower.png\",\"width\":248,\"height\":71,\"caption\":\"iFlower\"},\"image\":{\"@id\":\"https:\/\/www.iflower.ee\/#\/schema\/logo\/image\/\"}}]}<\/script>\n<!-- \/ Yoast SEO plugin. -->","yoast_head_json":{"title":"H\u00f5bedast k\u00f5rvar\u00f5ngad \"Two-piece Earrings\" - iFlower","description":"Eestis k\u00e4sit\u00f6\u00f6na valminud nutika disainiga h\u00f5bek\u00f5rvar\u00f5ngad \"Two-piece Earrings\". Minimalistlik 925 h\u00f5be ja unikaalne vorm. Telli koos iFloweri lilledega!","robots":{"index":"index","follow":"follow","max-snippet":"max-snippet:-1","max-image-preview":"max-image-preview:large","max-video-preview":"max-video-preview:-1"},"canonical":"https:\/\/www.iflower.ee\/toode\/hobedast-korvarongad-two-piece-earrings\/","og_locale":"ru_RU","og_type":"article","og_title":"H\u00f5bedast k\u00f5rvar\u00f5ngad \"Two-piece Earrings\" - iFlower","og_description":"Eestis k\u00e4sit\u00f6\u00f6na valminud nutika disainiga h\u00f5bek\u00f5rvar\u00f5ngad \"Two-piece Earrings\". Minimalistlik 925 h\u00f5be ja unikaalne vorm. Telli koos iFloweri lilledega!","og_url":"https:\/\/www.iflower.ee\/toode\/hobedast-korvarongad-two-piece-earrings\/","og_site_name":"iFlower","article_modified_time":"2026-04-22T10:20:06+00:00","og_image":[{"width":800,"height":1199,"url":"https:\/\/www.iflower.ee\/wp-content\/uploads\/2026\/04\/G4be649g.jpeg","type":"image\/jpeg"}],"twitter_card":"summary_large_image","schema":{"@context":"https:\/\/schema.org","@graph":[{"@type":"WebPage","@id":"https:\/\/www.iflower.ee\/toode\/hobedast-korvarongad-two-piece-earrings\/","url":"https:\/\/www.iflower.ee\/toode\/hobedast-korvarongad-two-piece-earrings\/","name":"H\u00f5bedast k\u00f5rvar\u00f5ngad \"Two-piece Earrings\" - iFlower","isPartOf":{"@id":"https:\/\/www.iflower.ee\/#website"},"primaryImageOfPage":{"@id":"https:\/\/www.iflower.ee\/toode\/hobedast-korvarongad-two-piece-earrings\/#primaryimage"},"image":{"@id":"https:\/\/www.iflower.ee\/toode\/hobedast-korvarongad-two-piece-earrings\/#primaryimage"},"thumbnailUrl":"https:\/\/www.iflower.ee\/wp-content\/uploads\/2026\/04\/G4be649g.jpeg","datePublished":"2026-04-22T10:07:03+00:00","dateModified":"2026-04-22T10:20:06+00:00","description":"Eestis k\u00e4sit\u00f6\u00f6na valminud nutika disainiga h\u00f5bek\u00f5rvar\u00f5ngad \"Two-piece Earrings\". Minimalistlik 925 h\u00f5be ja unikaalne vorm. Telli koos iFloweri lilledega!","breadcrumb":{"@id":"https:\/\/www.iflower.ee\/toode\/hobedast-korvarongad-two-piece-earrings\/#breadcrumb"},"inLanguage":"ru-RU","potentialAction":[{"@type":"ReadAction","target":["https:\/\/www.iflower.ee\/toode\/hobedast-korvarongad-two-piece-earrings\/"]}]},{"@type":"ImageObject","inLanguage":"ru-RU","@id":"https:\/\/www.iflower.ee\/toode\/hobedast-korvarongad-two-piece-earrings\/#primaryimage","url":"https:\/\/www.iflower.ee\/wp-content\/uploads\/2026\/04\/G4be649g.jpeg","contentUrl":"https:\/\/www.iflower.ee\/wp-content\/uploads\/2026\/04\/G4be649g.jpeg","width":800,"height":1199},{"@type":"BreadcrumbList","@id":"https:\/\/www.iflower.ee\/toode\/hobedast-korvarongad-two-piece-earrings\/#breadcrumb","itemListElement":[{"@type":"ListItem","position":1,"name":"Pood","item":"https:\/\/www.iflower.ee\/pood\/"},{"@type":"ListItem","position":2,"name":"H\u00f5bedast k\u00f5rvar\u00f5ngad &#8220;Two-piece Earrings&#8221;"}]},{"@type":"WebSite","@id":"https:\/\/www.iflower.ee\/#website","url":"https:\/\/www.iflower.ee\/","name":"iFlower","description":"","publisher":{"@id":"https:\/\/www.iflower.ee\/#organization"},"potentialAction":[{"@type":"SearchAction","target":{"@type":"EntryPoint","urlTemplate":"https:\/\/www.iflower.ee\/?s={search_term_string}"},"query-input":{"@type":"PropertyValueSpecification","valueRequired":true,"valueName":"search_term_string"}}],"inLanguage":"ru-RU"},{"@type":"Organization","@id":"https:\/\/www.iflower.ee\/#organization","name":"iFlower","url":"https:\/\/www.iflower.ee\/","logo":{"@type":"ImageObject","inLanguage":"ru-RU","@id":"https:\/\/www.iflower.ee\/#\/schema\/logo\/image\/","url":"https:\/\/www.iflower.ee\/wp-content\/uploads\/2022\/04\/iflower.png","contentUrl":"https:\/\/www.iflower.ee\/wp-content\/uploads\/2022\/04\/iflower.png","width":248,"height":71,"caption":"iFlower"},"image":{"@id":"https:\/\/www.iflower.ee\/#\/schema\/logo\/image\/"}}]}},"_links":{"self":[{"href":"https:\/\/www.iflower.ee\/ru\/wp-json\/wp\/v2\/product\/62076","targetHints":{"allow":["GET"]}}],"collection":[{"href":"https:\/\/www.iflower.ee\/ru\/wp-json\/wp\/v2\/product"}],"about":[{"href":"https:\/\/www.iflower.ee\/ru\/wp-json\/wp\/v2\/types\/product"}],"wp:featuredmedia":[{"embeddable":true,"href":"https:\/\/www.iflower.ee\/ru\/wp-json\/wp\/v2\/media\/62082"}],"wp:attachment":[{"href":"https:\/\/www.iflower.ee\/ru\/wp-json\/wp\/v2\/media?parent=62076"}],"wp:term":[{"taxonomy":"product_brand","embeddable":true,"href":"https:\/\/www.iflower.ee\/ru\/wp-json\/wp\/v2\/product_brand?post=62076"},{"taxonomy":"product_cat","embeddable":true,"href":"https:\/\/www.iflower.ee\/ru\/wp-json\/wp\/v2\/product_cat?post=62076"},{"taxonomy":"product_tag","embeddable":true,"href":"https:\/\/www.iflower.ee\/ru\/wp-json\/wp\/v2\/product_tag?post=62076"}],"curies":[{"name":"wp","href":"https:\/\/api.w.org\/{rel}","templated":true}]}}