{"id":9994,"date":"2019-09-11T13:27:59","date_gmt":"2019-09-11T10:27:59","guid":{"rendered":"https:\/\/www.iflower.ee\/?post_type=product&#038;p=9994"},"modified":"2025-10-16T11:23:09","modified_gmt":"2025-10-16T08:23:09","slug":"vaiksele-tudrukule","status":"publish","type":"product","link":"https:\/\/www.iflower.ee\/ru\/toode\/vaiksele-tudrukule\/","title":{"rendered":"V\u00e4ikesele t\u00fcdrukule"},"content":{"rendered":"","protected":false},"excerpt":{"rendered":"<p>Toode koosnev L suuruses (14 roosi) uinuvate roosidega karbist ja v\u00e4ikesest karust.<\/p>\n<p>Uinuvad roosid on 100% naturaalsed ja looduslikud roosid, mis \u00f5ige hoolduse korral s\u00e4ilivad kuni 1 aasta. Roosid viiakse stabiilsesse olekusse ja s\u00e4ilitatakse spetsiaalse tehnoloogia abil. Roosidest eemaldatakse loomulik niiskus ja see asendatakse gl\u00fctseriiniga. Antud protsess tagab selle, et roos s\u00e4ilitab oma loomuliku v\u00e4limuse ja kuju. Roose t\u00f6\u00f6deldakse taimsete ja biolagunevate vedelikega. M\u00fcrgiseid koostisosi ei kasutata.<\/p>\n<p>Uinuvate rooside s\u00e4ilimiseks ei tohi neid kasta, asetada otsese p\u00e4ikesevalguse k\u00e4tte, asetada midagi lillede peale ega eemaldada neid karbist. Lille tohib hoia ainult siseruumidest ja tolmu eemaldada v\u00e4ga \u00f5rnalt.<\/p>\n<p>NB! Antud toodet saab hetkel tellida samaks p\u00e4evaks Tallinna ja selle l\u00e4hi\u00fcmbrusesse. Tartu, P\u00e4rnu, Narva, Rakvere, K\u00e4rdla, J\u00f5hvi, Paide ja Viljandi ning nende l\u00e4hi\u00fcmbrusesse saab tellida j\u00e4rgmiseks p\u00e4evaks.<\/p>\n","protected":false},"featured_media":9814,"template":"","meta":{"_acf_changed":false},"product_brand":[],"product_cat":[58,260],"product_tag":[],"class_list":{"0":"post-9994","1":"product","2":"type-product","3":"status-publish","4":"has-post-thumbnail","6":"product_cat-lapse-sund","7":"product_cat-uinuvad-roosid","9":"first","10":"instock","11":"taxable","12":"shipping-taxable","13":"purchasable","14":"product-type-simple"},"acf":[],"yoast_head":"<!-- This site is optimized with the Yoast SEO plugin v26.8 - https:\/\/yoast.com\/product\/yoast-seo-wordpress\/ -->\n<title>V\u00e4ikesele t\u00fcdrukule - iFlower<\/title>\n<meta name=\"robots\" content=\"index, follow, max-snippet:-1, max-image-preview:large, max-video-preview:-1\" \/>\n<link rel=\"canonical\" href=\"https:\/\/www.iflower.ee\/toode\/vaiksele-tudrukule\/\" \/>\n<meta property=\"og:locale\" content=\"ru_RU\" \/>\n<meta property=\"og:type\" content=\"article\" \/>\n<meta property=\"og:title\" content=\"V\u00e4ikesele t\u00fcdrukule - iFlower\" \/>\n<meta property=\"og:description\" content=\"Toode koosnev L suuruses (14 roosi) uinuvate roosidega karbist ja v\u00e4ikesest karust.  Uinuvad roosid on 100% naturaalsed ja looduslikud roosid, mis \u00f5ige hoolduse korral s\u00e4ilivad kuni 1 aasta. Roosid viiakse stabiilsesse olekusse ja s\u00e4ilitatakse spetsiaalse tehnoloogia abil. Roosidest eemaldatakse loomulik niiskus ja see asendatakse gl\u00fctseriiniga. Antud protsess tagab selle, et roos s\u00e4ilitab oma loomuliku v\u00e4limuse ja kuju. Roose t\u00f6\u00f6deldakse taimsete ja biolagunevate vedelikega. M\u00fcrgiseid koostisosi ei kasutata.  Uinuvate rooside s\u00e4ilimiseks ei tohi neid kasta, asetada otsese p\u00e4ikesevalguse k\u00e4tte, asetada midagi lillede peale ega eemaldada neid karbist. Lille tohib hoia ainult siseruumidest ja tolmu eemaldada v\u00e4ga \u00f5rnalt.  NB! Antud toodet saab hetkel tellida samaks p\u00e4evaks Tallinna ja selle l\u00e4hi\u00fcmbrusesse. Tartu, P\u00e4rnu, Narva, Rakvere, K\u00e4rdla, J\u00f5hvi, Paide ja Viljandi ning nende l\u00e4hi\u00fcmbrusesse saab tellida j\u00e4rgmiseks p\u00e4evaks.\" \/>\n<meta property=\"og:url\" content=\"https:\/\/www.iflower.ee\/toode\/vaiksele-tudrukule\/\" \/>\n<meta property=\"og:site_name\" content=\"iFlower\" \/>\n<meta property=\"article:modified_time\" content=\"2025-10-16T08:23:09+00:00\" \/>\n<meta property=\"og:image\" content=\"https:\/\/www.iflower.ee\/wp-content\/uploads\/2018\/09\/DSCF5479.jpg\" \/>\n\t<meta property=\"og:image:width\" content=\"1000\" \/>\n\t<meta property=\"og:image:height\" content=\"1500\" \/>\n\t<meta property=\"og:image:type\" content=\"image\/jpeg\" \/>\n<meta name=\"twitter:card\" content=\"summary_large_image\" \/>\n<meta name=\"twitter:label1\" content=\"\u041f\u0440\u0438\u043c\u0435\u0440\u043d\u043e\u0435 \u0432\u0440\u0435\u043c\u044f \u0434\u043b\u044f \u0447\u0442\u0435\u043d\u0438\u044f\" \/>\n\t<meta name=\"twitter:data1\" content=\"1 \u043c\u0438\u043d\u0443\u0442\u0430\" \/>\n<script type=\"application\/ld+json\" class=\"yoast-schema-graph\">{\"@context\":\"https:\/\/schema.org\",\"@graph\":[{\"@type\":\"WebPage\",\"@id\":\"https:\/\/www.iflower.ee\/toode\/vaiksele-tudrukule\/\",\"url\":\"https:\/\/www.iflower.ee\/toode\/vaiksele-tudrukule\/\",\"name\":\"V\u00e4ikesele t\u00fcdrukule - iFlower\",\"isPartOf\":{\"@id\":\"https:\/\/www.iflower.ee\/#website\"},\"primaryImageOfPage\":{\"@id\":\"https:\/\/www.iflower.ee\/toode\/vaiksele-tudrukule\/#primaryimage\"},\"image\":{\"@id\":\"https:\/\/www.iflower.ee\/toode\/vaiksele-tudrukule\/#primaryimage\"},\"thumbnailUrl\":\"https:\/\/www.iflower.ee\/wp-content\/uploads\/2018\/09\/DSCF5479.jpg\",\"datePublished\":\"2019-09-11T10:27:59+00:00\",\"dateModified\":\"2025-10-16T08:23:09+00:00\",\"breadcrumb\":{\"@id\":\"https:\/\/www.iflower.ee\/toode\/vaiksele-tudrukule\/#breadcrumb\"},\"inLanguage\":\"ru-RU\",\"potentialAction\":[{\"@type\":\"ReadAction\",\"target\":[\"https:\/\/www.iflower.ee\/toode\/vaiksele-tudrukule\/\"]}]},{\"@type\":\"ImageObject\",\"inLanguage\":\"ru-RU\",\"@id\":\"https:\/\/www.iflower.ee\/toode\/vaiksele-tudrukule\/#primaryimage\",\"url\":\"https:\/\/www.iflower.ee\/wp-content\/uploads\/2018\/09\/DSCF5479.jpg\",\"contentUrl\":\"https:\/\/www.iflower.ee\/wp-content\/uploads\/2018\/09\/DSCF5479.jpg\",\"width\":1000,\"height\":1500},{\"@type\":\"BreadcrumbList\",\"@id\":\"https:\/\/www.iflower.ee\/toode\/vaiksele-tudrukule\/#breadcrumb\",\"itemListElement\":[{\"@type\":\"ListItem\",\"position\":1,\"name\":\"Pood\",\"item\":\"https:\/\/www.iflower.ee\/pood\/\"},{\"@type\":\"ListItem\",\"position\":2,\"name\":\"V\u00e4ikesele t\u00fcdrukule\"}]},{\"@type\":\"WebSite\",\"@id\":\"https:\/\/www.iflower.ee\/#website\",\"url\":\"https:\/\/www.iflower.ee\/\",\"name\":\"iFlower\",\"description\":\"\",\"publisher\":{\"@id\":\"https:\/\/www.iflower.ee\/#organization\"},\"potentialAction\":[{\"@type\":\"SearchAction\",\"target\":{\"@type\":\"EntryPoint\",\"urlTemplate\":\"https:\/\/www.iflower.ee\/?s={search_term_string}\"},\"query-input\":{\"@type\":\"PropertyValueSpecification\",\"valueRequired\":true,\"valueName\":\"search_term_string\"}}],\"inLanguage\":\"ru-RU\"},{\"@type\":\"Organization\",\"@id\":\"https:\/\/www.iflower.ee\/#organization\",\"name\":\"iFlower\",\"url\":\"https:\/\/www.iflower.ee\/\",\"logo\":{\"@type\":\"ImageObject\",\"inLanguage\":\"ru-RU\",\"@id\":\"https:\/\/www.iflower.ee\/#\/schema\/logo\/image\/\",\"url\":\"https:\/\/www.iflower.ee\/wp-content\/uploads\/2022\/04\/iflower.png\",\"contentUrl\":\"https:\/\/www.iflower.ee\/wp-content\/uploads\/2022\/04\/iflower.png\",\"width\":248,\"height\":71,\"caption\":\"iFlower\"},\"image\":{\"@id\":\"https:\/\/www.iflower.ee\/#\/schema\/logo\/image\/\"}}]}<\/script>\n<!-- \/ Yoast SEO plugin. -->","yoast_head_json":{"title":"V\u00e4ikesele t\u00fcdrukule - iFlower","robots":{"index":"index","follow":"follow","max-snippet":"max-snippet:-1","max-image-preview":"max-image-preview:large","max-video-preview":"max-video-preview:-1"},"canonical":"https:\/\/www.iflower.ee\/toode\/vaiksele-tudrukule\/","og_locale":"ru_RU","og_type":"article","og_title":"V\u00e4ikesele t\u00fcdrukule - iFlower","og_description":"Toode koosnev L suuruses (14 roosi) uinuvate roosidega karbist ja v\u00e4ikesest karust.  Uinuvad roosid on 100% naturaalsed ja looduslikud roosid, mis \u00f5ige hoolduse korral s\u00e4ilivad kuni 1 aasta. Roosid viiakse stabiilsesse olekusse ja s\u00e4ilitatakse spetsiaalse tehnoloogia abil. Roosidest eemaldatakse loomulik niiskus ja see asendatakse gl\u00fctseriiniga. Antud protsess tagab selle, et roos s\u00e4ilitab oma loomuliku v\u00e4limuse ja kuju. Roose t\u00f6\u00f6deldakse taimsete ja biolagunevate vedelikega. M\u00fcrgiseid koostisosi ei kasutata.  Uinuvate rooside s\u00e4ilimiseks ei tohi neid kasta, asetada otsese p\u00e4ikesevalguse k\u00e4tte, asetada midagi lillede peale ega eemaldada neid karbist. Lille tohib hoia ainult siseruumidest ja tolmu eemaldada v\u00e4ga \u00f5rnalt.  NB! Antud toodet saab hetkel tellida samaks p\u00e4evaks Tallinna ja selle l\u00e4hi\u00fcmbrusesse. Tartu, P\u00e4rnu, Narva, Rakvere, K\u00e4rdla, J\u00f5hvi, Paide ja Viljandi ning nende l\u00e4hi\u00fcmbrusesse saab tellida j\u00e4rgmiseks p\u00e4evaks.","og_url":"https:\/\/www.iflower.ee\/toode\/vaiksele-tudrukule\/","og_site_name":"iFlower","article_modified_time":"2025-10-16T08:23:09+00:00","og_image":[{"width":1000,"height":1500,"url":"https:\/\/www.iflower.ee\/wp-content\/uploads\/2018\/09\/DSCF5479.jpg","type":"image\/jpeg"}],"twitter_card":"summary_large_image","twitter_misc":{"\u041f\u0440\u0438\u043c\u0435\u0440\u043d\u043e\u0435 \u0432\u0440\u0435\u043c\u044f \u0434\u043b\u044f \u0447\u0442\u0435\u043d\u0438\u044f":"1 \u043c\u0438\u043d\u0443\u0442\u0430"},"schema":{"@context":"https:\/\/schema.org","@graph":[{"@type":"WebPage","@id":"https:\/\/www.iflower.ee\/toode\/vaiksele-tudrukule\/","url":"https:\/\/www.iflower.ee\/toode\/vaiksele-tudrukule\/","name":"V\u00e4ikesele t\u00fcdrukule - iFlower","isPartOf":{"@id":"https:\/\/www.iflower.ee\/#website"},"primaryImageOfPage":{"@id":"https:\/\/www.iflower.ee\/toode\/vaiksele-tudrukule\/#primaryimage"},"image":{"@id":"https:\/\/www.iflower.ee\/toode\/vaiksele-tudrukule\/#primaryimage"},"thumbnailUrl":"https:\/\/www.iflower.ee\/wp-content\/uploads\/2018\/09\/DSCF5479.jpg","datePublished":"2019-09-11T10:27:59+00:00","dateModified":"2025-10-16T08:23:09+00:00","breadcrumb":{"@id":"https:\/\/www.iflower.ee\/toode\/vaiksele-tudrukule\/#breadcrumb"},"inLanguage":"ru-RU","potentialAction":[{"@type":"ReadAction","target":["https:\/\/www.iflower.ee\/toode\/vaiksele-tudrukule\/"]}]},{"@type":"ImageObject","inLanguage":"ru-RU","@id":"https:\/\/www.iflower.ee\/toode\/vaiksele-tudrukule\/#primaryimage","url":"https:\/\/www.iflower.ee\/wp-content\/uploads\/2018\/09\/DSCF5479.jpg","contentUrl":"https:\/\/www.iflower.ee\/wp-content\/uploads\/2018\/09\/DSCF5479.jpg","width":1000,"height":1500},{"@type":"BreadcrumbList","@id":"https:\/\/www.iflower.ee\/toode\/vaiksele-tudrukule\/#breadcrumb","itemListElement":[{"@type":"ListItem","position":1,"name":"Pood","item":"https:\/\/www.iflower.ee\/pood\/"},{"@type":"ListItem","position":2,"name":"V\u00e4ikesele t\u00fcdrukule"}]},{"@type":"WebSite","@id":"https:\/\/www.iflower.ee\/#website","url":"https:\/\/www.iflower.ee\/","name":"iFlower","description":"","publisher":{"@id":"https:\/\/www.iflower.ee\/#organization"},"potentialAction":[{"@type":"SearchAction","target":{"@type":"EntryPoint","urlTemplate":"https:\/\/www.iflower.ee\/?s={search_term_string}"},"query-input":{"@type":"PropertyValueSpecification","valueRequired":true,"valueName":"search_term_string"}}],"inLanguage":"ru-RU"},{"@type":"Organization","@id":"https:\/\/www.iflower.ee\/#organization","name":"iFlower","url":"https:\/\/www.iflower.ee\/","logo":{"@type":"ImageObject","inLanguage":"ru-RU","@id":"https:\/\/www.iflower.ee\/#\/schema\/logo\/image\/","url":"https:\/\/www.iflower.ee\/wp-content\/uploads\/2022\/04\/iflower.png","contentUrl":"https:\/\/www.iflower.ee\/wp-content\/uploads\/2022\/04\/iflower.png","width":248,"height":71,"caption":"iFlower"},"image":{"@id":"https:\/\/www.iflower.ee\/#\/schema\/logo\/image\/"}}]}},"_links":{"self":[{"href":"https:\/\/www.iflower.ee\/ru\/wp-json\/wp\/v2\/product\/9994","targetHints":{"allow":["GET"]}}],"collection":[{"href":"https:\/\/www.iflower.ee\/ru\/wp-json\/wp\/v2\/product"}],"about":[{"href":"https:\/\/www.iflower.ee\/ru\/wp-json\/wp\/v2\/types\/product"}],"wp:featuredmedia":[{"embeddable":true,"href":"https:\/\/www.iflower.ee\/ru\/wp-json\/wp\/v2\/media\/9814"}],"wp:attachment":[{"href":"https:\/\/www.iflower.ee\/ru\/wp-json\/wp\/v2\/media?parent=9994"}],"wp:term":[{"taxonomy":"product_brand","embeddable":true,"href":"https:\/\/www.iflower.ee\/ru\/wp-json\/wp\/v2\/product_brand?post=9994"},{"taxonomy":"product_cat","embeddable":true,"href":"https:\/\/www.iflower.ee\/ru\/wp-json\/wp\/v2\/product_cat?post=9994"},{"taxonomy":"product_tag","embeddable":true,"href":"https:\/\/www.iflower.ee\/ru\/wp-json\/wp\/v2\/product_tag?post=9994"}],"curies":[{"name":"wp","href":"https:\/\/api.w.org\/{rel}","templated":true}]}}